{"id":15591,"date":"2022-04-18T15:09:29","date_gmt":"2022-04-18T15:09:29","guid":{"rendered":"https:\/\/atypique.brunotarhan.fr\/?post_type=product&#038;p=15591"},"modified":"2022-04-18T15:10:09","modified_gmt":"2022-04-18T15:10:09","slug":"candy-kush-indoor","status":"publish","type":"product","link":"https:\/\/atypique.brunotarhan.fr\/index.php\/produit\/candy-kush-indoor\/","title":{"rendered":"Candy Kush \u2013 INDOOR"},"content":{"rendered":"<p>La fleur de senteur de CBD CANDY KUSH a \u00e9t\u00e9 cultiv\u00e9e en int\u00e9rieur, ce qui lui offre une structure tr\u00e8s compacte. D\u00e8s l\u2019ouverture, vous comprendrez directement pourquoi le nom de Candy, une odeur particuli\u00e8rement sucr\u00e9e et fruit\u00e9e s\u2019en d\u00e9gage ! Tr\u00e8s parfum\u00e9e et r\u00e9put\u00e9e pour sa puissance, la souche Kush est in\u00e9vitablement l\u2019une des plus connue dans le milieu du Cannabis, ses terp\u00e8nes naturels incroyablement sucr\u00e9s sauront vous s\u00e9duire pour placer cette fleur parmi les meilleures de votre collection.<\/p>\n<p>Pour vos fleurs de CBD cb\u2019d\u00e9 a parcouru l\u2019Europe afin de vous proposer une qualit\u00e9 premium.<\/p>\n<p>Cb\u2019d\u00e9 est sensibles aux techniques de culture et de production, ils sont avant tout passionn\u00e9s, et pour s&#8217;assurer de travailler avec des fournisseurs respectant les bonnes m\u00e9thodes, ils les on rencontr\u00e9s en personne pour s\u2019assurer qu\u2019aucun ajout de produit synth\u00e9tique ne soit fait pendant et apr\u00e8s la culture, pour vous faire profiter de fleurs de CBD 100% naturelles.<\/p>\n<p>Ce produit contient moins de 0,3% de THC, il est donc conforme aux normes europ\u00e9ennes. Nos fleurs de CBD ne d\u00e9passent pas les 15% de CBD pour sensibiliser les consommateurs sur l\u2019aspect naturel de nos produits (pas d\u2019ajout d\u2019isolat, ni de cristaux de CBD afin de gonfler nos taux de CBD). <\/p>\n<p>Nous poss\u00e9dons diff\u00e9rentes vari\u00e9t\u00e9s de fleurs de CBD, elles ont chacune leurs particularit\u00e9s gr\u00e2ce \u00e0 leur trichomes (composant v\u00e9g\u00e9tal contenant les terp\u00e8nes et les diff\u00e9rents cannabino\u00efdes de la plante), ce qui apporte une odeur puissante et un go\u00fbt relev\u00e9 \u00e0 nos fleurs de Cannabis Sativa L.<\/p>\n<p>Les fleurs de CBD de la marque cb\u2019d\u00e9 ne doivent pas \u00eatre fum\u00e9es, inhal\u00e9es, ing\u00e9r\u00e9es. Ces produits sont des fleurs de Cannabis Sativa L. pour usage pot pourri. Par cons\u00e9quent toute utilisation telle que l\u2019encens ou la combustion\u2026 ne pourrait tenir pour responsable la marque cb\u2019d\u00e9 d\u2019une mauvaise utilisation de ses produits.<\/p>\n<p>\u00c0 conserver au frais, au sec et \u00e0 l\u2019abri de l\u2019obscurit\u00e9.<\/p>\n","protected":false},"excerpt":{"rendered":"<p>D\u00e9couvrez sans attendre notre CANDY KUSH, voici le produit phare de notre gamme ! Vous allez succomber \u00e0 son odeur fruit\u00e9e et sucr\u00e9e. D\u00e9sormais, elle ne pourra plus manquer dans votre collection.<\/p>\n","protected":false},"featured_media":14837,"comment_status":"open","ping_status":"closed","template":"","meta":[],"product_cat":[59,60],"product_tag":[80,75,70,77,68,78,76],"class_list":["post-15591","product","type-product","status-publish","has-post-thumbnail","hentry","product_cat-cbd","product_cat-fleurs","product_tag-candy-kush","product_tag-cannabidiol","product_tag-cbd","product_tag-chanvre","product_tag-fleurs","product_tag-huiles","product_tag-terpenes","berocket_brand-cbde"],"yoast_head":"<!-- This site is optimized with the Yoast SEO plugin v18.0 - https:\/\/yoast.com\/wordpress\/plugins\/seo\/ -->\n<title>Candy Kush \u2013 INDOOR - Atypique Concept Store<\/title>\n<meta name=\"robots\" content=\"index, follow, max-snippet:-1, max-image-preview:large, max-video-preview:-1\" \/>\n<link rel=\"canonical\" href=\"https:\/\/atypique.brunotarhan.fr\/index.php\/produit\/candy-kush-indoor\/\" \/>\n<meta property=\"og:locale\" content=\"fr_FR\" \/>\n<meta property=\"og:type\" content=\"article\" \/>\n<meta property=\"og:title\" content=\"Candy Kush \u2013 INDOOR - Atypique Concept Store\" \/>\n<meta property=\"og:description\" content=\"D\u00e9couvrez sans attendre notre CANDY KUSH, voici le produit phare de notre gamme ! Vous allez succomber \u00e0 son odeur fruit\u00e9e et sucr\u00e9e. D\u00e9sormais, elle ne pourra plus manquer dans votre collection.\" \/>\n<meta property=\"og:url\" content=\"https:\/\/atypique.brunotarhan.fr\/index.php\/produit\/candy-kush-indoor\/\" \/>\n<meta property=\"og:site_name\" content=\"Atypique Concept Store\" \/>\n<meta property=\"article:modified_time\" content=\"2022-04-18T15:10:09+00:00\" \/>\n<meta name=\"twitter:card\" content=\"summary_large_image\" \/>\n<meta name=\"twitter:label1\" content=\"Dur\u00e9e de lecture estim\u00e9e\" \/>\n\t<meta name=\"twitter:data1\" content=\"2 minutes\" \/>\n<script type=\"application\/ld+json\" class=\"yoast-schema-graph\">{\"@context\":\"https:\/\/schema.org\",\"@graph\":[{\"@type\":\"WebSite\",\"@id\":\"https:\/\/atypique.brunotarhan.fr\/#website\",\"url\":\"https:\/\/atypique.brunotarhan.fr\/\",\"name\":\"Atypique Concept Store\",\"description\":\"Just another WordPress site\",\"potentialAction\":[{\"@type\":\"SearchAction\",\"target\":{\"@type\":\"EntryPoint\",\"urlTemplate\":\"https:\/\/atypique.brunotarhan.fr\/?s={search_term_string}\"},\"query-input\":\"required name=search_term_string\"}],\"inLanguage\":\"fr-FR\"},{\"@type\":\"ImageObject\",\"@id\":\"https:\/\/atypique.brunotarhan.fr\/index.php\/produit\/candy-kush-indoor\/#primaryimage\",\"inLanguage\":\"fr-FR\",\"url\":\"https:\/\/atypique.brunotarhan.fr\/wp-content\/uploads\/2022\/04\/New-Candy-Kush-Full-gamme.png\",\"contentUrl\":\"https:\/\/atypique.brunotarhan.fr\/wp-content\/uploads\/2022\/04\/New-Candy-Kush-Full-gamme.png\",\"width\":1200,\"height\":1200},{\"@type\":\"WebPage\",\"@id\":\"https:\/\/atypique.brunotarhan.fr\/index.php\/produit\/candy-kush-indoor\/#webpage\",\"url\":\"https:\/\/atypique.brunotarhan.fr\/index.php\/produit\/candy-kush-indoor\/\",\"name\":\"Candy Kush \u2013 INDOOR - Atypique Concept Store\",\"isPartOf\":{\"@id\":\"https:\/\/atypique.brunotarhan.fr\/#website\"},\"primaryImageOfPage\":{\"@id\":\"https:\/\/atypique.brunotarhan.fr\/index.php\/produit\/candy-kush-indoor\/#primaryimage\"},\"datePublished\":\"2022-04-18T15:09:29+00:00\",\"dateModified\":\"2022-04-18T15:10:09+00:00\",\"breadcrumb\":{\"@id\":\"https:\/\/atypique.brunotarhan.fr\/index.php\/produit\/candy-kush-indoor\/#breadcrumb\"},\"inLanguage\":\"fr-FR\",\"potentialAction\":[{\"@type\":\"ReadAction\",\"target\":[\"https:\/\/atypique.brunotarhan.fr\/index.php\/produit\/candy-kush-indoor\/\"]}]},{\"@type\":\"BreadcrumbList\",\"@id\":\"https:\/\/atypique.brunotarhan.fr\/index.php\/produit\/candy-kush-indoor\/#breadcrumb\",\"itemListElement\":[{\"@type\":\"ListItem\",\"position\":1,\"name\":\"Accueil\",\"item\":\"https:\/\/atypique.brunotarhan.fr\/\"},{\"@type\":\"ListItem\",\"position\":2,\"name\":\"\"},{\"@type\":\"ListItem\",\"position\":3,\"name\":\"Candy Kush \u2013 INDOOR\"}]}]}<\/script>\n<!-- \/ Yoast SEO plugin. -->","yoast_head_json":{"title":"Candy Kush \u2013 INDOOR - Atypique Concept Store","robots":{"index":"index","follow":"follow","max-snippet":"max-snippet:-1","max-image-preview":"max-image-preview:large","max-video-preview":"max-video-preview:-1"},"canonical":"https:\/\/atypique.brunotarhan.fr\/index.php\/produit\/candy-kush-indoor\/","og_locale":"fr_FR","og_type":"article","og_title":"Candy Kush \u2013 INDOOR - Atypique Concept Store","og_description":"D\u00e9couvrez sans attendre notre CANDY KUSH, voici le produit phare de notre gamme ! Vous allez succomber \u00e0 son odeur fruit\u00e9e et sucr\u00e9e. D\u00e9sormais, elle ne pourra plus manquer dans votre collection.","og_url":"https:\/\/atypique.brunotarhan.fr\/index.php\/produit\/candy-kush-indoor\/","og_site_name":"Atypique Concept Store","article_modified_time":"2022-04-18T15:10:09+00:00","twitter_card":"summary_large_image","twitter_misc":{"Dur\u00e9e de lecture estim\u00e9e":"2 minutes"},"schema":{"@context":"https:\/\/schema.org","@graph":[{"@type":"WebSite","@id":"https:\/\/atypique.brunotarhan.fr\/#website","url":"https:\/\/atypique.brunotarhan.fr\/","name":"Atypique Concept Store","description":"Just another WordPress site","potentialAction":[{"@type":"SearchAction","target":{"@type":"EntryPoint","urlTemplate":"https:\/\/atypique.brunotarhan.fr\/?s={search_term_string}"},"query-input":"required name=search_term_string"}],"inLanguage":"fr-FR"},{"@type":"ImageObject","@id":"https:\/\/atypique.brunotarhan.fr\/index.php\/produit\/candy-kush-indoor\/#primaryimage","inLanguage":"fr-FR","url":"https:\/\/atypique.brunotarhan.fr\/wp-content\/uploads\/2022\/04\/New-Candy-Kush-Full-gamme.png","contentUrl":"https:\/\/atypique.brunotarhan.fr\/wp-content\/uploads\/2022\/04\/New-Candy-Kush-Full-gamme.png","width":1200,"height":1200},{"@type":"WebPage","@id":"https:\/\/atypique.brunotarhan.fr\/index.php\/produit\/candy-kush-indoor\/#webpage","url":"https:\/\/atypique.brunotarhan.fr\/index.php\/produit\/candy-kush-indoor\/","name":"Candy Kush \u2013 INDOOR - Atypique Concept Store","isPartOf":{"@id":"https:\/\/atypique.brunotarhan.fr\/#website"},"primaryImageOfPage":{"@id":"https:\/\/atypique.brunotarhan.fr\/index.php\/produit\/candy-kush-indoor\/#primaryimage"},"datePublished":"2022-04-18T15:09:29+00:00","dateModified":"2022-04-18T15:10:09+00:00","breadcrumb":{"@id":"https:\/\/atypique.brunotarhan.fr\/index.php\/produit\/candy-kush-indoor\/#breadcrumb"},"inLanguage":"fr-FR","potentialAction":[{"@type":"ReadAction","target":["https:\/\/atypique.brunotarhan.fr\/index.php\/produit\/candy-kush-indoor\/"]}]},{"@type":"BreadcrumbList","@id":"https:\/\/atypique.brunotarhan.fr\/index.php\/produit\/candy-kush-indoor\/#breadcrumb","itemListElement":[{"@type":"ListItem","position":1,"name":"Accueil","item":"https:\/\/atypique.brunotarhan.fr\/"},{"@type":"ListItem","position":2,"name":""},{"@type":"ListItem","position":3,"name":"Candy Kush \u2013 INDOOR"}]}]}},"_links":{"self":[{"href":"https:\/\/atypique.brunotarhan.fr\/index.php\/wp-json\/wp\/v2\/product\/15591","targetHints":{"allow":["GET"]}}],"collection":[{"href":"https:\/\/atypique.brunotarhan.fr\/index.php\/wp-json\/wp\/v2\/product"}],"about":[{"href":"https:\/\/atypique.brunotarhan.fr\/index.php\/wp-json\/wp\/v2\/types\/product"}],"replies":[{"embeddable":true,"href":"https:\/\/atypique.brunotarhan.fr\/index.php\/wp-json\/wp\/v2\/comments?post=15591"}],"wp:featuredmedia":[{"embeddable":true,"href":"https:\/\/atypique.brunotarhan.fr\/index.php\/wp-json\/wp\/v2\/media\/14837"}],"wp:attachment":[{"href":"https:\/\/atypique.brunotarhan.fr\/index.php\/wp-json\/wp\/v2\/media?parent=15591"}],"wp:term":[{"taxonomy":"product_cat","embeddable":true,"href":"https:\/\/atypique.brunotarhan.fr\/index.php\/wp-json\/wp\/v2\/product_cat?post=15591"},{"taxonomy":"product_tag","embeddable":true,"href":"https:\/\/atypique.brunotarhan.fr\/index.php\/wp-json\/wp\/v2\/product_tag?post=15591"}],"curies":[{"name":"wp","href":"https:\/\/api.w.org\/{rel}","templated":true}]}}