{"id":14771,"date":"2022-03-28T07:43:32","date_gmt":"2022-03-28T07:43:32","guid":{"rendered":"https:\/\/atypique.brunotarhan.fr\/?post_type=product&#038;p=14771"},"modified":"2022-04-08T11:24:42","modified_gmt":"2022-04-08T11:24:42","slug":"tonton-rouge","status":"publish","type":"product","link":"https:\/\/atypique.brunotarhan.fr\/index.php\/produit\/tonton-rouge\/","title":{"rendered":"Tonton rouge"},"content":{"rendered":"","protected":false},"excerpt":{"rendered":"<p> C\u00e9page : 100% Cabernet Franc. Il s\u2019agit ici du mill\u00e9sime 2015 et les raisins proviennent de chez Thibault St\u00e9phan, qui est install\u00e9 sur la butte de la Cerisaie, au Puy Notre Dame (en appellation Saumur)<\/p>\n<p>la complexit\u00e9 aromatique est \u00e9norme: quelques fruits noirs, de la fraise, du floral rouge (rose, pivoine), une pointe d\u2019\u00e9pices et de rafle, une toute petite touche d\u2019\u00e9levage\u2026Dans le contexte du mill\u00e9sime (globalement chaud), la bouche<br \/>\nfait plut\u00f4t dans la d\u00e9licatesse et l\u2019\u00e9l\u00e9gance, avec un joli d\u00e9li\u00e9. Les petits tanins offrent juste ce qu\u2019il faut de \u201cgrip\u201d pour structurer cette mati\u00e8re rac\u00e9e. Plus long (tr\u00e8s long d\u2019ailleurs !) que large, c\u2019est un vin qui ne joue pas l\u2019\u00e9pate mais qui poss\u00e8de ce charme intemporel des grands cabernets<br \/>\nde Loire vinifi\u00e9s \u00e0 l\u2019ancienne et simplement. <\/p>\n","protected":false},"featured_media":0,"comment_status":"open","ping_status":"closed","template":"","meta":[],"product_cat":[87],"product_tag":[],"class_list":["post-14771","product","type-product","status-publish","hentry","product_cat-vins","berocket_brand-vincent-wallard"],"yoast_head":"<!-- This site is optimized with the Yoast SEO plugin v18.0 - https:\/\/yoast.com\/wordpress\/plugins\/seo\/ -->\n<title>Tonton rouge - Atypique Concept Store<\/title>\n<meta name=\"robots\" content=\"index, follow, max-snippet:-1, max-image-preview:large, max-video-preview:-1\" \/>\n<link rel=\"canonical\" href=\"https:\/\/atypique.brunotarhan.fr\/index.php\/produit\/tonton-rouge\/\" \/>\n<meta property=\"og:locale\" content=\"fr_FR\" \/>\n<meta property=\"og:type\" content=\"article\" \/>\n<meta property=\"og:title\" content=\"Tonton rouge - Atypique Concept Store\" \/>\n<meta property=\"og:description\" content=\"C\u00e9page : 100% Cabernet Franc. Il s\u2019agit ici du mill\u00e9sime 2015 et les raisins proviennent de chez Thibault St\u00e9phan, qui est install\u00e9 sur la butte de la Cerisaie, au Puy Notre Dame (en appellation Saumur) la complexit\u00e9 aromatique est \u00e9norme: quelques fruits noirs, de la fraise, du floral rouge (rose, pivoine), une pointe d\u2019\u00e9pices et de rafle, une toute petite touche d\u2019\u00e9levage\u2026Dans le contexte du mill\u00e9sime (globalement chaud), la bouche fait plut\u00f4t dans la d\u00e9licatesse et l\u2019\u00e9l\u00e9gance, avec un joli d\u00e9li\u00e9. Les petits tanins offrent juste ce qu\u2019il faut de \u201cgrip\u201d pour structurer cette mati\u00e8re rac\u00e9e. Plus long (tr\u00e8s long d\u2019ailleurs !) que large, c\u2019est un vin qui ne joue pas l\u2019\u00e9pate mais qui poss\u00e8de ce charme intemporel des grands cabernets de Loire vinifi\u00e9s \u00e0 l\u2019ancienne et simplement.\" \/>\n<meta property=\"og:url\" content=\"https:\/\/atypique.brunotarhan.fr\/index.php\/produit\/tonton-rouge\/\" \/>\n<meta property=\"og:site_name\" content=\"Atypique Concept Store\" \/>\n<meta property=\"article:modified_time\" content=\"2022-04-08T11:24:42+00:00\" \/>\n<meta name=\"twitter:card\" content=\"summary_large_image\" \/>\n<script type=\"application\/ld+json\" class=\"yoast-schema-graph\">{\"@context\":\"https:\/\/schema.org\",\"@graph\":[{\"@type\":\"WebSite\",\"@id\":\"https:\/\/atypique.brunotarhan.fr\/#website\",\"url\":\"https:\/\/atypique.brunotarhan.fr\/\",\"name\":\"Atypique Concept Store\",\"description\":\"Just another WordPress site\",\"potentialAction\":[{\"@type\":\"SearchAction\",\"target\":{\"@type\":\"EntryPoint\",\"urlTemplate\":\"https:\/\/atypique.brunotarhan.fr\/?s={search_term_string}\"},\"query-input\":\"required name=search_term_string\"}],\"inLanguage\":\"fr-FR\"},{\"@type\":\"WebPage\",\"@id\":\"https:\/\/atypique.brunotarhan.fr\/index.php\/produit\/tonton-rouge\/#webpage\",\"url\":\"https:\/\/atypique.brunotarhan.fr\/index.php\/produit\/tonton-rouge\/\",\"name\":\"Tonton rouge - Atypique Concept Store\",\"isPartOf\":{\"@id\":\"https:\/\/atypique.brunotarhan.fr\/#website\"},\"datePublished\":\"2022-03-28T07:43:32+00:00\",\"dateModified\":\"2022-04-08T11:24:42+00:00\",\"breadcrumb\":{\"@id\":\"https:\/\/atypique.brunotarhan.fr\/index.php\/produit\/tonton-rouge\/#breadcrumb\"},\"inLanguage\":\"fr-FR\",\"potentialAction\":[{\"@type\":\"ReadAction\",\"target\":[\"https:\/\/atypique.brunotarhan.fr\/index.php\/produit\/tonton-rouge\/\"]}]},{\"@type\":\"BreadcrumbList\",\"@id\":\"https:\/\/atypique.brunotarhan.fr\/index.php\/produit\/tonton-rouge\/#breadcrumb\",\"itemListElement\":[{\"@type\":\"ListItem\",\"position\":1,\"name\":\"Accueil\",\"item\":\"https:\/\/atypique.brunotarhan.fr\/\"},{\"@type\":\"ListItem\",\"position\":2,\"name\":\"\"},{\"@type\":\"ListItem\",\"position\":3,\"name\":\"Tonton rouge\"}]}]}<\/script>\n<!-- \/ Yoast SEO plugin. -->","yoast_head_json":{"title":"Tonton rouge - Atypique Concept Store","robots":{"index":"index","follow":"follow","max-snippet":"max-snippet:-1","max-image-preview":"max-image-preview:large","max-video-preview":"max-video-preview:-1"},"canonical":"https:\/\/atypique.brunotarhan.fr\/index.php\/produit\/tonton-rouge\/","og_locale":"fr_FR","og_type":"article","og_title":"Tonton rouge - Atypique Concept Store","og_description":"C\u00e9page : 100% Cabernet Franc. Il s\u2019agit ici du mill\u00e9sime 2015 et les raisins proviennent de chez Thibault St\u00e9phan, qui est install\u00e9 sur la butte de la Cerisaie, au Puy Notre Dame (en appellation Saumur) la complexit\u00e9 aromatique est \u00e9norme: quelques fruits noirs, de la fraise, du floral rouge (rose, pivoine), une pointe d\u2019\u00e9pices et de rafle, une toute petite touche d\u2019\u00e9levage\u2026Dans le contexte du mill\u00e9sime (globalement chaud), la bouche fait plut\u00f4t dans la d\u00e9licatesse et l\u2019\u00e9l\u00e9gance, avec un joli d\u00e9li\u00e9. Les petits tanins offrent juste ce qu\u2019il faut de \u201cgrip\u201d pour structurer cette mati\u00e8re rac\u00e9e. Plus long (tr\u00e8s long d\u2019ailleurs !) que large, c\u2019est un vin qui ne joue pas l\u2019\u00e9pate mais qui poss\u00e8de ce charme intemporel des grands cabernets de Loire vinifi\u00e9s \u00e0 l\u2019ancienne et simplement.","og_url":"https:\/\/atypique.brunotarhan.fr\/index.php\/produit\/tonton-rouge\/","og_site_name":"Atypique Concept Store","article_modified_time":"2022-04-08T11:24:42+00:00","twitter_card":"summary_large_image","schema":{"@context":"https:\/\/schema.org","@graph":[{"@type":"WebSite","@id":"https:\/\/atypique.brunotarhan.fr\/#website","url":"https:\/\/atypique.brunotarhan.fr\/","name":"Atypique Concept Store","description":"Just another WordPress site","potentialAction":[{"@type":"SearchAction","target":{"@type":"EntryPoint","urlTemplate":"https:\/\/atypique.brunotarhan.fr\/?s={search_term_string}"},"query-input":"required name=search_term_string"}],"inLanguage":"fr-FR"},{"@type":"WebPage","@id":"https:\/\/atypique.brunotarhan.fr\/index.php\/produit\/tonton-rouge\/#webpage","url":"https:\/\/atypique.brunotarhan.fr\/index.php\/produit\/tonton-rouge\/","name":"Tonton rouge - Atypique Concept Store","isPartOf":{"@id":"https:\/\/atypique.brunotarhan.fr\/#website"},"datePublished":"2022-03-28T07:43:32+00:00","dateModified":"2022-04-08T11:24:42+00:00","breadcrumb":{"@id":"https:\/\/atypique.brunotarhan.fr\/index.php\/produit\/tonton-rouge\/#breadcrumb"},"inLanguage":"fr-FR","potentialAction":[{"@type":"ReadAction","target":["https:\/\/atypique.brunotarhan.fr\/index.php\/produit\/tonton-rouge\/"]}]},{"@type":"BreadcrumbList","@id":"https:\/\/atypique.brunotarhan.fr\/index.php\/produit\/tonton-rouge\/#breadcrumb","itemListElement":[{"@type":"ListItem","position":1,"name":"Accueil","item":"https:\/\/atypique.brunotarhan.fr\/"},{"@type":"ListItem","position":2,"name":""},{"@type":"ListItem","position":3,"name":"Tonton rouge"}]}]}},"_links":{"self":[{"href":"https:\/\/atypique.brunotarhan.fr\/index.php\/wp-json\/wp\/v2\/product\/14771","targetHints":{"allow":["GET"]}}],"collection":[{"href":"https:\/\/atypique.brunotarhan.fr\/index.php\/wp-json\/wp\/v2\/product"}],"about":[{"href":"https:\/\/atypique.brunotarhan.fr\/index.php\/wp-json\/wp\/v2\/types\/product"}],"replies":[{"embeddable":true,"href":"https:\/\/atypique.brunotarhan.fr\/index.php\/wp-json\/wp\/v2\/comments?post=14771"}],"wp:attachment":[{"href":"https:\/\/atypique.brunotarhan.fr\/index.php\/wp-json\/wp\/v2\/media?parent=14771"}],"wp:term":[{"taxonomy":"product_cat","embeddable":true,"href":"https:\/\/atypique.brunotarhan.fr\/index.php\/wp-json\/wp\/v2\/product_cat?post=14771"},{"taxonomy":"product_tag","embeddable":true,"href":"https:\/\/atypique.brunotarhan.fr\/index.php\/wp-json\/wp\/v2\/product_tag?post=14771"}],"curies":[{"name":"wp","href":"https:\/\/api.w.org\/{rel}","templated":true}]}}