{"id":14766,"date":"2022-03-28T07:43:14","date_gmt":"2022-03-28T07:43:14","guid":{"rendered":"https:\/\/atypique.brunotarhan.fr\/?post_type=product&#038;p=14766"},"modified":"2022-04-08T11:24:32","modified_gmt":"2022-04-08T11:24:32","slug":"livresse-des-profondeurs","status":"publish","type":"product","link":"https:\/\/atypique.brunotarhan.fr\/index.php\/produit\/livresse-des-profondeurs\/","title":{"rendered":"Livresse des profondeurs"},"content":{"rendered":"","protected":false},"excerpt":{"rendered":"<p>C\u00e9pages : 45 % cabernet franc 30 % grenache 25 % syrah.<\/p>\n<p>Troisi\u00e8me mill\u00e9sime d&#8217;une s\u00e9rie de vin que je souhaite longue ! Ici la fluidit\u00e9 et le jus des raisins en<br \/>\nmac\u00e9ration courte rencontrent la finesse des tanins de la syrah, et la pointe d&#8217;\u00e9pices que celle-ci<br \/>\napporte \u00e0 la finale vient enrichir et \u00e9quilibrer le c\u00f4t\u00e9 soiffard de la pleine bouche. Un vin facile, \u00e0<br \/>\nl&#8217;attaque fra\u00eeche et au jus croquant.<\/p>\n","protected":false},"featured_media":0,"comment_status":"open","ping_status":"closed","template":"","meta":[],"product_cat":[87],"product_tag":[],"class_list":["post-14766","product","type-product","status-publish","hentry","product_cat-vins","berocket_brand-val-de-combres"],"yoast_head":"<!-- This site is optimized with the Yoast SEO plugin v18.0 - https:\/\/yoast.com\/wordpress\/plugins\/seo\/ -->\n<title>Livresse des profondeurs - Atypique Concept Store<\/title>\n<meta name=\"robots\" content=\"index, follow, max-snippet:-1, max-image-preview:large, max-video-preview:-1\" \/>\n<link rel=\"canonical\" href=\"https:\/\/atypique.brunotarhan.fr\/index.php\/produit\/livresse-des-profondeurs\/\" \/>\n<meta property=\"og:locale\" content=\"fr_FR\" \/>\n<meta property=\"og:type\" content=\"article\" \/>\n<meta property=\"og:title\" content=\"Livresse des profondeurs - Atypique Concept Store\" \/>\n<meta property=\"og:description\" content=\"C\u00e9pages : 45 % cabernet franc 30 % grenache 25 % syrah. Troisi\u00e8me mill\u00e9sime d&#039;une s\u00e9rie de vin que je souhaite longue ! Ici la fluidit\u00e9 et le jus des raisins en mac\u00e9ration courte rencontrent la finesse des tanins de la syrah, et la pointe d&#039;\u00e9pices que celle-ci apporte \u00e0 la finale vient enrichir et \u00e9quilibrer le c\u00f4t\u00e9 soiffard de la pleine bouche. Un vin facile, \u00e0 l&#039;attaque fra\u00eeche et au jus croquant.\" \/>\n<meta property=\"og:url\" content=\"https:\/\/atypique.brunotarhan.fr\/index.php\/produit\/livresse-des-profondeurs\/\" \/>\n<meta property=\"og:site_name\" content=\"Atypique Concept Store\" \/>\n<meta property=\"article:modified_time\" content=\"2022-04-08T11:24:32+00:00\" \/>\n<meta name=\"twitter:card\" content=\"summary_large_image\" \/>\n<script type=\"application\/ld+json\" class=\"yoast-schema-graph\">{\"@context\":\"https:\/\/schema.org\",\"@graph\":[{\"@type\":\"WebSite\",\"@id\":\"https:\/\/atypique.brunotarhan.fr\/#website\",\"url\":\"https:\/\/atypique.brunotarhan.fr\/\",\"name\":\"Atypique Concept Store\",\"description\":\"Just another WordPress site\",\"potentialAction\":[{\"@type\":\"SearchAction\",\"target\":{\"@type\":\"EntryPoint\",\"urlTemplate\":\"https:\/\/atypique.brunotarhan.fr\/?s={search_term_string}\"},\"query-input\":\"required name=search_term_string\"}],\"inLanguage\":\"fr-FR\"},{\"@type\":\"WebPage\",\"@id\":\"https:\/\/atypique.brunotarhan.fr\/index.php\/produit\/livresse-des-profondeurs\/#webpage\",\"url\":\"https:\/\/atypique.brunotarhan.fr\/index.php\/produit\/livresse-des-profondeurs\/\",\"name\":\"Livresse des profondeurs - Atypique Concept Store\",\"isPartOf\":{\"@id\":\"https:\/\/atypique.brunotarhan.fr\/#website\"},\"datePublished\":\"2022-03-28T07:43:14+00:00\",\"dateModified\":\"2022-04-08T11:24:32+00:00\",\"breadcrumb\":{\"@id\":\"https:\/\/atypique.brunotarhan.fr\/index.php\/produit\/livresse-des-profondeurs\/#breadcrumb\"},\"inLanguage\":\"fr-FR\",\"potentialAction\":[{\"@type\":\"ReadAction\",\"target\":[\"https:\/\/atypique.brunotarhan.fr\/index.php\/produit\/livresse-des-profondeurs\/\"]}]},{\"@type\":\"BreadcrumbList\",\"@id\":\"https:\/\/atypique.brunotarhan.fr\/index.php\/produit\/livresse-des-profondeurs\/#breadcrumb\",\"itemListElement\":[{\"@type\":\"ListItem\",\"position\":1,\"name\":\"Accueil\",\"item\":\"https:\/\/atypique.brunotarhan.fr\/\"},{\"@type\":\"ListItem\",\"position\":2,\"name\":\"\"},{\"@type\":\"ListItem\",\"position\":3,\"name\":\"Livresse des profondeurs\"}]}]}<\/script>\n<!-- \/ Yoast SEO plugin. -->","yoast_head_json":{"title":"Livresse des profondeurs - Atypique Concept Store","robots":{"index":"index","follow":"follow","max-snippet":"max-snippet:-1","max-image-preview":"max-image-preview:large","max-video-preview":"max-video-preview:-1"},"canonical":"https:\/\/atypique.brunotarhan.fr\/index.php\/produit\/livresse-des-profondeurs\/","og_locale":"fr_FR","og_type":"article","og_title":"Livresse des profondeurs - Atypique Concept Store","og_description":"C\u00e9pages : 45 % cabernet franc 30 % grenache 25 % syrah. Troisi\u00e8me mill\u00e9sime d'une s\u00e9rie de vin que je souhaite longue ! Ici la fluidit\u00e9 et le jus des raisins en mac\u00e9ration courte rencontrent la finesse des tanins de la syrah, et la pointe d'\u00e9pices que celle-ci apporte \u00e0 la finale vient enrichir et \u00e9quilibrer le c\u00f4t\u00e9 soiffard de la pleine bouche. Un vin facile, \u00e0 l'attaque fra\u00eeche et au jus croquant.","og_url":"https:\/\/atypique.brunotarhan.fr\/index.php\/produit\/livresse-des-profondeurs\/","og_site_name":"Atypique Concept Store","article_modified_time":"2022-04-08T11:24:32+00:00","twitter_card":"summary_large_image","schema":{"@context":"https:\/\/schema.org","@graph":[{"@type":"WebSite","@id":"https:\/\/atypique.brunotarhan.fr\/#website","url":"https:\/\/atypique.brunotarhan.fr\/","name":"Atypique Concept Store","description":"Just another WordPress site","potentialAction":[{"@type":"SearchAction","target":{"@type":"EntryPoint","urlTemplate":"https:\/\/atypique.brunotarhan.fr\/?s={search_term_string}"},"query-input":"required name=search_term_string"}],"inLanguage":"fr-FR"},{"@type":"WebPage","@id":"https:\/\/atypique.brunotarhan.fr\/index.php\/produit\/livresse-des-profondeurs\/#webpage","url":"https:\/\/atypique.brunotarhan.fr\/index.php\/produit\/livresse-des-profondeurs\/","name":"Livresse des profondeurs - Atypique Concept Store","isPartOf":{"@id":"https:\/\/atypique.brunotarhan.fr\/#website"},"datePublished":"2022-03-28T07:43:14+00:00","dateModified":"2022-04-08T11:24:32+00:00","breadcrumb":{"@id":"https:\/\/atypique.brunotarhan.fr\/index.php\/produit\/livresse-des-profondeurs\/#breadcrumb"},"inLanguage":"fr-FR","potentialAction":[{"@type":"ReadAction","target":["https:\/\/atypique.brunotarhan.fr\/index.php\/produit\/livresse-des-profondeurs\/"]}]},{"@type":"BreadcrumbList","@id":"https:\/\/atypique.brunotarhan.fr\/index.php\/produit\/livresse-des-profondeurs\/#breadcrumb","itemListElement":[{"@type":"ListItem","position":1,"name":"Accueil","item":"https:\/\/atypique.brunotarhan.fr\/"},{"@type":"ListItem","position":2,"name":""},{"@type":"ListItem","position":3,"name":"Livresse des profondeurs"}]}]}},"_links":{"self":[{"href":"https:\/\/atypique.brunotarhan.fr\/index.php\/wp-json\/wp\/v2\/product\/14766","targetHints":{"allow":["GET"]}}],"collection":[{"href":"https:\/\/atypique.brunotarhan.fr\/index.php\/wp-json\/wp\/v2\/product"}],"about":[{"href":"https:\/\/atypique.brunotarhan.fr\/index.php\/wp-json\/wp\/v2\/types\/product"}],"replies":[{"embeddable":true,"href":"https:\/\/atypique.brunotarhan.fr\/index.php\/wp-json\/wp\/v2\/comments?post=14766"}],"wp:attachment":[{"href":"https:\/\/atypique.brunotarhan.fr\/index.php\/wp-json\/wp\/v2\/media?parent=14766"}],"wp:term":[{"taxonomy":"product_cat","embeddable":true,"href":"https:\/\/atypique.brunotarhan.fr\/index.php\/wp-json\/wp\/v2\/product_cat?post=14766"},{"taxonomy":"product_tag","embeddable":true,"href":"https:\/\/atypique.brunotarhan.fr\/index.php\/wp-json\/wp\/v2\/product_tag?post=14766"}],"curies":[{"name":"wp","href":"https:\/\/api.w.org\/{rel}","templated":true}]}}