{"id":14760,"date":"2022-03-28T07:42:59","date_gmt":"2022-03-28T07:42:59","guid":{"rendered":"https:\/\/atypique.brunotarhan.fr\/?post_type=product&#038;p=14760"},"modified":"2022-04-08T11:24:19","modified_gmt":"2022-04-08T11:24:19","slug":"elepolypossum","status":"publish","type":"product","link":"https:\/\/atypique.brunotarhan.fr\/index.php\/produit\/elepolypossum\/","title":{"rendered":"Elepolypossum"},"content":{"rendered":"<p>C&#8217;est \u00e0 Latour de France que Jean Louis Tribouley conduit la vigne depuis plus de 15 ans maintenant. Au fil des mill\u00e9simes, il a su s&#8217;imposer comme l&#8217;une des r\u00e9f\u00e9rences du vin nature en Roussillon, avec des cuv\u00e9es comme L&#8217; Alba ou Marceau Le Blanc, dont la r\u00e9putation a d\u00e9pass\u00e9 de loin nos fronti\u00e8res &#8230; Ici encore, vous l&#8217;aurez devin\u00e9, aucun intrant n&#8217;est utilis\u00e9 \u00e0 la vigne ou \u00e0 la cave, laissant au terroir sa pleine expression, pour votre plus grand bonheur. Les vins du Domaine Jean Louis Tribouley sont le vrai fruit de l&#8217;interaction de l&#8217;homme et la nature, un voyage passionnant qu&#8217;il faut absolument faire de temps en temp<\/p>\n","protected":false},"excerpt":{"rendered":"<p>C\u00e9page : C\u00e9pages : 100% Carignan<\/p>\n<p>Robe d&#8217;un rouge intense, d&#8217;une magnifique profondeur<\/p>\n<p>Nez : D&#8217;une belle complexit\u00e9, des ar\u00f4mes de petits fruits rouges, de baies et des notes de garrigues<\/p>\n<p>Bouche : La bouche est d&#8217;une magnifique longueur, ample, chaleureuse, pleine et avec de la fra\u00eecheur, beaucoup de fra\u00eecheur. Les tanins sont velout\u00e9s, c&#8217;est magnifique<\/p>\n","protected":false},"featured_media":0,"comment_status":"open","ping_status":"closed","template":"","meta":[],"product_cat":[87],"product_tag":[],"class_list":["post-14760","product","type-product","status-publish","hentry","product_cat-vins","berocket_brand-tribouley"],"yoast_head":"<!-- This site is optimized with the Yoast SEO plugin v18.0 - https:\/\/yoast.com\/wordpress\/plugins\/seo\/ -->\n<title>Elepolypossum - Atypique Concept Store<\/title>\n<meta name=\"robots\" content=\"index, follow, max-snippet:-1, max-image-preview:large, max-video-preview:-1\" \/>\n<link rel=\"canonical\" href=\"https:\/\/atypique.brunotarhan.fr\/index.php\/produit\/elepolypossum\/\" \/>\n<meta property=\"og:locale\" content=\"fr_FR\" \/>\n<meta property=\"og:type\" content=\"article\" \/>\n<meta property=\"og:title\" content=\"Elepolypossum - Atypique Concept Store\" \/>\n<meta property=\"og:description\" content=\"C\u00e9page : C\u00e9pages : 100% Carignan Robe d&#039;un rouge intense, d&#039;une magnifique profondeur Nez : D&#039;une belle complexit\u00e9, des ar\u00f4mes de petits fruits rouges, de baies et des notes de garrigues Bouche : La bouche est d&#039;une magnifique longueur, ample, chaleureuse, pleine et avec de la fra\u00eecheur, beaucoup de fra\u00eecheur. Les tanins sont velout\u00e9s, c&#039;est magnifique\" \/>\n<meta property=\"og:url\" content=\"https:\/\/atypique.brunotarhan.fr\/index.php\/produit\/elepolypossum\/\" \/>\n<meta property=\"og:site_name\" content=\"Atypique Concept Store\" \/>\n<meta property=\"article:modified_time\" content=\"2022-04-08T11:24:19+00:00\" \/>\n<meta name=\"twitter:card\" content=\"summary_large_image\" \/>\n<meta name=\"twitter:label1\" content=\"Dur\u00e9e de lecture estim\u00e9e\" \/>\n\t<meta name=\"twitter:data1\" content=\"1 minute\" \/>\n<script type=\"application\/ld+json\" class=\"yoast-schema-graph\">{\"@context\":\"https:\/\/schema.org\",\"@graph\":[{\"@type\":\"WebSite\",\"@id\":\"https:\/\/atypique.brunotarhan.fr\/#website\",\"url\":\"https:\/\/atypique.brunotarhan.fr\/\",\"name\":\"Atypique Concept Store\",\"description\":\"Just another WordPress site\",\"potentialAction\":[{\"@type\":\"SearchAction\",\"target\":{\"@type\":\"EntryPoint\",\"urlTemplate\":\"https:\/\/atypique.brunotarhan.fr\/?s={search_term_string}\"},\"query-input\":\"required name=search_term_string\"}],\"inLanguage\":\"fr-FR\"},{\"@type\":\"WebPage\",\"@id\":\"https:\/\/atypique.brunotarhan.fr\/index.php\/produit\/elepolypossum\/#webpage\",\"url\":\"https:\/\/atypique.brunotarhan.fr\/index.php\/produit\/elepolypossum\/\",\"name\":\"Elepolypossum - Atypique Concept Store\",\"isPartOf\":{\"@id\":\"https:\/\/atypique.brunotarhan.fr\/#website\"},\"datePublished\":\"2022-03-28T07:42:59+00:00\",\"dateModified\":\"2022-04-08T11:24:19+00:00\",\"breadcrumb\":{\"@id\":\"https:\/\/atypique.brunotarhan.fr\/index.php\/produit\/elepolypossum\/#breadcrumb\"},\"inLanguage\":\"fr-FR\",\"potentialAction\":[{\"@type\":\"ReadAction\",\"target\":[\"https:\/\/atypique.brunotarhan.fr\/index.php\/produit\/elepolypossum\/\"]}]},{\"@type\":\"BreadcrumbList\",\"@id\":\"https:\/\/atypique.brunotarhan.fr\/index.php\/produit\/elepolypossum\/#breadcrumb\",\"itemListElement\":[{\"@type\":\"ListItem\",\"position\":1,\"name\":\"Accueil\",\"item\":\"https:\/\/atypique.brunotarhan.fr\/\"},{\"@type\":\"ListItem\",\"position\":2,\"name\":\"\"},{\"@type\":\"ListItem\",\"position\":3,\"name\":\"Elepolypossum\"}]}]}<\/script>\n<!-- \/ Yoast SEO plugin. -->","yoast_head_json":{"title":"Elepolypossum - Atypique Concept Store","robots":{"index":"index","follow":"follow","max-snippet":"max-snippet:-1","max-image-preview":"max-image-preview:large","max-video-preview":"max-video-preview:-1"},"canonical":"https:\/\/atypique.brunotarhan.fr\/index.php\/produit\/elepolypossum\/","og_locale":"fr_FR","og_type":"article","og_title":"Elepolypossum - Atypique Concept Store","og_description":"C\u00e9page : C\u00e9pages : 100% Carignan Robe d'un rouge intense, d'une magnifique profondeur Nez : D'une belle complexit\u00e9, des ar\u00f4mes de petits fruits rouges, de baies et des notes de garrigues Bouche : La bouche est d'une magnifique longueur, ample, chaleureuse, pleine et avec de la fra\u00eecheur, beaucoup de fra\u00eecheur. Les tanins sont velout\u00e9s, c'est magnifique","og_url":"https:\/\/atypique.brunotarhan.fr\/index.php\/produit\/elepolypossum\/","og_site_name":"Atypique Concept Store","article_modified_time":"2022-04-08T11:24:19+00:00","twitter_card":"summary_large_image","twitter_misc":{"Dur\u00e9e de lecture estim\u00e9e":"1 minute"},"schema":{"@context":"https:\/\/schema.org","@graph":[{"@type":"WebSite","@id":"https:\/\/atypique.brunotarhan.fr\/#website","url":"https:\/\/atypique.brunotarhan.fr\/","name":"Atypique Concept Store","description":"Just another WordPress site","potentialAction":[{"@type":"SearchAction","target":{"@type":"EntryPoint","urlTemplate":"https:\/\/atypique.brunotarhan.fr\/?s={search_term_string}"},"query-input":"required name=search_term_string"}],"inLanguage":"fr-FR"},{"@type":"WebPage","@id":"https:\/\/atypique.brunotarhan.fr\/index.php\/produit\/elepolypossum\/#webpage","url":"https:\/\/atypique.brunotarhan.fr\/index.php\/produit\/elepolypossum\/","name":"Elepolypossum - Atypique Concept Store","isPartOf":{"@id":"https:\/\/atypique.brunotarhan.fr\/#website"},"datePublished":"2022-03-28T07:42:59+00:00","dateModified":"2022-04-08T11:24:19+00:00","breadcrumb":{"@id":"https:\/\/atypique.brunotarhan.fr\/index.php\/produit\/elepolypossum\/#breadcrumb"},"inLanguage":"fr-FR","potentialAction":[{"@type":"ReadAction","target":["https:\/\/atypique.brunotarhan.fr\/index.php\/produit\/elepolypossum\/"]}]},{"@type":"BreadcrumbList","@id":"https:\/\/atypique.brunotarhan.fr\/index.php\/produit\/elepolypossum\/#breadcrumb","itemListElement":[{"@type":"ListItem","position":1,"name":"Accueil","item":"https:\/\/atypique.brunotarhan.fr\/"},{"@type":"ListItem","position":2,"name":""},{"@type":"ListItem","position":3,"name":"Elepolypossum"}]}]}},"_links":{"self":[{"href":"https:\/\/atypique.brunotarhan.fr\/index.php\/wp-json\/wp\/v2\/product\/14760","targetHints":{"allow":["GET"]}}],"collection":[{"href":"https:\/\/atypique.brunotarhan.fr\/index.php\/wp-json\/wp\/v2\/product"}],"about":[{"href":"https:\/\/atypique.brunotarhan.fr\/index.php\/wp-json\/wp\/v2\/types\/product"}],"replies":[{"embeddable":true,"href":"https:\/\/atypique.brunotarhan.fr\/index.php\/wp-json\/wp\/v2\/comments?post=14760"}],"wp:attachment":[{"href":"https:\/\/atypique.brunotarhan.fr\/index.php\/wp-json\/wp\/v2\/media?parent=14760"}],"wp:term":[{"taxonomy":"product_cat","embeddable":true,"href":"https:\/\/atypique.brunotarhan.fr\/index.php\/wp-json\/wp\/v2\/product_cat?post=14760"},{"taxonomy":"product_tag","embeddable":true,"href":"https:\/\/atypique.brunotarhan.fr\/index.php\/wp-json\/wp\/v2\/product_tag?post=14760"}],"curies":[{"name":"wp","href":"https:\/\/api.w.org\/{rel}","templated":true}]}}