{"id":14758,"date":"2022-03-28T07:42:54","date_gmt":"2022-03-28T07:42:54","guid":{"rendered":"https:\/\/atypique.brunotarhan.fr\/?post_type=product&#038;p=14758"},"modified":"2022-04-26T06:28:51","modified_gmt":"2022-04-26T06:28:51","slug":"comtes-de-champagnes","status":"publish","type":"product","link":"https:\/\/atypique.brunotarhan.fr\/index.php\/produit\/comtes-de-champagnes\/","title":{"rendered":"Comtes de champagnes"},"content":{"rendered":"","protected":false},"excerpt":{"rendered":"<p>C\u00e9page : Chardonnay<\/p>\n<p>La cuv\u00e9e Comte de Champagne sign\u00e9e Taittinger est le fleuron de la maison r\u00e9moise. Elle est \u00e9labor\u00e9e \u00e0 partir de chardonnay venant des plus belles parcelles class\u00e9es grand cru de la C\u00f4te des Blancs. Pour \u00e9laborer cette cuv\u00e9e d\u2019exception, la maison vieillit 5% des vins en f\u00fbt de ch\u00eane, le reste des vins \u00e9tant eux \u00e9lev\u00e9s en cuve.<\/p>\n","protected":false},"featured_media":16157,"comment_status":"open","ping_status":"closed","template":"","meta":[],"product_cat":[88],"product_tag":[],"class_list":["post-14758","product","type-product","status-publish","has-post-thumbnail","hentry","product_cat-champagnes","berocket_brand-taittinger"],"yoast_head":"<!-- This site is optimized with the Yoast SEO plugin v18.0 - https:\/\/yoast.com\/wordpress\/plugins\/seo\/ -->\n<title>Comtes de champagnes - Atypique Concept Store<\/title>\n<meta name=\"robots\" content=\"index, follow, max-snippet:-1, max-image-preview:large, max-video-preview:-1\" \/>\n<link rel=\"canonical\" href=\"https:\/\/atypique.brunotarhan.fr\/index.php\/produit\/comtes-de-champagnes\/\" \/>\n<meta property=\"og:locale\" content=\"fr_FR\" \/>\n<meta property=\"og:type\" content=\"article\" \/>\n<meta property=\"og:title\" content=\"Comtes de champagnes - Atypique Concept Store\" \/>\n<meta property=\"og:description\" content=\"C\u00e9page : Chardonnay  La cuv\u00e9e Comte de Champagne sign\u00e9e Taittinger est le fleuron de la maison r\u00e9moise. Elle est \u00e9labor\u00e9e \u00e0 partir de chardonnay venant des plus belles parcelles class\u00e9es grand cru de la C\u00f4te des Blancs. Pour \u00e9laborer cette cuv\u00e9e d\u2019exception, la maison vieillit 5% des vins en f\u00fbt de ch\u00eane, le reste des vins \u00e9tant eux \u00e9lev\u00e9s en cuve.\" \/>\n<meta property=\"og:url\" content=\"https:\/\/atypique.brunotarhan.fr\/index.php\/produit\/comtes-de-champagnes\/\" \/>\n<meta property=\"og:site_name\" content=\"Atypique Concept Store\" \/>\n<meta property=\"article:modified_time\" content=\"2022-04-26T06:28:51+00:00\" \/>\n<meta property=\"og:image\" content=\"https:\/\/atypique.brunotarhan.fr\/wp-content\/uploads\/2022\/03\/taittinger-comtes-de-champagne-face1.jpg\" \/>\n\t<meta property=\"og:image:width\" content=\"1732\" \/>\n\t<meta property=\"og:image:height\" content=\"1732\" \/>\n\t<meta property=\"og:image:type\" content=\"image\/jpeg\" \/>\n<meta name=\"twitter:card\" content=\"summary_large_image\" \/>\n<script type=\"application\/ld+json\" class=\"yoast-schema-graph\">{\"@context\":\"https:\/\/schema.org\",\"@graph\":[{\"@type\":\"WebSite\",\"@id\":\"https:\/\/atypique.brunotarhan.fr\/#website\",\"url\":\"https:\/\/atypique.brunotarhan.fr\/\",\"name\":\"Atypique Concept Store\",\"description\":\"Just another WordPress site\",\"potentialAction\":[{\"@type\":\"SearchAction\",\"target\":{\"@type\":\"EntryPoint\",\"urlTemplate\":\"https:\/\/atypique.brunotarhan.fr\/?s={search_term_string}\"},\"query-input\":\"required name=search_term_string\"}],\"inLanguage\":\"fr-FR\"},{\"@type\":\"ImageObject\",\"@id\":\"https:\/\/atypique.brunotarhan.fr\/index.php\/produit\/comtes-de-champagnes\/#primaryimage\",\"inLanguage\":\"fr-FR\",\"url\":\"https:\/\/atypique.brunotarhan.fr\/wp-content\/uploads\/2022\/03\/taittinger-comtes-de-champagne-face1.jpg\",\"contentUrl\":\"https:\/\/atypique.brunotarhan.fr\/wp-content\/uploads\/2022\/03\/taittinger-comtes-de-champagne-face1.jpg\",\"width\":1732,\"height\":1732},{\"@type\":\"WebPage\",\"@id\":\"https:\/\/atypique.brunotarhan.fr\/index.php\/produit\/comtes-de-champagnes\/#webpage\",\"url\":\"https:\/\/atypique.brunotarhan.fr\/index.php\/produit\/comtes-de-champagnes\/\",\"name\":\"Comtes de champagnes - Atypique Concept Store\",\"isPartOf\":{\"@id\":\"https:\/\/atypique.brunotarhan.fr\/#website\"},\"primaryImageOfPage\":{\"@id\":\"https:\/\/atypique.brunotarhan.fr\/index.php\/produit\/comtes-de-champagnes\/#primaryimage\"},\"datePublished\":\"2022-03-28T07:42:54+00:00\",\"dateModified\":\"2022-04-26T06:28:51+00:00\",\"breadcrumb\":{\"@id\":\"https:\/\/atypique.brunotarhan.fr\/index.php\/produit\/comtes-de-champagnes\/#breadcrumb\"},\"inLanguage\":\"fr-FR\",\"potentialAction\":[{\"@type\":\"ReadAction\",\"target\":[\"https:\/\/atypique.brunotarhan.fr\/index.php\/produit\/comtes-de-champagnes\/\"]}]},{\"@type\":\"BreadcrumbList\",\"@id\":\"https:\/\/atypique.brunotarhan.fr\/index.php\/produit\/comtes-de-champagnes\/#breadcrumb\",\"itemListElement\":[{\"@type\":\"ListItem\",\"position\":1,\"name\":\"Accueil\",\"item\":\"https:\/\/atypique.brunotarhan.fr\/\"},{\"@type\":\"ListItem\",\"position\":2,\"name\":\"\"},{\"@type\":\"ListItem\",\"position\":3,\"name\":\"Comtes de champagnes\"}]}]}<\/script>\n<!-- \/ Yoast SEO plugin. -->","yoast_head_json":{"title":"Comtes de champagnes - Atypique Concept Store","robots":{"index":"index","follow":"follow","max-snippet":"max-snippet:-1","max-image-preview":"max-image-preview:large","max-video-preview":"max-video-preview:-1"},"canonical":"https:\/\/atypique.brunotarhan.fr\/index.php\/produit\/comtes-de-champagnes\/","og_locale":"fr_FR","og_type":"article","og_title":"Comtes de champagnes - Atypique Concept Store","og_description":"C\u00e9page : Chardonnay  La cuv\u00e9e Comte de Champagne sign\u00e9e Taittinger est le fleuron de la maison r\u00e9moise. Elle est \u00e9labor\u00e9e \u00e0 partir de chardonnay venant des plus belles parcelles class\u00e9es grand cru de la C\u00f4te des Blancs. Pour \u00e9laborer cette cuv\u00e9e d\u2019exception, la maison vieillit 5% des vins en f\u00fbt de ch\u00eane, le reste des vins \u00e9tant eux \u00e9lev\u00e9s en cuve.","og_url":"https:\/\/atypique.brunotarhan.fr\/index.php\/produit\/comtes-de-champagnes\/","og_site_name":"Atypique Concept Store","article_modified_time":"2022-04-26T06:28:51+00:00","og_image":[{"width":1732,"height":1732,"url":"https:\/\/atypique.brunotarhan.fr\/wp-content\/uploads\/2022\/03\/taittinger-comtes-de-champagne-face1.jpg","type":"image\/jpeg"}],"twitter_card":"summary_large_image","schema":{"@context":"https:\/\/schema.org","@graph":[{"@type":"WebSite","@id":"https:\/\/atypique.brunotarhan.fr\/#website","url":"https:\/\/atypique.brunotarhan.fr\/","name":"Atypique Concept Store","description":"Just another WordPress site","potentialAction":[{"@type":"SearchAction","target":{"@type":"EntryPoint","urlTemplate":"https:\/\/atypique.brunotarhan.fr\/?s={search_term_string}"},"query-input":"required name=search_term_string"}],"inLanguage":"fr-FR"},{"@type":"ImageObject","@id":"https:\/\/atypique.brunotarhan.fr\/index.php\/produit\/comtes-de-champagnes\/#primaryimage","inLanguage":"fr-FR","url":"https:\/\/atypique.brunotarhan.fr\/wp-content\/uploads\/2022\/03\/taittinger-comtes-de-champagne-face1.jpg","contentUrl":"https:\/\/atypique.brunotarhan.fr\/wp-content\/uploads\/2022\/03\/taittinger-comtes-de-champagne-face1.jpg","width":1732,"height":1732},{"@type":"WebPage","@id":"https:\/\/atypique.brunotarhan.fr\/index.php\/produit\/comtes-de-champagnes\/#webpage","url":"https:\/\/atypique.brunotarhan.fr\/index.php\/produit\/comtes-de-champagnes\/","name":"Comtes de champagnes - Atypique Concept Store","isPartOf":{"@id":"https:\/\/atypique.brunotarhan.fr\/#website"},"primaryImageOfPage":{"@id":"https:\/\/atypique.brunotarhan.fr\/index.php\/produit\/comtes-de-champagnes\/#primaryimage"},"datePublished":"2022-03-28T07:42:54+00:00","dateModified":"2022-04-26T06:28:51+00:00","breadcrumb":{"@id":"https:\/\/atypique.brunotarhan.fr\/index.php\/produit\/comtes-de-champagnes\/#breadcrumb"},"inLanguage":"fr-FR","potentialAction":[{"@type":"ReadAction","target":["https:\/\/atypique.brunotarhan.fr\/index.php\/produit\/comtes-de-champagnes\/"]}]},{"@type":"BreadcrumbList","@id":"https:\/\/atypique.brunotarhan.fr\/index.php\/produit\/comtes-de-champagnes\/#breadcrumb","itemListElement":[{"@type":"ListItem","position":1,"name":"Accueil","item":"https:\/\/atypique.brunotarhan.fr\/"},{"@type":"ListItem","position":2,"name":""},{"@type":"ListItem","position":3,"name":"Comtes de champagnes"}]}]}},"_links":{"self":[{"href":"https:\/\/atypique.brunotarhan.fr\/index.php\/wp-json\/wp\/v2\/product\/14758","targetHints":{"allow":["GET"]}}],"collection":[{"href":"https:\/\/atypique.brunotarhan.fr\/index.php\/wp-json\/wp\/v2\/product"}],"about":[{"href":"https:\/\/atypique.brunotarhan.fr\/index.php\/wp-json\/wp\/v2\/types\/product"}],"replies":[{"embeddable":true,"href":"https:\/\/atypique.brunotarhan.fr\/index.php\/wp-json\/wp\/v2\/comments?post=14758"}],"wp:featuredmedia":[{"embeddable":true,"href":"https:\/\/atypique.brunotarhan.fr\/index.php\/wp-json\/wp\/v2\/media\/16157"}],"wp:attachment":[{"href":"https:\/\/atypique.brunotarhan.fr\/index.php\/wp-json\/wp\/v2\/media?parent=14758"}],"wp:term":[{"taxonomy":"product_cat","embeddable":true,"href":"https:\/\/atypique.brunotarhan.fr\/index.php\/wp-json\/wp\/v2\/product_cat?post=14758"},{"taxonomy":"product_tag","embeddable":true,"href":"https:\/\/atypique.brunotarhan.fr\/index.php\/wp-json\/wp\/v2\/product_tag?post=14758"}],"curies":[{"name":"wp","href":"https:\/\/api.w.org\/{rel}","templated":true}]}}