{"id":14757,"date":"2022-03-28T07:42:52","date_gmt":"2022-03-28T07:42:52","guid":{"rendered":"https:\/\/atypique.brunotarhan.fr\/?post_type=product&#038;p=14757"},"modified":"2022-04-26T06:29:42","modified_gmt":"2022-04-26T06:29:42","slug":"brut-prestige","status":"publish","type":"product","link":"https:\/\/atypique.brunotarhan.fr\/index.php\/produit\/brut-prestige\/","title":{"rendered":"Brut prestige"},"content":{"rendered":"<p>LE VIGNOBLE TAITTINGER<\/p>\n<p>Un des plus grands domaines de la Champagne<br \/>\ncertifi\u00e9 Haute valeur Environnementale<\/p>\n<p>De g\u00e9n\u00e9ration en g\u00e9n\u00e9ration, le vignoble Taittinger s\u2019est consid\u00e9rablement agrandi et atteint aujourd\u2019hui 288 hectares, constituant le troisi\u00e8me plus grand domaine de Champagne.<\/p>\n<p>En outre, la Maison poss\u00e8de le plus grand vignoble intramuros de la ville de Reims situ\u00e9 au Val de Murigny au c\u00f4t\u00e9 de la premi\u00e8re voie romaine reliant Reims \u00e0 Epernay. Plant\u00e9 \u00e0 37 % en Chardonnay, 48 % en Pinot Noir et 15 % en Meunier, harmonieusement r\u00e9parti sur 37 crus diff\u00e9rents parmi les meilleurs de l\u2019appellation Champagne, le vignoble refl\u00e8te \u00e0 merveille le style Taittinger. Il assure une petite moiti\u00e9 de son approvisionnement et constitue un atout incomparable pour le contr\u00f4le qualitatif des assemblages, dans le cadre d\u2019une d\u00e9marche de viticulture raisonn\u00e9e, certifi\u00e9e Haute Valeur Environnementale.<\/p>\n","protected":false},"excerpt":{"rendered":"<p>De jolies bulles fines et r\u00e9guli\u00e8res ornent la robe paille aux reflets verts de ce champagne qui d\u00e9gage de belles notes toast\u00e9es de brioche et de pain de mie, se m\u00e9langeant \u00e0 des fragrances fruit\u00e9es de griottes. En bouche, son c\u00f4t\u00e9 cors\u00e9 et vineux et ses bulles persistantes cr\u00e9ent un ensemble tout en \u00e9quilibre. La finale se distingue par une certaine franchise et beaucoup de saveurs.<\/p>\n","protected":false},"featured_media":16159,"comment_status":"open","ping_status":"closed","template":"","meta":[],"product_cat":[88],"product_tag":[],"class_list":["post-14757","product","type-product","status-publish","has-post-thumbnail","hentry","product_cat-champagnes","berocket_brand-taittinger"],"yoast_head":"<!-- This site is optimized with the Yoast SEO plugin v18.0 - https:\/\/yoast.com\/wordpress\/plugins\/seo\/ -->\n<title>Brut prestige - Atypique Concept Store<\/title>\n<meta name=\"robots\" content=\"index, follow, max-snippet:-1, max-image-preview:large, max-video-preview:-1\" \/>\n<link rel=\"canonical\" href=\"https:\/\/atypique.brunotarhan.fr\/index.php\/produit\/brut-prestige\/\" \/>\n<meta property=\"og:locale\" content=\"fr_FR\" \/>\n<meta property=\"og:type\" content=\"article\" \/>\n<meta property=\"og:title\" content=\"Brut prestige - Atypique Concept Store\" \/>\n<meta property=\"og:description\" content=\"De jolies bulles fines et r\u00e9guli\u00e8res ornent la robe paille aux reflets verts de ce champagne qui d\u00e9gage de belles notes toast\u00e9es de brioche et de pain de mie, se m\u00e9langeant \u00e0 des fragrances fruit\u00e9es de griottes. En bouche, son c\u00f4t\u00e9 cors\u00e9 et vineux et ses bulles persistantes cr\u00e9ent un ensemble tout en \u00e9quilibre. La finale se distingue par une certaine franchise et beaucoup de saveurs.\" \/>\n<meta property=\"og:url\" content=\"https:\/\/atypique.brunotarhan.fr\/index.php\/produit\/brut-prestige\/\" \/>\n<meta property=\"og:site_name\" content=\"Atypique Concept Store\" \/>\n<meta property=\"article:modified_time\" content=\"2022-04-26T06:29:42+00:00\" \/>\n<meta property=\"og:image\" content=\"https:\/\/atypique.brunotarhan.fr\/wp-content\/uploads\/2022\/03\/deutz-champagne-brut-face.jpg\" \/>\n\t<meta property=\"og:image:width\" content=\"1732\" \/>\n\t<meta property=\"og:image:height\" content=\"1732\" \/>\n\t<meta property=\"og:image:type\" content=\"image\/jpeg\" \/>\n<meta name=\"twitter:card\" content=\"summary_large_image\" \/>\n<meta name=\"twitter:label1\" content=\"Dur\u00e9e de lecture estim\u00e9e\" \/>\n\t<meta name=\"twitter:data1\" content=\"1 minute\" \/>\n<script type=\"application\/ld+json\" class=\"yoast-schema-graph\">{\"@context\":\"https:\/\/schema.org\",\"@graph\":[{\"@type\":\"WebSite\",\"@id\":\"https:\/\/atypique.brunotarhan.fr\/#website\",\"url\":\"https:\/\/atypique.brunotarhan.fr\/\",\"name\":\"Atypique Concept Store\",\"description\":\"Just another WordPress site\",\"potentialAction\":[{\"@type\":\"SearchAction\",\"target\":{\"@type\":\"EntryPoint\",\"urlTemplate\":\"https:\/\/atypique.brunotarhan.fr\/?s={search_term_string}\"},\"query-input\":\"required name=search_term_string\"}],\"inLanguage\":\"fr-FR\"},{\"@type\":\"ImageObject\",\"@id\":\"https:\/\/atypique.brunotarhan.fr\/index.php\/produit\/brut-prestige\/#primaryimage\",\"inLanguage\":\"fr-FR\",\"url\":\"https:\/\/atypique.brunotarhan.fr\/wp-content\/uploads\/2022\/03\/deutz-champagne-brut-face.jpg\",\"contentUrl\":\"https:\/\/atypique.brunotarhan.fr\/wp-content\/uploads\/2022\/03\/deutz-champagne-brut-face.jpg\",\"width\":1732,\"height\":1732},{\"@type\":\"WebPage\",\"@id\":\"https:\/\/atypique.brunotarhan.fr\/index.php\/produit\/brut-prestige\/#webpage\",\"url\":\"https:\/\/atypique.brunotarhan.fr\/index.php\/produit\/brut-prestige\/\",\"name\":\"Brut prestige - Atypique Concept Store\",\"isPartOf\":{\"@id\":\"https:\/\/atypique.brunotarhan.fr\/#website\"},\"primaryImageOfPage\":{\"@id\":\"https:\/\/atypique.brunotarhan.fr\/index.php\/produit\/brut-prestige\/#primaryimage\"},\"datePublished\":\"2022-03-28T07:42:52+00:00\",\"dateModified\":\"2022-04-26T06:29:42+00:00\",\"breadcrumb\":{\"@id\":\"https:\/\/atypique.brunotarhan.fr\/index.php\/produit\/brut-prestige\/#breadcrumb\"},\"inLanguage\":\"fr-FR\",\"potentialAction\":[{\"@type\":\"ReadAction\",\"target\":[\"https:\/\/atypique.brunotarhan.fr\/index.php\/produit\/brut-prestige\/\"]}]},{\"@type\":\"BreadcrumbList\",\"@id\":\"https:\/\/atypique.brunotarhan.fr\/index.php\/produit\/brut-prestige\/#breadcrumb\",\"itemListElement\":[{\"@type\":\"ListItem\",\"position\":1,\"name\":\"Accueil\",\"item\":\"https:\/\/atypique.brunotarhan.fr\/\"},{\"@type\":\"ListItem\",\"position\":2,\"name\":\"\"},{\"@type\":\"ListItem\",\"position\":3,\"name\":\"Brut prestige\"}]}]}<\/script>\n<!-- \/ Yoast SEO plugin. -->","yoast_head_json":{"title":"Brut prestige - Atypique Concept Store","robots":{"index":"index","follow":"follow","max-snippet":"max-snippet:-1","max-image-preview":"max-image-preview:large","max-video-preview":"max-video-preview:-1"},"canonical":"https:\/\/atypique.brunotarhan.fr\/index.php\/produit\/brut-prestige\/","og_locale":"fr_FR","og_type":"article","og_title":"Brut prestige - Atypique Concept Store","og_description":"De jolies bulles fines et r\u00e9guli\u00e8res ornent la robe paille aux reflets verts de ce champagne qui d\u00e9gage de belles notes toast\u00e9es de brioche et de pain de mie, se m\u00e9langeant \u00e0 des fragrances fruit\u00e9es de griottes. En bouche, son c\u00f4t\u00e9 cors\u00e9 et vineux et ses bulles persistantes cr\u00e9ent un ensemble tout en \u00e9quilibre. La finale se distingue par une certaine franchise et beaucoup de saveurs.","og_url":"https:\/\/atypique.brunotarhan.fr\/index.php\/produit\/brut-prestige\/","og_site_name":"Atypique Concept Store","article_modified_time":"2022-04-26T06:29:42+00:00","og_image":[{"width":1732,"height":1732,"url":"https:\/\/atypique.brunotarhan.fr\/wp-content\/uploads\/2022\/03\/deutz-champagne-brut-face.jpg","type":"image\/jpeg"}],"twitter_card":"summary_large_image","twitter_misc":{"Dur\u00e9e de lecture estim\u00e9e":"1 minute"},"schema":{"@context":"https:\/\/schema.org","@graph":[{"@type":"WebSite","@id":"https:\/\/atypique.brunotarhan.fr\/#website","url":"https:\/\/atypique.brunotarhan.fr\/","name":"Atypique Concept Store","description":"Just another WordPress site","potentialAction":[{"@type":"SearchAction","target":{"@type":"EntryPoint","urlTemplate":"https:\/\/atypique.brunotarhan.fr\/?s={search_term_string}"},"query-input":"required name=search_term_string"}],"inLanguage":"fr-FR"},{"@type":"ImageObject","@id":"https:\/\/atypique.brunotarhan.fr\/index.php\/produit\/brut-prestige\/#primaryimage","inLanguage":"fr-FR","url":"https:\/\/atypique.brunotarhan.fr\/wp-content\/uploads\/2022\/03\/deutz-champagne-brut-face.jpg","contentUrl":"https:\/\/atypique.brunotarhan.fr\/wp-content\/uploads\/2022\/03\/deutz-champagne-brut-face.jpg","width":1732,"height":1732},{"@type":"WebPage","@id":"https:\/\/atypique.brunotarhan.fr\/index.php\/produit\/brut-prestige\/#webpage","url":"https:\/\/atypique.brunotarhan.fr\/index.php\/produit\/brut-prestige\/","name":"Brut prestige - Atypique Concept Store","isPartOf":{"@id":"https:\/\/atypique.brunotarhan.fr\/#website"},"primaryImageOfPage":{"@id":"https:\/\/atypique.brunotarhan.fr\/index.php\/produit\/brut-prestige\/#primaryimage"},"datePublished":"2022-03-28T07:42:52+00:00","dateModified":"2022-04-26T06:29:42+00:00","breadcrumb":{"@id":"https:\/\/atypique.brunotarhan.fr\/index.php\/produit\/brut-prestige\/#breadcrumb"},"inLanguage":"fr-FR","potentialAction":[{"@type":"ReadAction","target":["https:\/\/atypique.brunotarhan.fr\/index.php\/produit\/brut-prestige\/"]}]},{"@type":"BreadcrumbList","@id":"https:\/\/atypique.brunotarhan.fr\/index.php\/produit\/brut-prestige\/#breadcrumb","itemListElement":[{"@type":"ListItem","position":1,"name":"Accueil","item":"https:\/\/atypique.brunotarhan.fr\/"},{"@type":"ListItem","position":2,"name":""},{"@type":"ListItem","position":3,"name":"Brut prestige"}]}]}},"_links":{"self":[{"href":"https:\/\/atypique.brunotarhan.fr\/index.php\/wp-json\/wp\/v2\/product\/14757","targetHints":{"allow":["GET"]}}],"collection":[{"href":"https:\/\/atypique.brunotarhan.fr\/index.php\/wp-json\/wp\/v2\/product"}],"about":[{"href":"https:\/\/atypique.brunotarhan.fr\/index.php\/wp-json\/wp\/v2\/types\/product"}],"replies":[{"embeddable":true,"href":"https:\/\/atypique.brunotarhan.fr\/index.php\/wp-json\/wp\/v2\/comments?post=14757"}],"wp:featuredmedia":[{"embeddable":true,"href":"https:\/\/atypique.brunotarhan.fr\/index.php\/wp-json\/wp\/v2\/media\/16159"}],"wp:attachment":[{"href":"https:\/\/atypique.brunotarhan.fr\/index.php\/wp-json\/wp\/v2\/media?parent=14757"}],"wp:term":[{"taxonomy":"product_cat","embeddable":true,"href":"https:\/\/atypique.brunotarhan.fr\/index.php\/wp-json\/wp\/v2\/product_cat?post=14757"},{"taxonomy":"product_tag","embeddable":true,"href":"https:\/\/atypique.brunotarhan.fr\/index.php\/wp-json\/wp\/v2\/product_tag?post=14757"}],"curies":[{"name":"wp","href":"https:\/\/api.w.org\/{rel}","templated":true}]}}