{"id":14753,"date":"2022-03-28T07:42:39","date_gmt":"2022-03-28T07:42:39","guid":{"rendered":"https:\/\/atypique.brunotarhan.fr\/?post_type=product&#038;p=14753"},"modified":"2022-04-08T11:24:00","modified_gmt":"2022-04-08T11:24:00","slug":"cote-rotie","status":"publish","type":"product","link":"https:\/\/atypique.brunotarhan.fr\/index.php\/produit\/cote-rotie\/","title":{"rendered":"Cote rotie"},"content":{"rendered":"<p>St\u00e9phane Oth\u00e9guy, la cinquantaine, est paysan vigneron dans les prestigieuses appellations C\u00f4te-R\u00f4tie, Condrieu, Saint Joseph&#8230; Militant engag\u00e9 dans le bio, membre de Nature et Progr\u00e8s, St\u00e9phane est autant paysan que vigneron. Ce pur terrien cultive, en plus de ses 3 ha de vignes, 5 ha de fruitiers: pommes, poires, figues&#8230;. (eh non, pas de scoobidou, on va \u00e9viter de d\u00e9conner, St\u00e9phane fait partie des vignerons poids lourd (ses bras, ce sont mes cuisses), on se calme les JUS&#8217;tos). L&#8217;ensemble est compl\u00e9t\u00e9 par 5 ha de bois et 3 ha de prairie. St\u00e9phane a plant\u00e9 \u00e9galement des abricotiers de s\u00e9lection massale de la vari\u00e9t\u00e9 Ampuisais.<\/p>\n<p>Vigneron simple et pragmatique, il explique que le bio co\u00fbte moins \u00e0 produire. Normal, il ne faut pas acheter un arsenal de saloperies qui co\u00fbtent les yeux de la t\u00eate&#8230; Les vins sont donc natures, \u00e0 peine soufr\u00e9s \u00e0 la mise, et de plus en plus pr\u00e9cis sur les derniers mill\u00e9simes. Son Condrieu est rare et ses cuv\u00e9es de S\u00e9rines (vari\u00e9t\u00e9 locale de Syrah) font un malheur.<\/p>\n","protected":false},"excerpt":{"rendered":"<p>C\u00e9page :  syrah<\/p>\n<p>Une c\u00f4te-r\u00f4tie intense et parfaitement \u00e9quilibr\u00e9e<\/p>\n<p>Le c\u00f4te-r\u00f4tie village livre une belle expression de la syrah. Le nez est fruit\u00e9, floral et \u00e9pic\u00e9 \u00e0 la fois. Ces ar\u00f4mes se retrouvent en bouche, particuli\u00e8rement le cassis, l&#8217;ensemble est bien \u00e9quilibr\u00e9, il y a de l&#8217;intensit\u00e9, des tanins nombreux et une belle longueur.<\/p>\n","protected":false},"featured_media":0,"comment_status":"open","ping_status":"closed","template":"","meta":[],"product_cat":[87],"product_tag":[],"class_list":["post-14753","product","type-product","status-publish","hentry","product_cat-vins","berocket_brand-stephane-otheguy"],"yoast_head":"<!-- This site is optimized with the Yoast SEO plugin v18.0 - https:\/\/yoast.com\/wordpress\/plugins\/seo\/ -->\n<title>Cote rotie - Atypique Concept Store<\/title>\n<meta name=\"robots\" content=\"index, follow, max-snippet:-1, max-image-preview:large, max-video-preview:-1\" \/>\n<link rel=\"canonical\" href=\"https:\/\/atypique.brunotarhan.fr\/index.php\/produit\/cote-rotie\/\" \/>\n<meta property=\"og:locale\" content=\"fr_FR\" \/>\n<meta property=\"og:type\" content=\"article\" \/>\n<meta property=\"og:title\" content=\"Cote rotie - Atypique Concept Store\" \/>\n<meta property=\"og:description\" content=\"C\u00e9page : syrah  Une c\u00f4te-r\u00f4tie intense et parfaitement \u00e9quilibr\u00e9e Le c\u00f4te-r\u00f4tie village livre une belle expression de la syrah. Le nez est fruit\u00e9, floral et \u00e9pic\u00e9 \u00e0 la fois. Ces ar\u00f4mes se retrouvent en bouche, particuli\u00e8rement le cassis, l&#039;ensemble est bien \u00e9quilibr\u00e9, il y a de l&#039;intensit\u00e9, des tanins nombreux et une belle longueur.\" \/>\n<meta property=\"og:url\" content=\"https:\/\/atypique.brunotarhan.fr\/index.php\/produit\/cote-rotie\/\" \/>\n<meta property=\"og:site_name\" content=\"Atypique Concept Store\" \/>\n<meta property=\"article:modified_time\" content=\"2022-04-08T11:24:00+00:00\" \/>\n<meta name=\"twitter:card\" content=\"summary_large_image\" \/>\n<meta name=\"twitter:label1\" content=\"Dur\u00e9e de lecture estim\u00e9e\" \/>\n\t<meta name=\"twitter:data1\" content=\"1 minute\" \/>\n<script type=\"application\/ld+json\" class=\"yoast-schema-graph\">{\"@context\":\"https:\/\/schema.org\",\"@graph\":[{\"@type\":\"WebSite\",\"@id\":\"https:\/\/atypique.brunotarhan.fr\/#website\",\"url\":\"https:\/\/atypique.brunotarhan.fr\/\",\"name\":\"Atypique Concept Store\",\"description\":\"Just another WordPress site\",\"potentialAction\":[{\"@type\":\"SearchAction\",\"target\":{\"@type\":\"EntryPoint\",\"urlTemplate\":\"https:\/\/atypique.brunotarhan.fr\/?s={search_term_string}\"},\"query-input\":\"required name=search_term_string\"}],\"inLanguage\":\"fr-FR\"},{\"@type\":\"WebPage\",\"@id\":\"https:\/\/atypique.brunotarhan.fr\/index.php\/produit\/cote-rotie\/#webpage\",\"url\":\"https:\/\/atypique.brunotarhan.fr\/index.php\/produit\/cote-rotie\/\",\"name\":\"Cote rotie - Atypique Concept Store\",\"isPartOf\":{\"@id\":\"https:\/\/atypique.brunotarhan.fr\/#website\"},\"datePublished\":\"2022-03-28T07:42:39+00:00\",\"dateModified\":\"2022-04-08T11:24:00+00:00\",\"breadcrumb\":{\"@id\":\"https:\/\/atypique.brunotarhan.fr\/index.php\/produit\/cote-rotie\/#breadcrumb\"},\"inLanguage\":\"fr-FR\",\"potentialAction\":[{\"@type\":\"ReadAction\",\"target\":[\"https:\/\/atypique.brunotarhan.fr\/index.php\/produit\/cote-rotie\/\"]}]},{\"@type\":\"BreadcrumbList\",\"@id\":\"https:\/\/atypique.brunotarhan.fr\/index.php\/produit\/cote-rotie\/#breadcrumb\",\"itemListElement\":[{\"@type\":\"ListItem\",\"position\":1,\"name\":\"Accueil\",\"item\":\"https:\/\/atypique.brunotarhan.fr\/\"},{\"@type\":\"ListItem\",\"position\":2,\"name\":\"\"},{\"@type\":\"ListItem\",\"position\":3,\"name\":\"Cote rotie\"}]}]}<\/script>\n<!-- \/ Yoast SEO plugin. -->","yoast_head_json":{"title":"Cote rotie - Atypique Concept Store","robots":{"index":"index","follow":"follow","max-snippet":"max-snippet:-1","max-image-preview":"max-image-preview:large","max-video-preview":"max-video-preview:-1"},"canonical":"https:\/\/atypique.brunotarhan.fr\/index.php\/produit\/cote-rotie\/","og_locale":"fr_FR","og_type":"article","og_title":"Cote rotie - Atypique Concept Store","og_description":"C\u00e9page : syrah  Une c\u00f4te-r\u00f4tie intense et parfaitement \u00e9quilibr\u00e9e Le c\u00f4te-r\u00f4tie village livre une belle expression de la syrah. Le nez est fruit\u00e9, floral et \u00e9pic\u00e9 \u00e0 la fois. Ces ar\u00f4mes se retrouvent en bouche, particuli\u00e8rement le cassis, l'ensemble est bien \u00e9quilibr\u00e9, il y a de l'intensit\u00e9, des tanins nombreux et une belle longueur.","og_url":"https:\/\/atypique.brunotarhan.fr\/index.php\/produit\/cote-rotie\/","og_site_name":"Atypique Concept Store","article_modified_time":"2022-04-08T11:24:00+00:00","twitter_card":"summary_large_image","twitter_misc":{"Dur\u00e9e de lecture estim\u00e9e":"1 minute"},"schema":{"@context":"https:\/\/schema.org","@graph":[{"@type":"WebSite","@id":"https:\/\/atypique.brunotarhan.fr\/#website","url":"https:\/\/atypique.brunotarhan.fr\/","name":"Atypique Concept Store","description":"Just another WordPress site","potentialAction":[{"@type":"SearchAction","target":{"@type":"EntryPoint","urlTemplate":"https:\/\/atypique.brunotarhan.fr\/?s={search_term_string}"},"query-input":"required name=search_term_string"}],"inLanguage":"fr-FR"},{"@type":"WebPage","@id":"https:\/\/atypique.brunotarhan.fr\/index.php\/produit\/cote-rotie\/#webpage","url":"https:\/\/atypique.brunotarhan.fr\/index.php\/produit\/cote-rotie\/","name":"Cote rotie - Atypique Concept Store","isPartOf":{"@id":"https:\/\/atypique.brunotarhan.fr\/#website"},"datePublished":"2022-03-28T07:42:39+00:00","dateModified":"2022-04-08T11:24:00+00:00","breadcrumb":{"@id":"https:\/\/atypique.brunotarhan.fr\/index.php\/produit\/cote-rotie\/#breadcrumb"},"inLanguage":"fr-FR","potentialAction":[{"@type":"ReadAction","target":["https:\/\/atypique.brunotarhan.fr\/index.php\/produit\/cote-rotie\/"]}]},{"@type":"BreadcrumbList","@id":"https:\/\/atypique.brunotarhan.fr\/index.php\/produit\/cote-rotie\/#breadcrumb","itemListElement":[{"@type":"ListItem","position":1,"name":"Accueil","item":"https:\/\/atypique.brunotarhan.fr\/"},{"@type":"ListItem","position":2,"name":""},{"@type":"ListItem","position":3,"name":"Cote rotie"}]}]}},"_links":{"self":[{"href":"https:\/\/atypique.brunotarhan.fr\/index.php\/wp-json\/wp\/v2\/product\/14753","targetHints":{"allow":["GET"]}}],"collection":[{"href":"https:\/\/atypique.brunotarhan.fr\/index.php\/wp-json\/wp\/v2\/product"}],"about":[{"href":"https:\/\/atypique.brunotarhan.fr\/index.php\/wp-json\/wp\/v2\/types\/product"}],"replies":[{"embeddable":true,"href":"https:\/\/atypique.brunotarhan.fr\/index.php\/wp-json\/wp\/v2\/comments?post=14753"}],"wp:attachment":[{"href":"https:\/\/atypique.brunotarhan.fr\/index.php\/wp-json\/wp\/v2\/media?parent=14753"}],"wp:term":[{"taxonomy":"product_cat","embeddable":true,"href":"https:\/\/atypique.brunotarhan.fr\/index.php\/wp-json\/wp\/v2\/product_cat?post=14753"},{"taxonomy":"product_tag","embeddable":true,"href":"https:\/\/atypique.brunotarhan.fr\/index.php\/wp-json\/wp\/v2\/product_tag?post=14753"}],"curies":[{"name":"wp","href":"https:\/\/api.w.org\/{rel}","templated":true}]}}