{"id":14751,"date":"2022-03-28T07:42:27","date_gmt":"2022-03-28T07:42:27","guid":{"rendered":"https:\/\/atypique.brunotarhan.fr\/?post_type=product&#038;p=14751"},"modified":"2022-04-08T11:23:54","modified_gmt":"2022-04-08T11:23:54","slug":"aisthesie","status":"publish","type":"product","link":"https:\/\/atypique.brunotarhan.fr\/index.php\/produit\/aisthesie\/","title":{"rendered":"Aisthesie"},"content":{"rendered":"<p>Alain dejean un pionner du vin nature en sauterne.<\/p>\n<p>Viril, plus expressif qu\u2019Yquem, plus massif que Climens, \u00e9quilibr\u00e9 et pourtant d\u2019une ampleur presque inqui\u00e9tante, Rousset Peyraguey renoue avec le terroir de sa r\u00e9gion. C\u2019est un vin profond de terrien lunaire avec une sucrosit\u00e9 plut\u00f4t fondue en bouche. La pratique des \u00e9levages longs en fait des vins tr\u00e8s complexes, sur de superbes gammes oxydatives : cire d&#8217;abeille, \u00e9corces d&#8217;oranges, pruneau secs &#8230; Ces ar\u00f4mes qui se rapprochent du rancio, m\u00eal\u00e9s aux notes exotiques du Sauternes, donnent une sensation de vin \u00e0 parfaite maturit\u00e9, \u00e9panoui.<\/p>\n","protected":false},"excerpt":{"rendered":"<p>Aisth\u00e9sis vient du grec et signifie la perception par les sens et l\u2019intelligence. Cette cuv\u00e9e sublime met en lumi\u00e8re le travail d\u2019Alain Dejean, qui a adopt\u00e9 les principes de la biodynamie et privil\u00e9gie le naturel, dans les vignes comme au chai. Sur des sols argilo-calcaires, ses vignes issues de s\u00e9lection massales produisent les c\u00e9pages classiques du sauternais : sauvignon blanc, s\u00e9millon et muscadelle. Les vendanges manuelles se font par tries successives, et sont suivies d\u2019une fermentation en barrique avec des levures indig\u00e8nes, puis d\u2019un \u00e9levage de six ans en f\u00fbts de ch\u00eanes. Les vins ne sont ni filtr\u00e9s ni coll\u00e9s. Aisth\u00e9sis est une pure merveille, \u00e9l\u00e9gante et \u00e9quilibr\u00e9e, o\u00f9 se m\u00ealent des ar\u00f4mes de noix, d\u2019\u00e9corce d\u2019orange et des notes plus fra\u00eeches d\u2019agrumes et de fruits exotiques.<\/p>\n","protected":false},"featured_media":0,"comment_status":"open","ping_status":"closed","template":"","meta":[],"product_cat":[87],"product_tag":[],"class_list":["post-14751","product","type-product","status-publish","hentry","product_cat-vins","berocket_brand-rousset-peyraguey"],"yoast_head":"<!-- This site is optimized with the Yoast SEO plugin v18.0 - https:\/\/yoast.com\/wordpress\/plugins\/seo\/ -->\n<title>Aisthesie - Atypique Concept Store<\/title>\n<meta name=\"robots\" content=\"index, follow, max-snippet:-1, max-image-preview:large, max-video-preview:-1\" \/>\n<link rel=\"canonical\" href=\"https:\/\/atypique.brunotarhan.fr\/index.php\/produit\/aisthesie\/\" \/>\n<meta property=\"og:locale\" content=\"fr_FR\" \/>\n<meta property=\"og:type\" content=\"article\" \/>\n<meta property=\"og:title\" content=\"Aisthesie - Atypique Concept Store\" \/>\n<meta property=\"og:description\" content=\"Aisth\u00e9sis vient du grec et signifie la perception par les sens et l\u2019intelligence. Cette cuv\u00e9e sublime met en lumi\u00e8re le travail d\u2019Alain Dejean, qui a adopt\u00e9 les principes de la biodynamie et privil\u00e9gie le naturel, dans les vignes comme au chai. Sur des sols argilo-calcaires, ses vignes issues de s\u00e9lection massales produisent les c\u00e9pages classiques du sauternais : sauvignon blanc, s\u00e9millon et muscadelle. Les vendanges manuelles se font par tries successives, et sont suivies d\u2019une fermentation en barrique avec des levures indig\u00e8nes, puis d\u2019un \u00e9levage de six ans en f\u00fbts de ch\u00eanes. Les vins ne sont ni filtr\u00e9s ni coll\u00e9s. Aisth\u00e9sis est une pure merveille, \u00e9l\u00e9gante et \u00e9quilibr\u00e9e, o\u00f9 se m\u00ealent des ar\u00f4mes de noix, d\u2019\u00e9corce d\u2019orange et des notes plus fra\u00eeches d\u2019agrumes et de fruits exotiques.\" \/>\n<meta property=\"og:url\" content=\"https:\/\/atypique.brunotarhan.fr\/index.php\/produit\/aisthesie\/\" \/>\n<meta property=\"og:site_name\" content=\"Atypique Concept Store\" \/>\n<meta property=\"article:modified_time\" content=\"2022-04-08T11:23:54+00:00\" \/>\n<meta name=\"twitter:card\" content=\"summary_large_image\" \/>\n<meta name=\"twitter:label1\" content=\"Dur\u00e9e de lecture estim\u00e9e\" \/>\n\t<meta name=\"twitter:data1\" content=\"1 minute\" \/>\n<script type=\"application\/ld+json\" class=\"yoast-schema-graph\">{\"@context\":\"https:\/\/schema.org\",\"@graph\":[{\"@type\":\"WebSite\",\"@id\":\"https:\/\/atypique.brunotarhan.fr\/#website\",\"url\":\"https:\/\/atypique.brunotarhan.fr\/\",\"name\":\"Atypique Concept Store\",\"description\":\"Just another WordPress site\",\"potentialAction\":[{\"@type\":\"SearchAction\",\"target\":{\"@type\":\"EntryPoint\",\"urlTemplate\":\"https:\/\/atypique.brunotarhan.fr\/?s={search_term_string}\"},\"query-input\":\"required name=search_term_string\"}],\"inLanguage\":\"fr-FR\"},{\"@type\":\"WebPage\",\"@id\":\"https:\/\/atypique.brunotarhan.fr\/index.php\/produit\/aisthesie\/#webpage\",\"url\":\"https:\/\/atypique.brunotarhan.fr\/index.php\/produit\/aisthesie\/\",\"name\":\"Aisthesie - Atypique Concept Store\",\"isPartOf\":{\"@id\":\"https:\/\/atypique.brunotarhan.fr\/#website\"},\"datePublished\":\"2022-03-28T07:42:27+00:00\",\"dateModified\":\"2022-04-08T11:23:54+00:00\",\"breadcrumb\":{\"@id\":\"https:\/\/atypique.brunotarhan.fr\/index.php\/produit\/aisthesie\/#breadcrumb\"},\"inLanguage\":\"fr-FR\",\"potentialAction\":[{\"@type\":\"ReadAction\",\"target\":[\"https:\/\/atypique.brunotarhan.fr\/index.php\/produit\/aisthesie\/\"]}]},{\"@type\":\"BreadcrumbList\",\"@id\":\"https:\/\/atypique.brunotarhan.fr\/index.php\/produit\/aisthesie\/#breadcrumb\",\"itemListElement\":[{\"@type\":\"ListItem\",\"position\":1,\"name\":\"Accueil\",\"item\":\"https:\/\/atypique.brunotarhan.fr\/\"},{\"@type\":\"ListItem\",\"position\":2,\"name\":\"\"},{\"@type\":\"ListItem\",\"position\":3,\"name\":\"Aisthesie\"}]}]}<\/script>\n<!-- \/ Yoast SEO plugin. -->","yoast_head_json":{"title":"Aisthesie - Atypique Concept Store","robots":{"index":"index","follow":"follow","max-snippet":"max-snippet:-1","max-image-preview":"max-image-preview:large","max-video-preview":"max-video-preview:-1"},"canonical":"https:\/\/atypique.brunotarhan.fr\/index.php\/produit\/aisthesie\/","og_locale":"fr_FR","og_type":"article","og_title":"Aisthesie - Atypique Concept Store","og_description":"Aisth\u00e9sis vient du grec et signifie la perception par les sens et l\u2019intelligence. Cette cuv\u00e9e sublime met en lumi\u00e8re le travail d\u2019Alain Dejean, qui a adopt\u00e9 les principes de la biodynamie et privil\u00e9gie le naturel, dans les vignes comme au chai. Sur des sols argilo-calcaires, ses vignes issues de s\u00e9lection massales produisent les c\u00e9pages classiques du sauternais : sauvignon blanc, s\u00e9millon et muscadelle. Les vendanges manuelles se font par tries successives, et sont suivies d\u2019une fermentation en barrique avec des levures indig\u00e8nes, puis d\u2019un \u00e9levage de six ans en f\u00fbts de ch\u00eanes. Les vins ne sont ni filtr\u00e9s ni coll\u00e9s. Aisth\u00e9sis est une pure merveille, \u00e9l\u00e9gante et \u00e9quilibr\u00e9e, o\u00f9 se m\u00ealent des ar\u00f4mes de noix, d\u2019\u00e9corce d\u2019orange et des notes plus fra\u00eeches d\u2019agrumes et de fruits exotiques.","og_url":"https:\/\/atypique.brunotarhan.fr\/index.php\/produit\/aisthesie\/","og_site_name":"Atypique Concept Store","article_modified_time":"2022-04-08T11:23:54+00:00","twitter_card":"summary_large_image","twitter_misc":{"Dur\u00e9e de lecture estim\u00e9e":"1 minute"},"schema":{"@context":"https:\/\/schema.org","@graph":[{"@type":"WebSite","@id":"https:\/\/atypique.brunotarhan.fr\/#website","url":"https:\/\/atypique.brunotarhan.fr\/","name":"Atypique Concept Store","description":"Just another WordPress site","potentialAction":[{"@type":"SearchAction","target":{"@type":"EntryPoint","urlTemplate":"https:\/\/atypique.brunotarhan.fr\/?s={search_term_string}"},"query-input":"required name=search_term_string"}],"inLanguage":"fr-FR"},{"@type":"WebPage","@id":"https:\/\/atypique.brunotarhan.fr\/index.php\/produit\/aisthesie\/#webpage","url":"https:\/\/atypique.brunotarhan.fr\/index.php\/produit\/aisthesie\/","name":"Aisthesie - Atypique Concept Store","isPartOf":{"@id":"https:\/\/atypique.brunotarhan.fr\/#website"},"datePublished":"2022-03-28T07:42:27+00:00","dateModified":"2022-04-08T11:23:54+00:00","breadcrumb":{"@id":"https:\/\/atypique.brunotarhan.fr\/index.php\/produit\/aisthesie\/#breadcrumb"},"inLanguage":"fr-FR","potentialAction":[{"@type":"ReadAction","target":["https:\/\/atypique.brunotarhan.fr\/index.php\/produit\/aisthesie\/"]}]},{"@type":"BreadcrumbList","@id":"https:\/\/atypique.brunotarhan.fr\/index.php\/produit\/aisthesie\/#breadcrumb","itemListElement":[{"@type":"ListItem","position":1,"name":"Accueil","item":"https:\/\/atypique.brunotarhan.fr\/"},{"@type":"ListItem","position":2,"name":""},{"@type":"ListItem","position":3,"name":"Aisthesie"}]}]}},"_links":{"self":[{"href":"https:\/\/atypique.brunotarhan.fr\/index.php\/wp-json\/wp\/v2\/product\/14751","targetHints":{"allow":["GET"]}}],"collection":[{"href":"https:\/\/atypique.brunotarhan.fr\/index.php\/wp-json\/wp\/v2\/product"}],"about":[{"href":"https:\/\/atypique.brunotarhan.fr\/index.php\/wp-json\/wp\/v2\/types\/product"}],"replies":[{"embeddable":true,"href":"https:\/\/atypique.brunotarhan.fr\/index.php\/wp-json\/wp\/v2\/comments?post=14751"}],"wp:attachment":[{"href":"https:\/\/atypique.brunotarhan.fr\/index.php\/wp-json\/wp\/v2\/media?parent=14751"}],"wp:term":[{"taxonomy":"product_cat","embeddable":true,"href":"https:\/\/atypique.brunotarhan.fr\/index.php\/wp-json\/wp\/v2\/product_cat?post=14751"},{"taxonomy":"product_tag","embeddable":true,"href":"https:\/\/atypique.brunotarhan.fr\/index.php\/wp-json\/wp\/v2\/product_tag?post=14751"}],"curies":[{"name":"wp","href":"https:\/\/api.w.org\/{rel}","templated":true}]}}