{"id":14733,"date":"2022-03-28T07:41:34","date_gmt":"2022-03-28T07:41:34","guid":{"rendered":"https:\/\/atypique.brunotarhan.fr\/?post_type=product&#038;p=14733"},"modified":"2022-04-08T11:23:13","modified_gmt":"2022-04-08T11:23:13","slug":"boujulais","status":"publish","type":"product","link":"https:\/\/atypique.brunotarhan.fr\/index.php\/produit\/boujulais\/","title":{"rendered":"Boujulais"},"content":{"rendered":"<p>Patrick Bouju est l&#8217;un des chefs de file du renouveau des vins d&#8217;Auvergne, c\u00f4t\u00e9 nature &#8230; Il s&#8217;est install\u00e9 en 2003 et a cr\u00e9\u00e9 le Domaine La Boh\u00eame dans cette r\u00e9gion longtemps d\u00e9cri\u00e9e mais aujourd&#8217;hui encens\u00e9e par tous les amateurs et amatrices de Vin Naturels de par le Monde ; apr\u00e8s une premi\u00e8re vie dans l&#8217;informatique. Un pari assez os\u00e9 quand on conna\u00eet la difficult\u00e9 \u2013 notamment \u00e0 cause des conditions climatiques \u2013 de pratiquer une viticulture sans cochonneries dans ce coin de la France. Mais, tomb\u00e9 amoureux de ces terroirs volcaniques si singuliers, c&#8217;est le c\u0153ur qui l&#8217;a emport\u00e9 face \u00e0 la raison &#8230; Le voici donc install\u00e9 aujourd&#8217;hui dans la m\u00eame rue que l&#8217;illustre Jean Maupertuis, et \u00e0 quelques kilom\u00e8tres de chez Mito Inoue, Fran\u00e7ois Dhumes ou Pierre Beauger.<\/p>\n<p>Vigneron et vinificateur de grand talent; Patrick Bouju est un homme sans compromis aucun ! Il travaille un mat\u00e9riel v\u00e9g\u00e9tal d&#8217;une qualit\u00e9 et d&#8217;une singularit\u00e9 folles (beaucoup de vignes pr\u00e9-phyllox\u00e9riques; vieilles vari\u00e9t\u00e9s de Gamay d&#8217;Auvergne comme le Gamay de Bouze, le Gamay Fr\u00e9au ou bien encore le Milefleurien &#8230;); sans aucune chimie et quasiment 100% \u00e0 la main. Chaque parcelle est consid\u00e9r\u00e9e et vinifi\u00e9e individuellement, sans intrants naturellement ; un v\u00e9ritable travail d&#8217;orf\u00e8vrerie. Des intrants, Patrick s&#8217;est vide rendu compte que si il arrivait \u00e0 obtenir des raisins parfaitement sains et \u00e9quilibr\u00e9s, il n&#8217;en aurait aucunement besoin ! En r\u00e9sultent des vins hauts en couleurs; v\u00e9ritables produits de terroir; \u00e0 la personnalit\u00e9 tr\u00e8s affirm\u00e9e.<\/p>\n<p>Malheureusement bien trop rares, du fait des al\u00e9as climatiques mais aussi des choix m\u00e9thodes de culture de Patrick Bouju, les cuv\u00e9es du Domaine La Boh\u00eame sont compl\u00e9t\u00e9es chaque ann\u00e9e par des cuv\u00e9es issues d&#8217;un n\u00e9goce de raisins Bio, cultiv\u00e9s par des producteurs sourc\u00e9s sur toute la France; qui r\u00e9alisent un travail m\u00e9ticuleux pour le compte de Patrick. Ainsi sont n\u00e9es les cuv\u00e9es Festejar, G&#038;M, Le bien connu M\u00f4l (pour n&#8217;en citer que quelques unes!) avec des raisins provenant d&#8217;un peu toutes les r\u00e9gions de France, de l&#8217;Occitanie jusqu&#8217;au Grand-Est. Vous le savez sans doute d\u00e9j\u00e0; si vous passez sur cette page, par hasard ou non, et qu&#8217;il y nous reste un peu de vin disponible, FONCEZ !!<\/p>\n","protected":false},"excerpt":{"rendered":"<p>C\u00e9page : Gamay<\/p>\n","protected":false},"featured_media":0,"comment_status":"open","ping_status":"closed","template":"","meta":[],"product_cat":[87],"product_tag":[],"class_list":["post-14733","product","type-product","status-publish","hentry","product_cat-vins","berocket_brand-patrick-bouju"],"yoast_head":"<!-- This site is optimized with the Yoast SEO plugin v18.0 - https:\/\/yoast.com\/wordpress\/plugins\/seo\/ -->\n<title>Boujulais - Atypique Concept Store<\/title>\n<meta name=\"robots\" content=\"index, follow, max-snippet:-1, max-image-preview:large, max-video-preview:-1\" \/>\n<link rel=\"canonical\" href=\"https:\/\/atypique.brunotarhan.fr\/index.php\/produit\/boujulais\/\" \/>\n<meta property=\"og:locale\" content=\"fr_FR\" \/>\n<meta property=\"og:type\" content=\"article\" \/>\n<meta property=\"og:title\" content=\"Boujulais - Atypique Concept Store\" \/>\n<meta property=\"og:description\" content=\"C\u00e9page : Gamay\" \/>\n<meta property=\"og:url\" content=\"https:\/\/atypique.brunotarhan.fr\/index.php\/produit\/boujulais\/\" \/>\n<meta property=\"og:site_name\" content=\"Atypique Concept Store\" \/>\n<meta property=\"article:modified_time\" content=\"2022-04-08T11:23:13+00:00\" \/>\n<meta name=\"twitter:card\" content=\"summary_large_image\" \/>\n<meta name=\"twitter:label1\" content=\"Dur\u00e9e de lecture estim\u00e9e\" \/>\n\t<meta name=\"twitter:data1\" content=\"2 minutes\" \/>\n<script type=\"application\/ld+json\" class=\"yoast-schema-graph\">{\"@context\":\"https:\/\/schema.org\",\"@graph\":[{\"@type\":\"WebSite\",\"@id\":\"https:\/\/atypique.brunotarhan.fr\/#website\",\"url\":\"https:\/\/atypique.brunotarhan.fr\/\",\"name\":\"Atypique Concept Store\",\"description\":\"Just another WordPress site\",\"potentialAction\":[{\"@type\":\"SearchAction\",\"target\":{\"@type\":\"EntryPoint\",\"urlTemplate\":\"https:\/\/atypique.brunotarhan.fr\/?s={search_term_string}\"},\"query-input\":\"required name=search_term_string\"}],\"inLanguage\":\"fr-FR\"},{\"@type\":\"WebPage\",\"@id\":\"https:\/\/atypique.brunotarhan.fr\/index.php\/produit\/boujulais\/#webpage\",\"url\":\"https:\/\/atypique.brunotarhan.fr\/index.php\/produit\/boujulais\/\",\"name\":\"Boujulais - Atypique Concept Store\",\"isPartOf\":{\"@id\":\"https:\/\/atypique.brunotarhan.fr\/#website\"},\"datePublished\":\"2022-03-28T07:41:34+00:00\",\"dateModified\":\"2022-04-08T11:23:13+00:00\",\"breadcrumb\":{\"@id\":\"https:\/\/atypique.brunotarhan.fr\/index.php\/produit\/boujulais\/#breadcrumb\"},\"inLanguage\":\"fr-FR\",\"potentialAction\":[{\"@type\":\"ReadAction\",\"target\":[\"https:\/\/atypique.brunotarhan.fr\/index.php\/produit\/boujulais\/\"]}]},{\"@type\":\"BreadcrumbList\",\"@id\":\"https:\/\/atypique.brunotarhan.fr\/index.php\/produit\/boujulais\/#breadcrumb\",\"itemListElement\":[{\"@type\":\"ListItem\",\"position\":1,\"name\":\"Accueil\",\"item\":\"https:\/\/atypique.brunotarhan.fr\/\"},{\"@type\":\"ListItem\",\"position\":2,\"name\":\"\"},{\"@type\":\"ListItem\",\"position\":3,\"name\":\"Boujulais\"}]}]}<\/script>\n<!-- \/ Yoast SEO plugin. -->","yoast_head_json":{"title":"Boujulais - Atypique Concept Store","robots":{"index":"index","follow":"follow","max-snippet":"max-snippet:-1","max-image-preview":"max-image-preview:large","max-video-preview":"max-video-preview:-1"},"canonical":"https:\/\/atypique.brunotarhan.fr\/index.php\/produit\/boujulais\/","og_locale":"fr_FR","og_type":"article","og_title":"Boujulais - Atypique Concept Store","og_description":"C\u00e9page : Gamay","og_url":"https:\/\/atypique.brunotarhan.fr\/index.php\/produit\/boujulais\/","og_site_name":"Atypique Concept Store","article_modified_time":"2022-04-08T11:23:13+00:00","twitter_card":"summary_large_image","twitter_misc":{"Dur\u00e9e de lecture estim\u00e9e":"2 minutes"},"schema":{"@context":"https:\/\/schema.org","@graph":[{"@type":"WebSite","@id":"https:\/\/atypique.brunotarhan.fr\/#website","url":"https:\/\/atypique.brunotarhan.fr\/","name":"Atypique Concept Store","description":"Just another WordPress site","potentialAction":[{"@type":"SearchAction","target":{"@type":"EntryPoint","urlTemplate":"https:\/\/atypique.brunotarhan.fr\/?s={search_term_string}"},"query-input":"required name=search_term_string"}],"inLanguage":"fr-FR"},{"@type":"WebPage","@id":"https:\/\/atypique.brunotarhan.fr\/index.php\/produit\/boujulais\/#webpage","url":"https:\/\/atypique.brunotarhan.fr\/index.php\/produit\/boujulais\/","name":"Boujulais - Atypique Concept Store","isPartOf":{"@id":"https:\/\/atypique.brunotarhan.fr\/#website"},"datePublished":"2022-03-28T07:41:34+00:00","dateModified":"2022-04-08T11:23:13+00:00","breadcrumb":{"@id":"https:\/\/atypique.brunotarhan.fr\/index.php\/produit\/boujulais\/#breadcrumb"},"inLanguage":"fr-FR","potentialAction":[{"@type":"ReadAction","target":["https:\/\/atypique.brunotarhan.fr\/index.php\/produit\/boujulais\/"]}]},{"@type":"BreadcrumbList","@id":"https:\/\/atypique.brunotarhan.fr\/index.php\/produit\/boujulais\/#breadcrumb","itemListElement":[{"@type":"ListItem","position":1,"name":"Accueil","item":"https:\/\/atypique.brunotarhan.fr\/"},{"@type":"ListItem","position":2,"name":""},{"@type":"ListItem","position":3,"name":"Boujulais"}]}]}},"_links":{"self":[{"href":"https:\/\/atypique.brunotarhan.fr\/index.php\/wp-json\/wp\/v2\/product\/14733","targetHints":{"allow":["GET"]}}],"collection":[{"href":"https:\/\/atypique.brunotarhan.fr\/index.php\/wp-json\/wp\/v2\/product"}],"about":[{"href":"https:\/\/atypique.brunotarhan.fr\/index.php\/wp-json\/wp\/v2\/types\/product"}],"replies":[{"embeddable":true,"href":"https:\/\/atypique.brunotarhan.fr\/index.php\/wp-json\/wp\/v2\/comments?post=14733"}],"wp:attachment":[{"href":"https:\/\/atypique.brunotarhan.fr\/index.php\/wp-json\/wp\/v2\/media?parent=14733"}],"wp:term":[{"taxonomy":"product_cat","embeddable":true,"href":"https:\/\/atypique.brunotarhan.fr\/index.php\/wp-json\/wp\/v2\/product_cat?post=14733"},{"taxonomy":"product_tag","embeddable":true,"href":"https:\/\/atypique.brunotarhan.fr\/index.php\/wp-json\/wp\/v2\/product_tag?post=14733"}],"curies":[{"name":"wp","href":"https:\/\/api.w.org\/{rel}","templated":true}]}}