{"id":14729,"date":"2022-03-28T07:41:20","date_gmt":"2022-03-28T07:41:20","guid":{"rendered":"https:\/\/atypique.brunotarhan.fr\/?post_type=product&#038;p=14729"},"modified":"2022-04-08T11:23:06","modified_gmt":"2022-04-08T11:23:06","slug":"tellurien","status":"publish","type":"product","link":"https:\/\/atypique.brunotarhan.fr\/index.php\/produit\/tellurien\/","title":{"rendered":"Tellurien"},"content":{"rendered":"","protected":false},"excerpt":{"rendered":"<p>C\u00e9pages : Carignan, Cinsault et syrah, Grenache<\/p>\n<p>Voici un tout nouveau domaine \u00e0 d\u00e9couvrir vite ! Assemblage de Carignan, Cinsault et Syrah (en co-fermentation) et Grenache qui est lui vinifi\u00e9 \u00e0 part. 0 intrants, sans sulfites ajout\u00e9s, 100% grappe enti\u00e8re. Ce vin ce nous a s\u00e9duit par son bel \u00e9quilibre, son beau touch\u00e9 de bouche fin et son beau fruit croquant ! <\/p>\n","protected":false},"featured_media":0,"comment_status":"open","ping_status":"closed","template":"","meta":[],"product_cat":[87],"product_tag":[],"class_list":["post-14729","product","type-product","status-publish","hentry","product_cat-vins","berocket_brand-mont-val"],"yoast_head":"<!-- This site is optimized with the Yoast SEO plugin v18.0 - https:\/\/yoast.com\/wordpress\/plugins\/seo\/ -->\n<title>Tellurien - Atypique Concept Store<\/title>\n<meta name=\"robots\" content=\"index, follow, max-snippet:-1, max-image-preview:large, max-video-preview:-1\" \/>\n<link rel=\"canonical\" href=\"https:\/\/atypique.brunotarhan.fr\/index.php\/produit\/tellurien\/\" \/>\n<meta property=\"og:locale\" content=\"fr_FR\" \/>\n<meta property=\"og:type\" content=\"article\" \/>\n<meta property=\"og:title\" content=\"Tellurien - Atypique Concept Store\" \/>\n<meta property=\"og:description\" content=\"C\u00e9pages : Carignan, Cinsault et syrah, Grenache Voici un tout nouveau domaine \u00e0 d\u00e9couvrir vite ! Assemblage de Carignan, Cinsault et Syrah (en co-fermentation) et Grenache qui est lui vinifi\u00e9 \u00e0 part. 0 intrants, sans sulfites ajout\u00e9s, 100% grappe enti\u00e8re. Ce vin ce nous a s\u00e9duit par son bel \u00e9quilibre, son beau touch\u00e9 de bouche fin et son beau fruit croquant !\" \/>\n<meta property=\"og:url\" content=\"https:\/\/atypique.brunotarhan.fr\/index.php\/produit\/tellurien\/\" \/>\n<meta property=\"og:site_name\" content=\"Atypique Concept Store\" \/>\n<meta property=\"article:modified_time\" content=\"2022-04-08T11:23:06+00:00\" \/>\n<meta name=\"twitter:card\" content=\"summary_large_image\" \/>\n<script type=\"application\/ld+json\" class=\"yoast-schema-graph\">{\"@context\":\"https:\/\/schema.org\",\"@graph\":[{\"@type\":\"WebSite\",\"@id\":\"https:\/\/atypique.brunotarhan.fr\/#website\",\"url\":\"https:\/\/atypique.brunotarhan.fr\/\",\"name\":\"Atypique Concept Store\",\"description\":\"Just another WordPress site\",\"potentialAction\":[{\"@type\":\"SearchAction\",\"target\":{\"@type\":\"EntryPoint\",\"urlTemplate\":\"https:\/\/atypique.brunotarhan.fr\/?s={search_term_string}\"},\"query-input\":\"required name=search_term_string\"}],\"inLanguage\":\"fr-FR\"},{\"@type\":\"WebPage\",\"@id\":\"https:\/\/atypique.brunotarhan.fr\/index.php\/produit\/tellurien\/#webpage\",\"url\":\"https:\/\/atypique.brunotarhan.fr\/index.php\/produit\/tellurien\/\",\"name\":\"Tellurien - Atypique Concept Store\",\"isPartOf\":{\"@id\":\"https:\/\/atypique.brunotarhan.fr\/#website\"},\"datePublished\":\"2022-03-28T07:41:20+00:00\",\"dateModified\":\"2022-04-08T11:23:06+00:00\",\"breadcrumb\":{\"@id\":\"https:\/\/atypique.brunotarhan.fr\/index.php\/produit\/tellurien\/#breadcrumb\"},\"inLanguage\":\"fr-FR\",\"potentialAction\":[{\"@type\":\"ReadAction\",\"target\":[\"https:\/\/atypique.brunotarhan.fr\/index.php\/produit\/tellurien\/\"]}]},{\"@type\":\"BreadcrumbList\",\"@id\":\"https:\/\/atypique.brunotarhan.fr\/index.php\/produit\/tellurien\/#breadcrumb\",\"itemListElement\":[{\"@type\":\"ListItem\",\"position\":1,\"name\":\"Accueil\",\"item\":\"https:\/\/atypique.brunotarhan.fr\/\"},{\"@type\":\"ListItem\",\"position\":2,\"name\":\"\"},{\"@type\":\"ListItem\",\"position\":3,\"name\":\"Tellurien\"}]}]}<\/script>\n<!-- \/ Yoast SEO plugin. -->","yoast_head_json":{"title":"Tellurien - Atypique Concept Store","robots":{"index":"index","follow":"follow","max-snippet":"max-snippet:-1","max-image-preview":"max-image-preview:large","max-video-preview":"max-video-preview:-1"},"canonical":"https:\/\/atypique.brunotarhan.fr\/index.php\/produit\/tellurien\/","og_locale":"fr_FR","og_type":"article","og_title":"Tellurien - Atypique Concept Store","og_description":"C\u00e9pages : Carignan, Cinsault et syrah, Grenache Voici un tout nouveau domaine \u00e0 d\u00e9couvrir vite ! Assemblage de Carignan, Cinsault et Syrah (en co-fermentation) et Grenache qui est lui vinifi\u00e9 \u00e0 part. 0 intrants, sans sulfites ajout\u00e9s, 100% grappe enti\u00e8re. Ce vin ce nous a s\u00e9duit par son bel \u00e9quilibre, son beau touch\u00e9 de bouche fin et son beau fruit croquant !","og_url":"https:\/\/atypique.brunotarhan.fr\/index.php\/produit\/tellurien\/","og_site_name":"Atypique Concept Store","article_modified_time":"2022-04-08T11:23:06+00:00","twitter_card":"summary_large_image","schema":{"@context":"https:\/\/schema.org","@graph":[{"@type":"WebSite","@id":"https:\/\/atypique.brunotarhan.fr\/#website","url":"https:\/\/atypique.brunotarhan.fr\/","name":"Atypique Concept Store","description":"Just another WordPress site","potentialAction":[{"@type":"SearchAction","target":{"@type":"EntryPoint","urlTemplate":"https:\/\/atypique.brunotarhan.fr\/?s={search_term_string}"},"query-input":"required name=search_term_string"}],"inLanguage":"fr-FR"},{"@type":"WebPage","@id":"https:\/\/atypique.brunotarhan.fr\/index.php\/produit\/tellurien\/#webpage","url":"https:\/\/atypique.brunotarhan.fr\/index.php\/produit\/tellurien\/","name":"Tellurien - Atypique Concept Store","isPartOf":{"@id":"https:\/\/atypique.brunotarhan.fr\/#website"},"datePublished":"2022-03-28T07:41:20+00:00","dateModified":"2022-04-08T11:23:06+00:00","breadcrumb":{"@id":"https:\/\/atypique.brunotarhan.fr\/index.php\/produit\/tellurien\/#breadcrumb"},"inLanguage":"fr-FR","potentialAction":[{"@type":"ReadAction","target":["https:\/\/atypique.brunotarhan.fr\/index.php\/produit\/tellurien\/"]}]},{"@type":"BreadcrumbList","@id":"https:\/\/atypique.brunotarhan.fr\/index.php\/produit\/tellurien\/#breadcrumb","itemListElement":[{"@type":"ListItem","position":1,"name":"Accueil","item":"https:\/\/atypique.brunotarhan.fr\/"},{"@type":"ListItem","position":2,"name":""},{"@type":"ListItem","position":3,"name":"Tellurien"}]}]}},"_links":{"self":[{"href":"https:\/\/atypique.brunotarhan.fr\/index.php\/wp-json\/wp\/v2\/product\/14729","targetHints":{"allow":["GET"]}}],"collection":[{"href":"https:\/\/atypique.brunotarhan.fr\/index.php\/wp-json\/wp\/v2\/product"}],"about":[{"href":"https:\/\/atypique.brunotarhan.fr\/index.php\/wp-json\/wp\/v2\/types\/product"}],"replies":[{"embeddable":true,"href":"https:\/\/atypique.brunotarhan.fr\/index.php\/wp-json\/wp\/v2\/comments?post=14729"}],"wp:attachment":[{"href":"https:\/\/atypique.brunotarhan.fr\/index.php\/wp-json\/wp\/v2\/media?parent=14729"}],"wp:term":[{"taxonomy":"product_cat","embeddable":true,"href":"https:\/\/atypique.brunotarhan.fr\/index.php\/wp-json\/wp\/v2\/product_cat?post=14729"},{"taxonomy":"product_tag","embeddable":true,"href":"https:\/\/atypique.brunotarhan.fr\/index.php\/wp-json\/wp\/v2\/product_tag?post=14729"}],"curies":[{"name":"wp","href":"https:\/\/api.w.org\/{rel}","templated":true}]}}