{"id":14727,"date":"2022-03-28T07:41:15","date_gmt":"2022-03-28T07:41:15","guid":{"rendered":"https:\/\/atypique.brunotarhan.fr\/?post_type=product&#038;p=14727"},"modified":"2022-04-08T11:23:00","modified_gmt":"2022-04-08T11:23:00","slug":"boomerang","status":"publish","type":"product","link":"https:\/\/atypique.brunotarhan.fr\/index.php\/produit\/boomerang\/","title":{"rendered":"Boomerang"},"content":{"rendered":"<p>Les vins Mont-Val est un tout nouveau domaine situ\u00e9 \u00e0 Aspiran dans la vall\u00e9e de l&#8217;H\u00e9raut. Apr\u00e8s une longue exp\u00e9rience en France (3 ans chez Yvon M\u00e9tras et 3 ans chez Matthieu Barret), en Australie (3 ans) et en Nouvelle-Z\u00e9lande (3 ans \u00e9galement), Jean-Yves Domont et Sophie Valancant se mettent \u00e0 la recherche de vignes en France et s&#8217;installent donc \u00e0 Aspiran o\u00f9 ils vinifient leur premier mill\u00e9sime en 2019 !<\/p>\n<p>Le domaine compte 6 hectares dont une partie r\u00e9cup\u00e9r\u00e9e au domaine Montrieux (Emile Heredia). Deux beaux terroirs de basalte et de villafrachien compose le domaine, avec une belle multitude de c\u00e9pages (cinsault et carignan de 80 ans, clairette de 60 ans, grenache noir, carignan blanc et syrah). Des vignes enti\u00e8rement travaill\u00e9 sans pesticides \u00e9videment, et des vins vinifi\u00e9s 100% naturellement !<\/p>\n","protected":false},"excerpt":{"rendered":"<p>C\u00e9pages : Cabernet Sauvignon, Syrah et Carigan<\/p>\n<p>La Syrah am\u00e8ne une belle couleur dans ce ros\u00e9 de pressurage direct en grappes enti\u00e8res. Un nez rappelant un vin blanc, en bouche de d\u00e9licieux petits fruits rouges et fruit jaune. Un vrai ros\u00e9 vineux, patin\u00e9 et dot\u00e9 d&#8217;une belle acidit\u00e9 qui appellera un bel accord mets-vins !<\/p>\n","protected":false},"featured_media":0,"comment_status":"open","ping_status":"closed","template":"","meta":[],"product_cat":[87],"product_tag":[],"class_list":["post-14727","product","type-product","status-publish","hentry","product_cat-vins","berocket_brand-mont-val"],"yoast_head":"<!-- This site is optimized with the Yoast SEO plugin v18.0 - https:\/\/yoast.com\/wordpress\/plugins\/seo\/ -->\n<title>Boomerang - Atypique Concept Store<\/title>\n<meta name=\"robots\" content=\"index, follow, max-snippet:-1, max-image-preview:large, max-video-preview:-1\" \/>\n<link rel=\"canonical\" href=\"https:\/\/atypique.brunotarhan.fr\/index.php\/produit\/boomerang\/\" \/>\n<meta property=\"og:locale\" content=\"fr_FR\" \/>\n<meta property=\"og:type\" content=\"article\" \/>\n<meta property=\"og:title\" content=\"Boomerang - Atypique Concept Store\" \/>\n<meta property=\"og:description\" content=\"C\u00e9pages : Cabernet Sauvignon, Syrah et Carigan La Syrah am\u00e8ne une belle couleur dans ce ros\u00e9 de pressurage direct en grappes enti\u00e8res. Un nez rappelant un vin blanc, en bouche de d\u00e9licieux petits fruits rouges et fruit jaune. Un vrai ros\u00e9 vineux, patin\u00e9 et dot\u00e9 d&#039;une belle acidit\u00e9 qui appellera un bel accord mets-vins !\" \/>\n<meta property=\"og:url\" content=\"https:\/\/atypique.brunotarhan.fr\/index.php\/produit\/boomerang\/\" \/>\n<meta property=\"og:site_name\" content=\"Atypique Concept Store\" \/>\n<meta property=\"article:modified_time\" content=\"2022-04-08T11:23:00+00:00\" \/>\n<meta name=\"twitter:card\" content=\"summary_large_image\" \/>\n<meta name=\"twitter:label1\" content=\"Dur\u00e9e de lecture estim\u00e9e\" \/>\n\t<meta name=\"twitter:data1\" content=\"1 minute\" \/>\n<script type=\"application\/ld+json\" class=\"yoast-schema-graph\">{\"@context\":\"https:\/\/schema.org\",\"@graph\":[{\"@type\":\"WebSite\",\"@id\":\"https:\/\/atypique.brunotarhan.fr\/#website\",\"url\":\"https:\/\/atypique.brunotarhan.fr\/\",\"name\":\"Atypique Concept Store\",\"description\":\"Just another WordPress site\",\"potentialAction\":[{\"@type\":\"SearchAction\",\"target\":{\"@type\":\"EntryPoint\",\"urlTemplate\":\"https:\/\/atypique.brunotarhan.fr\/?s={search_term_string}\"},\"query-input\":\"required name=search_term_string\"}],\"inLanguage\":\"fr-FR\"},{\"@type\":\"WebPage\",\"@id\":\"https:\/\/atypique.brunotarhan.fr\/index.php\/produit\/boomerang\/#webpage\",\"url\":\"https:\/\/atypique.brunotarhan.fr\/index.php\/produit\/boomerang\/\",\"name\":\"Boomerang - Atypique Concept Store\",\"isPartOf\":{\"@id\":\"https:\/\/atypique.brunotarhan.fr\/#website\"},\"datePublished\":\"2022-03-28T07:41:15+00:00\",\"dateModified\":\"2022-04-08T11:23:00+00:00\",\"breadcrumb\":{\"@id\":\"https:\/\/atypique.brunotarhan.fr\/index.php\/produit\/boomerang\/#breadcrumb\"},\"inLanguage\":\"fr-FR\",\"potentialAction\":[{\"@type\":\"ReadAction\",\"target\":[\"https:\/\/atypique.brunotarhan.fr\/index.php\/produit\/boomerang\/\"]}]},{\"@type\":\"BreadcrumbList\",\"@id\":\"https:\/\/atypique.brunotarhan.fr\/index.php\/produit\/boomerang\/#breadcrumb\",\"itemListElement\":[{\"@type\":\"ListItem\",\"position\":1,\"name\":\"Accueil\",\"item\":\"https:\/\/atypique.brunotarhan.fr\/\"},{\"@type\":\"ListItem\",\"position\":2,\"name\":\"\"},{\"@type\":\"ListItem\",\"position\":3,\"name\":\"Boomerang\"}]}]}<\/script>\n<!-- \/ Yoast SEO plugin. -->","yoast_head_json":{"title":"Boomerang - Atypique Concept Store","robots":{"index":"index","follow":"follow","max-snippet":"max-snippet:-1","max-image-preview":"max-image-preview:large","max-video-preview":"max-video-preview:-1"},"canonical":"https:\/\/atypique.brunotarhan.fr\/index.php\/produit\/boomerang\/","og_locale":"fr_FR","og_type":"article","og_title":"Boomerang - Atypique Concept Store","og_description":"C\u00e9pages : Cabernet Sauvignon, Syrah et Carigan La Syrah am\u00e8ne une belle couleur dans ce ros\u00e9 de pressurage direct en grappes enti\u00e8res. Un nez rappelant un vin blanc, en bouche de d\u00e9licieux petits fruits rouges et fruit jaune. Un vrai ros\u00e9 vineux, patin\u00e9 et dot\u00e9 d'une belle acidit\u00e9 qui appellera un bel accord mets-vins !","og_url":"https:\/\/atypique.brunotarhan.fr\/index.php\/produit\/boomerang\/","og_site_name":"Atypique Concept Store","article_modified_time":"2022-04-08T11:23:00+00:00","twitter_card":"summary_large_image","twitter_misc":{"Dur\u00e9e de lecture estim\u00e9e":"1 minute"},"schema":{"@context":"https:\/\/schema.org","@graph":[{"@type":"WebSite","@id":"https:\/\/atypique.brunotarhan.fr\/#website","url":"https:\/\/atypique.brunotarhan.fr\/","name":"Atypique Concept Store","description":"Just another WordPress site","potentialAction":[{"@type":"SearchAction","target":{"@type":"EntryPoint","urlTemplate":"https:\/\/atypique.brunotarhan.fr\/?s={search_term_string}"},"query-input":"required name=search_term_string"}],"inLanguage":"fr-FR"},{"@type":"WebPage","@id":"https:\/\/atypique.brunotarhan.fr\/index.php\/produit\/boomerang\/#webpage","url":"https:\/\/atypique.brunotarhan.fr\/index.php\/produit\/boomerang\/","name":"Boomerang - Atypique Concept Store","isPartOf":{"@id":"https:\/\/atypique.brunotarhan.fr\/#website"},"datePublished":"2022-03-28T07:41:15+00:00","dateModified":"2022-04-08T11:23:00+00:00","breadcrumb":{"@id":"https:\/\/atypique.brunotarhan.fr\/index.php\/produit\/boomerang\/#breadcrumb"},"inLanguage":"fr-FR","potentialAction":[{"@type":"ReadAction","target":["https:\/\/atypique.brunotarhan.fr\/index.php\/produit\/boomerang\/"]}]},{"@type":"BreadcrumbList","@id":"https:\/\/atypique.brunotarhan.fr\/index.php\/produit\/boomerang\/#breadcrumb","itemListElement":[{"@type":"ListItem","position":1,"name":"Accueil","item":"https:\/\/atypique.brunotarhan.fr\/"},{"@type":"ListItem","position":2,"name":""},{"@type":"ListItem","position":3,"name":"Boomerang"}]}]}},"_links":{"self":[{"href":"https:\/\/atypique.brunotarhan.fr\/index.php\/wp-json\/wp\/v2\/product\/14727","targetHints":{"allow":["GET"]}}],"collection":[{"href":"https:\/\/atypique.brunotarhan.fr\/index.php\/wp-json\/wp\/v2\/product"}],"about":[{"href":"https:\/\/atypique.brunotarhan.fr\/index.php\/wp-json\/wp\/v2\/types\/product"}],"replies":[{"embeddable":true,"href":"https:\/\/atypique.brunotarhan.fr\/index.php\/wp-json\/wp\/v2\/comments?post=14727"}],"wp:attachment":[{"href":"https:\/\/atypique.brunotarhan.fr\/index.php\/wp-json\/wp\/v2\/media?parent=14727"}],"wp:term":[{"taxonomy":"product_cat","embeddable":true,"href":"https:\/\/atypique.brunotarhan.fr\/index.php\/wp-json\/wp\/v2\/product_cat?post=14727"},{"taxonomy":"product_tag","embeddable":true,"href":"https:\/\/atypique.brunotarhan.fr\/index.php\/wp-json\/wp\/v2\/product_tag?post=14727"}],"curies":[{"name":"wp","href":"https:\/\/api.w.org\/{rel}","templated":true}]}}