{"id":14724,"date":"2022-03-28T07:41:04","date_gmt":"2022-03-28T07:41:04","guid":{"rendered":"https:\/\/atypique.brunotarhan.fr\/?post_type=product&#038;p=14724"},"modified":"2022-04-08T11:22:59","modified_gmt":"2022-04-08T11:22:59","slug":"rouge-igp","status":"publish","type":"product","link":"https:\/\/atypique.brunotarhan.fr\/index.php\/produit\/rouge-igp\/","title":{"rendered":"Rouge IGP"},"content":{"rendered":"<p>Le Domaine des Captives<br \/>\nLES VIGNES, LA CAVE<br \/>\nId\u00e9alement situ\u00e9 sur les costi\u00e8res les plus orientales et les c\u00f4tes les plus m\u00e9ridionales du Rh\u00f4ne, Ch\u00e2teau de Montfrin est un des rares \u00e0 \u00e9laborer cinq appellations avec origine : C\u00f4tes du Rh\u00f4ne Village, C\u00f4tes du Rh\u00f4ne, Costi\u00e8res de N\u00eemes, Pays d\u2019oc et Coteaux du Pont du Gard.<\/p>\n<p>Le domaine des Captives en est la structure d\u00e9di\u00e9e \u00e0 la viticulture, \u00e0 l\u2019\u00e9laboration et la commercialisation des vins produits. 3 vins dans 3 couleurs, issus d\u2019une douzaine de c\u00e9pages, dont les plus connus sont \u00e9videmment syrah, grenache, mourvedre, carignan, roussane, viognier et quelques autres. La vigne se cultive dans ce pays b\u00e9ni pour l\u2019agriculture dans des terres bien diff\u00e9rentes. De la plaine profonde et limoneuse du Rh\u00f4ne, aux coteaux ensoleill\u00e9s de ses rives et aux plateaux caillouteux des lits abandonn\u00e9s par ce fleuve majestueux. La plupart des parcelles sont irrigu\u00e9es pour permettre \u00e0 la vigne de supporter de plus en plus longues p\u00e9riodes de s\u00e9cheresse. Une partie de la vendange est effectu\u00e9e manuellement pour permettre une vinification en mac\u00e9ration carbonique qui assure la typicit\u00e9 de certains de nos vins. Le style du domaine s\u2019affine: ce sont des vins a\u00e9riens, tr\u00e8s peu ou pas du tout bois\u00e9 o\u00f9 dominent le fruit et l\u2019expression du terroir.<\/p>\n","protected":false},"excerpt":{"rendered":"<p>C\u00e9pages : 60% syrah, 30% grenache et 10% cabernet sauvignon<\/p>\n<p>Robe color\u00e9e, carmin. Croquant juteux et fluide. Aux ar\u00f4mes de fraise des bois et de griotte.<\/p>\n","protected":false},"featured_media":0,"comment_status":"open","ping_status":"closed","template":"","meta":[],"product_cat":[87],"product_tag":[],"class_list":["post-14724","product","type-product","status-publish","hentry","product_cat-vins","berocket_brand-montfrin-la-tour"],"yoast_head":"<!-- This site is optimized with the Yoast SEO plugin v18.0 - https:\/\/yoast.com\/wordpress\/plugins\/seo\/ -->\n<title>Rouge IGP - Atypique Concept Store<\/title>\n<meta name=\"robots\" content=\"index, follow, max-snippet:-1, max-image-preview:large, max-video-preview:-1\" \/>\n<link rel=\"canonical\" href=\"https:\/\/atypique.brunotarhan.fr\/index.php\/produit\/rouge-igp\/\" \/>\n<meta property=\"og:locale\" content=\"fr_FR\" \/>\n<meta property=\"og:type\" content=\"article\" \/>\n<meta property=\"og:title\" content=\"Rouge IGP - Atypique Concept Store\" \/>\n<meta property=\"og:description\" content=\"C\u00e9pages : 60% syrah, 30% grenache et 10% cabernet sauvignon Robe color\u00e9e, carmin. Croquant juteux et fluide. Aux ar\u00f4mes de fraise des bois et de griotte.\" \/>\n<meta property=\"og:url\" content=\"https:\/\/atypique.brunotarhan.fr\/index.php\/produit\/rouge-igp\/\" \/>\n<meta property=\"og:site_name\" content=\"Atypique Concept Store\" \/>\n<meta property=\"article:modified_time\" content=\"2022-04-08T11:22:59+00:00\" \/>\n<meta name=\"twitter:card\" content=\"summary_large_image\" \/>\n<meta name=\"twitter:label1\" content=\"Dur\u00e9e de lecture estim\u00e9e\" \/>\n\t<meta name=\"twitter:data1\" content=\"1 minute\" \/>\n<script type=\"application\/ld+json\" class=\"yoast-schema-graph\">{\"@context\":\"https:\/\/schema.org\",\"@graph\":[{\"@type\":\"WebSite\",\"@id\":\"https:\/\/atypique.brunotarhan.fr\/#website\",\"url\":\"https:\/\/atypique.brunotarhan.fr\/\",\"name\":\"Atypique Concept Store\",\"description\":\"Just another WordPress site\",\"potentialAction\":[{\"@type\":\"SearchAction\",\"target\":{\"@type\":\"EntryPoint\",\"urlTemplate\":\"https:\/\/atypique.brunotarhan.fr\/?s={search_term_string}\"},\"query-input\":\"required name=search_term_string\"}],\"inLanguage\":\"fr-FR\"},{\"@type\":\"WebPage\",\"@id\":\"https:\/\/atypique.brunotarhan.fr\/index.php\/produit\/rouge-igp\/#webpage\",\"url\":\"https:\/\/atypique.brunotarhan.fr\/index.php\/produit\/rouge-igp\/\",\"name\":\"Rouge IGP - Atypique Concept Store\",\"isPartOf\":{\"@id\":\"https:\/\/atypique.brunotarhan.fr\/#website\"},\"datePublished\":\"2022-03-28T07:41:04+00:00\",\"dateModified\":\"2022-04-08T11:22:59+00:00\",\"breadcrumb\":{\"@id\":\"https:\/\/atypique.brunotarhan.fr\/index.php\/produit\/rouge-igp\/#breadcrumb\"},\"inLanguage\":\"fr-FR\",\"potentialAction\":[{\"@type\":\"ReadAction\",\"target\":[\"https:\/\/atypique.brunotarhan.fr\/index.php\/produit\/rouge-igp\/\"]}]},{\"@type\":\"BreadcrumbList\",\"@id\":\"https:\/\/atypique.brunotarhan.fr\/index.php\/produit\/rouge-igp\/#breadcrumb\",\"itemListElement\":[{\"@type\":\"ListItem\",\"position\":1,\"name\":\"Accueil\",\"item\":\"https:\/\/atypique.brunotarhan.fr\/\"},{\"@type\":\"ListItem\",\"position\":2,\"name\":\"\"},{\"@type\":\"ListItem\",\"position\":3,\"name\":\"Rouge IGP\"}]}]}<\/script>\n<!-- \/ Yoast SEO plugin. -->","yoast_head_json":{"title":"Rouge IGP - Atypique Concept Store","robots":{"index":"index","follow":"follow","max-snippet":"max-snippet:-1","max-image-preview":"max-image-preview:large","max-video-preview":"max-video-preview:-1"},"canonical":"https:\/\/atypique.brunotarhan.fr\/index.php\/produit\/rouge-igp\/","og_locale":"fr_FR","og_type":"article","og_title":"Rouge IGP - Atypique Concept Store","og_description":"C\u00e9pages : 60% syrah, 30% grenache et 10% cabernet sauvignon Robe color\u00e9e, carmin. Croquant juteux et fluide. Aux ar\u00f4mes de fraise des bois et de griotte.","og_url":"https:\/\/atypique.brunotarhan.fr\/index.php\/produit\/rouge-igp\/","og_site_name":"Atypique Concept Store","article_modified_time":"2022-04-08T11:22:59+00:00","twitter_card":"summary_large_image","twitter_misc":{"Dur\u00e9e de lecture estim\u00e9e":"1 minute"},"schema":{"@context":"https:\/\/schema.org","@graph":[{"@type":"WebSite","@id":"https:\/\/atypique.brunotarhan.fr\/#website","url":"https:\/\/atypique.brunotarhan.fr\/","name":"Atypique Concept Store","description":"Just another WordPress site","potentialAction":[{"@type":"SearchAction","target":{"@type":"EntryPoint","urlTemplate":"https:\/\/atypique.brunotarhan.fr\/?s={search_term_string}"},"query-input":"required name=search_term_string"}],"inLanguage":"fr-FR"},{"@type":"WebPage","@id":"https:\/\/atypique.brunotarhan.fr\/index.php\/produit\/rouge-igp\/#webpage","url":"https:\/\/atypique.brunotarhan.fr\/index.php\/produit\/rouge-igp\/","name":"Rouge IGP - Atypique Concept Store","isPartOf":{"@id":"https:\/\/atypique.brunotarhan.fr\/#website"},"datePublished":"2022-03-28T07:41:04+00:00","dateModified":"2022-04-08T11:22:59+00:00","breadcrumb":{"@id":"https:\/\/atypique.brunotarhan.fr\/index.php\/produit\/rouge-igp\/#breadcrumb"},"inLanguage":"fr-FR","potentialAction":[{"@type":"ReadAction","target":["https:\/\/atypique.brunotarhan.fr\/index.php\/produit\/rouge-igp\/"]}]},{"@type":"BreadcrumbList","@id":"https:\/\/atypique.brunotarhan.fr\/index.php\/produit\/rouge-igp\/#breadcrumb","itemListElement":[{"@type":"ListItem","position":1,"name":"Accueil","item":"https:\/\/atypique.brunotarhan.fr\/"},{"@type":"ListItem","position":2,"name":""},{"@type":"ListItem","position":3,"name":"Rouge IGP"}]}]}},"_links":{"self":[{"href":"https:\/\/atypique.brunotarhan.fr\/index.php\/wp-json\/wp\/v2\/product\/14724","targetHints":{"allow":["GET"]}}],"collection":[{"href":"https:\/\/atypique.brunotarhan.fr\/index.php\/wp-json\/wp\/v2\/product"}],"about":[{"href":"https:\/\/atypique.brunotarhan.fr\/index.php\/wp-json\/wp\/v2\/types\/product"}],"replies":[{"embeddable":true,"href":"https:\/\/atypique.brunotarhan.fr\/index.php\/wp-json\/wp\/v2\/comments?post=14724"}],"wp:attachment":[{"href":"https:\/\/atypique.brunotarhan.fr\/index.php\/wp-json\/wp\/v2\/media?parent=14724"}],"wp:term":[{"taxonomy":"product_cat","embeddable":true,"href":"https:\/\/atypique.brunotarhan.fr\/index.php\/wp-json\/wp\/v2\/product_cat?post=14724"},{"taxonomy":"product_tag","embeddable":true,"href":"https:\/\/atypique.brunotarhan.fr\/index.php\/wp-json\/wp\/v2\/product_tag?post=14724"}],"curies":[{"name":"wp","href":"https:\/\/api.w.org\/{rel}","templated":true}]}}