{"id":14719,"date":"2022-03-28T07:40:51","date_gmt":"2022-03-28T07:40:51","guid":{"rendered":"https:\/\/atypique.brunotarhan.fr\/?post_type=product&#038;p=14719"},"modified":"2022-04-08T11:22:45","modified_gmt":"2022-04-08T11:22:45","slug":"aline-au-pays-des-merveilles","status":"publish","type":"product","link":"https:\/\/atypique.brunotarhan.fr\/index.php\/produit\/aline-au-pays-des-merveilles\/","title":{"rendered":"Aline au pays des merveilles"},"content":{"rendered":"","protected":false},"excerpt":{"rendered":"<p>C\u00e9pages : 70% Muscat Petits Grains, 10 % Macabeu, 10 % Grenache Gris et 10 % Grenache Blanc <\/p>\n<p>Belle fra\u00eecheur, notes de fleurs de sureau, de raisins, de miel. <\/p>\n<p>Conservation et service<br \/>\nUn l\u00e9ger d\u00e9p\u00f4t ou une turbitude peut appara\u00eetre. Ils sont naturels et sans cons\u00e9quence. <\/p>\n","protected":false},"featured_media":0,"comment_status":"open","ping_status":"closed","template":"","meta":[],"product_cat":[87],"product_tag":[],"class_list":["post-14719","product","type-product","status-publish","hentry","product_cat-vins","berocket_brand-mathouans"],"yoast_head":"<!-- This site is optimized with the Yoast SEO plugin v18.0 - https:\/\/yoast.com\/wordpress\/plugins\/seo\/ -->\n<title>Aline au pays des merveilles - Atypique Concept Store<\/title>\n<meta name=\"robots\" content=\"index, follow, max-snippet:-1, max-image-preview:large, max-video-preview:-1\" \/>\n<link rel=\"canonical\" href=\"https:\/\/atypique.brunotarhan.fr\/index.php\/produit\/aline-au-pays-des-merveilles\/\" \/>\n<meta property=\"og:locale\" content=\"fr_FR\" \/>\n<meta property=\"og:type\" content=\"article\" \/>\n<meta property=\"og:title\" content=\"Aline au pays des merveilles - Atypique Concept Store\" \/>\n<meta property=\"og:description\" content=\"C\u00e9pages : 70% Muscat Petits Grains, 10 % Macabeu, 10 % Grenache Gris et 10 % Grenache Blanc  Belle fra\u00eecheur, notes de fleurs de sureau, de raisins, de miel.  Conservation et service Un l\u00e9ger d\u00e9p\u00f4t ou une turbitude peut appara\u00eetre. Ils sont naturels et sans cons\u00e9quence.\" \/>\n<meta property=\"og:url\" content=\"https:\/\/atypique.brunotarhan.fr\/index.php\/produit\/aline-au-pays-des-merveilles\/\" \/>\n<meta property=\"og:site_name\" content=\"Atypique Concept Store\" \/>\n<meta property=\"article:modified_time\" content=\"2022-04-08T11:22:45+00:00\" \/>\n<meta name=\"twitter:card\" content=\"summary_large_image\" \/>\n<script type=\"application\/ld+json\" class=\"yoast-schema-graph\">{\"@context\":\"https:\/\/schema.org\",\"@graph\":[{\"@type\":\"WebSite\",\"@id\":\"https:\/\/atypique.brunotarhan.fr\/#website\",\"url\":\"https:\/\/atypique.brunotarhan.fr\/\",\"name\":\"Atypique Concept Store\",\"description\":\"Just another WordPress site\",\"potentialAction\":[{\"@type\":\"SearchAction\",\"target\":{\"@type\":\"EntryPoint\",\"urlTemplate\":\"https:\/\/atypique.brunotarhan.fr\/?s={search_term_string}\"},\"query-input\":\"required name=search_term_string\"}],\"inLanguage\":\"fr-FR\"},{\"@type\":\"WebPage\",\"@id\":\"https:\/\/atypique.brunotarhan.fr\/index.php\/produit\/aline-au-pays-des-merveilles\/#webpage\",\"url\":\"https:\/\/atypique.brunotarhan.fr\/index.php\/produit\/aline-au-pays-des-merveilles\/\",\"name\":\"Aline au pays des merveilles - Atypique Concept Store\",\"isPartOf\":{\"@id\":\"https:\/\/atypique.brunotarhan.fr\/#website\"},\"datePublished\":\"2022-03-28T07:40:51+00:00\",\"dateModified\":\"2022-04-08T11:22:45+00:00\",\"breadcrumb\":{\"@id\":\"https:\/\/atypique.brunotarhan.fr\/index.php\/produit\/aline-au-pays-des-merveilles\/#breadcrumb\"},\"inLanguage\":\"fr-FR\",\"potentialAction\":[{\"@type\":\"ReadAction\",\"target\":[\"https:\/\/atypique.brunotarhan.fr\/index.php\/produit\/aline-au-pays-des-merveilles\/\"]}]},{\"@type\":\"BreadcrumbList\",\"@id\":\"https:\/\/atypique.brunotarhan.fr\/index.php\/produit\/aline-au-pays-des-merveilles\/#breadcrumb\",\"itemListElement\":[{\"@type\":\"ListItem\",\"position\":1,\"name\":\"Accueil\",\"item\":\"https:\/\/atypique.brunotarhan.fr\/\"},{\"@type\":\"ListItem\",\"position\":2,\"name\":\"\"},{\"@type\":\"ListItem\",\"position\":3,\"name\":\"Aline au pays des merveilles\"}]}]}<\/script>\n<!-- \/ Yoast SEO plugin. -->","yoast_head_json":{"title":"Aline au pays des merveilles - Atypique Concept Store","robots":{"index":"index","follow":"follow","max-snippet":"max-snippet:-1","max-image-preview":"max-image-preview:large","max-video-preview":"max-video-preview:-1"},"canonical":"https:\/\/atypique.brunotarhan.fr\/index.php\/produit\/aline-au-pays-des-merveilles\/","og_locale":"fr_FR","og_type":"article","og_title":"Aline au pays des merveilles - Atypique Concept Store","og_description":"C\u00e9pages : 70% Muscat Petits Grains, 10 % Macabeu, 10 % Grenache Gris et 10 % Grenache Blanc  Belle fra\u00eecheur, notes de fleurs de sureau, de raisins, de miel.  Conservation et service Un l\u00e9ger d\u00e9p\u00f4t ou une turbitude peut appara\u00eetre. Ils sont naturels et sans cons\u00e9quence.","og_url":"https:\/\/atypique.brunotarhan.fr\/index.php\/produit\/aline-au-pays-des-merveilles\/","og_site_name":"Atypique Concept Store","article_modified_time":"2022-04-08T11:22:45+00:00","twitter_card":"summary_large_image","schema":{"@context":"https:\/\/schema.org","@graph":[{"@type":"WebSite","@id":"https:\/\/atypique.brunotarhan.fr\/#website","url":"https:\/\/atypique.brunotarhan.fr\/","name":"Atypique Concept Store","description":"Just another WordPress site","potentialAction":[{"@type":"SearchAction","target":{"@type":"EntryPoint","urlTemplate":"https:\/\/atypique.brunotarhan.fr\/?s={search_term_string}"},"query-input":"required name=search_term_string"}],"inLanguage":"fr-FR"},{"@type":"WebPage","@id":"https:\/\/atypique.brunotarhan.fr\/index.php\/produit\/aline-au-pays-des-merveilles\/#webpage","url":"https:\/\/atypique.brunotarhan.fr\/index.php\/produit\/aline-au-pays-des-merveilles\/","name":"Aline au pays des merveilles - Atypique Concept Store","isPartOf":{"@id":"https:\/\/atypique.brunotarhan.fr\/#website"},"datePublished":"2022-03-28T07:40:51+00:00","dateModified":"2022-04-08T11:22:45+00:00","breadcrumb":{"@id":"https:\/\/atypique.brunotarhan.fr\/index.php\/produit\/aline-au-pays-des-merveilles\/#breadcrumb"},"inLanguage":"fr-FR","potentialAction":[{"@type":"ReadAction","target":["https:\/\/atypique.brunotarhan.fr\/index.php\/produit\/aline-au-pays-des-merveilles\/"]}]},{"@type":"BreadcrumbList","@id":"https:\/\/atypique.brunotarhan.fr\/index.php\/produit\/aline-au-pays-des-merveilles\/#breadcrumb","itemListElement":[{"@type":"ListItem","position":1,"name":"Accueil","item":"https:\/\/atypique.brunotarhan.fr\/"},{"@type":"ListItem","position":2,"name":""},{"@type":"ListItem","position":3,"name":"Aline au pays des merveilles"}]}]}},"_links":{"self":[{"href":"https:\/\/atypique.brunotarhan.fr\/index.php\/wp-json\/wp\/v2\/product\/14719","targetHints":{"allow":["GET"]}}],"collection":[{"href":"https:\/\/atypique.brunotarhan.fr\/index.php\/wp-json\/wp\/v2\/product"}],"about":[{"href":"https:\/\/atypique.brunotarhan.fr\/index.php\/wp-json\/wp\/v2\/types\/product"}],"replies":[{"embeddable":true,"href":"https:\/\/atypique.brunotarhan.fr\/index.php\/wp-json\/wp\/v2\/comments?post=14719"}],"wp:attachment":[{"href":"https:\/\/atypique.brunotarhan.fr\/index.php\/wp-json\/wp\/v2\/media?parent=14719"}],"wp:term":[{"taxonomy":"product_cat","embeddable":true,"href":"https:\/\/atypique.brunotarhan.fr\/index.php\/wp-json\/wp\/v2\/product_cat?post=14719"},{"taxonomy":"product_tag","embeddable":true,"href":"https:\/\/atypique.brunotarhan.fr\/index.php\/wp-json\/wp\/v2\/product_tag?post=14719"}],"curies":[{"name":"wp","href":"https:\/\/api.w.org\/{rel}","templated":true}]}}