{"id":14718,"date":"2022-03-28T07:40:49","date_gmt":"2022-03-28T07:40:49","guid":{"rendered":"https:\/\/atypique.brunotarhan.fr\/?post_type=product&#038;p=14718"},"modified":"2022-04-08T11:22:43","modified_gmt":"2022-04-08T11:22:43","slug":"adrenaline","status":"publish","type":"product","link":"https:\/\/atypique.brunotarhan.fr\/index.php\/produit\/adrenaline\/","title":{"rendered":"Adrenaline"},"content":{"rendered":"<p>Aline d\u00e9cide de changer de vie et embarque sa famille dans une nouvelle aventure.  Elle sera paysanne-vigneronne.<br \/>\nLe Domaine des Mathouans est donc n\u00e9 en juin 2009, aujourd&#8217;hui en bio et biodynamie (certifi\u00e9 depuis 2013 AB et Demeter)<br \/>\n\u200b<br \/>\nRetour aux fondamentaux, dans les vignes que Renaud &#8220;bichonne&#8221; en respectant la nature des sols par un travail long et minutieux : labour \u00e0 cheval ou au chenillard, engrais verts, tisanes et d\u00e9coctions.<br \/>\nLes vaches et les brebis entretiennent l&#8217;enherbement des vignes durant l&#8217;automne et l&#8217;hiver.<\/p>\n<p>Ensuite un travail en cave respectueux du raisin : les vendanges sont manuelles et le tri tr\u00e8s s\u00e9lectif pour ne garder que les raisins sains.<br \/>\nLes vins natures sont le r\u00e9sultat d&#8217;un choix philosophique visant \u00e0 retrouver l&#8217;expression naturelle du terroir.<\/p>\n<p>Sensations, intuition et influences de la lune, en lieu et place de la technologie &#8230;<\/p>\n<p>\u200b<\/p>\n","protected":false},"excerpt":{"rendered":"<p>C\u00e9page : 100% syrah<\/p>\n<p>Le premier nez est r\u00e9ducteur, ensuite s\u2019insinue une tr\u00e8s belle fra\u00eecheur, des notes de fraises des bois, groseilles.<br \/>\nUn ros\u00e9 avec lequel on peu manger des plats avec du gout<\/p>\n<p>Conservation et service<br \/>\nUn l\u00e9ger d\u00e9p\u00f4t ou une turbitude peut appara\u00eetre. Ils sont naturels et sans cons\u00e9quence. Une r\u00e9duction (odeur de soufre) \u00e0 l\u2019ouverture est possible et ne nuit en rien la d\u00e9gustation. Un carafage lui fera du bien <\/p>\n","protected":false},"featured_media":0,"comment_status":"open","ping_status":"closed","template":"","meta":[],"product_cat":[87],"product_tag":[],"class_list":["post-14718","product","type-product","status-publish","hentry","product_cat-vins","berocket_brand-mathouans"],"yoast_head":"<!-- This site is optimized with the Yoast SEO plugin v18.0 - https:\/\/yoast.com\/wordpress\/plugins\/seo\/ -->\n<title>Adrenaline - Atypique Concept Store<\/title>\n<meta name=\"robots\" content=\"index, follow, max-snippet:-1, max-image-preview:large, max-video-preview:-1\" \/>\n<link rel=\"canonical\" href=\"https:\/\/atypique.brunotarhan.fr\/index.php\/produit\/adrenaline\/\" \/>\n<meta property=\"og:locale\" content=\"fr_FR\" \/>\n<meta property=\"og:type\" content=\"article\" \/>\n<meta property=\"og:title\" content=\"Adrenaline - Atypique Concept Store\" \/>\n<meta property=\"og:description\" content=\"C\u00e9page : 100% syrah Le premier nez est r\u00e9ducteur, ensuite s\u2019insinue une tr\u00e8s belle fra\u00eecheur, des notes de fraises des bois, groseilles. Un ros\u00e9 avec lequel on peu manger des plats avec du gout Conservation et service Un l\u00e9ger d\u00e9p\u00f4t ou une turbitude peut appara\u00eetre. Ils sont naturels et sans cons\u00e9quence. Une r\u00e9duction (odeur de soufre) \u00e0 l\u2019ouverture est possible et ne nuit en rien la d\u00e9gustation. Un carafage lui fera du bien\" \/>\n<meta property=\"og:url\" content=\"https:\/\/atypique.brunotarhan.fr\/index.php\/produit\/adrenaline\/\" \/>\n<meta property=\"og:site_name\" content=\"Atypique Concept Store\" \/>\n<meta property=\"article:modified_time\" content=\"2022-04-08T11:22:43+00:00\" \/>\n<meta name=\"twitter:card\" content=\"summary_large_image\" \/>\n<meta name=\"twitter:label1\" content=\"Dur\u00e9e de lecture estim\u00e9e\" \/>\n\t<meta name=\"twitter:data1\" content=\"1 minute\" \/>\n<script type=\"application\/ld+json\" class=\"yoast-schema-graph\">{\"@context\":\"https:\/\/schema.org\",\"@graph\":[{\"@type\":\"WebSite\",\"@id\":\"https:\/\/atypique.brunotarhan.fr\/#website\",\"url\":\"https:\/\/atypique.brunotarhan.fr\/\",\"name\":\"Atypique Concept Store\",\"description\":\"Just another WordPress site\",\"potentialAction\":[{\"@type\":\"SearchAction\",\"target\":{\"@type\":\"EntryPoint\",\"urlTemplate\":\"https:\/\/atypique.brunotarhan.fr\/?s={search_term_string}\"},\"query-input\":\"required name=search_term_string\"}],\"inLanguage\":\"fr-FR\"},{\"@type\":\"WebPage\",\"@id\":\"https:\/\/atypique.brunotarhan.fr\/index.php\/produit\/adrenaline\/#webpage\",\"url\":\"https:\/\/atypique.brunotarhan.fr\/index.php\/produit\/adrenaline\/\",\"name\":\"Adrenaline - Atypique Concept Store\",\"isPartOf\":{\"@id\":\"https:\/\/atypique.brunotarhan.fr\/#website\"},\"datePublished\":\"2022-03-28T07:40:49+00:00\",\"dateModified\":\"2022-04-08T11:22:43+00:00\",\"breadcrumb\":{\"@id\":\"https:\/\/atypique.brunotarhan.fr\/index.php\/produit\/adrenaline\/#breadcrumb\"},\"inLanguage\":\"fr-FR\",\"potentialAction\":[{\"@type\":\"ReadAction\",\"target\":[\"https:\/\/atypique.brunotarhan.fr\/index.php\/produit\/adrenaline\/\"]}]},{\"@type\":\"BreadcrumbList\",\"@id\":\"https:\/\/atypique.brunotarhan.fr\/index.php\/produit\/adrenaline\/#breadcrumb\",\"itemListElement\":[{\"@type\":\"ListItem\",\"position\":1,\"name\":\"Accueil\",\"item\":\"https:\/\/atypique.brunotarhan.fr\/\"},{\"@type\":\"ListItem\",\"position\":2,\"name\":\"\"},{\"@type\":\"ListItem\",\"position\":3,\"name\":\"Adrenaline\"}]}]}<\/script>\n<!-- \/ Yoast SEO plugin. -->","yoast_head_json":{"title":"Adrenaline - Atypique Concept Store","robots":{"index":"index","follow":"follow","max-snippet":"max-snippet:-1","max-image-preview":"max-image-preview:large","max-video-preview":"max-video-preview:-1"},"canonical":"https:\/\/atypique.brunotarhan.fr\/index.php\/produit\/adrenaline\/","og_locale":"fr_FR","og_type":"article","og_title":"Adrenaline - Atypique Concept Store","og_description":"C\u00e9page : 100% syrah Le premier nez est r\u00e9ducteur, ensuite s\u2019insinue une tr\u00e8s belle fra\u00eecheur, des notes de fraises des bois, groseilles. Un ros\u00e9 avec lequel on peu manger des plats avec du gout Conservation et service Un l\u00e9ger d\u00e9p\u00f4t ou une turbitude peut appara\u00eetre. Ils sont naturels et sans cons\u00e9quence. Une r\u00e9duction (odeur de soufre) \u00e0 l\u2019ouverture est possible et ne nuit en rien la d\u00e9gustation. Un carafage lui fera du bien","og_url":"https:\/\/atypique.brunotarhan.fr\/index.php\/produit\/adrenaline\/","og_site_name":"Atypique Concept Store","article_modified_time":"2022-04-08T11:22:43+00:00","twitter_card":"summary_large_image","twitter_misc":{"Dur\u00e9e de lecture estim\u00e9e":"1 minute"},"schema":{"@context":"https:\/\/schema.org","@graph":[{"@type":"WebSite","@id":"https:\/\/atypique.brunotarhan.fr\/#website","url":"https:\/\/atypique.brunotarhan.fr\/","name":"Atypique Concept Store","description":"Just another WordPress site","potentialAction":[{"@type":"SearchAction","target":{"@type":"EntryPoint","urlTemplate":"https:\/\/atypique.brunotarhan.fr\/?s={search_term_string}"},"query-input":"required name=search_term_string"}],"inLanguage":"fr-FR"},{"@type":"WebPage","@id":"https:\/\/atypique.brunotarhan.fr\/index.php\/produit\/adrenaline\/#webpage","url":"https:\/\/atypique.brunotarhan.fr\/index.php\/produit\/adrenaline\/","name":"Adrenaline - Atypique Concept Store","isPartOf":{"@id":"https:\/\/atypique.brunotarhan.fr\/#website"},"datePublished":"2022-03-28T07:40:49+00:00","dateModified":"2022-04-08T11:22:43+00:00","breadcrumb":{"@id":"https:\/\/atypique.brunotarhan.fr\/index.php\/produit\/adrenaline\/#breadcrumb"},"inLanguage":"fr-FR","potentialAction":[{"@type":"ReadAction","target":["https:\/\/atypique.brunotarhan.fr\/index.php\/produit\/adrenaline\/"]}]},{"@type":"BreadcrumbList","@id":"https:\/\/atypique.brunotarhan.fr\/index.php\/produit\/adrenaline\/#breadcrumb","itemListElement":[{"@type":"ListItem","position":1,"name":"Accueil","item":"https:\/\/atypique.brunotarhan.fr\/"},{"@type":"ListItem","position":2,"name":""},{"@type":"ListItem","position":3,"name":"Adrenaline"}]}]}},"_links":{"self":[{"href":"https:\/\/atypique.brunotarhan.fr\/index.php\/wp-json\/wp\/v2\/product\/14718","targetHints":{"allow":["GET"]}}],"collection":[{"href":"https:\/\/atypique.brunotarhan.fr\/index.php\/wp-json\/wp\/v2\/product"}],"about":[{"href":"https:\/\/atypique.brunotarhan.fr\/index.php\/wp-json\/wp\/v2\/types\/product"}],"replies":[{"embeddable":true,"href":"https:\/\/atypique.brunotarhan.fr\/index.php\/wp-json\/wp\/v2\/comments?post=14718"}],"wp:attachment":[{"href":"https:\/\/atypique.brunotarhan.fr\/index.php\/wp-json\/wp\/v2\/media?parent=14718"}],"wp:term":[{"taxonomy":"product_cat","embeddable":true,"href":"https:\/\/atypique.brunotarhan.fr\/index.php\/wp-json\/wp\/v2\/product_cat?post=14718"},{"taxonomy":"product_tag","embeddable":true,"href":"https:\/\/atypique.brunotarhan.fr\/index.php\/wp-json\/wp\/v2\/product_tag?post=14718"}],"curies":[{"name":"wp","href":"https:\/\/api.w.org\/{rel}","templated":true}]}}