{"id":14712,"date":"2022-03-28T07:40:31","date_gmt":"2022-03-28T07:40:31","guid":{"rendered":"https:\/\/atypique.brunotarhan.fr\/?post_type=product&#038;p=14712"},"modified":"2022-04-08T11:22:31","modified_gmt":"2022-04-08T11:22:31","slug":"maisons-bullees","status":"publish","type":"product","link":"https:\/\/atypique.brunotarhan.fr\/index.php\/produit\/maisons-bullees\/","title":{"rendered":"Maisons bull\u00e9es"},"content":{"rendered":"","protected":false},"excerpt":{"rendered":"<p>C\u00e9page : 100% sauvignon<\/p>\n<p>bien \u00e9quilibr\u00e9 avec beaucoup de fra\u00eecheurun ,un p\u00e9tillant naturel qui vise \u00e0 garder de la fra\u00eecheur et de la l\u00e9g\u00e8ret\u00e9 (de plus en plus casse t\u00eate avec la multiplicationde mill\u00e9simes solaires\u2026).<\/p>\n<p>Fleur blanche, des ar\u00f4mes d\u00e9licats conjugu\u00e9s avec quelques amers, dans l\u2019id\u00e9e d\u2019avoir un pet de soif et des bulles fines. Pas toujours secs, sniff\u2026<\/p>\n","protected":false},"featured_media":0,"comment_status":"open","ping_status":"closed","template":"","meta":[],"product_cat":[87],"product_tag":[142,143],"class_list":["post-14712","product","type-product","status-publish","hentry","product_cat-vins","product_tag-pet-nat","product_tag-petillant-naturel","berocket_brand-les-maisons-brulees"],"yoast_head":"<!-- This site is optimized with the Yoast SEO plugin v18.0 - https:\/\/yoast.com\/wordpress\/plugins\/seo\/ -->\n<title>Maisons bull\u00e9es - Atypique Concept Store<\/title>\n<meta name=\"robots\" content=\"index, follow, max-snippet:-1, max-image-preview:large, max-video-preview:-1\" \/>\n<link rel=\"canonical\" href=\"https:\/\/atypique.brunotarhan.fr\/index.php\/produit\/maisons-bullees\/\" \/>\n<meta property=\"og:locale\" content=\"fr_FR\" \/>\n<meta property=\"og:type\" content=\"article\" \/>\n<meta property=\"og:title\" content=\"Maisons bull\u00e9es - Atypique Concept Store\" \/>\n<meta property=\"og:description\" content=\"C\u00e9page : 100% sauvignon bien \u00e9quilibr\u00e9 avec beaucoup de fra\u00eecheurun ,un p\u00e9tillant naturel qui vise \u00e0 garder de la fra\u00eecheur et de la l\u00e9g\u00e8ret\u00e9 (de plus en plus casse t\u00eate avec la multiplicationde mill\u00e9simes solaires\u2026). Fleur blanche, des ar\u00f4mes d\u00e9licats conjugu\u00e9s avec quelques amers, dans l\u2019id\u00e9e d\u2019avoir un pet de soif et des bulles fines. Pas toujours secs, sniff\u2026\" \/>\n<meta property=\"og:url\" content=\"https:\/\/atypique.brunotarhan.fr\/index.php\/produit\/maisons-bullees\/\" \/>\n<meta property=\"og:site_name\" content=\"Atypique Concept Store\" \/>\n<meta property=\"article:modified_time\" content=\"2022-04-08T11:22:31+00:00\" \/>\n<meta name=\"twitter:card\" content=\"summary_large_image\" \/>\n<script type=\"application\/ld+json\" class=\"yoast-schema-graph\">{\"@context\":\"https:\/\/schema.org\",\"@graph\":[{\"@type\":\"WebSite\",\"@id\":\"https:\/\/atypique.brunotarhan.fr\/#website\",\"url\":\"https:\/\/atypique.brunotarhan.fr\/\",\"name\":\"Atypique Concept Store\",\"description\":\"Just another WordPress site\",\"potentialAction\":[{\"@type\":\"SearchAction\",\"target\":{\"@type\":\"EntryPoint\",\"urlTemplate\":\"https:\/\/atypique.brunotarhan.fr\/?s={search_term_string}\"},\"query-input\":\"required name=search_term_string\"}],\"inLanguage\":\"fr-FR\"},{\"@type\":\"WebPage\",\"@id\":\"https:\/\/atypique.brunotarhan.fr\/index.php\/produit\/maisons-bullees\/#webpage\",\"url\":\"https:\/\/atypique.brunotarhan.fr\/index.php\/produit\/maisons-bullees\/\",\"name\":\"Maisons bull\u00e9es - Atypique Concept Store\",\"isPartOf\":{\"@id\":\"https:\/\/atypique.brunotarhan.fr\/#website\"},\"datePublished\":\"2022-03-28T07:40:31+00:00\",\"dateModified\":\"2022-04-08T11:22:31+00:00\",\"breadcrumb\":{\"@id\":\"https:\/\/atypique.brunotarhan.fr\/index.php\/produit\/maisons-bullees\/#breadcrumb\"},\"inLanguage\":\"fr-FR\",\"potentialAction\":[{\"@type\":\"ReadAction\",\"target\":[\"https:\/\/atypique.brunotarhan.fr\/index.php\/produit\/maisons-bullees\/\"]}]},{\"@type\":\"BreadcrumbList\",\"@id\":\"https:\/\/atypique.brunotarhan.fr\/index.php\/produit\/maisons-bullees\/#breadcrumb\",\"itemListElement\":[{\"@type\":\"ListItem\",\"position\":1,\"name\":\"Accueil\",\"item\":\"https:\/\/atypique.brunotarhan.fr\/\"},{\"@type\":\"ListItem\",\"position\":2,\"name\":\"\"},{\"@type\":\"ListItem\",\"position\":3,\"name\":\"Maisons bull\u00e9es\"}]}]}<\/script>\n<!-- \/ Yoast SEO plugin. -->","yoast_head_json":{"title":"Maisons bull\u00e9es - Atypique Concept Store","robots":{"index":"index","follow":"follow","max-snippet":"max-snippet:-1","max-image-preview":"max-image-preview:large","max-video-preview":"max-video-preview:-1"},"canonical":"https:\/\/atypique.brunotarhan.fr\/index.php\/produit\/maisons-bullees\/","og_locale":"fr_FR","og_type":"article","og_title":"Maisons bull\u00e9es - Atypique Concept Store","og_description":"C\u00e9page : 100% sauvignon bien \u00e9quilibr\u00e9 avec beaucoup de fra\u00eecheurun ,un p\u00e9tillant naturel qui vise \u00e0 garder de la fra\u00eecheur et de la l\u00e9g\u00e8ret\u00e9 (de plus en plus casse t\u00eate avec la multiplicationde mill\u00e9simes solaires\u2026). Fleur blanche, des ar\u00f4mes d\u00e9licats conjugu\u00e9s avec quelques amers, dans l\u2019id\u00e9e d\u2019avoir un pet de soif et des bulles fines. Pas toujours secs, sniff\u2026","og_url":"https:\/\/atypique.brunotarhan.fr\/index.php\/produit\/maisons-bullees\/","og_site_name":"Atypique Concept Store","article_modified_time":"2022-04-08T11:22:31+00:00","twitter_card":"summary_large_image","schema":{"@context":"https:\/\/schema.org","@graph":[{"@type":"WebSite","@id":"https:\/\/atypique.brunotarhan.fr\/#website","url":"https:\/\/atypique.brunotarhan.fr\/","name":"Atypique Concept Store","description":"Just another WordPress site","potentialAction":[{"@type":"SearchAction","target":{"@type":"EntryPoint","urlTemplate":"https:\/\/atypique.brunotarhan.fr\/?s={search_term_string}"},"query-input":"required name=search_term_string"}],"inLanguage":"fr-FR"},{"@type":"WebPage","@id":"https:\/\/atypique.brunotarhan.fr\/index.php\/produit\/maisons-bullees\/#webpage","url":"https:\/\/atypique.brunotarhan.fr\/index.php\/produit\/maisons-bullees\/","name":"Maisons bull\u00e9es - Atypique Concept Store","isPartOf":{"@id":"https:\/\/atypique.brunotarhan.fr\/#website"},"datePublished":"2022-03-28T07:40:31+00:00","dateModified":"2022-04-08T11:22:31+00:00","breadcrumb":{"@id":"https:\/\/atypique.brunotarhan.fr\/index.php\/produit\/maisons-bullees\/#breadcrumb"},"inLanguage":"fr-FR","potentialAction":[{"@type":"ReadAction","target":["https:\/\/atypique.brunotarhan.fr\/index.php\/produit\/maisons-bullees\/"]}]},{"@type":"BreadcrumbList","@id":"https:\/\/atypique.brunotarhan.fr\/index.php\/produit\/maisons-bullees\/#breadcrumb","itemListElement":[{"@type":"ListItem","position":1,"name":"Accueil","item":"https:\/\/atypique.brunotarhan.fr\/"},{"@type":"ListItem","position":2,"name":""},{"@type":"ListItem","position":3,"name":"Maisons bull\u00e9es"}]}]}},"_links":{"self":[{"href":"https:\/\/atypique.brunotarhan.fr\/index.php\/wp-json\/wp\/v2\/product\/14712","targetHints":{"allow":["GET"]}}],"collection":[{"href":"https:\/\/atypique.brunotarhan.fr\/index.php\/wp-json\/wp\/v2\/product"}],"about":[{"href":"https:\/\/atypique.brunotarhan.fr\/index.php\/wp-json\/wp\/v2\/types\/product"}],"replies":[{"embeddable":true,"href":"https:\/\/atypique.brunotarhan.fr\/index.php\/wp-json\/wp\/v2\/comments?post=14712"}],"wp:attachment":[{"href":"https:\/\/atypique.brunotarhan.fr\/index.php\/wp-json\/wp\/v2\/media?parent=14712"}],"wp:term":[{"taxonomy":"product_cat","embeddable":true,"href":"https:\/\/atypique.brunotarhan.fr\/index.php\/wp-json\/wp\/v2\/product_cat?post=14712"},{"taxonomy":"product_tag","embeddable":true,"href":"https:\/\/atypique.brunotarhan.fr\/index.php\/wp-json\/wp\/v2\/product_tag?post=14712"}],"curies":[{"name":"wp","href":"https:\/\/api.w.org\/{rel}","templated":true}]}}