{"id":14708,"date":"2022-03-28T07:40:14","date_gmt":"2022-03-28T07:40:14","guid":{"rendered":"https:\/\/atypique.brunotarhan.fr\/?post_type=product&#038;p=14708"},"modified":"2022-04-08T11:22:22","modified_gmt":"2022-04-08T11:22:22","slug":"ca-me","status":"publish","type":"product","link":"https:\/\/atypique.brunotarhan.fr\/index.php\/produit\/ca-me\/","title":{"rendered":"Ca me"},"content":{"rendered":"<p>Paul Gillet \u00e9tait caviste, puis restaurateur, fan de vins naturels avant de se d\u00e9cider \u00e0 changer de vie. Apr\u00e8s un stage chez Bruno Schueller, il reprend avec sa femme Corinne le domaine de Michel Aug\u00e9, en Touraine, perp\u00e9tuant l&#8217;esprit de son pr\u00e9d\u00e9cesseur, avec lequel il a travaill\u00e9 plusieurs ann\u00e9es. Les vignes sont travaill\u00e9es en biodynamie , les intrants sont bannis au chai<\/p>\n<p>Notre Domaine \u2013 Les Maisons Br\u00fbl\u00e9es<br \/>\nNous veillons sur le Domaine depuis 2013, \u00e0 la suite de la famille Aug\u00e9. Il est conduit en bio et biodynamie depuis 30 ans (Certification Ecocert).<\/p>\n<p>Neuf hectares (dont 6 ha de vignes) d\u2019un seul tenant autour de la maison, en coteaux sur la rive sud du Cher; c\u2019est notre havre.<br \/>\nA cela s\u2019ajoutent 3 parcelles de vignes (2 ha) sur les plateaux du Cher.<\/p>\n<p>Nous vinifions exclusivement nos propres raisins, ceux dont nous prenons soins de la taille \u00e0 la vendange.<\/p>\n<p>Nos Vins<\/p>\n<p>La clef de notre vinification est de choisir au plus juste nos dates de r\u00e9colte en fonction des cuv\u00e9es que nous souhaitons r\u00e9aliser.<br \/>\nLes raisins sont trait\u00e9s en vendange enti\u00e8re, que ce soit en presse directe ou apr\u00e8s mac\u00e9ration, dans un pressoir Coquard vertical de 2000 kg, dans des presses lentes et \u00e0 faible intensit\u00e9.<br \/>\nNotre approche des jus se fait sans a priori scientifiques.<br \/>\nLes vins, sauf les p\u00e9tillants naturels, sont \u00e9lev\u00e9s dans le bois (foudre, 1\/2 muids et barriques de plusieurs vins).<br \/>\nLes mises en bouteille se font artisanalement, par gravit\u00e9 et \u00e0 la main sans sulfites ajout\u00e9s. Aucun produit oenologique n\u2019est utilis\u00e9.<br \/>\nDes difficult\u00e9s en fermentation, nous ont conduit, dans de rares cas \u00e0 sulfiter certains vins pendant la vinification.<br \/>\nPas de filtration, pas de collage ni de contr\u00f4le des temp\u00e9ratures.<br \/>\nNous \u00e9laborons environ 12 cuv\u00e9es diff\u00e9rentes par an:<\/p>\n","protected":false},"excerpt":{"rendered":"<p>C\u00e9pages : sauvignon<\/p>\n<p>Une mac\u00e9ration de sauvignon d\u2019environ 3 semaines issu d\u2019une parcelle surnomm\u00e9e Sam.<br \/>\nElev\u00e9 sous bois pendant une ann\u00e9e.<\/p>\n<p>On cherche une charpente quelque peu tannique, pos\u00e9e sur des amers pour soutenir une aromatique exotique. Longueur, belle finale min\u00e9rale.<br \/>\nQuand c\u2019est r\u00e9ussi, on obtient un beau vin de repas.<br \/>\n\u00c7a Me&#8230; est un g\u00e9nial sauvignon de mac\u00e9ration, d&#8217;une grande profondeur et complexit\u00e9, parfaitement \u00e9quilibr\u00e9. Splendide!<\/p>\n","protected":false},"featured_media":0,"comment_status":"open","ping_status":"closed","template":"","meta":[],"product_cat":[87],"product_tag":[],"class_list":["post-14708","product","type-product","status-publish","hentry","product_cat-vins","berocket_brand-les-maisons-brulees"],"yoast_head":"<!-- This site is optimized with the Yoast SEO plugin v18.0 - https:\/\/yoast.com\/wordpress\/plugins\/seo\/ -->\n<title>Ca me - Atypique Concept Store<\/title>\n<meta name=\"robots\" content=\"index, follow, max-snippet:-1, max-image-preview:large, max-video-preview:-1\" \/>\n<link rel=\"canonical\" href=\"https:\/\/atypique.brunotarhan.fr\/index.php\/produit\/ca-me\/\" \/>\n<meta property=\"og:locale\" content=\"fr_FR\" \/>\n<meta property=\"og:type\" content=\"article\" \/>\n<meta property=\"og:title\" content=\"Ca me - Atypique Concept Store\" \/>\n<meta property=\"og:description\" content=\"C\u00e9pages : sauvignon Une mac\u00e9ration de sauvignon d\u2019environ 3 semaines issu d\u2019une parcelle surnomm\u00e9e Sam. Elev\u00e9 sous bois pendant une ann\u00e9e. On cherche une charpente quelque peu tannique, pos\u00e9e sur des amers pour soutenir une aromatique exotique. Longueur, belle finale min\u00e9rale. Quand c\u2019est r\u00e9ussi, on obtient un beau vin de repas. \u00c7a Me... est un g\u00e9nial sauvignon de mac\u00e9ration, d&#039;une grande profondeur et complexit\u00e9, parfaitement \u00e9quilibr\u00e9. Splendide!\" \/>\n<meta property=\"og:url\" content=\"https:\/\/atypique.brunotarhan.fr\/index.php\/produit\/ca-me\/\" \/>\n<meta property=\"og:site_name\" content=\"Atypique Concept Store\" \/>\n<meta property=\"article:modified_time\" content=\"2022-04-08T11:22:22+00:00\" \/>\n<meta name=\"twitter:card\" content=\"summary_large_image\" \/>\n<meta name=\"twitter:label1\" content=\"Dur\u00e9e de lecture estim\u00e9e\" \/>\n\t<meta name=\"twitter:data1\" content=\"2 minutes\" \/>\n<script type=\"application\/ld+json\" class=\"yoast-schema-graph\">{\"@context\":\"https:\/\/schema.org\",\"@graph\":[{\"@type\":\"WebSite\",\"@id\":\"https:\/\/atypique.brunotarhan.fr\/#website\",\"url\":\"https:\/\/atypique.brunotarhan.fr\/\",\"name\":\"Atypique Concept Store\",\"description\":\"Just another WordPress site\",\"potentialAction\":[{\"@type\":\"SearchAction\",\"target\":{\"@type\":\"EntryPoint\",\"urlTemplate\":\"https:\/\/atypique.brunotarhan.fr\/?s={search_term_string}\"},\"query-input\":\"required name=search_term_string\"}],\"inLanguage\":\"fr-FR\"},{\"@type\":\"WebPage\",\"@id\":\"https:\/\/atypique.brunotarhan.fr\/index.php\/produit\/ca-me\/#webpage\",\"url\":\"https:\/\/atypique.brunotarhan.fr\/index.php\/produit\/ca-me\/\",\"name\":\"Ca me - Atypique Concept Store\",\"isPartOf\":{\"@id\":\"https:\/\/atypique.brunotarhan.fr\/#website\"},\"datePublished\":\"2022-03-28T07:40:14+00:00\",\"dateModified\":\"2022-04-08T11:22:22+00:00\",\"breadcrumb\":{\"@id\":\"https:\/\/atypique.brunotarhan.fr\/index.php\/produit\/ca-me\/#breadcrumb\"},\"inLanguage\":\"fr-FR\",\"potentialAction\":[{\"@type\":\"ReadAction\",\"target\":[\"https:\/\/atypique.brunotarhan.fr\/index.php\/produit\/ca-me\/\"]}]},{\"@type\":\"BreadcrumbList\",\"@id\":\"https:\/\/atypique.brunotarhan.fr\/index.php\/produit\/ca-me\/#breadcrumb\",\"itemListElement\":[{\"@type\":\"ListItem\",\"position\":1,\"name\":\"Accueil\",\"item\":\"https:\/\/atypique.brunotarhan.fr\/\"},{\"@type\":\"ListItem\",\"position\":2,\"name\":\"\"},{\"@type\":\"ListItem\",\"position\":3,\"name\":\"Ca me\"}]}]}<\/script>\n<!-- \/ Yoast SEO plugin. -->","yoast_head_json":{"title":"Ca me - Atypique Concept Store","robots":{"index":"index","follow":"follow","max-snippet":"max-snippet:-1","max-image-preview":"max-image-preview:large","max-video-preview":"max-video-preview:-1"},"canonical":"https:\/\/atypique.brunotarhan.fr\/index.php\/produit\/ca-me\/","og_locale":"fr_FR","og_type":"article","og_title":"Ca me - Atypique Concept Store","og_description":"C\u00e9pages : sauvignon Une mac\u00e9ration de sauvignon d\u2019environ 3 semaines issu d\u2019une parcelle surnomm\u00e9e Sam. Elev\u00e9 sous bois pendant une ann\u00e9e. On cherche une charpente quelque peu tannique, pos\u00e9e sur des amers pour soutenir une aromatique exotique. Longueur, belle finale min\u00e9rale. Quand c\u2019est r\u00e9ussi, on obtient un beau vin de repas. \u00c7a Me... est un g\u00e9nial sauvignon de mac\u00e9ration, d'une grande profondeur et complexit\u00e9, parfaitement \u00e9quilibr\u00e9. Splendide!","og_url":"https:\/\/atypique.brunotarhan.fr\/index.php\/produit\/ca-me\/","og_site_name":"Atypique Concept Store","article_modified_time":"2022-04-08T11:22:22+00:00","twitter_card":"summary_large_image","twitter_misc":{"Dur\u00e9e de lecture estim\u00e9e":"2 minutes"},"schema":{"@context":"https:\/\/schema.org","@graph":[{"@type":"WebSite","@id":"https:\/\/atypique.brunotarhan.fr\/#website","url":"https:\/\/atypique.brunotarhan.fr\/","name":"Atypique Concept Store","description":"Just another WordPress site","potentialAction":[{"@type":"SearchAction","target":{"@type":"EntryPoint","urlTemplate":"https:\/\/atypique.brunotarhan.fr\/?s={search_term_string}"},"query-input":"required name=search_term_string"}],"inLanguage":"fr-FR"},{"@type":"WebPage","@id":"https:\/\/atypique.brunotarhan.fr\/index.php\/produit\/ca-me\/#webpage","url":"https:\/\/atypique.brunotarhan.fr\/index.php\/produit\/ca-me\/","name":"Ca me - Atypique Concept Store","isPartOf":{"@id":"https:\/\/atypique.brunotarhan.fr\/#website"},"datePublished":"2022-03-28T07:40:14+00:00","dateModified":"2022-04-08T11:22:22+00:00","breadcrumb":{"@id":"https:\/\/atypique.brunotarhan.fr\/index.php\/produit\/ca-me\/#breadcrumb"},"inLanguage":"fr-FR","potentialAction":[{"@type":"ReadAction","target":["https:\/\/atypique.brunotarhan.fr\/index.php\/produit\/ca-me\/"]}]},{"@type":"BreadcrumbList","@id":"https:\/\/atypique.brunotarhan.fr\/index.php\/produit\/ca-me\/#breadcrumb","itemListElement":[{"@type":"ListItem","position":1,"name":"Accueil","item":"https:\/\/atypique.brunotarhan.fr\/"},{"@type":"ListItem","position":2,"name":""},{"@type":"ListItem","position":3,"name":"Ca me"}]}]}},"_links":{"self":[{"href":"https:\/\/atypique.brunotarhan.fr\/index.php\/wp-json\/wp\/v2\/product\/14708","targetHints":{"allow":["GET"]}}],"collection":[{"href":"https:\/\/atypique.brunotarhan.fr\/index.php\/wp-json\/wp\/v2\/product"}],"about":[{"href":"https:\/\/atypique.brunotarhan.fr\/index.php\/wp-json\/wp\/v2\/types\/product"}],"replies":[{"embeddable":true,"href":"https:\/\/atypique.brunotarhan.fr\/index.php\/wp-json\/wp\/v2\/comments?post=14708"}],"wp:attachment":[{"href":"https:\/\/atypique.brunotarhan.fr\/index.php\/wp-json\/wp\/v2\/media?parent=14708"}],"wp:term":[{"taxonomy":"product_cat","embeddable":true,"href":"https:\/\/atypique.brunotarhan.fr\/index.php\/wp-json\/wp\/v2\/product_cat?post=14708"},{"taxonomy":"product_tag","embeddable":true,"href":"https:\/\/atypique.brunotarhan.fr\/index.php\/wp-json\/wp\/v2\/product_tag?post=14708"}],"curies":[{"name":"wp","href":"https:\/\/api.w.org\/{rel}","templated":true}]}}