{"id":14704,"date":"2022-03-28T07:40:01","date_gmt":"2022-03-28T07:40:01","guid":{"rendered":"https:\/\/atypique.brunotarhan.fr\/?post_type=product&#038;p=14704"},"modified":"2022-04-08T11:22:15","modified_gmt":"2022-04-08T11:22:15","slug":"babar-is-the-colour","status":"publish","type":"product","link":"https:\/\/atypique.brunotarhan.fr\/index.php\/produit\/babar-is-the-colour\/","title":{"rendered":"Babar is the colour"},"content":{"rendered":"<p>Le domaine<br \/>\nDomaine repris en 2016.<br \/>\n23 hectares , 13 c\u00e9pages dans le plus grand respect du sol , de la plante et du raisin. <\/p>\n<p>Les vignes<br \/>\nDu riesling derni\u00e8rement plant\u00e9 au grenache centenaire , le vignoble n&#8217;est pas destin\u00e9e \u00e0 faire de gros rendements mais donne des raisins d&#8217;une tr\u00e8s belle qualit\u00e9.<br \/>\nNous sommes peu interventionniste dans les vignes , les traitements sont tr\u00e8s souvent &#8220;maison&#8221; avec des Huiles essentielles, des purain ou encore des pr\u00e9parations. <\/p>\n<p>La vinification<br \/>\nNous sommes la aussi encore une fois, peu interventionniste .<br \/>\nPas de mac\u00e9ration carbonique , pas de sur extraction . Quelques remontages tout au plus. <\/p>\n<p>Les vins<br \/>\nLes diff\u00e9rentes cuv\u00e9es sont amener \u00e0 changer car nous essayons diff\u00e9rents assemblages et m\u00e9thodes.<br \/>\nDu blanc de mac\u00e9ration (4 mois) au m\u00e9lange de 9 c\u00e9pages sur un vin qui n&#8217;est ni un blanc , pas vraiment un ros\u00e9 et encore moins un rouge , nous innovons .<\/p>\n","protected":false},"excerpt":{"rendered":"<p>C\u00e9pages : Syrah, Viognier et Merlot<\/p>\n<p>Un canon de soif tr\u00e8s gourmand et au fruit explosif .Grande buvabilit\u00e9, ar\u00f4mes de fruits noirs et d&#8217;\u00e9pices.<br \/>\nQuel fruit ! C\u2019est tellement gourmand qu\u2019on en oublie que c\u2019est une boisson pour adulte.<\/p>\n","protected":false},"featured_media":0,"comment_status":"open","ping_status":"closed","template":"","meta":[],"product_cat":[87],"product_tag":[],"class_list":["post-14704","product","type-product","status-publish","hentry","product_cat-vins","berocket_brand-loratoire"],"yoast_head":"<!-- This site is optimized with the Yoast SEO plugin v18.0 - https:\/\/yoast.com\/wordpress\/plugins\/seo\/ -->\n<title>Babar is the colour - Atypique Concept Store<\/title>\n<meta name=\"robots\" content=\"index, follow, max-snippet:-1, max-image-preview:large, max-video-preview:-1\" \/>\n<link rel=\"canonical\" href=\"https:\/\/atypique.brunotarhan.fr\/index.php\/produit\/babar-is-the-colour\/\" \/>\n<meta property=\"og:locale\" content=\"fr_FR\" \/>\n<meta property=\"og:type\" content=\"article\" \/>\n<meta property=\"og:title\" content=\"Babar is the colour - Atypique Concept Store\" \/>\n<meta property=\"og:description\" content=\"C\u00e9pages : Syrah, Viognier et Merlot Un canon de soif tr\u00e8s gourmand et au fruit explosif .Grande buvabilit\u00e9, ar\u00f4mes de fruits noirs et d&#039;\u00e9pices. Quel fruit ! C\u2019est tellement gourmand qu\u2019on en oublie que c\u2019est une boisson pour adulte.\" \/>\n<meta property=\"og:url\" content=\"https:\/\/atypique.brunotarhan.fr\/index.php\/produit\/babar-is-the-colour\/\" \/>\n<meta property=\"og:site_name\" content=\"Atypique Concept Store\" \/>\n<meta property=\"article:modified_time\" content=\"2022-04-08T11:22:15+00:00\" \/>\n<meta name=\"twitter:card\" content=\"summary_large_image\" \/>\n<meta name=\"twitter:label1\" content=\"Dur\u00e9e de lecture estim\u00e9e\" \/>\n\t<meta name=\"twitter:data1\" content=\"1 minute\" \/>\n<script type=\"application\/ld+json\" class=\"yoast-schema-graph\">{\"@context\":\"https:\/\/schema.org\",\"@graph\":[{\"@type\":\"WebSite\",\"@id\":\"https:\/\/atypique.brunotarhan.fr\/#website\",\"url\":\"https:\/\/atypique.brunotarhan.fr\/\",\"name\":\"Atypique Concept Store\",\"description\":\"Just another WordPress site\",\"potentialAction\":[{\"@type\":\"SearchAction\",\"target\":{\"@type\":\"EntryPoint\",\"urlTemplate\":\"https:\/\/atypique.brunotarhan.fr\/?s={search_term_string}\"},\"query-input\":\"required name=search_term_string\"}],\"inLanguage\":\"fr-FR\"},{\"@type\":\"WebPage\",\"@id\":\"https:\/\/atypique.brunotarhan.fr\/index.php\/produit\/babar-is-the-colour\/#webpage\",\"url\":\"https:\/\/atypique.brunotarhan.fr\/index.php\/produit\/babar-is-the-colour\/\",\"name\":\"Babar is the colour - Atypique Concept Store\",\"isPartOf\":{\"@id\":\"https:\/\/atypique.brunotarhan.fr\/#website\"},\"datePublished\":\"2022-03-28T07:40:01+00:00\",\"dateModified\":\"2022-04-08T11:22:15+00:00\",\"breadcrumb\":{\"@id\":\"https:\/\/atypique.brunotarhan.fr\/index.php\/produit\/babar-is-the-colour\/#breadcrumb\"},\"inLanguage\":\"fr-FR\",\"potentialAction\":[{\"@type\":\"ReadAction\",\"target\":[\"https:\/\/atypique.brunotarhan.fr\/index.php\/produit\/babar-is-the-colour\/\"]}]},{\"@type\":\"BreadcrumbList\",\"@id\":\"https:\/\/atypique.brunotarhan.fr\/index.php\/produit\/babar-is-the-colour\/#breadcrumb\",\"itemListElement\":[{\"@type\":\"ListItem\",\"position\":1,\"name\":\"Accueil\",\"item\":\"https:\/\/atypique.brunotarhan.fr\/\"},{\"@type\":\"ListItem\",\"position\":2,\"name\":\"\"},{\"@type\":\"ListItem\",\"position\":3,\"name\":\"Babar is the colour\"}]}]}<\/script>\n<!-- \/ Yoast SEO plugin. -->","yoast_head_json":{"title":"Babar is the colour - Atypique Concept Store","robots":{"index":"index","follow":"follow","max-snippet":"max-snippet:-1","max-image-preview":"max-image-preview:large","max-video-preview":"max-video-preview:-1"},"canonical":"https:\/\/atypique.brunotarhan.fr\/index.php\/produit\/babar-is-the-colour\/","og_locale":"fr_FR","og_type":"article","og_title":"Babar is the colour - Atypique Concept Store","og_description":"C\u00e9pages : Syrah, Viognier et Merlot Un canon de soif tr\u00e8s gourmand et au fruit explosif .Grande buvabilit\u00e9, ar\u00f4mes de fruits noirs et d'\u00e9pices. Quel fruit ! C\u2019est tellement gourmand qu\u2019on en oublie que c\u2019est une boisson pour adulte.","og_url":"https:\/\/atypique.brunotarhan.fr\/index.php\/produit\/babar-is-the-colour\/","og_site_name":"Atypique Concept Store","article_modified_time":"2022-04-08T11:22:15+00:00","twitter_card":"summary_large_image","twitter_misc":{"Dur\u00e9e de lecture estim\u00e9e":"1 minute"},"schema":{"@context":"https:\/\/schema.org","@graph":[{"@type":"WebSite","@id":"https:\/\/atypique.brunotarhan.fr\/#website","url":"https:\/\/atypique.brunotarhan.fr\/","name":"Atypique Concept Store","description":"Just another WordPress site","potentialAction":[{"@type":"SearchAction","target":{"@type":"EntryPoint","urlTemplate":"https:\/\/atypique.brunotarhan.fr\/?s={search_term_string}"},"query-input":"required name=search_term_string"}],"inLanguage":"fr-FR"},{"@type":"WebPage","@id":"https:\/\/atypique.brunotarhan.fr\/index.php\/produit\/babar-is-the-colour\/#webpage","url":"https:\/\/atypique.brunotarhan.fr\/index.php\/produit\/babar-is-the-colour\/","name":"Babar is the colour - Atypique Concept Store","isPartOf":{"@id":"https:\/\/atypique.brunotarhan.fr\/#website"},"datePublished":"2022-03-28T07:40:01+00:00","dateModified":"2022-04-08T11:22:15+00:00","breadcrumb":{"@id":"https:\/\/atypique.brunotarhan.fr\/index.php\/produit\/babar-is-the-colour\/#breadcrumb"},"inLanguage":"fr-FR","potentialAction":[{"@type":"ReadAction","target":["https:\/\/atypique.brunotarhan.fr\/index.php\/produit\/babar-is-the-colour\/"]}]},{"@type":"BreadcrumbList","@id":"https:\/\/atypique.brunotarhan.fr\/index.php\/produit\/babar-is-the-colour\/#breadcrumb","itemListElement":[{"@type":"ListItem","position":1,"name":"Accueil","item":"https:\/\/atypique.brunotarhan.fr\/"},{"@type":"ListItem","position":2,"name":""},{"@type":"ListItem","position":3,"name":"Babar is the colour"}]}]}},"_links":{"self":[{"href":"https:\/\/atypique.brunotarhan.fr\/index.php\/wp-json\/wp\/v2\/product\/14704","targetHints":{"allow":["GET"]}}],"collection":[{"href":"https:\/\/atypique.brunotarhan.fr\/index.php\/wp-json\/wp\/v2\/product"}],"about":[{"href":"https:\/\/atypique.brunotarhan.fr\/index.php\/wp-json\/wp\/v2\/types\/product"}],"replies":[{"embeddable":true,"href":"https:\/\/atypique.brunotarhan.fr\/index.php\/wp-json\/wp\/v2\/comments?post=14704"}],"wp:attachment":[{"href":"https:\/\/atypique.brunotarhan.fr\/index.php\/wp-json\/wp\/v2\/media?parent=14704"}],"wp:term":[{"taxonomy":"product_cat","embeddable":true,"href":"https:\/\/atypique.brunotarhan.fr\/index.php\/wp-json\/wp\/v2\/product_cat?post=14704"},{"taxonomy":"product_tag","embeddable":true,"href":"https:\/\/atypique.brunotarhan.fr\/index.php\/wp-json\/wp\/v2\/product_tag?post=14704"}],"curies":[{"name":"wp","href":"https:\/\/api.w.org\/{rel}","templated":true}]}}