{"id":14700,"date":"2022-03-28T07:39:47","date_gmt":"2022-03-28T07:39:47","guid":{"rendered":"https:\/\/atypique.brunotarhan.fr\/?post_type=product&#038;p=14700"},"modified":"2022-04-08T11:22:08","modified_gmt":"2022-04-08T11:22:08","slug":"3-3-3","status":"publish","type":"product","link":"https:\/\/atypique.brunotarhan.fr\/index.php\/produit\/3-3-3\/","title":{"rendered":"3 3 2003"},"content":{"rendered":"<p>L\u2019ann\u00e9e 2008\u2026<br \/>\nC\u2019est probablement au d\u00e9tour d\u2019un magnum partag\u00e9 qu\u2019Olivier Trombetta, Philippe Mayoud et Daniel Sadok se sont dit quelque chose comme : \u00abEt si on produisait notre vin ?\u00bb<br \/>\nSit\u00f4t dit, sit\u00f4t fait\u2026 Les trois amis se retrouvent avec 2.5 hectares de vignes \u00e0 Sainte-C\u00e9cile-les-Vignes, de magnifiques Syrah de plus de 60 ans, du Mourv\u00e8dre et Grenache.<br \/>\nL\u2019amiti\u00e9 et les valeurs telles que le respect de la nature et du vivant les unissent.<br \/>\nTout naturellement, ils prennent soin du sol, cultivent les vignes sans pesticides, les vendanges sont manuelles.<br \/>\nIls vinifient sans intrant, et des doses infinit\u00e9simales de soufre sont utilis\u00e9es si n\u00e9cessaire.<br \/>\nLes rendements sont petits, 20 hectolitres par hectare pour la cuv\u00e9e Les Cancres !<br \/>\nIls ont vraiment bien fait de se rencontrer, ces trois Grands Enfants ! <\/p>\n<p>Les Grands Enfants<\/p>\n","protected":false},"excerpt":{"rendered":"<p>C\u00e9pages : le mourv\u00e8dre la syrah et la grenache.<\/p>\n<p>D&#8217;intense ar\u00f4mes de fruits noirs en bouche, des \u00e9pices l\u00e9g\u00e8res et discr\u00e8tes et  une finale sur la m\u00fbre et la fraicheur.<\/p>\n<p>Un vin de repas riche mais frais.<\/p>\n","protected":false},"featured_media":0,"comment_status":"open","ping_status":"closed","template":"","meta":[],"product_cat":[87],"product_tag":[],"class_list":["post-14700","product","type-product","status-publish","hentry","product_cat-vins","berocket_brand-les-grands-enfants"],"yoast_head":"<!-- This site is optimized with the Yoast SEO plugin v18.0 - https:\/\/yoast.com\/wordpress\/plugins\/seo\/ -->\n<title>3 3 2003 - Atypique Concept Store<\/title>\n<meta name=\"robots\" content=\"index, follow, max-snippet:-1, max-image-preview:large, max-video-preview:-1\" \/>\n<link rel=\"canonical\" href=\"https:\/\/atypique.brunotarhan.fr\/index.php\/produit\/3-3-3\/\" \/>\n<meta property=\"og:locale\" content=\"fr_FR\" \/>\n<meta property=\"og:type\" content=\"article\" \/>\n<meta property=\"og:title\" content=\"3 3 2003 - Atypique Concept Store\" \/>\n<meta property=\"og:description\" content=\"C\u00e9pages : le mourv\u00e8dre la syrah et la grenache. D&#039;intense ar\u00f4mes de fruits noirs en bouche, des \u00e9pices l\u00e9g\u00e8res et discr\u00e8tes et une finale sur la m\u00fbre et la fraicheur. Un vin de repas riche mais frais.\" \/>\n<meta property=\"og:url\" content=\"https:\/\/atypique.brunotarhan.fr\/index.php\/produit\/3-3-3\/\" \/>\n<meta property=\"og:site_name\" content=\"Atypique Concept Store\" \/>\n<meta property=\"article:modified_time\" content=\"2022-04-08T11:22:08+00:00\" \/>\n<meta name=\"twitter:card\" content=\"summary_large_image\" \/>\n<meta name=\"twitter:label1\" content=\"Dur\u00e9e de lecture estim\u00e9e\" \/>\n\t<meta name=\"twitter:data1\" content=\"1 minute\" \/>\n<script type=\"application\/ld+json\" class=\"yoast-schema-graph\">{\"@context\":\"https:\/\/schema.org\",\"@graph\":[{\"@type\":\"WebSite\",\"@id\":\"https:\/\/atypique.brunotarhan.fr\/#website\",\"url\":\"https:\/\/atypique.brunotarhan.fr\/\",\"name\":\"Atypique Concept Store\",\"description\":\"Just another WordPress site\",\"potentialAction\":[{\"@type\":\"SearchAction\",\"target\":{\"@type\":\"EntryPoint\",\"urlTemplate\":\"https:\/\/atypique.brunotarhan.fr\/?s={search_term_string}\"},\"query-input\":\"required name=search_term_string\"}],\"inLanguage\":\"fr-FR\"},{\"@type\":\"WebPage\",\"@id\":\"https:\/\/atypique.brunotarhan.fr\/index.php\/produit\/3-3-3\/#webpage\",\"url\":\"https:\/\/atypique.brunotarhan.fr\/index.php\/produit\/3-3-3\/\",\"name\":\"3 3 2003 - Atypique Concept Store\",\"isPartOf\":{\"@id\":\"https:\/\/atypique.brunotarhan.fr\/#website\"},\"datePublished\":\"2022-03-28T07:39:47+00:00\",\"dateModified\":\"2022-04-08T11:22:08+00:00\",\"breadcrumb\":{\"@id\":\"https:\/\/atypique.brunotarhan.fr\/index.php\/produit\/3-3-3\/#breadcrumb\"},\"inLanguage\":\"fr-FR\",\"potentialAction\":[{\"@type\":\"ReadAction\",\"target\":[\"https:\/\/atypique.brunotarhan.fr\/index.php\/produit\/3-3-3\/\"]}]},{\"@type\":\"BreadcrumbList\",\"@id\":\"https:\/\/atypique.brunotarhan.fr\/index.php\/produit\/3-3-3\/#breadcrumb\",\"itemListElement\":[{\"@type\":\"ListItem\",\"position\":1,\"name\":\"Accueil\",\"item\":\"https:\/\/atypique.brunotarhan.fr\/\"},{\"@type\":\"ListItem\",\"position\":2,\"name\":\"\"},{\"@type\":\"ListItem\",\"position\":3,\"name\":\"3 3 2003\"}]}]}<\/script>\n<!-- \/ Yoast SEO plugin. -->","yoast_head_json":{"title":"3 3 2003 - Atypique Concept Store","robots":{"index":"index","follow":"follow","max-snippet":"max-snippet:-1","max-image-preview":"max-image-preview:large","max-video-preview":"max-video-preview:-1"},"canonical":"https:\/\/atypique.brunotarhan.fr\/index.php\/produit\/3-3-3\/","og_locale":"fr_FR","og_type":"article","og_title":"3 3 2003 - Atypique Concept Store","og_description":"C\u00e9pages : le mourv\u00e8dre la syrah et la grenache. D'intense ar\u00f4mes de fruits noirs en bouche, des \u00e9pices l\u00e9g\u00e8res et discr\u00e8tes et une finale sur la m\u00fbre et la fraicheur. Un vin de repas riche mais frais.","og_url":"https:\/\/atypique.brunotarhan.fr\/index.php\/produit\/3-3-3\/","og_site_name":"Atypique Concept Store","article_modified_time":"2022-04-08T11:22:08+00:00","twitter_card":"summary_large_image","twitter_misc":{"Dur\u00e9e de lecture estim\u00e9e":"1 minute"},"schema":{"@context":"https:\/\/schema.org","@graph":[{"@type":"WebSite","@id":"https:\/\/atypique.brunotarhan.fr\/#website","url":"https:\/\/atypique.brunotarhan.fr\/","name":"Atypique Concept Store","description":"Just another WordPress site","potentialAction":[{"@type":"SearchAction","target":{"@type":"EntryPoint","urlTemplate":"https:\/\/atypique.brunotarhan.fr\/?s={search_term_string}"},"query-input":"required name=search_term_string"}],"inLanguage":"fr-FR"},{"@type":"WebPage","@id":"https:\/\/atypique.brunotarhan.fr\/index.php\/produit\/3-3-3\/#webpage","url":"https:\/\/atypique.brunotarhan.fr\/index.php\/produit\/3-3-3\/","name":"3 3 2003 - Atypique Concept Store","isPartOf":{"@id":"https:\/\/atypique.brunotarhan.fr\/#website"},"datePublished":"2022-03-28T07:39:47+00:00","dateModified":"2022-04-08T11:22:08+00:00","breadcrumb":{"@id":"https:\/\/atypique.brunotarhan.fr\/index.php\/produit\/3-3-3\/#breadcrumb"},"inLanguage":"fr-FR","potentialAction":[{"@type":"ReadAction","target":["https:\/\/atypique.brunotarhan.fr\/index.php\/produit\/3-3-3\/"]}]},{"@type":"BreadcrumbList","@id":"https:\/\/atypique.brunotarhan.fr\/index.php\/produit\/3-3-3\/#breadcrumb","itemListElement":[{"@type":"ListItem","position":1,"name":"Accueil","item":"https:\/\/atypique.brunotarhan.fr\/"},{"@type":"ListItem","position":2,"name":""},{"@type":"ListItem","position":3,"name":"3 3 2003"}]}]}},"_links":{"self":[{"href":"https:\/\/atypique.brunotarhan.fr\/index.php\/wp-json\/wp\/v2\/product\/14700","targetHints":{"allow":["GET"]}}],"collection":[{"href":"https:\/\/atypique.brunotarhan.fr\/index.php\/wp-json\/wp\/v2\/product"}],"about":[{"href":"https:\/\/atypique.brunotarhan.fr\/index.php\/wp-json\/wp\/v2\/types\/product"}],"replies":[{"embeddable":true,"href":"https:\/\/atypique.brunotarhan.fr\/index.php\/wp-json\/wp\/v2\/comments?post=14700"}],"wp:attachment":[{"href":"https:\/\/atypique.brunotarhan.fr\/index.php\/wp-json\/wp\/v2\/media?parent=14700"}],"wp:term":[{"taxonomy":"product_cat","embeddable":true,"href":"https:\/\/atypique.brunotarhan.fr\/index.php\/wp-json\/wp\/v2\/product_cat?post=14700"},{"taxonomy":"product_tag","embeddable":true,"href":"https:\/\/atypique.brunotarhan.fr\/index.php\/wp-json\/wp\/v2\/product_tag?post=14700"}],"curies":[{"name":"wp","href":"https:\/\/api.w.org\/{rel}","templated":true}]}}