{"id":14699,"date":"2022-03-28T07:39:45","date_gmt":"2022-03-28T07:39:45","guid":{"rendered":"https:\/\/atypique.brunotarhan.fr\/?post_type=product&#038;p=14699"},"modified":"2022-04-08T11:22:06","modified_gmt":"2022-04-08T11:22:06","slug":"1ere-toile","status":"publish","type":"product","link":"https:\/\/atypique.brunotarhan.fr\/index.php\/produit\/1ere-toile\/","title":{"rendered":"1\u00e8re toile"},"content":{"rendered":"<p>Mourv\u00e8dre, Grenache &#038; Carignan sont les 3 c\u00e9pages qui constituent ce domaine. Olivier, responsable de domaines viticoles depuis plus de 20 ans dans la r\u00e9gion, a repris ces terres de type garrigue en 2014. Le respect de la nature et du fruit sont ses pr\u00e9occupations premi\u00e8res. Le d\u00e9sherbage est m\u00e9canique, aucun insecticide ou produit chimique n\u2019est utilis\u00e9. Il utilise uniquement le soufre et le cuivre \u00e0 faibles doses pour traiter la vigne.<br \/>\nLes vendanges sont manuelles et le raisin est soigneusement tri\u00e9 grappe par grappe. Le plus grand soin est apport\u00e9 \u00e0 cette petite r\u00e9colte qui varient suivant les ann\u00e9es entre 30 et 35hl\/ha.<br \/>\nOlivier suit une d\u00e9marche de production de vin nature. Aucun entrant, peu ou pas de soufre, uniquement des levures indig\u00e8nes, pas de collage, pas d\u2019acidification, et de une petite filtration uniquement si n\u00e9cessaire&#8230; tels sont les ingr\u00e9dients pour l&#8217;obtention d&#8217;un vin libre, vivant respectant la sant\u00e9 du vigneron et consommateur.<\/p>\n","protected":false},"excerpt":{"rendered":"<p>C\u00e9pages : 60% Grenache 40% mourvedre<\/p>\n<p>De couleur rubis, ce vin structur\u00e9 a des tanins bien pr\u00e9sents mais souples qui laissent place \u00e0 une bouche pleine et solaire, sur des notes de fruits rouges confitur\u00e9s, de cacao et de r\u00e9glisse.<\/p>\n","protected":false},"featured_media":0,"comment_status":"open","ping_status":"closed","template":"","meta":[],"product_cat":[87],"product_tag":[],"class_list":["post-14699","product","type-product","status-publish","hentry","product_cat-vins","berocket_brand-le-cri-de-laraignee"],"yoast_head":"<!-- This site is optimized with the Yoast SEO plugin v18.0 - https:\/\/yoast.com\/wordpress\/plugins\/seo\/ -->\n<title>1\u00e8re toile - Atypique Concept Store<\/title>\n<meta name=\"robots\" content=\"index, follow, max-snippet:-1, max-image-preview:large, max-video-preview:-1\" \/>\n<link rel=\"canonical\" href=\"https:\/\/atypique.brunotarhan.fr\/index.php\/produit\/1ere-toile\/\" \/>\n<meta property=\"og:locale\" content=\"fr_FR\" \/>\n<meta property=\"og:type\" content=\"article\" \/>\n<meta property=\"og:title\" content=\"1\u00e8re toile - Atypique Concept Store\" \/>\n<meta property=\"og:description\" content=\"C\u00e9pages : 60% Grenache 40% mourvedre De couleur rubis, ce vin structur\u00e9 a des tanins bien pr\u00e9sents mais souples qui laissent place \u00e0 une bouche pleine et solaire, sur des notes de fruits rouges confitur\u00e9s, de cacao et de r\u00e9glisse.\" \/>\n<meta property=\"og:url\" content=\"https:\/\/atypique.brunotarhan.fr\/index.php\/produit\/1ere-toile\/\" \/>\n<meta property=\"og:site_name\" content=\"Atypique Concept Store\" \/>\n<meta property=\"article:modified_time\" content=\"2022-04-08T11:22:06+00:00\" \/>\n<meta name=\"twitter:card\" content=\"summary_large_image\" \/>\n<meta name=\"twitter:label1\" content=\"Dur\u00e9e de lecture estim\u00e9e\" \/>\n\t<meta name=\"twitter:data1\" content=\"1 minute\" \/>\n<script type=\"application\/ld+json\" class=\"yoast-schema-graph\">{\"@context\":\"https:\/\/schema.org\",\"@graph\":[{\"@type\":\"WebSite\",\"@id\":\"https:\/\/atypique.brunotarhan.fr\/#website\",\"url\":\"https:\/\/atypique.brunotarhan.fr\/\",\"name\":\"Atypique Concept Store\",\"description\":\"Just another WordPress site\",\"potentialAction\":[{\"@type\":\"SearchAction\",\"target\":{\"@type\":\"EntryPoint\",\"urlTemplate\":\"https:\/\/atypique.brunotarhan.fr\/?s={search_term_string}\"},\"query-input\":\"required name=search_term_string\"}],\"inLanguage\":\"fr-FR\"},{\"@type\":\"WebPage\",\"@id\":\"https:\/\/atypique.brunotarhan.fr\/index.php\/produit\/1ere-toile\/#webpage\",\"url\":\"https:\/\/atypique.brunotarhan.fr\/index.php\/produit\/1ere-toile\/\",\"name\":\"1\u00e8re toile - Atypique Concept Store\",\"isPartOf\":{\"@id\":\"https:\/\/atypique.brunotarhan.fr\/#website\"},\"datePublished\":\"2022-03-28T07:39:45+00:00\",\"dateModified\":\"2022-04-08T11:22:06+00:00\",\"breadcrumb\":{\"@id\":\"https:\/\/atypique.brunotarhan.fr\/index.php\/produit\/1ere-toile\/#breadcrumb\"},\"inLanguage\":\"fr-FR\",\"potentialAction\":[{\"@type\":\"ReadAction\",\"target\":[\"https:\/\/atypique.brunotarhan.fr\/index.php\/produit\/1ere-toile\/\"]}]},{\"@type\":\"BreadcrumbList\",\"@id\":\"https:\/\/atypique.brunotarhan.fr\/index.php\/produit\/1ere-toile\/#breadcrumb\",\"itemListElement\":[{\"@type\":\"ListItem\",\"position\":1,\"name\":\"Accueil\",\"item\":\"https:\/\/atypique.brunotarhan.fr\/\"},{\"@type\":\"ListItem\",\"position\":2,\"name\":\"\"},{\"@type\":\"ListItem\",\"position\":3,\"name\":\"1\u00e8re toile\"}]}]}<\/script>\n<!-- \/ Yoast SEO plugin. -->","yoast_head_json":{"title":"1\u00e8re toile - Atypique Concept Store","robots":{"index":"index","follow":"follow","max-snippet":"max-snippet:-1","max-image-preview":"max-image-preview:large","max-video-preview":"max-video-preview:-1"},"canonical":"https:\/\/atypique.brunotarhan.fr\/index.php\/produit\/1ere-toile\/","og_locale":"fr_FR","og_type":"article","og_title":"1\u00e8re toile - Atypique Concept Store","og_description":"C\u00e9pages : 60% Grenache 40% mourvedre De couleur rubis, ce vin structur\u00e9 a des tanins bien pr\u00e9sents mais souples qui laissent place \u00e0 une bouche pleine et solaire, sur des notes de fruits rouges confitur\u00e9s, de cacao et de r\u00e9glisse.","og_url":"https:\/\/atypique.brunotarhan.fr\/index.php\/produit\/1ere-toile\/","og_site_name":"Atypique Concept Store","article_modified_time":"2022-04-08T11:22:06+00:00","twitter_card":"summary_large_image","twitter_misc":{"Dur\u00e9e de lecture estim\u00e9e":"1 minute"},"schema":{"@context":"https:\/\/schema.org","@graph":[{"@type":"WebSite","@id":"https:\/\/atypique.brunotarhan.fr\/#website","url":"https:\/\/atypique.brunotarhan.fr\/","name":"Atypique Concept Store","description":"Just another WordPress site","potentialAction":[{"@type":"SearchAction","target":{"@type":"EntryPoint","urlTemplate":"https:\/\/atypique.brunotarhan.fr\/?s={search_term_string}"},"query-input":"required name=search_term_string"}],"inLanguage":"fr-FR"},{"@type":"WebPage","@id":"https:\/\/atypique.brunotarhan.fr\/index.php\/produit\/1ere-toile\/#webpage","url":"https:\/\/atypique.brunotarhan.fr\/index.php\/produit\/1ere-toile\/","name":"1\u00e8re toile - Atypique Concept Store","isPartOf":{"@id":"https:\/\/atypique.brunotarhan.fr\/#website"},"datePublished":"2022-03-28T07:39:45+00:00","dateModified":"2022-04-08T11:22:06+00:00","breadcrumb":{"@id":"https:\/\/atypique.brunotarhan.fr\/index.php\/produit\/1ere-toile\/#breadcrumb"},"inLanguage":"fr-FR","potentialAction":[{"@type":"ReadAction","target":["https:\/\/atypique.brunotarhan.fr\/index.php\/produit\/1ere-toile\/"]}]},{"@type":"BreadcrumbList","@id":"https:\/\/atypique.brunotarhan.fr\/index.php\/produit\/1ere-toile\/#breadcrumb","itemListElement":[{"@type":"ListItem","position":1,"name":"Accueil","item":"https:\/\/atypique.brunotarhan.fr\/"},{"@type":"ListItem","position":2,"name":""},{"@type":"ListItem","position":3,"name":"1\u00e8re toile"}]}]}},"_links":{"self":[{"href":"https:\/\/atypique.brunotarhan.fr\/index.php\/wp-json\/wp\/v2\/product\/14699","targetHints":{"allow":["GET"]}}],"collection":[{"href":"https:\/\/atypique.brunotarhan.fr\/index.php\/wp-json\/wp\/v2\/product"}],"about":[{"href":"https:\/\/atypique.brunotarhan.fr\/index.php\/wp-json\/wp\/v2\/types\/product"}],"replies":[{"embeddable":true,"href":"https:\/\/atypique.brunotarhan.fr\/index.php\/wp-json\/wp\/v2\/comments?post=14699"}],"wp:attachment":[{"href":"https:\/\/atypique.brunotarhan.fr\/index.php\/wp-json\/wp\/v2\/media?parent=14699"}],"wp:term":[{"taxonomy":"product_cat","embeddable":true,"href":"https:\/\/atypique.brunotarhan.fr\/index.php\/wp-json\/wp\/v2\/product_cat?post=14699"},{"taxonomy":"product_tag","embeddable":true,"href":"https:\/\/atypique.brunotarhan.fr\/index.php\/wp-json\/wp\/v2\/product_tag?post=14699"}],"curies":[{"name":"wp","href":"https:\/\/api.w.org\/{rel}","templated":true}]}}