{"id":14682,"date":"2022-03-28T07:38:57","date_gmt":"2022-03-28T07:38:57","guid":{"rendered":"https:\/\/atypique.brunotarhan.fr\/?post_type=product&#038;p=14682"},"modified":"2022-04-08T11:21:27","modified_gmt":"2022-04-08T11:21:27","slug":"gorgorlou","status":"publish","type":"product","link":"https:\/\/atypique.brunotarhan.fr\/index.php\/produit\/gorgorlou\/","title":{"rendered":"Gorgorlou"},"content":{"rendered":"","protected":false},"excerpt":{"rendered":"<p>C\u00e9page : Carignan<\/p>\n<p> \u00e9grapp\u00e9 puis encuv\u00e9 pendant 3 semaines. Infusion des raisins avec quelques l\u00e9gers remontages. Parcelles centenaires sur coteaux schisteux entour\u00e9es d&#8217;un maquis m\u00e9diterran\u00e9en.<\/p>\n<p>voil\u00e0 un canon de haute vol\u00e9e ,Un vin naturel au superbe fruit et \u00e0 la belle profondeur. Sa structure permet d\u2019envisager une garde de 2 \u00e0 5 ans.<\/p>\n","protected":false},"featured_media":0,"comment_status":"open","ping_status":"closed","template":"","meta":[],"product_cat":[87],"product_tag":[],"class_list":["post-14682","product","type-product","status-publish","hentry","product_cat-vins","berocket_brand-la-cave-apicole"],"yoast_head":"<!-- This site is optimized with the Yoast SEO plugin v18.0 - https:\/\/yoast.com\/wordpress\/plugins\/seo\/ -->\n<title>Gorgorlou - Atypique Concept Store<\/title>\n<meta name=\"robots\" content=\"index, follow, max-snippet:-1, max-image-preview:large, max-video-preview:-1\" \/>\n<link rel=\"canonical\" href=\"https:\/\/atypique.brunotarhan.fr\/index.php\/produit\/gorgorlou\/\" \/>\n<meta property=\"og:locale\" content=\"fr_FR\" \/>\n<meta property=\"og:type\" content=\"article\" \/>\n<meta property=\"og:title\" content=\"Gorgorlou - Atypique Concept Store\" \/>\n<meta property=\"og:description\" content=\"C\u00e9page : Carignan  \u00e9grapp\u00e9 puis encuv\u00e9 pendant 3 semaines. Infusion des raisins avec quelques l\u00e9gers remontages. Parcelles centenaires sur coteaux schisteux entour\u00e9es d&#039;un maquis m\u00e9diterran\u00e9en. voil\u00e0 un canon de haute vol\u00e9e ,Un vin naturel au superbe fruit et \u00e0 la belle profondeur. Sa structure permet d\u2019envisager une garde de 2 \u00e0 5 ans.\" \/>\n<meta property=\"og:url\" content=\"https:\/\/atypique.brunotarhan.fr\/index.php\/produit\/gorgorlou\/\" \/>\n<meta property=\"og:site_name\" content=\"Atypique Concept Store\" \/>\n<meta property=\"article:modified_time\" content=\"2022-04-08T11:21:27+00:00\" \/>\n<meta name=\"twitter:card\" content=\"summary_large_image\" \/>\n<script type=\"application\/ld+json\" class=\"yoast-schema-graph\">{\"@context\":\"https:\/\/schema.org\",\"@graph\":[{\"@type\":\"WebSite\",\"@id\":\"https:\/\/atypique.brunotarhan.fr\/#website\",\"url\":\"https:\/\/atypique.brunotarhan.fr\/\",\"name\":\"Atypique Concept Store\",\"description\":\"Just another WordPress site\",\"potentialAction\":[{\"@type\":\"SearchAction\",\"target\":{\"@type\":\"EntryPoint\",\"urlTemplate\":\"https:\/\/atypique.brunotarhan.fr\/?s={search_term_string}\"},\"query-input\":\"required name=search_term_string\"}],\"inLanguage\":\"fr-FR\"},{\"@type\":\"WebPage\",\"@id\":\"https:\/\/atypique.brunotarhan.fr\/index.php\/produit\/gorgorlou\/#webpage\",\"url\":\"https:\/\/atypique.brunotarhan.fr\/index.php\/produit\/gorgorlou\/\",\"name\":\"Gorgorlou - Atypique Concept Store\",\"isPartOf\":{\"@id\":\"https:\/\/atypique.brunotarhan.fr\/#website\"},\"datePublished\":\"2022-03-28T07:38:57+00:00\",\"dateModified\":\"2022-04-08T11:21:27+00:00\",\"breadcrumb\":{\"@id\":\"https:\/\/atypique.brunotarhan.fr\/index.php\/produit\/gorgorlou\/#breadcrumb\"},\"inLanguage\":\"fr-FR\",\"potentialAction\":[{\"@type\":\"ReadAction\",\"target\":[\"https:\/\/atypique.brunotarhan.fr\/index.php\/produit\/gorgorlou\/\"]}]},{\"@type\":\"BreadcrumbList\",\"@id\":\"https:\/\/atypique.brunotarhan.fr\/index.php\/produit\/gorgorlou\/#breadcrumb\",\"itemListElement\":[{\"@type\":\"ListItem\",\"position\":1,\"name\":\"Accueil\",\"item\":\"https:\/\/atypique.brunotarhan.fr\/\"},{\"@type\":\"ListItem\",\"position\":2,\"name\":\"\"},{\"@type\":\"ListItem\",\"position\":3,\"name\":\"Gorgorlou\"}]}]}<\/script>\n<!-- \/ Yoast SEO plugin. -->","yoast_head_json":{"title":"Gorgorlou - Atypique Concept Store","robots":{"index":"index","follow":"follow","max-snippet":"max-snippet:-1","max-image-preview":"max-image-preview:large","max-video-preview":"max-video-preview:-1"},"canonical":"https:\/\/atypique.brunotarhan.fr\/index.php\/produit\/gorgorlou\/","og_locale":"fr_FR","og_type":"article","og_title":"Gorgorlou - Atypique Concept Store","og_description":"C\u00e9page : Carignan  \u00e9grapp\u00e9 puis encuv\u00e9 pendant 3 semaines. Infusion des raisins avec quelques l\u00e9gers remontages. Parcelles centenaires sur coteaux schisteux entour\u00e9es d'un maquis m\u00e9diterran\u00e9en. voil\u00e0 un canon de haute vol\u00e9e ,Un vin naturel au superbe fruit et \u00e0 la belle profondeur. Sa structure permet d\u2019envisager une garde de 2 \u00e0 5 ans.","og_url":"https:\/\/atypique.brunotarhan.fr\/index.php\/produit\/gorgorlou\/","og_site_name":"Atypique Concept Store","article_modified_time":"2022-04-08T11:21:27+00:00","twitter_card":"summary_large_image","schema":{"@context":"https:\/\/schema.org","@graph":[{"@type":"WebSite","@id":"https:\/\/atypique.brunotarhan.fr\/#website","url":"https:\/\/atypique.brunotarhan.fr\/","name":"Atypique Concept Store","description":"Just another WordPress site","potentialAction":[{"@type":"SearchAction","target":{"@type":"EntryPoint","urlTemplate":"https:\/\/atypique.brunotarhan.fr\/?s={search_term_string}"},"query-input":"required name=search_term_string"}],"inLanguage":"fr-FR"},{"@type":"WebPage","@id":"https:\/\/atypique.brunotarhan.fr\/index.php\/produit\/gorgorlou\/#webpage","url":"https:\/\/atypique.brunotarhan.fr\/index.php\/produit\/gorgorlou\/","name":"Gorgorlou - Atypique Concept Store","isPartOf":{"@id":"https:\/\/atypique.brunotarhan.fr\/#website"},"datePublished":"2022-03-28T07:38:57+00:00","dateModified":"2022-04-08T11:21:27+00:00","breadcrumb":{"@id":"https:\/\/atypique.brunotarhan.fr\/index.php\/produit\/gorgorlou\/#breadcrumb"},"inLanguage":"fr-FR","potentialAction":[{"@type":"ReadAction","target":["https:\/\/atypique.brunotarhan.fr\/index.php\/produit\/gorgorlou\/"]}]},{"@type":"BreadcrumbList","@id":"https:\/\/atypique.brunotarhan.fr\/index.php\/produit\/gorgorlou\/#breadcrumb","itemListElement":[{"@type":"ListItem","position":1,"name":"Accueil","item":"https:\/\/atypique.brunotarhan.fr\/"},{"@type":"ListItem","position":2,"name":""},{"@type":"ListItem","position":3,"name":"Gorgorlou"}]}]}},"_links":{"self":[{"href":"https:\/\/atypique.brunotarhan.fr\/index.php\/wp-json\/wp\/v2\/product\/14682","targetHints":{"allow":["GET"]}}],"collection":[{"href":"https:\/\/atypique.brunotarhan.fr\/index.php\/wp-json\/wp\/v2\/product"}],"about":[{"href":"https:\/\/atypique.brunotarhan.fr\/index.php\/wp-json\/wp\/v2\/types\/product"}],"replies":[{"embeddable":true,"href":"https:\/\/atypique.brunotarhan.fr\/index.php\/wp-json\/wp\/v2\/comments?post=14682"}],"wp:attachment":[{"href":"https:\/\/atypique.brunotarhan.fr\/index.php\/wp-json\/wp\/v2\/media?parent=14682"}],"wp:term":[{"taxonomy":"product_cat","embeddable":true,"href":"https:\/\/atypique.brunotarhan.fr\/index.php\/wp-json\/wp\/v2\/product_cat?post=14682"},{"taxonomy":"product_tag","embeddable":true,"href":"https:\/\/atypique.brunotarhan.fr\/index.php\/wp-json\/wp\/v2\/product_tag?post=14682"}],"curies":[{"name":"wp","href":"https:\/\/api.w.org\/{rel}","templated":true}]}}