{"id":14680,"date":"2022-03-28T07:38:53","date_gmt":"2022-03-28T07:38:53","guid":{"rendered":"https:\/\/atypique.brunotarhan.fr\/?post_type=product&#038;p=14680"},"modified":"2022-04-08T11:21:23","modified_gmt":"2022-04-08T11:21:23","slug":"utreia","status":"publish","type":"product","link":"https:\/\/atypique.brunotarhan.fr\/index.php\/produit\/utreia\/","title":{"rendered":"Utreia"},"content":{"rendered":"","protected":false},"excerpt":{"rendered":"<p>C\u00e9pages : Grenache 93% Cinsault 7%<\/p>\n<p>Grenache : vinifi\u00e9 21 jours en cuve, vendange \u00e9rafl\u00e9e \u00e0 70%, avec remontage quotidien. Elevage 8 mois \u00e0 40% en jarre de terre cuite (qvevri g\u00e9orgienne) et 60% en  barriques de ch\u00eane fran\u00e7ais (tonnelleries bourguignonnes)<br \/>\nCinsault : vinifi\u00e9 (mac\u00e9ration de 8 mois) en jarre de terre cuite (qvevri g\u00e9orgienne), vendange \u00e9rafl\u00e9e.<\/p>\n<p>Avec son parfum de yaourt aux fruits rouges, Ultre\u00efa se montre gourmand, g\u00e9n\u00e9reux. En bouche ses tanins souples et fins caressent le palais. Un vin naturel pur, \u00e9l\u00e9gant.<\/p>\n","protected":false},"featured_media":0,"comment_status":"open","ping_status":"closed","template":"","meta":[],"product_cat":[87],"product_tag":[],"class_list":["post-14680","product","type-product","status-publish","hentry","product_cat-vins","berocket_brand-justine-vigne"],"yoast_head":"<!-- This site is optimized with the Yoast SEO plugin v18.0 - https:\/\/yoast.com\/wordpress\/plugins\/seo\/ -->\n<title>Utreia - Atypique Concept Store<\/title>\n<meta name=\"robots\" content=\"index, follow, max-snippet:-1, max-image-preview:large, max-video-preview:-1\" \/>\n<link rel=\"canonical\" href=\"https:\/\/atypique.brunotarhan.fr\/index.php\/produit\/utreia\/\" \/>\n<meta property=\"og:locale\" content=\"fr_FR\" \/>\n<meta property=\"og:type\" content=\"article\" \/>\n<meta property=\"og:title\" content=\"Utreia - Atypique Concept Store\" \/>\n<meta property=\"og:description\" content=\"C\u00e9pages : Grenache 93% Cinsault 7% Grenache : vinifi\u00e9 21 jours en cuve, vendange \u00e9rafl\u00e9e \u00e0 70%, avec remontage quotidien. Elevage 8 mois \u00e0 40% en jarre de terre cuite (qvevri g\u00e9orgienne) et 60% en barriques de ch\u00eane fran\u00e7ais (tonnelleries bourguignonnes) Cinsault : vinifi\u00e9 (mac\u00e9ration de 8 mois) en jarre de terre cuite (qvevri g\u00e9orgienne), vendange \u00e9rafl\u00e9e. Avec son parfum de yaourt aux fruits rouges, Ultre\u00efa se montre gourmand, g\u00e9n\u00e9reux. En bouche ses tanins souples et fins caressent le palais. Un vin naturel pur, \u00e9l\u00e9gant.\" \/>\n<meta property=\"og:url\" content=\"https:\/\/atypique.brunotarhan.fr\/index.php\/produit\/utreia\/\" \/>\n<meta property=\"og:site_name\" content=\"Atypique Concept Store\" \/>\n<meta property=\"article:modified_time\" content=\"2022-04-08T11:21:23+00:00\" \/>\n<meta name=\"twitter:card\" content=\"summary_large_image\" \/>\n<script type=\"application\/ld+json\" class=\"yoast-schema-graph\">{\"@context\":\"https:\/\/schema.org\",\"@graph\":[{\"@type\":\"WebSite\",\"@id\":\"https:\/\/atypique.brunotarhan.fr\/#website\",\"url\":\"https:\/\/atypique.brunotarhan.fr\/\",\"name\":\"Atypique Concept Store\",\"description\":\"Just another WordPress site\",\"potentialAction\":[{\"@type\":\"SearchAction\",\"target\":{\"@type\":\"EntryPoint\",\"urlTemplate\":\"https:\/\/atypique.brunotarhan.fr\/?s={search_term_string}\"},\"query-input\":\"required name=search_term_string\"}],\"inLanguage\":\"fr-FR\"},{\"@type\":\"WebPage\",\"@id\":\"https:\/\/atypique.brunotarhan.fr\/index.php\/produit\/utreia\/#webpage\",\"url\":\"https:\/\/atypique.brunotarhan.fr\/index.php\/produit\/utreia\/\",\"name\":\"Utreia - Atypique Concept Store\",\"isPartOf\":{\"@id\":\"https:\/\/atypique.brunotarhan.fr\/#website\"},\"datePublished\":\"2022-03-28T07:38:53+00:00\",\"dateModified\":\"2022-04-08T11:21:23+00:00\",\"breadcrumb\":{\"@id\":\"https:\/\/atypique.brunotarhan.fr\/index.php\/produit\/utreia\/#breadcrumb\"},\"inLanguage\":\"fr-FR\",\"potentialAction\":[{\"@type\":\"ReadAction\",\"target\":[\"https:\/\/atypique.brunotarhan.fr\/index.php\/produit\/utreia\/\"]}]},{\"@type\":\"BreadcrumbList\",\"@id\":\"https:\/\/atypique.brunotarhan.fr\/index.php\/produit\/utreia\/#breadcrumb\",\"itemListElement\":[{\"@type\":\"ListItem\",\"position\":1,\"name\":\"Accueil\",\"item\":\"https:\/\/atypique.brunotarhan.fr\/\"},{\"@type\":\"ListItem\",\"position\":2,\"name\":\"\"},{\"@type\":\"ListItem\",\"position\":3,\"name\":\"Utreia\"}]}]}<\/script>\n<!-- \/ Yoast SEO plugin. -->","yoast_head_json":{"title":"Utreia - Atypique Concept Store","robots":{"index":"index","follow":"follow","max-snippet":"max-snippet:-1","max-image-preview":"max-image-preview:large","max-video-preview":"max-video-preview:-1"},"canonical":"https:\/\/atypique.brunotarhan.fr\/index.php\/produit\/utreia\/","og_locale":"fr_FR","og_type":"article","og_title":"Utreia - Atypique Concept Store","og_description":"C\u00e9pages : Grenache 93% Cinsault 7% Grenache : vinifi\u00e9 21 jours en cuve, vendange \u00e9rafl\u00e9e \u00e0 70%, avec remontage quotidien. Elevage 8 mois \u00e0 40% en jarre de terre cuite (qvevri g\u00e9orgienne) et 60% en barriques de ch\u00eane fran\u00e7ais (tonnelleries bourguignonnes) Cinsault : vinifi\u00e9 (mac\u00e9ration de 8 mois) en jarre de terre cuite (qvevri g\u00e9orgienne), vendange \u00e9rafl\u00e9e. Avec son parfum de yaourt aux fruits rouges, Ultre\u00efa se montre gourmand, g\u00e9n\u00e9reux. En bouche ses tanins souples et fins caressent le palais. Un vin naturel pur, \u00e9l\u00e9gant.","og_url":"https:\/\/atypique.brunotarhan.fr\/index.php\/produit\/utreia\/","og_site_name":"Atypique Concept Store","article_modified_time":"2022-04-08T11:21:23+00:00","twitter_card":"summary_large_image","schema":{"@context":"https:\/\/schema.org","@graph":[{"@type":"WebSite","@id":"https:\/\/atypique.brunotarhan.fr\/#website","url":"https:\/\/atypique.brunotarhan.fr\/","name":"Atypique Concept Store","description":"Just another WordPress site","potentialAction":[{"@type":"SearchAction","target":{"@type":"EntryPoint","urlTemplate":"https:\/\/atypique.brunotarhan.fr\/?s={search_term_string}"},"query-input":"required name=search_term_string"}],"inLanguage":"fr-FR"},{"@type":"WebPage","@id":"https:\/\/atypique.brunotarhan.fr\/index.php\/produit\/utreia\/#webpage","url":"https:\/\/atypique.brunotarhan.fr\/index.php\/produit\/utreia\/","name":"Utreia - Atypique Concept Store","isPartOf":{"@id":"https:\/\/atypique.brunotarhan.fr\/#website"},"datePublished":"2022-03-28T07:38:53+00:00","dateModified":"2022-04-08T11:21:23+00:00","breadcrumb":{"@id":"https:\/\/atypique.brunotarhan.fr\/index.php\/produit\/utreia\/#breadcrumb"},"inLanguage":"fr-FR","potentialAction":[{"@type":"ReadAction","target":["https:\/\/atypique.brunotarhan.fr\/index.php\/produit\/utreia\/"]}]},{"@type":"BreadcrumbList","@id":"https:\/\/atypique.brunotarhan.fr\/index.php\/produit\/utreia\/#breadcrumb","itemListElement":[{"@type":"ListItem","position":1,"name":"Accueil","item":"https:\/\/atypique.brunotarhan.fr\/"},{"@type":"ListItem","position":2,"name":""},{"@type":"ListItem","position":3,"name":"Utreia"}]}]}},"_links":{"self":[{"href":"https:\/\/atypique.brunotarhan.fr\/index.php\/wp-json\/wp\/v2\/product\/14680","targetHints":{"allow":["GET"]}}],"collection":[{"href":"https:\/\/atypique.brunotarhan.fr\/index.php\/wp-json\/wp\/v2\/product"}],"about":[{"href":"https:\/\/atypique.brunotarhan.fr\/index.php\/wp-json\/wp\/v2\/types\/product"}],"replies":[{"embeddable":true,"href":"https:\/\/atypique.brunotarhan.fr\/index.php\/wp-json\/wp\/v2\/comments?post=14680"}],"wp:attachment":[{"href":"https:\/\/atypique.brunotarhan.fr\/index.php\/wp-json\/wp\/v2\/media?parent=14680"}],"wp:term":[{"taxonomy":"product_cat","embeddable":true,"href":"https:\/\/atypique.brunotarhan.fr\/index.php\/wp-json\/wp\/v2\/product_cat?post=14680"},{"taxonomy":"product_tag","embeddable":true,"href":"https:\/\/atypique.brunotarhan.fr\/index.php\/wp-json\/wp\/v2\/product_tag?post=14680"}],"curies":[{"name":"wp","href":"https:\/\/api.w.org\/{rel}","templated":true}]}}