{"id":14679,"date":"2022-03-28T07:38:51","date_gmt":"2022-03-28T07:38:51","guid":{"rendered":"https:\/\/atypique.brunotarhan.fr\/?post_type=product&#038;p=14679"},"modified":"2022-04-08T11:21:21","modified_gmt":"2022-04-08T11:21:21","slug":"sensation","status":"publish","type":"product","link":"https:\/\/atypique.brunotarhan.fr\/index.php\/produit\/sensation\/","title":{"rendered":"Sensation"},"content":{"rendered":"","protected":false},"excerpt":{"rendered":"<p>C\u00e9pages : Carignan 50%, Grenache 50%<\/p>\n<p>Assemblage du carignan et du grenache \u00e0 50\/50, vinifi\u00e9 avec 30% de grappes enti\u00e8re en cuve inox, douce &#8220;infusion&#8221; pendant 15 jours, avec des remontages quotidiens. Aucun intrants ni sulfites ajout\u00e9s.<br \/>\nvinifi\u00e9 avec 30% de grappes enti\u00e8res, pour une \u201cinfusion\u201d en douceur.  Sensation est charnu, plein, pur, gorg\u00e9 de fruits frais, avec une touche florale. A l\u2019\u00e9quilibre entre la solarit\u00e9 du Sud et la tension min\u00e9rale. Ne pas h\u00e9siter \u00e0 le carafer 1 heure avant le repas.<\/p>\n","protected":false},"featured_media":0,"comment_status":"open","ping_status":"closed","template":"","meta":[],"product_cat":[87],"product_tag":[],"class_list":["post-14679","product","type-product","status-publish","hentry","product_cat-vins","berocket_brand-justine-vigne"],"yoast_head":"<!-- This site is optimized with the Yoast SEO plugin v18.0 - https:\/\/yoast.com\/wordpress\/plugins\/seo\/ -->\n<title>Sensation - Atypique Concept Store<\/title>\n<meta name=\"robots\" content=\"index, follow, max-snippet:-1, max-image-preview:large, max-video-preview:-1\" \/>\n<link rel=\"canonical\" href=\"https:\/\/atypique.brunotarhan.fr\/index.php\/produit\/sensation\/\" \/>\n<meta property=\"og:locale\" content=\"fr_FR\" \/>\n<meta property=\"og:type\" content=\"article\" \/>\n<meta property=\"og:title\" content=\"Sensation - Atypique Concept Store\" \/>\n<meta property=\"og:description\" content=\"C\u00e9pages : Carignan 50%, Grenache 50% Assemblage du carignan et du grenache \u00e0 50\/50, vinifi\u00e9 avec 30% de grappes enti\u00e8re en cuve inox, douce &quot;infusion&quot; pendant 15 jours, avec des remontages quotidiens. Aucun intrants ni sulfites ajout\u00e9s. vinifi\u00e9 avec 30% de grappes enti\u00e8res, pour une \u201cinfusion\u201d en douceur. Sensation est charnu, plein, pur, gorg\u00e9 de fruits frais, avec une touche florale. A l\u2019\u00e9quilibre entre la solarit\u00e9 du Sud et la tension min\u00e9rale. Ne pas h\u00e9siter \u00e0 le carafer 1 heure avant le repas.\" \/>\n<meta property=\"og:url\" content=\"https:\/\/atypique.brunotarhan.fr\/index.php\/produit\/sensation\/\" \/>\n<meta property=\"og:site_name\" content=\"Atypique Concept Store\" \/>\n<meta property=\"article:modified_time\" content=\"2022-04-08T11:21:21+00:00\" \/>\n<meta name=\"twitter:card\" content=\"summary_large_image\" \/>\n<script type=\"application\/ld+json\" class=\"yoast-schema-graph\">{\"@context\":\"https:\/\/schema.org\",\"@graph\":[{\"@type\":\"WebSite\",\"@id\":\"https:\/\/atypique.brunotarhan.fr\/#website\",\"url\":\"https:\/\/atypique.brunotarhan.fr\/\",\"name\":\"Atypique Concept Store\",\"description\":\"Just another WordPress site\",\"potentialAction\":[{\"@type\":\"SearchAction\",\"target\":{\"@type\":\"EntryPoint\",\"urlTemplate\":\"https:\/\/atypique.brunotarhan.fr\/?s={search_term_string}\"},\"query-input\":\"required name=search_term_string\"}],\"inLanguage\":\"fr-FR\"},{\"@type\":\"WebPage\",\"@id\":\"https:\/\/atypique.brunotarhan.fr\/index.php\/produit\/sensation\/#webpage\",\"url\":\"https:\/\/atypique.brunotarhan.fr\/index.php\/produit\/sensation\/\",\"name\":\"Sensation - Atypique Concept Store\",\"isPartOf\":{\"@id\":\"https:\/\/atypique.brunotarhan.fr\/#website\"},\"datePublished\":\"2022-03-28T07:38:51+00:00\",\"dateModified\":\"2022-04-08T11:21:21+00:00\",\"breadcrumb\":{\"@id\":\"https:\/\/atypique.brunotarhan.fr\/index.php\/produit\/sensation\/#breadcrumb\"},\"inLanguage\":\"fr-FR\",\"potentialAction\":[{\"@type\":\"ReadAction\",\"target\":[\"https:\/\/atypique.brunotarhan.fr\/index.php\/produit\/sensation\/\"]}]},{\"@type\":\"BreadcrumbList\",\"@id\":\"https:\/\/atypique.brunotarhan.fr\/index.php\/produit\/sensation\/#breadcrumb\",\"itemListElement\":[{\"@type\":\"ListItem\",\"position\":1,\"name\":\"Accueil\",\"item\":\"https:\/\/atypique.brunotarhan.fr\/\"},{\"@type\":\"ListItem\",\"position\":2,\"name\":\"\"},{\"@type\":\"ListItem\",\"position\":3,\"name\":\"Sensation\"}]}]}<\/script>\n<!-- \/ Yoast SEO plugin. -->","yoast_head_json":{"title":"Sensation - Atypique Concept Store","robots":{"index":"index","follow":"follow","max-snippet":"max-snippet:-1","max-image-preview":"max-image-preview:large","max-video-preview":"max-video-preview:-1"},"canonical":"https:\/\/atypique.brunotarhan.fr\/index.php\/produit\/sensation\/","og_locale":"fr_FR","og_type":"article","og_title":"Sensation - Atypique Concept Store","og_description":"C\u00e9pages : Carignan 50%, Grenache 50% Assemblage du carignan et du grenache \u00e0 50\/50, vinifi\u00e9 avec 30% de grappes enti\u00e8re en cuve inox, douce \"infusion\" pendant 15 jours, avec des remontages quotidiens. Aucun intrants ni sulfites ajout\u00e9s. vinifi\u00e9 avec 30% de grappes enti\u00e8res, pour une \u201cinfusion\u201d en douceur. Sensation est charnu, plein, pur, gorg\u00e9 de fruits frais, avec une touche florale. A l\u2019\u00e9quilibre entre la solarit\u00e9 du Sud et la tension min\u00e9rale. Ne pas h\u00e9siter \u00e0 le carafer 1 heure avant le repas.","og_url":"https:\/\/atypique.brunotarhan.fr\/index.php\/produit\/sensation\/","og_site_name":"Atypique Concept Store","article_modified_time":"2022-04-08T11:21:21+00:00","twitter_card":"summary_large_image","schema":{"@context":"https:\/\/schema.org","@graph":[{"@type":"WebSite","@id":"https:\/\/atypique.brunotarhan.fr\/#website","url":"https:\/\/atypique.brunotarhan.fr\/","name":"Atypique Concept Store","description":"Just another WordPress site","potentialAction":[{"@type":"SearchAction","target":{"@type":"EntryPoint","urlTemplate":"https:\/\/atypique.brunotarhan.fr\/?s={search_term_string}"},"query-input":"required name=search_term_string"}],"inLanguage":"fr-FR"},{"@type":"WebPage","@id":"https:\/\/atypique.brunotarhan.fr\/index.php\/produit\/sensation\/#webpage","url":"https:\/\/atypique.brunotarhan.fr\/index.php\/produit\/sensation\/","name":"Sensation - Atypique Concept Store","isPartOf":{"@id":"https:\/\/atypique.brunotarhan.fr\/#website"},"datePublished":"2022-03-28T07:38:51+00:00","dateModified":"2022-04-08T11:21:21+00:00","breadcrumb":{"@id":"https:\/\/atypique.brunotarhan.fr\/index.php\/produit\/sensation\/#breadcrumb"},"inLanguage":"fr-FR","potentialAction":[{"@type":"ReadAction","target":["https:\/\/atypique.brunotarhan.fr\/index.php\/produit\/sensation\/"]}]},{"@type":"BreadcrumbList","@id":"https:\/\/atypique.brunotarhan.fr\/index.php\/produit\/sensation\/#breadcrumb","itemListElement":[{"@type":"ListItem","position":1,"name":"Accueil","item":"https:\/\/atypique.brunotarhan.fr\/"},{"@type":"ListItem","position":2,"name":""},{"@type":"ListItem","position":3,"name":"Sensation"}]}]}},"_links":{"self":[{"href":"https:\/\/atypique.brunotarhan.fr\/index.php\/wp-json\/wp\/v2\/product\/14679","targetHints":{"allow":["GET"]}}],"collection":[{"href":"https:\/\/atypique.brunotarhan.fr\/index.php\/wp-json\/wp\/v2\/product"}],"about":[{"href":"https:\/\/atypique.brunotarhan.fr\/index.php\/wp-json\/wp\/v2\/types\/product"}],"replies":[{"embeddable":true,"href":"https:\/\/atypique.brunotarhan.fr\/index.php\/wp-json\/wp\/v2\/comments?post=14679"}],"wp:attachment":[{"href":"https:\/\/atypique.brunotarhan.fr\/index.php\/wp-json\/wp\/v2\/media?parent=14679"}],"wp:term":[{"taxonomy":"product_cat","embeddable":true,"href":"https:\/\/atypique.brunotarhan.fr\/index.php\/wp-json\/wp\/v2\/product_cat?post=14679"},{"taxonomy":"product_tag","embeddable":true,"href":"https:\/\/atypique.brunotarhan.fr\/index.php\/wp-json\/wp\/v2\/product_tag?post=14679"}],"curies":[{"name":"wp","href":"https:\/\/api.w.org\/{rel}","templated":true}]}}