{"id":14675,"date":"2022-03-28T07:38:41","date_gmt":"2022-03-28T07:38:41","guid":{"rendered":"https:\/\/atypique.brunotarhan.fr\/?post_type=product&#038;p=14675"},"modified":"2022-04-08T11:21:14","modified_gmt":"2022-04-08T11:21:14","slug":"1826","status":"publish","type":"product","link":"https:\/\/atypique.brunotarhan.fr\/index.php\/produit\/1826\/","title":{"rendered":"1826"},"content":{"rendered":"<p>Le domaine a \u00e9t\u00e9 cr\u00e9\u00e9 en 2019 par Justine Vigne dans l\u2019Enclave des Papes, sur les terres de la cit\u00e9 templi\u00e8re de Richerenches, r\u00e9put\u00e9es pour sa Tuber Melanosporum\u2026 Depuis 1826, cinq g\u00e9n\u00e9rations se sont succ\u00e9d\u00e9es sur cette propri\u00e9t\u00e9 familiale, cultivant truffes, lavandes, c\u00e9r\u00e9ales et mara\u00eechage, avec un troupeau d\u2019ovins jusque dans les ann\u00e9es 80. C\u2019est mon grand p\u00e8re qui, dans les ann\u00e9es 50, a plant\u00e9 la premi\u00e8re parcelle de vignes, destin\u00e9es \u00e0 la cave coop\u00e9rative du village jusqu&#8217;\u00e0 mon arriv\u00e9e fin 2017. \u00c0 mon retour d\u2019un long voyage, l\u2019occasion s\u2019est pr\u00e9sent\u00e9e pour moi de r\u00e9cup\u00e9rer les premi\u00e8res parcelles de vignes pour les vinifier. J\u2019ai imm\u00e9diatement pratiqu\u00e9 une culture biologique dynamique, r\u00e9introduit le cheval pour le travail des sols, utilis\u00e9 des qvevri (jarre en terre g\u00e9orgienne) d\u00e8s la premi\u00e8re vinification, et cr\u00e9\u00e9 un potager permacole.<br \/>\nDes vins vivants \u00e0 partager simplement, audacieux, ils sauront ravir toutes les g\u00e9n\u00e9rations de la d\u00e9gustation aux repas les plus gastronomiques\u2026<br \/>\nLa maturit\u00e9 optimale de la vendange, la vinification douce et l\u2019\u00e9levage consciencieux entre jarre de terre et f\u00fbts de ch\u00eane, leur procurent une buvabilit\u00e9 imm\u00e9diate et un bon potentiel de garde (5 \u00e0 10 ans minimum), dans les r\u00e8gles de l\u2019art de la conservation des vins vivants. D\u00e9gustation id\u00e9ale autour de 15 degr\u00e9s avec plusieurs heures d\u2019ouverture \u00e0 l\u2019avance si possible.<\/p>\n","protected":false},"excerpt":{"rendered":"<p>C\u00e9page : 100% carignan<\/p>\n<p>Hommage \u00e0 la premi\u00e8re parcelle plant\u00e9e par mon grand p\u00e8re en 1955\u2026 Parcellaire s\u00e9lection massale.<br \/>\n60% mac\u00e9ration de 8 mois en jarre de terre cuite (Qvevri g\u00e9orgienne), vendange \u00e9rafl\u00e9e.<br \/>\n40% vivifi\u00e9 21 jours en cuve, vendange \u00e9rafl\u00e9e \u00e0 70%, \u00e9lev\u00e9 en f\u00fbt de ch\u00eane fran\u00e7ais (tonnelleries bourguignonnes) <\/p>\n<p>Le Serret est profond, structur\u00e9, sa mati\u00e8re envo\u00fbtante et son grain d\u00e9j\u00e0 fin. Quelle belle complexit\u00e9 pour ce vin naturel que vous pourrez garder 10 ans (ou plus, dans des conditions optimales) en cave.<\/p>\n","protected":false},"featured_media":0,"comment_status":"open","ping_status":"closed","template":"","meta":[],"product_cat":[87],"product_tag":[],"class_list":["post-14675","product","type-product","status-publish","hentry","product_cat-vins","berocket_brand-justine-vigne"],"yoast_head":"<!-- This site is optimized with the Yoast SEO plugin v18.0 - https:\/\/yoast.com\/wordpress\/plugins\/seo\/ -->\n<title>1826 - Atypique Concept Store<\/title>\n<meta name=\"robots\" content=\"index, follow, max-snippet:-1, max-image-preview:large, max-video-preview:-1\" \/>\n<link rel=\"canonical\" href=\"https:\/\/atypique.brunotarhan.fr\/index.php\/produit\/1826\/\" \/>\n<meta property=\"og:locale\" content=\"fr_FR\" \/>\n<meta property=\"og:type\" content=\"article\" \/>\n<meta property=\"og:title\" content=\"1826 - Atypique Concept Store\" \/>\n<meta property=\"og:description\" content=\"C\u00e9page : 100% carignan Hommage \u00e0 la premi\u00e8re parcelle plant\u00e9e par mon grand p\u00e8re en 1955\u2026 Parcellaire s\u00e9lection massale. 60% mac\u00e9ration de 8 mois en jarre de terre cuite (Qvevri g\u00e9orgienne), vendange \u00e9rafl\u00e9e. 40% vivifi\u00e9 21 jours en cuve, vendange \u00e9rafl\u00e9e \u00e0 70%, \u00e9lev\u00e9 en f\u00fbt de ch\u00eane fran\u00e7ais (tonnelleries bourguignonnes)  Le Serret est profond, structur\u00e9, sa mati\u00e8re envo\u00fbtante et son grain d\u00e9j\u00e0 fin. Quelle belle complexit\u00e9 pour ce vin naturel que vous pourrez garder 10 ans (ou plus, dans des conditions optimales) en cave.\" \/>\n<meta property=\"og:url\" content=\"https:\/\/atypique.brunotarhan.fr\/index.php\/produit\/1826\/\" \/>\n<meta property=\"og:site_name\" content=\"Atypique Concept Store\" \/>\n<meta property=\"article:modified_time\" content=\"2022-04-08T11:21:14+00:00\" \/>\n<meta name=\"twitter:card\" content=\"summary_large_image\" \/>\n<meta name=\"twitter:label1\" content=\"Dur\u00e9e de lecture estim\u00e9e\" \/>\n\t<meta name=\"twitter:data1\" content=\"1 minute\" \/>\n<script type=\"application\/ld+json\" class=\"yoast-schema-graph\">{\"@context\":\"https:\/\/schema.org\",\"@graph\":[{\"@type\":\"WebSite\",\"@id\":\"https:\/\/atypique.brunotarhan.fr\/#website\",\"url\":\"https:\/\/atypique.brunotarhan.fr\/\",\"name\":\"Atypique Concept Store\",\"description\":\"Just another WordPress site\",\"potentialAction\":[{\"@type\":\"SearchAction\",\"target\":{\"@type\":\"EntryPoint\",\"urlTemplate\":\"https:\/\/atypique.brunotarhan.fr\/?s={search_term_string}\"},\"query-input\":\"required name=search_term_string\"}],\"inLanguage\":\"fr-FR\"},{\"@type\":\"WebPage\",\"@id\":\"https:\/\/atypique.brunotarhan.fr\/index.php\/produit\/1826\/#webpage\",\"url\":\"https:\/\/atypique.brunotarhan.fr\/index.php\/produit\/1826\/\",\"name\":\"1826 - Atypique Concept Store\",\"isPartOf\":{\"@id\":\"https:\/\/atypique.brunotarhan.fr\/#website\"},\"datePublished\":\"2022-03-28T07:38:41+00:00\",\"dateModified\":\"2022-04-08T11:21:14+00:00\",\"breadcrumb\":{\"@id\":\"https:\/\/atypique.brunotarhan.fr\/index.php\/produit\/1826\/#breadcrumb\"},\"inLanguage\":\"fr-FR\",\"potentialAction\":[{\"@type\":\"ReadAction\",\"target\":[\"https:\/\/atypique.brunotarhan.fr\/index.php\/produit\/1826\/\"]}]},{\"@type\":\"BreadcrumbList\",\"@id\":\"https:\/\/atypique.brunotarhan.fr\/index.php\/produit\/1826\/#breadcrumb\",\"itemListElement\":[{\"@type\":\"ListItem\",\"position\":1,\"name\":\"Accueil\",\"item\":\"https:\/\/atypique.brunotarhan.fr\/\"},{\"@type\":\"ListItem\",\"position\":2,\"name\":\"\"},{\"@type\":\"ListItem\",\"position\":3,\"name\":\"1826\"}]}]}<\/script>\n<!-- \/ Yoast SEO plugin. -->","yoast_head_json":{"title":"1826 - Atypique Concept Store","robots":{"index":"index","follow":"follow","max-snippet":"max-snippet:-1","max-image-preview":"max-image-preview:large","max-video-preview":"max-video-preview:-1"},"canonical":"https:\/\/atypique.brunotarhan.fr\/index.php\/produit\/1826\/","og_locale":"fr_FR","og_type":"article","og_title":"1826 - Atypique Concept Store","og_description":"C\u00e9page : 100% carignan Hommage \u00e0 la premi\u00e8re parcelle plant\u00e9e par mon grand p\u00e8re en 1955\u2026 Parcellaire s\u00e9lection massale. 60% mac\u00e9ration de 8 mois en jarre de terre cuite (Qvevri g\u00e9orgienne), vendange \u00e9rafl\u00e9e. 40% vivifi\u00e9 21 jours en cuve, vendange \u00e9rafl\u00e9e \u00e0 70%, \u00e9lev\u00e9 en f\u00fbt de ch\u00eane fran\u00e7ais (tonnelleries bourguignonnes)  Le Serret est profond, structur\u00e9, sa mati\u00e8re envo\u00fbtante et son grain d\u00e9j\u00e0 fin. Quelle belle complexit\u00e9 pour ce vin naturel que vous pourrez garder 10 ans (ou plus, dans des conditions optimales) en cave.","og_url":"https:\/\/atypique.brunotarhan.fr\/index.php\/produit\/1826\/","og_site_name":"Atypique Concept Store","article_modified_time":"2022-04-08T11:21:14+00:00","twitter_card":"summary_large_image","twitter_misc":{"Dur\u00e9e de lecture estim\u00e9e":"1 minute"},"schema":{"@context":"https:\/\/schema.org","@graph":[{"@type":"WebSite","@id":"https:\/\/atypique.brunotarhan.fr\/#website","url":"https:\/\/atypique.brunotarhan.fr\/","name":"Atypique Concept Store","description":"Just another WordPress site","potentialAction":[{"@type":"SearchAction","target":{"@type":"EntryPoint","urlTemplate":"https:\/\/atypique.brunotarhan.fr\/?s={search_term_string}"},"query-input":"required name=search_term_string"}],"inLanguage":"fr-FR"},{"@type":"WebPage","@id":"https:\/\/atypique.brunotarhan.fr\/index.php\/produit\/1826\/#webpage","url":"https:\/\/atypique.brunotarhan.fr\/index.php\/produit\/1826\/","name":"1826 - Atypique Concept Store","isPartOf":{"@id":"https:\/\/atypique.brunotarhan.fr\/#website"},"datePublished":"2022-03-28T07:38:41+00:00","dateModified":"2022-04-08T11:21:14+00:00","breadcrumb":{"@id":"https:\/\/atypique.brunotarhan.fr\/index.php\/produit\/1826\/#breadcrumb"},"inLanguage":"fr-FR","potentialAction":[{"@type":"ReadAction","target":["https:\/\/atypique.brunotarhan.fr\/index.php\/produit\/1826\/"]}]},{"@type":"BreadcrumbList","@id":"https:\/\/atypique.brunotarhan.fr\/index.php\/produit\/1826\/#breadcrumb","itemListElement":[{"@type":"ListItem","position":1,"name":"Accueil","item":"https:\/\/atypique.brunotarhan.fr\/"},{"@type":"ListItem","position":2,"name":""},{"@type":"ListItem","position":3,"name":"1826"}]}]}},"_links":{"self":[{"href":"https:\/\/atypique.brunotarhan.fr\/index.php\/wp-json\/wp\/v2\/product\/14675","targetHints":{"allow":["GET"]}}],"collection":[{"href":"https:\/\/atypique.brunotarhan.fr\/index.php\/wp-json\/wp\/v2\/product"}],"about":[{"href":"https:\/\/atypique.brunotarhan.fr\/index.php\/wp-json\/wp\/v2\/types\/product"}],"replies":[{"embeddable":true,"href":"https:\/\/atypique.brunotarhan.fr\/index.php\/wp-json\/wp\/v2\/comments?post=14675"}],"wp:attachment":[{"href":"https:\/\/atypique.brunotarhan.fr\/index.php\/wp-json\/wp\/v2\/media?parent=14675"}],"wp:term":[{"taxonomy":"product_cat","embeddable":true,"href":"https:\/\/atypique.brunotarhan.fr\/index.php\/wp-json\/wp\/v2\/product_cat?post=14675"},{"taxonomy":"product_tag","embeddable":true,"href":"https:\/\/atypique.brunotarhan.fr\/index.php\/wp-json\/wp\/v2\/product_tag?post=14675"}],"curies":[{"name":"wp","href":"https:\/\/api.w.org\/{rel}","templated":true}]}}