{"id":14673,"date":"2022-03-28T07:38:37","date_gmt":"2022-03-28T07:38:37","guid":{"rendered":"https:\/\/atypique.brunotarhan.fr\/?post_type=product&#038;p=14673"},"modified":"2022-04-08T11:21:10","modified_gmt":"2022-04-08T11:21:10","slug":"gevrey-chambertin","status":"publish","type":"product","link":"https:\/\/atypique.brunotarhan.fr\/index.php\/produit\/gevrey-chambertin\/","title":{"rendered":"Gevrey chambertin"},"content":{"rendered":"<p>C&#8217;est avec les vignes familiales que mon domaine s&#8217;est mis en place, sur 2 hectares, en 1979.<br \/>\nD\u00e8s le d\u00e9but, mes choix se sont port\u00e9s vers les techniques respectueuses de l&#8217;environnement, en mettant en place au Clos des Mariages, les premiers essais Bourguignons de la biodynamie. C&#8217;est en collaborant avec des chercheurs comme Claude BOURGUIGNON (microbiologiste des sols) ou Yves HERODY (p\u00e9dologue) que j&#8217; ai appris la bonne conduite des sols.<br \/>\nPuis le vignoble s&#8217;est d\u00e9velopp\u00e9, gr\u00e2ce \u00e0 la confiance et au partenariat de passionn\u00e9s de vins de Bourgogne, la famille Thoenig d&#8217;abord avec laquelle nous avons os\u00e9 planter en chardonnay le superbe terroir des Coucherias. Puis, nous avons introduit avec la famille Baechtold, nos premiers Bourgogne rouge sur Pommard, pour suivre sur la tr\u00e8s belle implantation de Hautes C\u00f4tes de Beaune dans la vall\u00e9e sauvage des Monchots.<br \/>\nFort de ses 15 parcelles, implant\u00e9es dans 12 terroirs diff\u00e9rents, le domaine propose aujourd&#8217;hui une gamme compl\u00e8te, en blanc et en rouge, de terroirs de Beaune: 4 vins d&#8217; appelation r\u00e9gionale, 7 cuv\u00e9es d&#8217;appellation village, et 3 premiers crus.<\/p>\n","protected":false},"excerpt":{"rendered":"<p>C\u00e9page : pinot noir<\/p>\n<p>Le Gevrey Chambertin du domaine Jean-Claude Rateau est un vin rouge issu du c\u00e9page roi de Bourgogne ; le Pinot noir. Situ\u00e9 sur la c\u00f4te de nuit ce grand Bourgogne s&#8217;exprime puissants, riches et cors\u00e9s, l&#8217;appellation Gevrey-Chambertin s\u2019affirme sur une structure ferme, des tanins sur le velours, tr\u00e8s fin, sans duret\u00e9. Agr\u00e9able jeune et \u00e0 boire sur son fruit, c\u2019est cependant et surtout un vin de garde.<\/p>\n","protected":false},"featured_media":0,"comment_status":"open","ping_status":"closed","template":"","meta":[],"product_cat":[87],"product_tag":[],"class_list":["post-14673","product","type-product","status-publish","hentry","product_cat-vins","berocket_brand-j-c-rateau"],"yoast_head":"<!-- This site is optimized with the Yoast SEO plugin v18.0 - https:\/\/yoast.com\/wordpress\/plugins\/seo\/ -->\n<title>Gevrey chambertin - Atypique Concept Store<\/title>\n<meta name=\"robots\" content=\"index, follow, max-snippet:-1, max-image-preview:large, max-video-preview:-1\" \/>\n<link rel=\"canonical\" href=\"https:\/\/atypique.brunotarhan.fr\/index.php\/produit\/gevrey-chambertin\/\" \/>\n<meta property=\"og:locale\" content=\"fr_FR\" \/>\n<meta property=\"og:type\" content=\"article\" \/>\n<meta property=\"og:title\" content=\"Gevrey chambertin - Atypique Concept Store\" \/>\n<meta property=\"og:description\" content=\"C\u00e9page : pinot noir Le Gevrey Chambertin du domaine Jean-Claude Rateau est un vin rouge issu du c\u00e9page roi de Bourgogne ; le Pinot noir. Situ\u00e9 sur la c\u00f4te de nuit ce grand Bourgogne s&#039;exprime puissants, riches et cors\u00e9s, l&#039;appellation Gevrey-Chambertin s\u2019affirme sur une structure ferme, des tanins sur le velours, tr\u00e8s fin, sans duret\u00e9. Agr\u00e9able jeune et \u00e0 boire sur son fruit, c\u2019est cependant et surtout un vin de garde.\" \/>\n<meta property=\"og:url\" content=\"https:\/\/atypique.brunotarhan.fr\/index.php\/produit\/gevrey-chambertin\/\" \/>\n<meta property=\"og:site_name\" content=\"Atypique Concept Store\" \/>\n<meta property=\"article:modified_time\" content=\"2022-04-08T11:21:10+00:00\" \/>\n<meta name=\"twitter:card\" content=\"summary_large_image\" \/>\n<meta name=\"twitter:label1\" content=\"Dur\u00e9e de lecture estim\u00e9e\" \/>\n\t<meta name=\"twitter:data1\" content=\"1 minute\" \/>\n<script type=\"application\/ld+json\" class=\"yoast-schema-graph\">{\"@context\":\"https:\/\/schema.org\",\"@graph\":[{\"@type\":\"WebSite\",\"@id\":\"https:\/\/atypique.brunotarhan.fr\/#website\",\"url\":\"https:\/\/atypique.brunotarhan.fr\/\",\"name\":\"Atypique Concept Store\",\"description\":\"Just another WordPress site\",\"potentialAction\":[{\"@type\":\"SearchAction\",\"target\":{\"@type\":\"EntryPoint\",\"urlTemplate\":\"https:\/\/atypique.brunotarhan.fr\/?s={search_term_string}\"},\"query-input\":\"required name=search_term_string\"}],\"inLanguage\":\"fr-FR\"},{\"@type\":\"WebPage\",\"@id\":\"https:\/\/atypique.brunotarhan.fr\/index.php\/produit\/gevrey-chambertin\/#webpage\",\"url\":\"https:\/\/atypique.brunotarhan.fr\/index.php\/produit\/gevrey-chambertin\/\",\"name\":\"Gevrey chambertin - Atypique Concept Store\",\"isPartOf\":{\"@id\":\"https:\/\/atypique.brunotarhan.fr\/#website\"},\"datePublished\":\"2022-03-28T07:38:37+00:00\",\"dateModified\":\"2022-04-08T11:21:10+00:00\",\"breadcrumb\":{\"@id\":\"https:\/\/atypique.brunotarhan.fr\/index.php\/produit\/gevrey-chambertin\/#breadcrumb\"},\"inLanguage\":\"fr-FR\",\"potentialAction\":[{\"@type\":\"ReadAction\",\"target\":[\"https:\/\/atypique.brunotarhan.fr\/index.php\/produit\/gevrey-chambertin\/\"]}]},{\"@type\":\"BreadcrumbList\",\"@id\":\"https:\/\/atypique.brunotarhan.fr\/index.php\/produit\/gevrey-chambertin\/#breadcrumb\",\"itemListElement\":[{\"@type\":\"ListItem\",\"position\":1,\"name\":\"Accueil\",\"item\":\"https:\/\/atypique.brunotarhan.fr\/\"},{\"@type\":\"ListItem\",\"position\":2,\"name\":\"\"},{\"@type\":\"ListItem\",\"position\":3,\"name\":\"Gevrey chambertin\"}]}]}<\/script>\n<!-- \/ Yoast SEO plugin. -->","yoast_head_json":{"title":"Gevrey chambertin - Atypique Concept Store","robots":{"index":"index","follow":"follow","max-snippet":"max-snippet:-1","max-image-preview":"max-image-preview:large","max-video-preview":"max-video-preview:-1"},"canonical":"https:\/\/atypique.brunotarhan.fr\/index.php\/produit\/gevrey-chambertin\/","og_locale":"fr_FR","og_type":"article","og_title":"Gevrey chambertin - Atypique Concept Store","og_description":"C\u00e9page : pinot noir Le Gevrey Chambertin du domaine Jean-Claude Rateau est un vin rouge issu du c\u00e9page roi de Bourgogne ; le Pinot noir. Situ\u00e9 sur la c\u00f4te de nuit ce grand Bourgogne s'exprime puissants, riches et cors\u00e9s, l'appellation Gevrey-Chambertin s\u2019affirme sur une structure ferme, des tanins sur le velours, tr\u00e8s fin, sans duret\u00e9. Agr\u00e9able jeune et \u00e0 boire sur son fruit, c\u2019est cependant et surtout un vin de garde.","og_url":"https:\/\/atypique.brunotarhan.fr\/index.php\/produit\/gevrey-chambertin\/","og_site_name":"Atypique Concept Store","article_modified_time":"2022-04-08T11:21:10+00:00","twitter_card":"summary_large_image","twitter_misc":{"Dur\u00e9e de lecture estim\u00e9e":"1 minute"},"schema":{"@context":"https:\/\/schema.org","@graph":[{"@type":"WebSite","@id":"https:\/\/atypique.brunotarhan.fr\/#website","url":"https:\/\/atypique.brunotarhan.fr\/","name":"Atypique Concept Store","description":"Just another WordPress site","potentialAction":[{"@type":"SearchAction","target":{"@type":"EntryPoint","urlTemplate":"https:\/\/atypique.brunotarhan.fr\/?s={search_term_string}"},"query-input":"required name=search_term_string"}],"inLanguage":"fr-FR"},{"@type":"WebPage","@id":"https:\/\/atypique.brunotarhan.fr\/index.php\/produit\/gevrey-chambertin\/#webpage","url":"https:\/\/atypique.brunotarhan.fr\/index.php\/produit\/gevrey-chambertin\/","name":"Gevrey chambertin - Atypique Concept Store","isPartOf":{"@id":"https:\/\/atypique.brunotarhan.fr\/#website"},"datePublished":"2022-03-28T07:38:37+00:00","dateModified":"2022-04-08T11:21:10+00:00","breadcrumb":{"@id":"https:\/\/atypique.brunotarhan.fr\/index.php\/produit\/gevrey-chambertin\/#breadcrumb"},"inLanguage":"fr-FR","potentialAction":[{"@type":"ReadAction","target":["https:\/\/atypique.brunotarhan.fr\/index.php\/produit\/gevrey-chambertin\/"]}]},{"@type":"BreadcrumbList","@id":"https:\/\/atypique.brunotarhan.fr\/index.php\/produit\/gevrey-chambertin\/#breadcrumb","itemListElement":[{"@type":"ListItem","position":1,"name":"Accueil","item":"https:\/\/atypique.brunotarhan.fr\/"},{"@type":"ListItem","position":2,"name":""},{"@type":"ListItem","position":3,"name":"Gevrey chambertin"}]}]}},"_links":{"self":[{"href":"https:\/\/atypique.brunotarhan.fr\/index.php\/wp-json\/wp\/v2\/product\/14673","targetHints":{"allow":["GET"]}}],"collection":[{"href":"https:\/\/atypique.brunotarhan.fr\/index.php\/wp-json\/wp\/v2\/product"}],"about":[{"href":"https:\/\/atypique.brunotarhan.fr\/index.php\/wp-json\/wp\/v2\/types\/product"}],"replies":[{"embeddable":true,"href":"https:\/\/atypique.brunotarhan.fr\/index.php\/wp-json\/wp\/v2\/comments?post=14673"}],"wp:attachment":[{"href":"https:\/\/atypique.brunotarhan.fr\/index.php\/wp-json\/wp\/v2\/media?parent=14673"}],"wp:term":[{"taxonomy":"product_cat","embeddable":true,"href":"https:\/\/atypique.brunotarhan.fr\/index.php\/wp-json\/wp\/v2\/product_cat?post=14673"},{"taxonomy":"product_tag","embeddable":true,"href":"https:\/\/atypique.brunotarhan.fr\/index.php\/wp-json\/wp\/v2\/product_tag?post=14673"}],"curies":[{"name":"wp","href":"https:\/\/api.w.org\/{rel}","templated":true}]}}