{"id":14669,"date":"2022-03-28T07:38:28","date_gmt":"2022-03-28T07:38:28","guid":{"rendered":"https:\/\/atypique.brunotarhan.fr\/?post_type=product&#038;p=14669"},"modified":"2022-04-08T11:21:03","modified_gmt":"2022-04-08T11:21:03","slug":"cadette","status":"publish","type":"product","link":"https:\/\/atypique.brunotarhan.fr\/index.php\/produit\/cadette\/","title":{"rendered":"Cadette"},"content":{"rendered":"<p>Le domaine<\/p>\n<p>Le Domaine des H\u00e9lianth\u00e8mes est un domaine agricole et viticole en polyculture (safran, grenades, tomate ancienne, olive, vin) install\u00e9 sur la commune de Maureillas las Illas (66). La surface totale est d&#8217;environ 10Ha. Nous disposons aussi d&#8217;\u00e9cog\u00eetes. Les vignes se trouvent sur le pi\u00e9mont du massif des Alb\u00e8res (Montesquieu des Alb\u00e8res et Sor\u00e8de). L&#8217;ensemble du domaine est certifi\u00e9 AB. Nous travaillons AVEC la nature. Pas de pesticides chez nous (nous refusons les insecticides m\u00eames certifi\u00e9s Bio)! Nous vinifions dans notre cave particuli\u00e8re \u00e0 Maureillas. En cave, l&#8217;esprit c&#8217;est : Hygi\u00e8ne drastique, objectif z\u00e9ro oxydation, No chimie (juste un poil de SO2), du froid et de la musique classique (registre adapt\u00e9 en fonction des p\u00e9riodes, des vinifs, du temps \u00e0 l&#8217;ext\u00e9rieur&#8230;).<\/p>\n<p>Les vignes<\/p>\n<p>Nos vignes se situent en versant Est sur des sols d&#8217;ar\u00e8nes granitiques (altitude 150m environ). L&#8217;enc\u00e9pagement : Syrah, Grenache (Gris et Noir), Carignan (86 ans), et Mourv\u00e8dre. Nous travaillons peu nos sols, et maintenons l&#8217;enherbement. Nous mettons en pratique les principes de la taille douce respectant au mieux nos si chers ceps. Les seuls produits d&#8217;origine chimique que nous utilisons sont le Soufre et la Bouillie Bordelaise. Nous travaillons aussi avec nos propres infusions de plantes. Les calendriers Maria Thun et Michel  Gros rythment nos travaux.<br \/>\nLes vendanges sont r\u00e9alis\u00e9es manuellement, en caissette (10kg) et seulement le matin. <\/p>\n<p>La vinification<\/p>\n<p>La vendange est r\u00e9alis\u00e9e le matin seulement, tri\u00e9e sur pied, en caissettes puis ramen\u00e9e \u00e0 la cave (fra\u00eeche). Le traitement de la vendange (pressurage pour blanc et ros\u00e9 et \u00e9grappage pour les rouges) se fait le lendemain matin, afin de conserver la fra\u00eecheur des raisins. Nous cherchons \u00e0 contr\u00f4ler au maximum les risques d\u2019oxydation des jus (filmage pressoir, inertage&#8230;). Nous utilisons un pressoir vertical (hydraulique d\u00e8s 2017). Les fermentations se passent en musique et sous l&#8217;oeil (et le nez) permanent du vigneron (des visites nocturnes s&#8217;imposent parfois)&#8230; Nous contr\u00f4lons la temp\u00e9rature des mous \u00e0 certaines phases des fermentations. Les malos sont faites dans la foul\u00e9e, &#8230;. ou pas, en fonction des vins et de leur capacit\u00e9s \u00e0 les faire rapidement ou non! Seul la cuv\u00e9e de ros\u00e9 ne fait pas sa malo (blocage par sulfitage). Nous travaillons avec des cuves inox 10Hl qui nous garantissent  une hygi\u00e8ne optimale. Pour l&#8217;\u00e9levage, pas de bois. Nous faisons une exp\u00e9rience avec un flextank (bient\u00f4t les r\u00e9sultats&#8230;.).<br \/>\nConcernant la stabilit\u00e9 des vins, nous travaillons avec le froid naturel en hiver (rien de mieux en hiver que d&#8217;ouvrir grand les portes de la cave).<br \/>\nEt tout ce travail est, l\u00e0 encore, rythm\u00e9 en fonction des calendriers lunaires.<\/p>\n","protected":false},"excerpt":{"rendered":"<p>C\u00e9pages : 100% grenache noir<\/p>\n","protected":false},"featured_media":0,"comment_status":"open","ping_status":"closed","template":"","meta":[],"product_cat":[87],"product_tag":[],"class_list":["post-14669","product","type-product","status-publish","hentry","product_cat-vins","berocket_brand-helianthemes"],"yoast_head":"<!-- This site is optimized with the Yoast SEO plugin v18.0 - https:\/\/yoast.com\/wordpress\/plugins\/seo\/ -->\n<title>Cadette - Atypique Concept Store<\/title>\n<meta name=\"robots\" content=\"index, follow, max-snippet:-1, max-image-preview:large, max-video-preview:-1\" \/>\n<link rel=\"canonical\" href=\"https:\/\/atypique.brunotarhan.fr\/index.php\/produit\/cadette\/\" \/>\n<meta property=\"og:locale\" content=\"fr_FR\" \/>\n<meta property=\"og:type\" content=\"article\" \/>\n<meta property=\"og:title\" content=\"Cadette - Atypique Concept Store\" \/>\n<meta property=\"og:description\" content=\"C\u00e9pages : 100% grenache noir\" \/>\n<meta property=\"og:url\" content=\"https:\/\/atypique.brunotarhan.fr\/index.php\/produit\/cadette\/\" \/>\n<meta property=\"og:site_name\" content=\"Atypique Concept Store\" \/>\n<meta property=\"article:modified_time\" content=\"2022-04-08T11:21:03+00:00\" \/>\n<meta name=\"twitter:card\" content=\"summary_large_image\" \/>\n<meta name=\"twitter:label1\" content=\"Dur\u00e9e de lecture estim\u00e9e\" \/>\n\t<meta name=\"twitter:data1\" content=\"2 minutes\" \/>\n<script type=\"application\/ld+json\" class=\"yoast-schema-graph\">{\"@context\":\"https:\/\/schema.org\",\"@graph\":[{\"@type\":\"WebSite\",\"@id\":\"https:\/\/atypique.brunotarhan.fr\/#website\",\"url\":\"https:\/\/atypique.brunotarhan.fr\/\",\"name\":\"Atypique Concept Store\",\"description\":\"Just another WordPress site\",\"potentialAction\":[{\"@type\":\"SearchAction\",\"target\":{\"@type\":\"EntryPoint\",\"urlTemplate\":\"https:\/\/atypique.brunotarhan.fr\/?s={search_term_string}\"},\"query-input\":\"required name=search_term_string\"}],\"inLanguage\":\"fr-FR\"},{\"@type\":\"WebPage\",\"@id\":\"https:\/\/atypique.brunotarhan.fr\/index.php\/produit\/cadette\/#webpage\",\"url\":\"https:\/\/atypique.brunotarhan.fr\/index.php\/produit\/cadette\/\",\"name\":\"Cadette - Atypique Concept Store\",\"isPartOf\":{\"@id\":\"https:\/\/atypique.brunotarhan.fr\/#website\"},\"datePublished\":\"2022-03-28T07:38:28+00:00\",\"dateModified\":\"2022-04-08T11:21:03+00:00\",\"breadcrumb\":{\"@id\":\"https:\/\/atypique.brunotarhan.fr\/index.php\/produit\/cadette\/#breadcrumb\"},\"inLanguage\":\"fr-FR\",\"potentialAction\":[{\"@type\":\"ReadAction\",\"target\":[\"https:\/\/atypique.brunotarhan.fr\/index.php\/produit\/cadette\/\"]}]},{\"@type\":\"BreadcrumbList\",\"@id\":\"https:\/\/atypique.brunotarhan.fr\/index.php\/produit\/cadette\/#breadcrumb\",\"itemListElement\":[{\"@type\":\"ListItem\",\"position\":1,\"name\":\"Accueil\",\"item\":\"https:\/\/atypique.brunotarhan.fr\/\"},{\"@type\":\"ListItem\",\"position\":2,\"name\":\"\"},{\"@type\":\"ListItem\",\"position\":3,\"name\":\"Cadette\"}]}]}<\/script>\n<!-- \/ Yoast SEO plugin. -->","yoast_head_json":{"title":"Cadette - Atypique Concept Store","robots":{"index":"index","follow":"follow","max-snippet":"max-snippet:-1","max-image-preview":"max-image-preview:large","max-video-preview":"max-video-preview:-1"},"canonical":"https:\/\/atypique.brunotarhan.fr\/index.php\/produit\/cadette\/","og_locale":"fr_FR","og_type":"article","og_title":"Cadette - Atypique Concept Store","og_description":"C\u00e9pages : 100% grenache noir","og_url":"https:\/\/atypique.brunotarhan.fr\/index.php\/produit\/cadette\/","og_site_name":"Atypique Concept Store","article_modified_time":"2022-04-08T11:21:03+00:00","twitter_card":"summary_large_image","twitter_misc":{"Dur\u00e9e de lecture estim\u00e9e":"2 minutes"},"schema":{"@context":"https:\/\/schema.org","@graph":[{"@type":"WebSite","@id":"https:\/\/atypique.brunotarhan.fr\/#website","url":"https:\/\/atypique.brunotarhan.fr\/","name":"Atypique Concept Store","description":"Just another WordPress site","potentialAction":[{"@type":"SearchAction","target":{"@type":"EntryPoint","urlTemplate":"https:\/\/atypique.brunotarhan.fr\/?s={search_term_string}"},"query-input":"required name=search_term_string"}],"inLanguage":"fr-FR"},{"@type":"WebPage","@id":"https:\/\/atypique.brunotarhan.fr\/index.php\/produit\/cadette\/#webpage","url":"https:\/\/atypique.brunotarhan.fr\/index.php\/produit\/cadette\/","name":"Cadette - Atypique Concept Store","isPartOf":{"@id":"https:\/\/atypique.brunotarhan.fr\/#website"},"datePublished":"2022-03-28T07:38:28+00:00","dateModified":"2022-04-08T11:21:03+00:00","breadcrumb":{"@id":"https:\/\/atypique.brunotarhan.fr\/index.php\/produit\/cadette\/#breadcrumb"},"inLanguage":"fr-FR","potentialAction":[{"@type":"ReadAction","target":["https:\/\/atypique.brunotarhan.fr\/index.php\/produit\/cadette\/"]}]},{"@type":"BreadcrumbList","@id":"https:\/\/atypique.brunotarhan.fr\/index.php\/produit\/cadette\/#breadcrumb","itemListElement":[{"@type":"ListItem","position":1,"name":"Accueil","item":"https:\/\/atypique.brunotarhan.fr\/"},{"@type":"ListItem","position":2,"name":""},{"@type":"ListItem","position":3,"name":"Cadette"}]}]}},"_links":{"self":[{"href":"https:\/\/atypique.brunotarhan.fr\/index.php\/wp-json\/wp\/v2\/product\/14669","targetHints":{"allow":["GET"]}}],"collection":[{"href":"https:\/\/atypique.brunotarhan.fr\/index.php\/wp-json\/wp\/v2\/product"}],"about":[{"href":"https:\/\/atypique.brunotarhan.fr\/index.php\/wp-json\/wp\/v2\/types\/product"}],"replies":[{"embeddable":true,"href":"https:\/\/atypique.brunotarhan.fr\/index.php\/wp-json\/wp\/v2\/comments?post=14669"}],"wp:attachment":[{"href":"https:\/\/atypique.brunotarhan.fr\/index.php\/wp-json\/wp\/v2\/media?parent=14669"}],"wp:term":[{"taxonomy":"product_cat","embeddable":true,"href":"https:\/\/atypique.brunotarhan.fr\/index.php\/wp-json\/wp\/v2\/product_cat?post=14669"},{"taxonomy":"product_tag","embeddable":true,"href":"https:\/\/atypique.brunotarhan.fr\/index.php\/wp-json\/wp\/v2\/product_tag?post=14669"}],"curies":[{"name":"wp","href":"https:\/\/api.w.org\/{rel}","templated":true}]}}