{"id":14664,"date":"2022-03-28T07:38:14","date_gmt":"2022-03-28T07:38:14","guid":{"rendered":"https:\/\/atypique.brunotarhan.fr\/?post_type=product&#038;p=14664"},"modified":"2022-04-08T11:20:55","modified_gmt":"2022-04-08T11:20:55","slug":"indigenes","status":"publish","type":"product","link":"https:\/\/atypique.brunotarhan.fr\/index.php\/produit\/indigenes\/","title":{"rendered":"indigenes"},"content":{"rendered":"","protected":false},"excerpt":{"rendered":"<p>C\u00e9pages : 100% carignan<\/p>\n<p>La cuv\u00e9e Indigene de Gilles Troullier est un 100% Carignan d\u2019altitude, qui ne titre que 12\u00b0 d\u2019alcool et qui pourtant est m\u00fbr. Iissu de tr\u00e8s vieilles vignes, vinifi\u00e9 tout en douceur, pratiquement dans l\u2019esprit d\u2019un blanc, pour une cuv\u00e9e tr\u00e8s fraiche et d\u00e9li\u00e9e mais qui ne manque ni de profondeur ni de personnalit\u00e9.<br \/>\nUn vin juteux et sanguin, o\u00f9 se retrouve les fruits rouges juste m\u00fbrs et la pivoine pour une gourmandise diabolique. L\u2019\u00e9quilibre frais, les tanins millim\u00e9triques offrant un toucher tout en douceur et la finale bien nette ne sont que des<br \/>\nincitations suppl\u00e9mentaires \u00e0 se resservir. Alors, autant dire qu\u2019on ne se fait pas prier\u2026<\/p>\n","protected":false},"featured_media":0,"comment_status":"open","ping_status":"closed","template":"","meta":[],"product_cat":[87],"product_tag":[],"class_list":["post-14664","product","type-product","status-publish","hentry","product_cat-vins","berocket_brand-gilles-troullier"],"yoast_head":"<!-- This site is optimized with the Yoast SEO plugin v18.0 - https:\/\/yoast.com\/wordpress\/plugins\/seo\/ -->\n<title>indigenes - Atypique Concept Store<\/title>\n<meta name=\"robots\" content=\"index, follow, max-snippet:-1, max-image-preview:large, max-video-preview:-1\" \/>\n<link rel=\"canonical\" href=\"https:\/\/atypique.brunotarhan.fr\/index.php\/produit\/indigenes\/\" \/>\n<meta property=\"og:locale\" content=\"fr_FR\" \/>\n<meta property=\"og:type\" content=\"article\" \/>\n<meta property=\"og:title\" content=\"indigenes - Atypique Concept Store\" \/>\n<meta property=\"og:description\" content=\"C\u00e9pages : 100% carignan La cuv\u00e9e Indigene de Gilles Troullier est un 100% Carignan d\u2019altitude, qui ne titre que 12\u00b0 d\u2019alcool et qui pourtant est m\u00fbr. Iissu de tr\u00e8s vieilles vignes, vinifi\u00e9 tout en douceur, pratiquement dans l\u2019esprit d\u2019un blanc, pour une cuv\u00e9e tr\u00e8s fraiche et d\u00e9li\u00e9e mais qui ne manque ni de profondeur ni de personnalit\u00e9. Un vin juteux et sanguin, o\u00f9 se retrouve les fruits rouges juste m\u00fbrs et la pivoine pour une gourmandise diabolique. L\u2019\u00e9quilibre frais, les tanins millim\u00e9triques offrant un toucher tout en douceur et la finale bien nette ne sont que des incitations suppl\u00e9mentaires \u00e0 se resservir. Alors, autant dire qu\u2019on ne se fait pas prier\u2026\" \/>\n<meta property=\"og:url\" content=\"https:\/\/atypique.brunotarhan.fr\/index.php\/produit\/indigenes\/\" \/>\n<meta property=\"og:site_name\" content=\"Atypique Concept Store\" \/>\n<meta property=\"article:modified_time\" content=\"2022-04-08T11:20:55+00:00\" \/>\n<meta name=\"twitter:card\" content=\"summary_large_image\" \/>\n<script type=\"application\/ld+json\" class=\"yoast-schema-graph\">{\"@context\":\"https:\/\/schema.org\",\"@graph\":[{\"@type\":\"WebSite\",\"@id\":\"https:\/\/atypique.brunotarhan.fr\/#website\",\"url\":\"https:\/\/atypique.brunotarhan.fr\/\",\"name\":\"Atypique Concept Store\",\"description\":\"Just another WordPress site\",\"potentialAction\":[{\"@type\":\"SearchAction\",\"target\":{\"@type\":\"EntryPoint\",\"urlTemplate\":\"https:\/\/atypique.brunotarhan.fr\/?s={search_term_string}\"},\"query-input\":\"required name=search_term_string\"}],\"inLanguage\":\"fr-FR\"},{\"@type\":\"WebPage\",\"@id\":\"https:\/\/atypique.brunotarhan.fr\/index.php\/produit\/indigenes\/#webpage\",\"url\":\"https:\/\/atypique.brunotarhan.fr\/index.php\/produit\/indigenes\/\",\"name\":\"indigenes - Atypique Concept Store\",\"isPartOf\":{\"@id\":\"https:\/\/atypique.brunotarhan.fr\/#website\"},\"datePublished\":\"2022-03-28T07:38:14+00:00\",\"dateModified\":\"2022-04-08T11:20:55+00:00\",\"breadcrumb\":{\"@id\":\"https:\/\/atypique.brunotarhan.fr\/index.php\/produit\/indigenes\/#breadcrumb\"},\"inLanguage\":\"fr-FR\",\"potentialAction\":[{\"@type\":\"ReadAction\",\"target\":[\"https:\/\/atypique.brunotarhan.fr\/index.php\/produit\/indigenes\/\"]}]},{\"@type\":\"BreadcrumbList\",\"@id\":\"https:\/\/atypique.brunotarhan.fr\/index.php\/produit\/indigenes\/#breadcrumb\",\"itemListElement\":[{\"@type\":\"ListItem\",\"position\":1,\"name\":\"Accueil\",\"item\":\"https:\/\/atypique.brunotarhan.fr\/\"},{\"@type\":\"ListItem\",\"position\":2,\"name\":\"\"},{\"@type\":\"ListItem\",\"position\":3,\"name\":\"indigenes\"}]}]}<\/script>\n<!-- \/ Yoast SEO plugin. -->","yoast_head_json":{"title":"indigenes - Atypique Concept Store","robots":{"index":"index","follow":"follow","max-snippet":"max-snippet:-1","max-image-preview":"max-image-preview:large","max-video-preview":"max-video-preview:-1"},"canonical":"https:\/\/atypique.brunotarhan.fr\/index.php\/produit\/indigenes\/","og_locale":"fr_FR","og_type":"article","og_title":"indigenes - Atypique Concept Store","og_description":"C\u00e9pages : 100% carignan La cuv\u00e9e Indigene de Gilles Troullier est un 100% Carignan d\u2019altitude, qui ne titre que 12\u00b0 d\u2019alcool et qui pourtant est m\u00fbr. Iissu de tr\u00e8s vieilles vignes, vinifi\u00e9 tout en douceur, pratiquement dans l\u2019esprit d\u2019un blanc, pour une cuv\u00e9e tr\u00e8s fraiche et d\u00e9li\u00e9e mais qui ne manque ni de profondeur ni de personnalit\u00e9. Un vin juteux et sanguin, o\u00f9 se retrouve les fruits rouges juste m\u00fbrs et la pivoine pour une gourmandise diabolique. L\u2019\u00e9quilibre frais, les tanins millim\u00e9triques offrant un toucher tout en douceur et la finale bien nette ne sont que des incitations suppl\u00e9mentaires \u00e0 se resservir. Alors, autant dire qu\u2019on ne se fait pas prier\u2026","og_url":"https:\/\/atypique.brunotarhan.fr\/index.php\/produit\/indigenes\/","og_site_name":"Atypique Concept Store","article_modified_time":"2022-04-08T11:20:55+00:00","twitter_card":"summary_large_image","schema":{"@context":"https:\/\/schema.org","@graph":[{"@type":"WebSite","@id":"https:\/\/atypique.brunotarhan.fr\/#website","url":"https:\/\/atypique.brunotarhan.fr\/","name":"Atypique Concept Store","description":"Just another WordPress site","potentialAction":[{"@type":"SearchAction","target":{"@type":"EntryPoint","urlTemplate":"https:\/\/atypique.brunotarhan.fr\/?s={search_term_string}"},"query-input":"required name=search_term_string"}],"inLanguage":"fr-FR"},{"@type":"WebPage","@id":"https:\/\/atypique.brunotarhan.fr\/index.php\/produit\/indigenes\/#webpage","url":"https:\/\/atypique.brunotarhan.fr\/index.php\/produit\/indigenes\/","name":"indigenes - Atypique Concept Store","isPartOf":{"@id":"https:\/\/atypique.brunotarhan.fr\/#website"},"datePublished":"2022-03-28T07:38:14+00:00","dateModified":"2022-04-08T11:20:55+00:00","breadcrumb":{"@id":"https:\/\/atypique.brunotarhan.fr\/index.php\/produit\/indigenes\/#breadcrumb"},"inLanguage":"fr-FR","potentialAction":[{"@type":"ReadAction","target":["https:\/\/atypique.brunotarhan.fr\/index.php\/produit\/indigenes\/"]}]},{"@type":"BreadcrumbList","@id":"https:\/\/atypique.brunotarhan.fr\/index.php\/produit\/indigenes\/#breadcrumb","itemListElement":[{"@type":"ListItem","position":1,"name":"Accueil","item":"https:\/\/atypique.brunotarhan.fr\/"},{"@type":"ListItem","position":2,"name":""},{"@type":"ListItem","position":3,"name":"indigenes"}]}]}},"_links":{"self":[{"href":"https:\/\/atypique.brunotarhan.fr\/index.php\/wp-json\/wp\/v2\/product\/14664","targetHints":{"allow":["GET"]}}],"collection":[{"href":"https:\/\/atypique.brunotarhan.fr\/index.php\/wp-json\/wp\/v2\/product"}],"about":[{"href":"https:\/\/atypique.brunotarhan.fr\/index.php\/wp-json\/wp\/v2\/types\/product"}],"replies":[{"embeddable":true,"href":"https:\/\/atypique.brunotarhan.fr\/index.php\/wp-json\/wp\/v2\/comments?post=14664"}],"wp:attachment":[{"href":"https:\/\/atypique.brunotarhan.fr\/index.php\/wp-json\/wp\/v2\/media?parent=14664"}],"wp:term":[{"taxonomy":"product_cat","embeddable":true,"href":"https:\/\/atypique.brunotarhan.fr\/index.php\/wp-json\/wp\/v2\/product_cat?post=14664"},{"taxonomy":"product_tag","embeddable":true,"href":"https:\/\/atypique.brunotarhan.fr\/index.php\/wp-json\/wp\/v2\/product_tag?post=14664"}],"curies":[{"name":"wp","href":"https:\/\/api.w.org\/{rel}","templated":true}]}}