{"id":14662,"date":"2022-03-28T07:38:09","date_gmt":"2022-03-28T07:38:09","guid":{"rendered":"https:\/\/atypique.brunotarhan.fr\/?post_type=product&#038;p=14662"},"modified":"2022-04-08T11:20:51","modified_gmt":"2022-04-08T11:20:51","slug":"esprit-du-temps","status":"publish","type":"product","link":"https:\/\/atypique.brunotarhan.fr\/index.php\/produit\/esprit-du-temps\/","title":{"rendered":"Esprit du temps"},"content":{"rendered":"","protected":false},"excerpt":{"rendered":"<p>C\u00e9pages : grenache noir, Lledonner pelut<\/p>\n<p>Anciennement pur grenache, L\u2019esprit du temps assemble d\u00e9sormais le grenache noir et le Lledoner Pelut. Le grenache est toujours issu d\u2019une vieille vigne situ\u00e9e sur les schistes de Saint Paul de Fenouillet, sur l\u2019aire d\u2019appellation Maury (le vin est en IGP C\u00f4tes Catalanes). Le Lledoner Pelut lui, est un cousin catalan du grenache et il est issu ici d\u2019une vieille vigne de haut altitude implant\u00e9e sur les granites. L\u2019\u00e9levage a eu lieu en barriques et demi-muids et a dur\u00e9 une petite ann\u00e9e<br \/>\n2018 se pr\u00e9sente un peu plus en finesse que le mill\u00e9sime pr\u00e9c\u00e9dent, avec une aromatique plus fraiche tout en restant sur les fruits noirs bien m\u00fbrs, avec des tanins tr\u00e8s fins et<br \/>\nun toucher de bouche tr\u00e8s soyeux, cela reste n\u00e9anmoins un vin de repas, et c\u2019est surtout tr\u00e8s bon.<\/p>\n","protected":false},"featured_media":0,"comment_status":"open","ping_status":"closed","template":"","meta":[],"product_cat":[87],"product_tag":[],"class_list":["post-14662","product","type-product","status-publish","hentry","product_cat-vins","berocket_brand-gilles-troullier"],"yoast_head":"<!-- This site is optimized with the Yoast SEO plugin v18.0 - https:\/\/yoast.com\/wordpress\/plugins\/seo\/ -->\n<title>Esprit du temps - Atypique Concept Store<\/title>\n<meta name=\"robots\" content=\"index, follow, max-snippet:-1, max-image-preview:large, max-video-preview:-1\" \/>\n<link rel=\"canonical\" href=\"https:\/\/atypique.brunotarhan.fr\/index.php\/produit\/esprit-du-temps\/\" \/>\n<meta property=\"og:locale\" content=\"fr_FR\" \/>\n<meta property=\"og:type\" content=\"article\" \/>\n<meta property=\"og:title\" content=\"Esprit du temps - Atypique Concept Store\" \/>\n<meta property=\"og:description\" content=\"C\u00e9pages : grenache noir, Lledonner pelut Anciennement pur grenache, L\u2019esprit du temps assemble d\u00e9sormais le grenache noir et le Lledoner Pelut. Le grenache est toujours issu d\u2019une vieille vigne situ\u00e9e sur les schistes de Saint Paul de Fenouillet, sur l\u2019aire d\u2019appellation Maury (le vin est en IGP C\u00f4tes Catalanes). Le Lledoner Pelut lui, est un cousin catalan du grenache et il est issu ici d\u2019une vieille vigne de haut altitude implant\u00e9e sur les granites. L\u2019\u00e9levage a eu lieu en barriques et demi-muids et a dur\u00e9 une petite ann\u00e9e 2018 se pr\u00e9sente un peu plus en finesse que le mill\u00e9sime pr\u00e9c\u00e9dent, avec une aromatique plus fraiche tout en restant sur les fruits noirs bien m\u00fbrs, avec des tanins tr\u00e8s fins et un toucher de bouche tr\u00e8s soyeux, cela reste n\u00e9anmoins un vin de repas, et c\u2019est surtout tr\u00e8s bon.\" \/>\n<meta property=\"og:url\" content=\"https:\/\/atypique.brunotarhan.fr\/index.php\/produit\/esprit-du-temps\/\" \/>\n<meta property=\"og:site_name\" content=\"Atypique Concept Store\" \/>\n<meta property=\"article:modified_time\" content=\"2022-04-08T11:20:51+00:00\" \/>\n<meta name=\"twitter:card\" content=\"summary_large_image\" \/>\n<script type=\"application\/ld+json\" class=\"yoast-schema-graph\">{\"@context\":\"https:\/\/schema.org\",\"@graph\":[{\"@type\":\"WebSite\",\"@id\":\"https:\/\/atypique.brunotarhan.fr\/#website\",\"url\":\"https:\/\/atypique.brunotarhan.fr\/\",\"name\":\"Atypique Concept Store\",\"description\":\"Just another WordPress site\",\"potentialAction\":[{\"@type\":\"SearchAction\",\"target\":{\"@type\":\"EntryPoint\",\"urlTemplate\":\"https:\/\/atypique.brunotarhan.fr\/?s={search_term_string}\"},\"query-input\":\"required name=search_term_string\"}],\"inLanguage\":\"fr-FR\"},{\"@type\":\"WebPage\",\"@id\":\"https:\/\/atypique.brunotarhan.fr\/index.php\/produit\/esprit-du-temps\/#webpage\",\"url\":\"https:\/\/atypique.brunotarhan.fr\/index.php\/produit\/esprit-du-temps\/\",\"name\":\"Esprit du temps - Atypique Concept Store\",\"isPartOf\":{\"@id\":\"https:\/\/atypique.brunotarhan.fr\/#website\"},\"datePublished\":\"2022-03-28T07:38:09+00:00\",\"dateModified\":\"2022-04-08T11:20:51+00:00\",\"breadcrumb\":{\"@id\":\"https:\/\/atypique.brunotarhan.fr\/index.php\/produit\/esprit-du-temps\/#breadcrumb\"},\"inLanguage\":\"fr-FR\",\"potentialAction\":[{\"@type\":\"ReadAction\",\"target\":[\"https:\/\/atypique.brunotarhan.fr\/index.php\/produit\/esprit-du-temps\/\"]}]},{\"@type\":\"BreadcrumbList\",\"@id\":\"https:\/\/atypique.brunotarhan.fr\/index.php\/produit\/esprit-du-temps\/#breadcrumb\",\"itemListElement\":[{\"@type\":\"ListItem\",\"position\":1,\"name\":\"Accueil\",\"item\":\"https:\/\/atypique.brunotarhan.fr\/\"},{\"@type\":\"ListItem\",\"position\":2,\"name\":\"\"},{\"@type\":\"ListItem\",\"position\":3,\"name\":\"Esprit du temps\"}]}]}<\/script>\n<!-- \/ Yoast SEO plugin. -->","yoast_head_json":{"title":"Esprit du temps - Atypique Concept Store","robots":{"index":"index","follow":"follow","max-snippet":"max-snippet:-1","max-image-preview":"max-image-preview:large","max-video-preview":"max-video-preview:-1"},"canonical":"https:\/\/atypique.brunotarhan.fr\/index.php\/produit\/esprit-du-temps\/","og_locale":"fr_FR","og_type":"article","og_title":"Esprit du temps - Atypique Concept Store","og_description":"C\u00e9pages : grenache noir, Lledonner pelut Anciennement pur grenache, L\u2019esprit du temps assemble d\u00e9sormais le grenache noir et le Lledoner Pelut. Le grenache est toujours issu d\u2019une vieille vigne situ\u00e9e sur les schistes de Saint Paul de Fenouillet, sur l\u2019aire d\u2019appellation Maury (le vin est en IGP C\u00f4tes Catalanes). Le Lledoner Pelut lui, est un cousin catalan du grenache et il est issu ici d\u2019une vieille vigne de haut altitude implant\u00e9e sur les granites. L\u2019\u00e9levage a eu lieu en barriques et demi-muids et a dur\u00e9 une petite ann\u00e9e 2018 se pr\u00e9sente un peu plus en finesse que le mill\u00e9sime pr\u00e9c\u00e9dent, avec une aromatique plus fraiche tout en restant sur les fruits noirs bien m\u00fbrs, avec des tanins tr\u00e8s fins et un toucher de bouche tr\u00e8s soyeux, cela reste n\u00e9anmoins un vin de repas, et c\u2019est surtout tr\u00e8s bon.","og_url":"https:\/\/atypique.brunotarhan.fr\/index.php\/produit\/esprit-du-temps\/","og_site_name":"Atypique Concept Store","article_modified_time":"2022-04-08T11:20:51+00:00","twitter_card":"summary_large_image","schema":{"@context":"https:\/\/schema.org","@graph":[{"@type":"WebSite","@id":"https:\/\/atypique.brunotarhan.fr\/#website","url":"https:\/\/atypique.brunotarhan.fr\/","name":"Atypique Concept Store","description":"Just another WordPress site","potentialAction":[{"@type":"SearchAction","target":{"@type":"EntryPoint","urlTemplate":"https:\/\/atypique.brunotarhan.fr\/?s={search_term_string}"},"query-input":"required name=search_term_string"}],"inLanguage":"fr-FR"},{"@type":"WebPage","@id":"https:\/\/atypique.brunotarhan.fr\/index.php\/produit\/esprit-du-temps\/#webpage","url":"https:\/\/atypique.brunotarhan.fr\/index.php\/produit\/esprit-du-temps\/","name":"Esprit du temps - Atypique Concept Store","isPartOf":{"@id":"https:\/\/atypique.brunotarhan.fr\/#website"},"datePublished":"2022-03-28T07:38:09+00:00","dateModified":"2022-04-08T11:20:51+00:00","breadcrumb":{"@id":"https:\/\/atypique.brunotarhan.fr\/index.php\/produit\/esprit-du-temps\/#breadcrumb"},"inLanguage":"fr-FR","potentialAction":[{"@type":"ReadAction","target":["https:\/\/atypique.brunotarhan.fr\/index.php\/produit\/esprit-du-temps\/"]}]},{"@type":"BreadcrumbList","@id":"https:\/\/atypique.brunotarhan.fr\/index.php\/produit\/esprit-du-temps\/#breadcrumb","itemListElement":[{"@type":"ListItem","position":1,"name":"Accueil","item":"https:\/\/atypique.brunotarhan.fr\/"},{"@type":"ListItem","position":2,"name":""},{"@type":"ListItem","position":3,"name":"Esprit du temps"}]}]}},"_links":{"self":[{"href":"https:\/\/atypique.brunotarhan.fr\/index.php\/wp-json\/wp\/v2\/product\/14662","targetHints":{"allow":["GET"]}}],"collection":[{"href":"https:\/\/atypique.brunotarhan.fr\/index.php\/wp-json\/wp\/v2\/product"}],"about":[{"href":"https:\/\/atypique.brunotarhan.fr\/index.php\/wp-json\/wp\/v2\/types\/product"}],"replies":[{"embeddable":true,"href":"https:\/\/atypique.brunotarhan.fr\/index.php\/wp-json\/wp\/v2\/comments?post=14662"}],"wp:attachment":[{"href":"https:\/\/atypique.brunotarhan.fr\/index.php\/wp-json\/wp\/v2\/media?parent=14662"}],"wp:term":[{"taxonomy":"product_cat","embeddable":true,"href":"https:\/\/atypique.brunotarhan.fr\/index.php\/wp-json\/wp\/v2\/product_cat?post=14662"},{"taxonomy":"product_tag","embeddable":true,"href":"https:\/\/atypique.brunotarhan.fr\/index.php\/wp-json\/wp\/v2\/product_tag?post=14662"}],"curies":[{"name":"wp","href":"https:\/\/api.w.org\/{rel}","templated":true}]}}