{"id":14657,"date":"2022-03-28T07:37:55","date_gmt":"2022-03-28T07:37:55","guid":{"rendered":"https:\/\/atypique.brunotarhan.fr\/?post_type=product&#038;p=14657"},"modified":"2022-04-08T11:20:42","modified_gmt":"2022-04-08T11:20:42","slug":"volcanic","status":"publish","type":"product","link":"https:\/\/atypique.brunotarhan.fr\/index.php\/produit\/volcanic\/","title":{"rendered":"Volcanic"},"content":{"rendered":"","protected":false},"excerpt":{"rendered":"<p>C\u00e9page : Gamay<\/p>\n<p>provient de nos parcelles du lieu dit Appagni\u00e9 expos\u00e9es au Sud sur la commune de Lantigni\u00e9. Notre coteau est principalement implant\u00e9 en vielles vignes sur les terroirs de pierres bleues r\u00e9put\u00e9s pour l&#8217;\u00e9laboration de grands vins. Cette cuv\u00e9e se d\u00e9marque par sa pl\u00e9nitude en bouche, afin d&#8217;accompagner vos plats et fromages puissants, ou bien il pourra se garder de nombreuses ann\u00e9es dans votre cave.<\/p>\n","protected":false},"featured_media":0,"comment_status":"open","ping_status":"closed","template":"","meta":[],"product_cat":[87],"product_tag":[],"class_list":["post-14657","product","type-product","status-publish","hentry","product_cat-vins","berocket_brand-fabien-forest"],"yoast_head":"<!-- This site is optimized with the Yoast SEO plugin v18.0 - https:\/\/yoast.com\/wordpress\/plugins\/seo\/ -->\n<title>Volcanic - Atypique Concept Store<\/title>\n<meta name=\"robots\" content=\"index, follow, max-snippet:-1, max-image-preview:large, max-video-preview:-1\" \/>\n<link rel=\"canonical\" href=\"https:\/\/atypique.brunotarhan.fr\/index.php\/produit\/volcanic\/\" \/>\n<meta property=\"og:locale\" content=\"fr_FR\" \/>\n<meta property=\"og:type\" content=\"article\" \/>\n<meta property=\"og:title\" content=\"Volcanic - Atypique Concept Store\" \/>\n<meta property=\"og:description\" content=\"C\u00e9page : Gamay provient de nos parcelles du lieu dit Appagni\u00e9 expos\u00e9es au Sud sur la commune de Lantigni\u00e9. Notre coteau est principalement implant\u00e9 en vielles vignes sur les terroirs de pierres bleues r\u00e9put\u00e9s pour l&#039;\u00e9laboration de grands vins. Cette cuv\u00e9e se d\u00e9marque par sa pl\u00e9nitude en bouche, afin d&#039;accompagner vos plats et fromages puissants, ou bien il pourra se garder de nombreuses ann\u00e9es dans votre cave.\" \/>\n<meta property=\"og:url\" content=\"https:\/\/atypique.brunotarhan.fr\/index.php\/produit\/volcanic\/\" \/>\n<meta property=\"og:site_name\" content=\"Atypique Concept Store\" \/>\n<meta property=\"article:modified_time\" content=\"2022-04-08T11:20:42+00:00\" \/>\n<meta name=\"twitter:card\" content=\"summary_large_image\" \/>\n<script type=\"application\/ld+json\" class=\"yoast-schema-graph\">{\"@context\":\"https:\/\/schema.org\",\"@graph\":[{\"@type\":\"WebSite\",\"@id\":\"https:\/\/atypique.brunotarhan.fr\/#website\",\"url\":\"https:\/\/atypique.brunotarhan.fr\/\",\"name\":\"Atypique Concept Store\",\"description\":\"Just another WordPress site\",\"potentialAction\":[{\"@type\":\"SearchAction\",\"target\":{\"@type\":\"EntryPoint\",\"urlTemplate\":\"https:\/\/atypique.brunotarhan.fr\/?s={search_term_string}\"},\"query-input\":\"required name=search_term_string\"}],\"inLanguage\":\"fr-FR\"},{\"@type\":\"WebPage\",\"@id\":\"https:\/\/atypique.brunotarhan.fr\/index.php\/produit\/volcanic\/#webpage\",\"url\":\"https:\/\/atypique.brunotarhan.fr\/index.php\/produit\/volcanic\/\",\"name\":\"Volcanic - Atypique Concept Store\",\"isPartOf\":{\"@id\":\"https:\/\/atypique.brunotarhan.fr\/#website\"},\"datePublished\":\"2022-03-28T07:37:55+00:00\",\"dateModified\":\"2022-04-08T11:20:42+00:00\",\"breadcrumb\":{\"@id\":\"https:\/\/atypique.brunotarhan.fr\/index.php\/produit\/volcanic\/#breadcrumb\"},\"inLanguage\":\"fr-FR\",\"potentialAction\":[{\"@type\":\"ReadAction\",\"target\":[\"https:\/\/atypique.brunotarhan.fr\/index.php\/produit\/volcanic\/\"]}]},{\"@type\":\"BreadcrumbList\",\"@id\":\"https:\/\/atypique.brunotarhan.fr\/index.php\/produit\/volcanic\/#breadcrumb\",\"itemListElement\":[{\"@type\":\"ListItem\",\"position\":1,\"name\":\"Accueil\",\"item\":\"https:\/\/atypique.brunotarhan.fr\/\"},{\"@type\":\"ListItem\",\"position\":2,\"name\":\"\"},{\"@type\":\"ListItem\",\"position\":3,\"name\":\"Volcanic\"}]}]}<\/script>\n<!-- \/ Yoast SEO plugin. -->","yoast_head_json":{"title":"Volcanic - Atypique Concept Store","robots":{"index":"index","follow":"follow","max-snippet":"max-snippet:-1","max-image-preview":"max-image-preview:large","max-video-preview":"max-video-preview:-1"},"canonical":"https:\/\/atypique.brunotarhan.fr\/index.php\/produit\/volcanic\/","og_locale":"fr_FR","og_type":"article","og_title":"Volcanic - Atypique Concept Store","og_description":"C\u00e9page : Gamay provient de nos parcelles du lieu dit Appagni\u00e9 expos\u00e9es au Sud sur la commune de Lantigni\u00e9. Notre coteau est principalement implant\u00e9 en vielles vignes sur les terroirs de pierres bleues r\u00e9put\u00e9s pour l'\u00e9laboration de grands vins. Cette cuv\u00e9e se d\u00e9marque par sa pl\u00e9nitude en bouche, afin d'accompagner vos plats et fromages puissants, ou bien il pourra se garder de nombreuses ann\u00e9es dans votre cave.","og_url":"https:\/\/atypique.brunotarhan.fr\/index.php\/produit\/volcanic\/","og_site_name":"Atypique Concept Store","article_modified_time":"2022-04-08T11:20:42+00:00","twitter_card":"summary_large_image","schema":{"@context":"https:\/\/schema.org","@graph":[{"@type":"WebSite","@id":"https:\/\/atypique.brunotarhan.fr\/#website","url":"https:\/\/atypique.brunotarhan.fr\/","name":"Atypique Concept Store","description":"Just another WordPress site","potentialAction":[{"@type":"SearchAction","target":{"@type":"EntryPoint","urlTemplate":"https:\/\/atypique.brunotarhan.fr\/?s={search_term_string}"},"query-input":"required name=search_term_string"}],"inLanguage":"fr-FR"},{"@type":"WebPage","@id":"https:\/\/atypique.brunotarhan.fr\/index.php\/produit\/volcanic\/#webpage","url":"https:\/\/atypique.brunotarhan.fr\/index.php\/produit\/volcanic\/","name":"Volcanic - Atypique Concept Store","isPartOf":{"@id":"https:\/\/atypique.brunotarhan.fr\/#website"},"datePublished":"2022-03-28T07:37:55+00:00","dateModified":"2022-04-08T11:20:42+00:00","breadcrumb":{"@id":"https:\/\/atypique.brunotarhan.fr\/index.php\/produit\/volcanic\/#breadcrumb"},"inLanguage":"fr-FR","potentialAction":[{"@type":"ReadAction","target":["https:\/\/atypique.brunotarhan.fr\/index.php\/produit\/volcanic\/"]}]},{"@type":"BreadcrumbList","@id":"https:\/\/atypique.brunotarhan.fr\/index.php\/produit\/volcanic\/#breadcrumb","itemListElement":[{"@type":"ListItem","position":1,"name":"Accueil","item":"https:\/\/atypique.brunotarhan.fr\/"},{"@type":"ListItem","position":2,"name":""},{"@type":"ListItem","position":3,"name":"Volcanic"}]}]}},"_links":{"self":[{"href":"https:\/\/atypique.brunotarhan.fr\/index.php\/wp-json\/wp\/v2\/product\/14657","targetHints":{"allow":["GET"]}}],"collection":[{"href":"https:\/\/atypique.brunotarhan.fr\/index.php\/wp-json\/wp\/v2\/product"}],"about":[{"href":"https:\/\/atypique.brunotarhan.fr\/index.php\/wp-json\/wp\/v2\/types\/product"}],"replies":[{"embeddable":true,"href":"https:\/\/atypique.brunotarhan.fr\/index.php\/wp-json\/wp\/v2\/comments?post=14657"}],"wp:attachment":[{"href":"https:\/\/atypique.brunotarhan.fr\/index.php\/wp-json\/wp\/v2\/media?parent=14657"}],"wp:term":[{"taxonomy":"product_cat","embeddable":true,"href":"https:\/\/atypique.brunotarhan.fr\/index.php\/wp-json\/wp\/v2\/product_cat?post=14657"},{"taxonomy":"product_tag","embeddable":true,"href":"https:\/\/atypique.brunotarhan.fr\/index.php\/wp-json\/wp\/v2\/product_tag?post=14657"}],"curies":[{"name":"wp","href":"https:\/\/api.w.org\/{rel}","templated":true}]}}