{"id":14656,"date":"2022-03-28T07:37:52","date_gmt":"2022-03-28T07:37:52","guid":{"rendered":"https:\/\/atypique.brunotarhan.fr\/?post_type=product&#038;p=14656"},"modified":"2022-04-08T11:20:40","modified_gmt":"2022-04-08T11:20:40","slug":"granitic","status":"publish","type":"product","link":"https:\/\/atypique.brunotarhan.fr\/index.php\/produit\/granitic\/","title":{"rendered":"Granitic"},"content":{"rendered":"<p>Le domaine familial de 8 hectares est situ\u00e9 \u00e0 Lantigni\u00e9 \u00e0 c\u00f4t\u00e9 de Beaujeu, capitale historique du Beaujolais, sur le flan sud de la vall\u00e9e de l&#8217;Ardi\u00e8re.<\/p>\n<p>Les coteaux de vignes du Nord Beaujolais s&#8217;appuient sur les contreforts du Massif Central, dit Massif Hercynien datant d&#8217;environ 400 millions d&#8217;ann\u00e9es \u00e0 l&#8217;\u00e8re primaire de notre plan\u00e8te. La g\u00e9ologie exceptionnelle du Beaujolais, a \u00e9t\u00e9 class\u00e9e GEOPRAC  au patrimoine mondial de l&#8217;UNESCO, le Beaujolais est le premier GEOPARC Viticole Mondial.<\/p>\n<p>Ce patrimoine dont nous h\u00e9ritons est une chance pour l&#8217;\u00e9laboration de vins de qualit\u00e9, nous nous devons de le pr\u00e9server, c&#8217;est donc tout naturellement que le domaine a choisi des m\u00e9thodes culturales dans le respect et l&#8217;\u00e9coute du vivant,en agriculture biologique.<\/p>\n","protected":false},"excerpt":{"rendered":"<p>C\u00e9page : Gamay<\/p>\n<p>Issu des terroirs granitiques, du lieu dit Corcelette reconnu comme climat au sein de son appellation. Ce vin dense vous s\u00e9duira gr\u00e2ce \u00e0 la finesse de ses tanins. Il peut \u00eatre appr\u00e9ci\u00e9 jeune, comme dans quelques ann\u00e9es afin qu&#8217;il exprime sa typicit\u00e9.<\/p>\n","protected":false},"featured_media":0,"comment_status":"open","ping_status":"closed","template":"","meta":[],"product_cat":[87],"product_tag":[],"class_list":["post-14656","product","type-product","status-publish","hentry","product_cat-vins","berocket_brand-fabien-forest"],"yoast_head":"<!-- This site is optimized with the Yoast SEO plugin v18.0 - https:\/\/yoast.com\/wordpress\/plugins\/seo\/ -->\n<title>Granitic - Atypique Concept Store<\/title>\n<meta name=\"robots\" content=\"index, follow, max-snippet:-1, max-image-preview:large, max-video-preview:-1\" \/>\n<link rel=\"canonical\" href=\"https:\/\/atypique.brunotarhan.fr\/index.php\/produit\/granitic\/\" \/>\n<meta property=\"og:locale\" content=\"fr_FR\" \/>\n<meta property=\"og:type\" content=\"article\" \/>\n<meta property=\"og:title\" content=\"Granitic - Atypique Concept Store\" \/>\n<meta property=\"og:description\" content=\"C\u00e9page : Gamay Issu des terroirs granitiques, du lieu dit Corcelette reconnu comme climat au sein de son appellation. Ce vin dense vous s\u00e9duira gr\u00e2ce \u00e0 la finesse de ses tanins. Il peut \u00eatre appr\u00e9ci\u00e9 jeune, comme dans quelques ann\u00e9es afin qu&#039;il exprime sa typicit\u00e9.\" \/>\n<meta property=\"og:url\" content=\"https:\/\/atypique.brunotarhan.fr\/index.php\/produit\/granitic\/\" \/>\n<meta property=\"og:site_name\" content=\"Atypique Concept Store\" \/>\n<meta property=\"article:modified_time\" content=\"2022-04-08T11:20:40+00:00\" \/>\n<meta name=\"twitter:card\" content=\"summary_large_image\" \/>\n<meta name=\"twitter:label1\" content=\"Dur\u00e9e de lecture estim\u00e9e\" \/>\n\t<meta name=\"twitter:data1\" content=\"1 minute\" \/>\n<script type=\"application\/ld+json\" class=\"yoast-schema-graph\">{\"@context\":\"https:\/\/schema.org\",\"@graph\":[{\"@type\":\"WebSite\",\"@id\":\"https:\/\/atypique.brunotarhan.fr\/#website\",\"url\":\"https:\/\/atypique.brunotarhan.fr\/\",\"name\":\"Atypique Concept Store\",\"description\":\"Just another WordPress site\",\"potentialAction\":[{\"@type\":\"SearchAction\",\"target\":{\"@type\":\"EntryPoint\",\"urlTemplate\":\"https:\/\/atypique.brunotarhan.fr\/?s={search_term_string}\"},\"query-input\":\"required name=search_term_string\"}],\"inLanguage\":\"fr-FR\"},{\"@type\":\"WebPage\",\"@id\":\"https:\/\/atypique.brunotarhan.fr\/index.php\/produit\/granitic\/#webpage\",\"url\":\"https:\/\/atypique.brunotarhan.fr\/index.php\/produit\/granitic\/\",\"name\":\"Granitic - Atypique Concept Store\",\"isPartOf\":{\"@id\":\"https:\/\/atypique.brunotarhan.fr\/#website\"},\"datePublished\":\"2022-03-28T07:37:52+00:00\",\"dateModified\":\"2022-04-08T11:20:40+00:00\",\"breadcrumb\":{\"@id\":\"https:\/\/atypique.brunotarhan.fr\/index.php\/produit\/granitic\/#breadcrumb\"},\"inLanguage\":\"fr-FR\",\"potentialAction\":[{\"@type\":\"ReadAction\",\"target\":[\"https:\/\/atypique.brunotarhan.fr\/index.php\/produit\/granitic\/\"]}]},{\"@type\":\"BreadcrumbList\",\"@id\":\"https:\/\/atypique.brunotarhan.fr\/index.php\/produit\/granitic\/#breadcrumb\",\"itemListElement\":[{\"@type\":\"ListItem\",\"position\":1,\"name\":\"Accueil\",\"item\":\"https:\/\/atypique.brunotarhan.fr\/\"},{\"@type\":\"ListItem\",\"position\":2,\"name\":\"\"},{\"@type\":\"ListItem\",\"position\":3,\"name\":\"Granitic\"}]}]}<\/script>\n<!-- \/ Yoast SEO plugin. -->","yoast_head_json":{"title":"Granitic - Atypique Concept Store","robots":{"index":"index","follow":"follow","max-snippet":"max-snippet:-1","max-image-preview":"max-image-preview:large","max-video-preview":"max-video-preview:-1"},"canonical":"https:\/\/atypique.brunotarhan.fr\/index.php\/produit\/granitic\/","og_locale":"fr_FR","og_type":"article","og_title":"Granitic - Atypique Concept Store","og_description":"C\u00e9page : Gamay Issu des terroirs granitiques, du lieu dit Corcelette reconnu comme climat au sein de son appellation. Ce vin dense vous s\u00e9duira gr\u00e2ce \u00e0 la finesse de ses tanins. Il peut \u00eatre appr\u00e9ci\u00e9 jeune, comme dans quelques ann\u00e9es afin qu'il exprime sa typicit\u00e9.","og_url":"https:\/\/atypique.brunotarhan.fr\/index.php\/produit\/granitic\/","og_site_name":"Atypique Concept Store","article_modified_time":"2022-04-08T11:20:40+00:00","twitter_card":"summary_large_image","twitter_misc":{"Dur\u00e9e de lecture estim\u00e9e":"1 minute"},"schema":{"@context":"https:\/\/schema.org","@graph":[{"@type":"WebSite","@id":"https:\/\/atypique.brunotarhan.fr\/#website","url":"https:\/\/atypique.brunotarhan.fr\/","name":"Atypique Concept Store","description":"Just another WordPress site","potentialAction":[{"@type":"SearchAction","target":{"@type":"EntryPoint","urlTemplate":"https:\/\/atypique.brunotarhan.fr\/?s={search_term_string}"},"query-input":"required name=search_term_string"}],"inLanguage":"fr-FR"},{"@type":"WebPage","@id":"https:\/\/atypique.brunotarhan.fr\/index.php\/produit\/granitic\/#webpage","url":"https:\/\/atypique.brunotarhan.fr\/index.php\/produit\/granitic\/","name":"Granitic - Atypique Concept Store","isPartOf":{"@id":"https:\/\/atypique.brunotarhan.fr\/#website"},"datePublished":"2022-03-28T07:37:52+00:00","dateModified":"2022-04-08T11:20:40+00:00","breadcrumb":{"@id":"https:\/\/atypique.brunotarhan.fr\/index.php\/produit\/granitic\/#breadcrumb"},"inLanguage":"fr-FR","potentialAction":[{"@type":"ReadAction","target":["https:\/\/atypique.brunotarhan.fr\/index.php\/produit\/granitic\/"]}]},{"@type":"BreadcrumbList","@id":"https:\/\/atypique.brunotarhan.fr\/index.php\/produit\/granitic\/#breadcrumb","itemListElement":[{"@type":"ListItem","position":1,"name":"Accueil","item":"https:\/\/atypique.brunotarhan.fr\/"},{"@type":"ListItem","position":2,"name":""},{"@type":"ListItem","position":3,"name":"Granitic"}]}]}},"_links":{"self":[{"href":"https:\/\/atypique.brunotarhan.fr\/index.php\/wp-json\/wp\/v2\/product\/14656","targetHints":{"allow":["GET"]}}],"collection":[{"href":"https:\/\/atypique.brunotarhan.fr\/index.php\/wp-json\/wp\/v2\/product"}],"about":[{"href":"https:\/\/atypique.brunotarhan.fr\/index.php\/wp-json\/wp\/v2\/types\/product"}],"replies":[{"embeddable":true,"href":"https:\/\/atypique.brunotarhan.fr\/index.php\/wp-json\/wp\/v2\/comments?post=14656"}],"wp:attachment":[{"href":"https:\/\/atypique.brunotarhan.fr\/index.php\/wp-json\/wp\/v2\/media?parent=14656"}],"wp:term":[{"taxonomy":"product_cat","embeddable":true,"href":"https:\/\/atypique.brunotarhan.fr\/index.php\/wp-json\/wp\/v2\/product_cat?post=14656"},{"taxonomy":"product_tag","embeddable":true,"href":"https:\/\/atypique.brunotarhan.fr\/index.php\/wp-json\/wp\/v2\/product_tag?post=14656"}],"curies":[{"name":"wp","href":"https:\/\/api.w.org\/{rel}","templated":true}]}}