{"id":14654,"date":"2022-03-28T07:37:45","date_gmt":"2022-03-28T07:37:45","guid":{"rendered":"https:\/\/atypique.brunotarhan.fr\/?post_type=product&#038;p=14654"},"modified":"2022-04-08T11:20:36","modified_gmt":"2022-04-08T11:20:36","slug":"renaissance","status":"publish","type":"product","link":"https:\/\/atypique.brunotarhan.fr\/index.php\/produit\/renaissance\/","title":{"rendered":"Renaissance"},"content":{"rendered":"","protected":false},"excerpt":{"rendered":"<p>C\u00e9pages : Grenache, Syrah et  Mourv\u00e8dre<\/p>\n<p>Un nez de fruits noirs bien m\u00fbrs, de pain toast\u00e9, de moka, de garrigues et d\u2019olives noires. Une bouche puissante et complexe avec quelques notes animales et dot\u00e9e d\u2019une longueur g\u00e9n\u00e9reuse. Pour une d\u00e9gustation optimale \u00e0 a\u00e9rer plusieurs heures ou \u00e0 ouvrir si possible 24 heures avant de servir.<\/p>\n<p>Renaissance a \u00e9t\u00e9 \u00e9lev\u00e9 en cuve dans la fameuse cave cath\u00e9drale construite suivant les principes de la g\u00e9obiologie et du nombre d\u2019or. Pas de sulfites ajout\u00e9s. Vinification en levures indig\u00e8nes suivi d\u2019un long \u00e9levage de 18 mois.<\/p>\n","protected":false},"featured_media":0,"comment_status":"open","ping_status":"closed","template":"","meta":[],"product_cat":[87],"product_tag":[],"class_list":["post-14654","product","type-product","status-publish","hentry","product_cat-vins","berocket_brand-domaine-viret"],"yoast_head":"<!-- This site is optimized with the Yoast SEO plugin v18.0 - https:\/\/yoast.com\/wordpress\/plugins\/seo\/ -->\n<title>Renaissance - Atypique Concept Store<\/title>\n<meta name=\"robots\" content=\"index, follow, max-snippet:-1, max-image-preview:large, max-video-preview:-1\" \/>\n<link rel=\"canonical\" href=\"https:\/\/atypique.brunotarhan.fr\/index.php\/produit\/renaissance\/\" \/>\n<meta property=\"og:locale\" content=\"fr_FR\" \/>\n<meta property=\"og:type\" content=\"article\" \/>\n<meta property=\"og:title\" content=\"Renaissance - Atypique Concept Store\" \/>\n<meta property=\"og:description\" content=\"C\u00e9pages : Grenache, Syrah et Mourv\u00e8dre Un nez de fruits noirs bien m\u00fbrs, de pain toast\u00e9, de moka, de garrigues et d\u2019olives noires. Une bouche puissante et complexe avec quelques notes animales et dot\u00e9e d\u2019une longueur g\u00e9n\u00e9reuse. Pour une d\u00e9gustation optimale \u00e0 a\u00e9rer plusieurs heures ou \u00e0 ouvrir si possible 24 heures avant de servir. Renaissance a \u00e9t\u00e9 \u00e9lev\u00e9 en cuve dans la fameuse cave cath\u00e9drale construite suivant les principes de la g\u00e9obiologie et du nombre d\u2019or. Pas de sulfites ajout\u00e9s. Vinification en levures indig\u00e8nes suivi d\u2019un long \u00e9levage de 18 mois.\" \/>\n<meta property=\"og:url\" content=\"https:\/\/atypique.brunotarhan.fr\/index.php\/produit\/renaissance\/\" \/>\n<meta property=\"og:site_name\" content=\"Atypique Concept Store\" \/>\n<meta property=\"article:modified_time\" content=\"2022-04-08T11:20:36+00:00\" \/>\n<meta name=\"twitter:card\" content=\"summary_large_image\" \/>\n<script type=\"application\/ld+json\" class=\"yoast-schema-graph\">{\"@context\":\"https:\/\/schema.org\",\"@graph\":[{\"@type\":\"WebSite\",\"@id\":\"https:\/\/atypique.brunotarhan.fr\/#website\",\"url\":\"https:\/\/atypique.brunotarhan.fr\/\",\"name\":\"Atypique Concept Store\",\"description\":\"Just another WordPress site\",\"potentialAction\":[{\"@type\":\"SearchAction\",\"target\":{\"@type\":\"EntryPoint\",\"urlTemplate\":\"https:\/\/atypique.brunotarhan.fr\/?s={search_term_string}\"},\"query-input\":\"required name=search_term_string\"}],\"inLanguage\":\"fr-FR\"},{\"@type\":\"WebPage\",\"@id\":\"https:\/\/atypique.brunotarhan.fr\/index.php\/produit\/renaissance\/#webpage\",\"url\":\"https:\/\/atypique.brunotarhan.fr\/index.php\/produit\/renaissance\/\",\"name\":\"Renaissance - Atypique Concept Store\",\"isPartOf\":{\"@id\":\"https:\/\/atypique.brunotarhan.fr\/#website\"},\"datePublished\":\"2022-03-28T07:37:45+00:00\",\"dateModified\":\"2022-04-08T11:20:36+00:00\",\"breadcrumb\":{\"@id\":\"https:\/\/atypique.brunotarhan.fr\/index.php\/produit\/renaissance\/#breadcrumb\"},\"inLanguage\":\"fr-FR\",\"potentialAction\":[{\"@type\":\"ReadAction\",\"target\":[\"https:\/\/atypique.brunotarhan.fr\/index.php\/produit\/renaissance\/\"]}]},{\"@type\":\"BreadcrumbList\",\"@id\":\"https:\/\/atypique.brunotarhan.fr\/index.php\/produit\/renaissance\/#breadcrumb\",\"itemListElement\":[{\"@type\":\"ListItem\",\"position\":1,\"name\":\"Accueil\",\"item\":\"https:\/\/atypique.brunotarhan.fr\/\"},{\"@type\":\"ListItem\",\"position\":2,\"name\":\"\"},{\"@type\":\"ListItem\",\"position\":3,\"name\":\"Renaissance\"}]}]}<\/script>\n<!-- \/ Yoast SEO plugin. -->","yoast_head_json":{"title":"Renaissance - Atypique Concept Store","robots":{"index":"index","follow":"follow","max-snippet":"max-snippet:-1","max-image-preview":"max-image-preview:large","max-video-preview":"max-video-preview:-1"},"canonical":"https:\/\/atypique.brunotarhan.fr\/index.php\/produit\/renaissance\/","og_locale":"fr_FR","og_type":"article","og_title":"Renaissance - Atypique Concept Store","og_description":"C\u00e9pages : Grenache, Syrah et Mourv\u00e8dre Un nez de fruits noirs bien m\u00fbrs, de pain toast\u00e9, de moka, de garrigues et d\u2019olives noires. Une bouche puissante et complexe avec quelques notes animales et dot\u00e9e d\u2019une longueur g\u00e9n\u00e9reuse. Pour une d\u00e9gustation optimale \u00e0 a\u00e9rer plusieurs heures ou \u00e0 ouvrir si possible 24 heures avant de servir. Renaissance a \u00e9t\u00e9 \u00e9lev\u00e9 en cuve dans la fameuse cave cath\u00e9drale construite suivant les principes de la g\u00e9obiologie et du nombre d\u2019or. Pas de sulfites ajout\u00e9s. Vinification en levures indig\u00e8nes suivi d\u2019un long \u00e9levage de 18 mois.","og_url":"https:\/\/atypique.brunotarhan.fr\/index.php\/produit\/renaissance\/","og_site_name":"Atypique Concept Store","article_modified_time":"2022-04-08T11:20:36+00:00","twitter_card":"summary_large_image","schema":{"@context":"https:\/\/schema.org","@graph":[{"@type":"WebSite","@id":"https:\/\/atypique.brunotarhan.fr\/#website","url":"https:\/\/atypique.brunotarhan.fr\/","name":"Atypique Concept Store","description":"Just another WordPress site","potentialAction":[{"@type":"SearchAction","target":{"@type":"EntryPoint","urlTemplate":"https:\/\/atypique.brunotarhan.fr\/?s={search_term_string}"},"query-input":"required name=search_term_string"}],"inLanguage":"fr-FR"},{"@type":"WebPage","@id":"https:\/\/atypique.brunotarhan.fr\/index.php\/produit\/renaissance\/#webpage","url":"https:\/\/atypique.brunotarhan.fr\/index.php\/produit\/renaissance\/","name":"Renaissance - Atypique Concept Store","isPartOf":{"@id":"https:\/\/atypique.brunotarhan.fr\/#website"},"datePublished":"2022-03-28T07:37:45+00:00","dateModified":"2022-04-08T11:20:36+00:00","breadcrumb":{"@id":"https:\/\/atypique.brunotarhan.fr\/index.php\/produit\/renaissance\/#breadcrumb"},"inLanguage":"fr-FR","potentialAction":[{"@type":"ReadAction","target":["https:\/\/atypique.brunotarhan.fr\/index.php\/produit\/renaissance\/"]}]},{"@type":"BreadcrumbList","@id":"https:\/\/atypique.brunotarhan.fr\/index.php\/produit\/renaissance\/#breadcrumb","itemListElement":[{"@type":"ListItem","position":1,"name":"Accueil","item":"https:\/\/atypique.brunotarhan.fr\/"},{"@type":"ListItem","position":2,"name":""},{"@type":"ListItem","position":3,"name":"Renaissance"}]}]}},"_links":{"self":[{"href":"https:\/\/atypique.brunotarhan.fr\/index.php\/wp-json\/wp\/v2\/product\/14654","targetHints":{"allow":["GET"]}}],"collection":[{"href":"https:\/\/atypique.brunotarhan.fr\/index.php\/wp-json\/wp\/v2\/product"}],"about":[{"href":"https:\/\/atypique.brunotarhan.fr\/index.php\/wp-json\/wp\/v2\/types\/product"}],"replies":[{"embeddable":true,"href":"https:\/\/atypique.brunotarhan.fr\/index.php\/wp-json\/wp\/v2\/comments?post=14654"}],"wp:attachment":[{"href":"https:\/\/atypique.brunotarhan.fr\/index.php\/wp-json\/wp\/v2\/media?parent=14654"}],"wp:term":[{"taxonomy":"product_cat","embeddable":true,"href":"https:\/\/atypique.brunotarhan.fr\/index.php\/wp-json\/wp\/v2\/product_cat?post=14654"},{"taxonomy":"product_tag","embeddable":true,"href":"https:\/\/atypique.brunotarhan.fr\/index.php\/wp-json\/wp\/v2\/product_tag?post=14654"}],"curies":[{"name":"wp","href":"https:\/\/api.w.org\/{rel}","templated":true}]}}