{"id":14653,"date":"2022-03-28T07:37:43","date_gmt":"2022-03-28T07:37:43","guid":{"rendered":"https:\/\/atypique.brunotarhan.fr\/?post_type=product&#038;p=14653"},"modified":"2022-04-08T11:20:35","modified_gmt":"2022-04-08T11:20:35","slug":"la-coulee-dor","status":"publish","type":"product","link":"https:\/\/atypique.brunotarhan.fr\/index.php\/produit\/la-coulee-dor\/","title":{"rendered":"La coul\u00e9e d&#8217;or"},"content":{"rendered":"","protected":false},"excerpt":{"rendered":"<p>C\u00e9pages : viognier, clairette, roussanne et marsanne.<\/p>\n<p>La Coud\u00e9e d\u2019Or est un vin tr\u00e8s complexe, qui poss\u00e8de un nez riche \u00e0 la fois sur les ar\u00f4mes de fruits jaunes (abricot, p\u00eache) et de fruits confits, miel mais aussi v\u00e9g\u00e9tal de provence (fenouil) En bouche, le vin est ample, riche, gras, volumineux. Une finale avec un peu d\u2019amertume qui \u00e9quilibre l\u2019ensemble. Un vin gourmand, \u00e9tonnant et s\u00e9duisant. Le fruit\u00e9 tr\u00e8s pr\u00e9sent et tr\u00e8s agr\u00e9able est \u00e9quilibr\u00e9 par une tr\u00e8s l\u00e9g\u00e8re acidit\u00e9. Un vin velout\u00e9 mais qui reste tr\u00e8s pr\u00e9cis dans sa structure et ses ar\u00f4mes. <\/p>\n","protected":false},"featured_media":0,"comment_status":"open","ping_status":"closed","template":"","meta":[],"product_cat":[87],"product_tag":[],"class_list":["post-14653","product","type-product","status-publish","hentry","product_cat-vins","berocket_brand-domaine-viret"],"yoast_head":"<!-- This site is optimized with the Yoast SEO plugin v18.0 - https:\/\/yoast.com\/wordpress\/plugins\/seo\/ -->\n<title>La coul\u00e9e d&#039;or - Atypique Concept Store<\/title>\n<meta name=\"robots\" content=\"index, follow, max-snippet:-1, max-image-preview:large, max-video-preview:-1\" \/>\n<link rel=\"canonical\" href=\"https:\/\/atypique.brunotarhan.fr\/index.php\/produit\/la-coulee-dor\/\" \/>\n<meta property=\"og:locale\" content=\"fr_FR\" \/>\n<meta property=\"og:type\" content=\"article\" \/>\n<meta property=\"og:title\" content=\"La coul\u00e9e d&#039;or - Atypique Concept Store\" \/>\n<meta property=\"og:description\" content=\"C\u00e9pages : viognier, clairette, roussanne et marsanne. La Coud\u00e9e d\u2019Or est un vin tr\u00e8s complexe, qui poss\u00e8de un nez riche \u00e0 la fois sur les ar\u00f4mes de fruits jaunes (abricot, p\u00eache) et de fruits confits, miel mais aussi v\u00e9g\u00e9tal de provence (fenouil) En bouche, le vin est ample, riche, gras, volumineux. Une finale avec un peu d\u2019amertume qui \u00e9quilibre l\u2019ensemble. Un vin gourmand, \u00e9tonnant et s\u00e9duisant. Le fruit\u00e9 tr\u00e8s pr\u00e9sent et tr\u00e8s agr\u00e9able est \u00e9quilibr\u00e9 par une tr\u00e8s l\u00e9g\u00e8re acidit\u00e9. Un vin velout\u00e9 mais qui reste tr\u00e8s pr\u00e9cis dans sa structure et ses ar\u00f4mes.\" \/>\n<meta property=\"og:url\" content=\"https:\/\/atypique.brunotarhan.fr\/index.php\/produit\/la-coulee-dor\/\" \/>\n<meta property=\"og:site_name\" content=\"Atypique Concept Store\" \/>\n<meta property=\"article:modified_time\" content=\"2022-04-08T11:20:35+00:00\" \/>\n<meta name=\"twitter:card\" content=\"summary_large_image\" \/>\n<script type=\"application\/ld+json\" class=\"yoast-schema-graph\">{\"@context\":\"https:\/\/schema.org\",\"@graph\":[{\"@type\":\"WebSite\",\"@id\":\"https:\/\/atypique.brunotarhan.fr\/#website\",\"url\":\"https:\/\/atypique.brunotarhan.fr\/\",\"name\":\"Atypique Concept Store\",\"description\":\"Just another WordPress site\",\"potentialAction\":[{\"@type\":\"SearchAction\",\"target\":{\"@type\":\"EntryPoint\",\"urlTemplate\":\"https:\/\/atypique.brunotarhan.fr\/?s={search_term_string}\"},\"query-input\":\"required name=search_term_string\"}],\"inLanguage\":\"fr-FR\"},{\"@type\":\"WebPage\",\"@id\":\"https:\/\/atypique.brunotarhan.fr\/index.php\/produit\/la-coulee-dor\/#webpage\",\"url\":\"https:\/\/atypique.brunotarhan.fr\/index.php\/produit\/la-coulee-dor\/\",\"name\":\"La coul\u00e9e d'or - Atypique Concept Store\",\"isPartOf\":{\"@id\":\"https:\/\/atypique.brunotarhan.fr\/#website\"},\"datePublished\":\"2022-03-28T07:37:43+00:00\",\"dateModified\":\"2022-04-08T11:20:35+00:00\",\"breadcrumb\":{\"@id\":\"https:\/\/atypique.brunotarhan.fr\/index.php\/produit\/la-coulee-dor\/#breadcrumb\"},\"inLanguage\":\"fr-FR\",\"potentialAction\":[{\"@type\":\"ReadAction\",\"target\":[\"https:\/\/atypique.brunotarhan.fr\/index.php\/produit\/la-coulee-dor\/\"]}]},{\"@type\":\"BreadcrumbList\",\"@id\":\"https:\/\/atypique.brunotarhan.fr\/index.php\/produit\/la-coulee-dor\/#breadcrumb\",\"itemListElement\":[{\"@type\":\"ListItem\",\"position\":1,\"name\":\"Accueil\",\"item\":\"https:\/\/atypique.brunotarhan.fr\/\"},{\"@type\":\"ListItem\",\"position\":2,\"name\":\"\"},{\"@type\":\"ListItem\",\"position\":3,\"name\":\"La coul\u00e9e d&#8217;or\"}]}]}<\/script>\n<!-- \/ Yoast SEO plugin. -->","yoast_head_json":{"title":"La coul\u00e9e d'or - Atypique Concept Store","robots":{"index":"index","follow":"follow","max-snippet":"max-snippet:-1","max-image-preview":"max-image-preview:large","max-video-preview":"max-video-preview:-1"},"canonical":"https:\/\/atypique.brunotarhan.fr\/index.php\/produit\/la-coulee-dor\/","og_locale":"fr_FR","og_type":"article","og_title":"La coul\u00e9e d'or - Atypique Concept Store","og_description":"C\u00e9pages : viognier, clairette, roussanne et marsanne. La Coud\u00e9e d\u2019Or est un vin tr\u00e8s complexe, qui poss\u00e8de un nez riche \u00e0 la fois sur les ar\u00f4mes de fruits jaunes (abricot, p\u00eache) et de fruits confits, miel mais aussi v\u00e9g\u00e9tal de provence (fenouil) En bouche, le vin est ample, riche, gras, volumineux. Une finale avec un peu d\u2019amertume qui \u00e9quilibre l\u2019ensemble. Un vin gourmand, \u00e9tonnant et s\u00e9duisant. Le fruit\u00e9 tr\u00e8s pr\u00e9sent et tr\u00e8s agr\u00e9able est \u00e9quilibr\u00e9 par une tr\u00e8s l\u00e9g\u00e8re acidit\u00e9. Un vin velout\u00e9 mais qui reste tr\u00e8s pr\u00e9cis dans sa structure et ses ar\u00f4mes.","og_url":"https:\/\/atypique.brunotarhan.fr\/index.php\/produit\/la-coulee-dor\/","og_site_name":"Atypique Concept Store","article_modified_time":"2022-04-08T11:20:35+00:00","twitter_card":"summary_large_image","schema":{"@context":"https:\/\/schema.org","@graph":[{"@type":"WebSite","@id":"https:\/\/atypique.brunotarhan.fr\/#website","url":"https:\/\/atypique.brunotarhan.fr\/","name":"Atypique Concept Store","description":"Just another WordPress site","potentialAction":[{"@type":"SearchAction","target":{"@type":"EntryPoint","urlTemplate":"https:\/\/atypique.brunotarhan.fr\/?s={search_term_string}"},"query-input":"required name=search_term_string"}],"inLanguage":"fr-FR"},{"@type":"WebPage","@id":"https:\/\/atypique.brunotarhan.fr\/index.php\/produit\/la-coulee-dor\/#webpage","url":"https:\/\/atypique.brunotarhan.fr\/index.php\/produit\/la-coulee-dor\/","name":"La coul\u00e9e d'or - Atypique Concept Store","isPartOf":{"@id":"https:\/\/atypique.brunotarhan.fr\/#website"},"datePublished":"2022-03-28T07:37:43+00:00","dateModified":"2022-04-08T11:20:35+00:00","breadcrumb":{"@id":"https:\/\/atypique.brunotarhan.fr\/index.php\/produit\/la-coulee-dor\/#breadcrumb"},"inLanguage":"fr-FR","potentialAction":[{"@type":"ReadAction","target":["https:\/\/atypique.brunotarhan.fr\/index.php\/produit\/la-coulee-dor\/"]}]},{"@type":"BreadcrumbList","@id":"https:\/\/atypique.brunotarhan.fr\/index.php\/produit\/la-coulee-dor\/#breadcrumb","itemListElement":[{"@type":"ListItem","position":1,"name":"Accueil","item":"https:\/\/atypique.brunotarhan.fr\/"},{"@type":"ListItem","position":2,"name":""},{"@type":"ListItem","position":3,"name":"La coul\u00e9e d&#8217;or"}]}]}},"_links":{"self":[{"href":"https:\/\/atypique.brunotarhan.fr\/index.php\/wp-json\/wp\/v2\/product\/14653","targetHints":{"allow":["GET"]}}],"collection":[{"href":"https:\/\/atypique.brunotarhan.fr\/index.php\/wp-json\/wp\/v2\/product"}],"about":[{"href":"https:\/\/atypique.brunotarhan.fr\/index.php\/wp-json\/wp\/v2\/types\/product"}],"replies":[{"embeddable":true,"href":"https:\/\/atypique.brunotarhan.fr\/index.php\/wp-json\/wp\/v2\/comments?post=14653"}],"wp:attachment":[{"href":"https:\/\/atypique.brunotarhan.fr\/index.php\/wp-json\/wp\/v2\/media?parent=14653"}],"wp:term":[{"taxonomy":"product_cat","embeddable":true,"href":"https:\/\/atypique.brunotarhan.fr\/index.php\/wp-json\/wp\/v2\/product_cat?post=14653"},{"taxonomy":"product_tag","embeddable":true,"href":"https:\/\/atypique.brunotarhan.fr\/index.php\/wp-json\/wp\/v2\/product_tag?post=14653"}],"curies":[{"name":"wp","href":"https:\/\/api.w.org\/{rel}","templated":true}]}}