{"id":14651,"date":"2022-03-28T07:37:37","date_gmt":"2022-03-28T07:37:37","guid":{"rendered":"https:\/\/atypique.brunotarhan.fr\/?post_type=product&#038;p=14651"},"modified":"2022-04-08T11:20:30","modified_gmt":"2022-04-08T11:20:30","slug":"energie","status":"publish","type":"product","link":"https:\/\/atypique.brunotarhan.fr\/index.php\/produit\/energie\/","title":{"rendered":"Energie"},"content":{"rendered":"<p>Depuis plus de 20 ans, nous produisons du vin issu de la COSMOCULTURE\u00ae. Nous avons l\u2019ambition de faire des grands vins avec plus de cent c\u00e9pages et sans utiliser d\u2019intrants oenologiques et\/ou en limitant l\u2019ajout de produits ext\u00e9rieurs. Nos pratiques viticoles sont tr\u00e8s exigeantes, et suivent le cahier des charges de la COSMOCULTURE\u00ae. Nous avons proscrit tout adjuvants et additifs de nos vinifications, \u00e0 l\u2019exception du SO2 avec une dose maximum de 20mg\/L sur notre exploitation viticole. Nous souhaitons valoriser notre terroir, ainsi que les qualit\u00e9s et le savoir-faire des hommes qui le travaillent.<\/p>\n<p>Domaine en Cosmoculture :<\/p>\n<p>Cette m\u00e9thode est n\u00e9e dans les ann\u00e9es 90, elle est issue de la pens\u00e9e d\u2019Alain et de Philippe Viret qui ont appliqu\u00e9 des principes ancestraux et \u00e9nerg\u00e9tiques sur leur domaine.<\/p>\n<p>Elle rejoint les principes fondamentaux des cultures biologiques et biodynamiques. Elle ouvre des horizons nouveaux sur les principes bio\u00e9nerg\u00e9tiques, avec pour objectif principal d\u2019apporter des solutions aux agriculteurs pour r\u00e9\u00e9quilibrer, r\u00e9\u00e9nerg\u00e9tiser et sauvegarder les \u00e9quilibres vivants et les \u00e9cosyst\u00e8mes.<\/p>\n","protected":false},"excerpt":{"rendered":"<p>C\u00e9pages :  Vaccar\u00e8se, Muscardin, Counoise, Picpoul, Terret Noir avec en compl\u00e9ment de la Syrah et du Mourv\u00e8dre<\/p>\n<p>On retrouve le nez typ\u00e9 du domaine Viret sur des fruits noirs, des notes fum\u00e9es et de cuir avec une fra\u00eecheur pr\u00e9sente \u00e0 chaque instant, merci la Biodynamie ! Une bouche expressive qui reprend l\u2019aromatique du nez soulign\u00e9e par des senteurs de garrigues. Un vrai plaisir, digeste avec une structure tannique bien pr\u00e9sente pour une cuv\u00e9e \u00ab glouglou \u00bb qui vous permettra des accords mets et vins plus larges.<\/p>\n","protected":false},"featured_media":0,"comment_status":"open","ping_status":"closed","template":"","meta":[],"product_cat":[87],"product_tag":[],"class_list":["post-14651","product","type-product","status-publish","hentry","product_cat-vins","berocket_brand-domaine-viret"],"yoast_head":"<!-- This site is optimized with the Yoast SEO plugin v18.0 - https:\/\/yoast.com\/wordpress\/plugins\/seo\/ -->\n<title>Energie - Atypique Concept Store<\/title>\n<meta name=\"robots\" content=\"index, follow, max-snippet:-1, max-image-preview:large, max-video-preview:-1\" \/>\n<link rel=\"canonical\" href=\"https:\/\/atypique.brunotarhan.fr\/index.php\/produit\/energie\/\" \/>\n<meta property=\"og:locale\" content=\"fr_FR\" \/>\n<meta property=\"og:type\" content=\"article\" \/>\n<meta property=\"og:title\" content=\"Energie - Atypique Concept Store\" \/>\n<meta property=\"og:description\" content=\"C\u00e9pages : Vaccar\u00e8se, Muscardin, Counoise, Picpoul, Terret Noir avec en compl\u00e9ment de la Syrah et du Mourv\u00e8dre On retrouve le nez typ\u00e9 du domaine Viret sur des fruits noirs, des notes fum\u00e9es et de cuir avec une fra\u00eecheur pr\u00e9sente \u00e0 chaque instant, merci la Biodynamie ! Une bouche expressive qui reprend l\u2019aromatique du nez soulign\u00e9e par des senteurs de garrigues. Un vrai plaisir, digeste avec une structure tannique bien pr\u00e9sente pour une cuv\u00e9e \u00ab glouglou \u00bb qui vous permettra des accords mets et vins plus larges.\" \/>\n<meta property=\"og:url\" content=\"https:\/\/atypique.brunotarhan.fr\/index.php\/produit\/energie\/\" \/>\n<meta property=\"og:site_name\" content=\"Atypique Concept Store\" \/>\n<meta property=\"article:modified_time\" content=\"2022-04-08T11:20:30+00:00\" \/>\n<meta name=\"twitter:card\" content=\"summary_large_image\" \/>\n<meta name=\"twitter:label1\" content=\"Dur\u00e9e de lecture estim\u00e9e\" \/>\n\t<meta name=\"twitter:data1\" content=\"1 minute\" \/>\n<script type=\"application\/ld+json\" class=\"yoast-schema-graph\">{\"@context\":\"https:\/\/schema.org\",\"@graph\":[{\"@type\":\"WebSite\",\"@id\":\"https:\/\/atypique.brunotarhan.fr\/#website\",\"url\":\"https:\/\/atypique.brunotarhan.fr\/\",\"name\":\"Atypique Concept Store\",\"description\":\"Just another WordPress site\",\"potentialAction\":[{\"@type\":\"SearchAction\",\"target\":{\"@type\":\"EntryPoint\",\"urlTemplate\":\"https:\/\/atypique.brunotarhan.fr\/?s={search_term_string}\"},\"query-input\":\"required name=search_term_string\"}],\"inLanguage\":\"fr-FR\"},{\"@type\":\"WebPage\",\"@id\":\"https:\/\/atypique.brunotarhan.fr\/index.php\/produit\/energie\/#webpage\",\"url\":\"https:\/\/atypique.brunotarhan.fr\/index.php\/produit\/energie\/\",\"name\":\"Energie - Atypique Concept Store\",\"isPartOf\":{\"@id\":\"https:\/\/atypique.brunotarhan.fr\/#website\"},\"datePublished\":\"2022-03-28T07:37:37+00:00\",\"dateModified\":\"2022-04-08T11:20:30+00:00\",\"breadcrumb\":{\"@id\":\"https:\/\/atypique.brunotarhan.fr\/index.php\/produit\/energie\/#breadcrumb\"},\"inLanguage\":\"fr-FR\",\"potentialAction\":[{\"@type\":\"ReadAction\",\"target\":[\"https:\/\/atypique.brunotarhan.fr\/index.php\/produit\/energie\/\"]}]},{\"@type\":\"BreadcrumbList\",\"@id\":\"https:\/\/atypique.brunotarhan.fr\/index.php\/produit\/energie\/#breadcrumb\",\"itemListElement\":[{\"@type\":\"ListItem\",\"position\":1,\"name\":\"Accueil\",\"item\":\"https:\/\/atypique.brunotarhan.fr\/\"},{\"@type\":\"ListItem\",\"position\":2,\"name\":\"\"},{\"@type\":\"ListItem\",\"position\":3,\"name\":\"Energie\"}]}]}<\/script>\n<!-- \/ Yoast SEO plugin. -->","yoast_head_json":{"title":"Energie - Atypique Concept Store","robots":{"index":"index","follow":"follow","max-snippet":"max-snippet:-1","max-image-preview":"max-image-preview:large","max-video-preview":"max-video-preview:-1"},"canonical":"https:\/\/atypique.brunotarhan.fr\/index.php\/produit\/energie\/","og_locale":"fr_FR","og_type":"article","og_title":"Energie - Atypique Concept Store","og_description":"C\u00e9pages : Vaccar\u00e8se, Muscardin, Counoise, Picpoul, Terret Noir avec en compl\u00e9ment de la Syrah et du Mourv\u00e8dre On retrouve le nez typ\u00e9 du domaine Viret sur des fruits noirs, des notes fum\u00e9es et de cuir avec une fra\u00eecheur pr\u00e9sente \u00e0 chaque instant, merci la Biodynamie ! Une bouche expressive qui reprend l\u2019aromatique du nez soulign\u00e9e par des senteurs de garrigues. Un vrai plaisir, digeste avec une structure tannique bien pr\u00e9sente pour une cuv\u00e9e \u00ab glouglou \u00bb qui vous permettra des accords mets et vins plus larges.","og_url":"https:\/\/atypique.brunotarhan.fr\/index.php\/produit\/energie\/","og_site_name":"Atypique Concept Store","article_modified_time":"2022-04-08T11:20:30+00:00","twitter_card":"summary_large_image","twitter_misc":{"Dur\u00e9e de lecture estim\u00e9e":"1 minute"},"schema":{"@context":"https:\/\/schema.org","@graph":[{"@type":"WebSite","@id":"https:\/\/atypique.brunotarhan.fr\/#website","url":"https:\/\/atypique.brunotarhan.fr\/","name":"Atypique Concept Store","description":"Just another WordPress site","potentialAction":[{"@type":"SearchAction","target":{"@type":"EntryPoint","urlTemplate":"https:\/\/atypique.brunotarhan.fr\/?s={search_term_string}"},"query-input":"required name=search_term_string"}],"inLanguage":"fr-FR"},{"@type":"WebPage","@id":"https:\/\/atypique.brunotarhan.fr\/index.php\/produit\/energie\/#webpage","url":"https:\/\/atypique.brunotarhan.fr\/index.php\/produit\/energie\/","name":"Energie - Atypique Concept Store","isPartOf":{"@id":"https:\/\/atypique.brunotarhan.fr\/#website"},"datePublished":"2022-03-28T07:37:37+00:00","dateModified":"2022-04-08T11:20:30+00:00","breadcrumb":{"@id":"https:\/\/atypique.brunotarhan.fr\/index.php\/produit\/energie\/#breadcrumb"},"inLanguage":"fr-FR","potentialAction":[{"@type":"ReadAction","target":["https:\/\/atypique.brunotarhan.fr\/index.php\/produit\/energie\/"]}]},{"@type":"BreadcrumbList","@id":"https:\/\/atypique.brunotarhan.fr\/index.php\/produit\/energie\/#breadcrumb","itemListElement":[{"@type":"ListItem","position":1,"name":"Accueil","item":"https:\/\/atypique.brunotarhan.fr\/"},{"@type":"ListItem","position":2,"name":""},{"@type":"ListItem","position":3,"name":"Energie"}]}]}},"_links":{"self":[{"href":"https:\/\/atypique.brunotarhan.fr\/index.php\/wp-json\/wp\/v2\/product\/14651","targetHints":{"allow":["GET"]}}],"collection":[{"href":"https:\/\/atypique.brunotarhan.fr\/index.php\/wp-json\/wp\/v2\/product"}],"about":[{"href":"https:\/\/atypique.brunotarhan.fr\/index.php\/wp-json\/wp\/v2\/types\/product"}],"replies":[{"embeddable":true,"href":"https:\/\/atypique.brunotarhan.fr\/index.php\/wp-json\/wp\/v2\/comments?post=14651"}],"wp:attachment":[{"href":"https:\/\/atypique.brunotarhan.fr\/index.php\/wp-json\/wp\/v2\/media?parent=14651"}],"wp:term":[{"taxonomy":"product_cat","embeddable":true,"href":"https:\/\/atypique.brunotarhan.fr\/index.php\/wp-json\/wp\/v2\/product_cat?post=14651"},{"taxonomy":"product_tag","embeddable":true,"href":"https:\/\/atypique.brunotarhan.fr\/index.php\/wp-json\/wp\/v2\/product_tag?post=14651"}],"curies":[{"name":"wp","href":"https:\/\/api.w.org\/{rel}","templated":true}]}}