{"id":14646,"date":"2022-03-28T07:37:18","date_gmt":"2022-03-28T07:37:18","guid":{"rendered":"https:\/\/atypique.brunotarhan.fr\/?post_type=product&#038;p=14646"},"modified":"2022-04-08T11:20:18","modified_gmt":"2022-04-08T11:20:18","slug":"bille-de-roche-rouge","status":"publish","type":"product","link":"https:\/\/atypique.brunotarhan.fr\/index.php\/produit\/bille-de-roche-rouge\/","title":{"rendered":"Bille de roche rouge"},"content":{"rendered":"<p>MELANIE ET AYMERIC<br \/>\nVignerons install\u00e9s depuis 2008 sur 4 hectares, nous avons a coeur de remettre du vivant dans nos vignes. Travail du sol, plantation d&#8217;arbres et de haies, r\u00e9introduction de moutons dans les vignes, nous permettent de nous sentir plus coh\u00e9rents dans un syst\u00e8me de monoculture vignes. Aymeric, fervent passionn\u00e9 de la vigne et du vin, contamine de nombreuses personnes d\u00e9sireuses d&#8217;\u00e9voluer vers un m\u00e9tier de la terre. Formatrice pendant 7 ans, M\u00e9lanie continue avec joie et envie de transmettre, d&#8217;accompagner chacun pour se r\u00e9aliser. Nous avons pris ainsi pris un virage en 2020 pour proposer des formations sur la vigne et le vin&#8230;<\/p>\n<p>M\u00e9laric est n\u00e9 d\u2019une passion commune pour les vins de terroirs exprimant l\u2019endroit o\u00f9 ils sont n\u00e9s. Sur 4 hectares dans le sud saumurois, nous cherchons \u00e0 \u00e9laborer des vins pr\u00e9cis, vivants et digestes \u00e0 la personnalit\u00e9 singuli\u00e8re, reflet de leurs racines et du mill\u00e9sime&#8230;<br \/>\nLe raisin est l&#8217;essence m\u00eame du vin. C&#8217;est donc \u00e0 la vigne que se portent notre \u00e9nergie et nos efforts passant notamment par une culture biologique. Respect du raisin et respect du vin&#8230; \u00e0 la cave, nous accompagnons simplement les vins, \u00e0 travers des \u00e9levages longs dans nos caves de craie. <\/p>\n<p>A chacun de trouver sa voie dans le mill\u00e9sime.<\/p>\n","protected":false},"excerpt":{"rendered":"<p>C\u00e9page : 100 % Cabernet franc<\/p>\n<p>M\u00fbr et tannique,qui ravira les amateurs de vins d&#8217;une belle concentration<\/p>\n<p>Sols Argiles limoneuses sur tuffeau blanc.<br \/>\nPuissant et tr\u00e8s expressif<br \/>\nDeux ans d\u2019\u00e9levage en barriques.<\/p>\n","protected":false},"featured_media":0,"comment_status":"open","ping_status":"closed","template":"","meta":[],"product_cat":[87],"product_tag":[],"class_list":["post-14646","product","type-product","status-publish","hentry","product_cat-vins","berocket_brand-domaine-melaric"],"yoast_head":"<!-- This site is optimized with the Yoast SEO plugin v18.0 - https:\/\/yoast.com\/wordpress\/plugins\/seo\/ -->\n<title>Bille de roche rouge - Atypique Concept Store<\/title>\n<meta name=\"robots\" content=\"index, follow, max-snippet:-1, max-image-preview:large, max-video-preview:-1\" \/>\n<link rel=\"canonical\" href=\"https:\/\/atypique.brunotarhan.fr\/index.php\/produit\/bille-de-roche-rouge\/\" \/>\n<meta property=\"og:locale\" content=\"fr_FR\" \/>\n<meta property=\"og:type\" content=\"article\" \/>\n<meta property=\"og:title\" content=\"Bille de roche rouge - Atypique Concept Store\" \/>\n<meta property=\"og:description\" content=\"C\u00e9page : 100 % Cabernet franc M\u00fbr et tannique,qui ravira les amateurs de vins d&#039;une belle concentration Sols Argiles limoneuses sur tuffeau blanc. Puissant et tr\u00e8s expressif Deux ans d\u2019\u00e9levage en barriques.\" \/>\n<meta property=\"og:url\" content=\"https:\/\/atypique.brunotarhan.fr\/index.php\/produit\/bille-de-roche-rouge\/\" \/>\n<meta property=\"og:site_name\" content=\"Atypique Concept Store\" \/>\n<meta property=\"article:modified_time\" content=\"2022-04-08T11:20:18+00:00\" \/>\n<meta name=\"twitter:card\" content=\"summary_large_image\" \/>\n<meta name=\"twitter:label1\" content=\"Dur\u00e9e de lecture estim\u00e9e\" \/>\n\t<meta name=\"twitter:data1\" content=\"1 minute\" \/>\n<script type=\"application\/ld+json\" class=\"yoast-schema-graph\">{\"@context\":\"https:\/\/schema.org\",\"@graph\":[{\"@type\":\"WebSite\",\"@id\":\"https:\/\/atypique.brunotarhan.fr\/#website\",\"url\":\"https:\/\/atypique.brunotarhan.fr\/\",\"name\":\"Atypique Concept Store\",\"description\":\"Just another WordPress site\",\"potentialAction\":[{\"@type\":\"SearchAction\",\"target\":{\"@type\":\"EntryPoint\",\"urlTemplate\":\"https:\/\/atypique.brunotarhan.fr\/?s={search_term_string}\"},\"query-input\":\"required name=search_term_string\"}],\"inLanguage\":\"fr-FR\"},{\"@type\":\"WebPage\",\"@id\":\"https:\/\/atypique.brunotarhan.fr\/index.php\/produit\/bille-de-roche-rouge\/#webpage\",\"url\":\"https:\/\/atypique.brunotarhan.fr\/index.php\/produit\/bille-de-roche-rouge\/\",\"name\":\"Bille de roche rouge - Atypique Concept Store\",\"isPartOf\":{\"@id\":\"https:\/\/atypique.brunotarhan.fr\/#website\"},\"datePublished\":\"2022-03-28T07:37:18+00:00\",\"dateModified\":\"2022-04-08T11:20:18+00:00\",\"breadcrumb\":{\"@id\":\"https:\/\/atypique.brunotarhan.fr\/index.php\/produit\/bille-de-roche-rouge\/#breadcrumb\"},\"inLanguage\":\"fr-FR\",\"potentialAction\":[{\"@type\":\"ReadAction\",\"target\":[\"https:\/\/atypique.brunotarhan.fr\/index.php\/produit\/bille-de-roche-rouge\/\"]}]},{\"@type\":\"BreadcrumbList\",\"@id\":\"https:\/\/atypique.brunotarhan.fr\/index.php\/produit\/bille-de-roche-rouge\/#breadcrumb\",\"itemListElement\":[{\"@type\":\"ListItem\",\"position\":1,\"name\":\"Accueil\",\"item\":\"https:\/\/atypique.brunotarhan.fr\/\"},{\"@type\":\"ListItem\",\"position\":2,\"name\":\"\"},{\"@type\":\"ListItem\",\"position\":3,\"name\":\"Bille de roche rouge\"}]}]}<\/script>\n<!-- \/ Yoast SEO plugin. -->","yoast_head_json":{"title":"Bille de roche rouge - Atypique Concept Store","robots":{"index":"index","follow":"follow","max-snippet":"max-snippet:-1","max-image-preview":"max-image-preview:large","max-video-preview":"max-video-preview:-1"},"canonical":"https:\/\/atypique.brunotarhan.fr\/index.php\/produit\/bille-de-roche-rouge\/","og_locale":"fr_FR","og_type":"article","og_title":"Bille de roche rouge - Atypique Concept Store","og_description":"C\u00e9page : 100 % Cabernet franc M\u00fbr et tannique,qui ravira les amateurs de vins d'une belle concentration Sols Argiles limoneuses sur tuffeau blanc. Puissant et tr\u00e8s expressif Deux ans d\u2019\u00e9levage en barriques.","og_url":"https:\/\/atypique.brunotarhan.fr\/index.php\/produit\/bille-de-roche-rouge\/","og_site_name":"Atypique Concept Store","article_modified_time":"2022-04-08T11:20:18+00:00","twitter_card":"summary_large_image","twitter_misc":{"Dur\u00e9e de lecture estim\u00e9e":"1 minute"},"schema":{"@context":"https:\/\/schema.org","@graph":[{"@type":"WebSite","@id":"https:\/\/atypique.brunotarhan.fr\/#website","url":"https:\/\/atypique.brunotarhan.fr\/","name":"Atypique Concept Store","description":"Just another WordPress site","potentialAction":[{"@type":"SearchAction","target":{"@type":"EntryPoint","urlTemplate":"https:\/\/atypique.brunotarhan.fr\/?s={search_term_string}"},"query-input":"required name=search_term_string"}],"inLanguage":"fr-FR"},{"@type":"WebPage","@id":"https:\/\/atypique.brunotarhan.fr\/index.php\/produit\/bille-de-roche-rouge\/#webpage","url":"https:\/\/atypique.brunotarhan.fr\/index.php\/produit\/bille-de-roche-rouge\/","name":"Bille de roche rouge - Atypique Concept Store","isPartOf":{"@id":"https:\/\/atypique.brunotarhan.fr\/#website"},"datePublished":"2022-03-28T07:37:18+00:00","dateModified":"2022-04-08T11:20:18+00:00","breadcrumb":{"@id":"https:\/\/atypique.brunotarhan.fr\/index.php\/produit\/bille-de-roche-rouge\/#breadcrumb"},"inLanguage":"fr-FR","potentialAction":[{"@type":"ReadAction","target":["https:\/\/atypique.brunotarhan.fr\/index.php\/produit\/bille-de-roche-rouge\/"]}]},{"@type":"BreadcrumbList","@id":"https:\/\/atypique.brunotarhan.fr\/index.php\/produit\/bille-de-roche-rouge\/#breadcrumb","itemListElement":[{"@type":"ListItem","position":1,"name":"Accueil","item":"https:\/\/atypique.brunotarhan.fr\/"},{"@type":"ListItem","position":2,"name":""},{"@type":"ListItem","position":3,"name":"Bille de roche rouge"}]}]}},"_links":{"self":[{"href":"https:\/\/atypique.brunotarhan.fr\/index.php\/wp-json\/wp\/v2\/product\/14646","targetHints":{"allow":["GET"]}}],"collection":[{"href":"https:\/\/atypique.brunotarhan.fr\/index.php\/wp-json\/wp\/v2\/product"}],"about":[{"href":"https:\/\/atypique.brunotarhan.fr\/index.php\/wp-json\/wp\/v2\/types\/product"}],"replies":[{"embeddable":true,"href":"https:\/\/atypique.brunotarhan.fr\/index.php\/wp-json\/wp\/v2\/comments?post=14646"}],"wp:attachment":[{"href":"https:\/\/atypique.brunotarhan.fr\/index.php\/wp-json\/wp\/v2\/media?parent=14646"}],"wp:term":[{"taxonomy":"product_cat","embeddable":true,"href":"https:\/\/atypique.brunotarhan.fr\/index.php\/wp-json\/wp\/v2\/product_cat?post=14646"},{"taxonomy":"product_tag","embeddable":true,"href":"https:\/\/atypique.brunotarhan.fr\/index.php\/wp-json\/wp\/v2\/product_tag?post=14646"}],"curies":[{"name":"wp","href":"https:\/\/api.w.org\/{rel}","templated":true}]}}