{"id":14645,"date":"2022-03-28T07:37:14","date_gmt":"2022-03-28T07:37:14","guid":{"rendered":"https:\/\/atypique.brunotarhan.fr\/?post_type=product&#038;p=14645"},"modified":"2022-04-08T11:20:16","modified_gmt":"2022-04-08T11:20:16","slug":"cruelles","status":"publish","type":"product","link":"https:\/\/atypique.brunotarhan.fr\/index.php\/produit\/cruelles\/","title":{"rendered":"Cruelles"},"content":{"rendered":"<p>Le domaine se r\u00e9partit sur trois communes :<\/p>\n<p>Vicq-le-Fesq, qui accueille la cuverie log\u00e9e dans une ancienne magnanerie en argile bleue du XII\u00e8me si\u00e8cle et trois hectares (Grenache et Mouv\u00e8dre)<\/p>\n<p>Souvignargues et Aujargues pour trois autres hectares,  exclusivement en Grenache. <\/p>\n<p>Selon le bon sens paysan, le vignoble est travaill\u00e9 dans le respect du vivant. Dans cette optique, fut introduite \u00e0 l&#8217;automne 2013 dans l&#8217;exploitation, la race Ra\u00efole, brebis rustiques originaires du Pi\u00e9mont C\u00e9venol. Leur pr\u00e9sence favorise la vie des sols. <\/p>\n<p>Outre la pr\u00e9sence des brebis, les vieilles vignes destin\u00e9es \u00e0 la production des grands vins, sont travaill\u00e9es sans aucune intervention m\u00e9canique.<\/p>\n<p>Les traitements sur les vignes, lorsqu&#8217;ils sont n\u00e9cessaires, sont effectu\u00e9s \u00e0 base de tisanes de plantes et d&#8217;huiles essentielles. <\/p>\n<p>Apr\u00e8s un tri effectu\u00e9 directement \u00e0 la vigne, les vendanges enti\u00e8rement manuelles se font en caissettes afin de respecter l&#8217;int\u00e9grit\u00e9 du fruit.<\/p>\n<p>Les vinifications sont r\u00e9alis\u00e9es de mani\u00e8re naturelle, par levures indig\u00e8nes, sans aucun adjuvant et sans soufre.<\/p>\n<p>Du raisin, point barre.<\/p>\n<p>Afin d&#8217;assurer la qualit\u00e9 de nos vins, la mise en bouteille s&#8217;effectue par gravit\u00e9 apr\u00e8s une insignifiante adjonction de soufre avoisinant les 1 \u00e0 1,5 grammes par hectolitre.  <\/p>\n","protected":false},"excerpt":{"rendered":"<p>C\u00e9page : 100% cinsault<\/p>\n<p>L&#8217;art de faire du bon vin&#8230; Cru-elles, oui, car il n&#8217;y en a jamais assez! Ce magnifique vin rouge nature, 100% cinsault, est \u00e0 mettre sur sa liste de souhaits. Ludovic Engelvin exprime ici une superbe sensibilit\u00e9. On pense \u00e0 une bouche soyeuse sur de beaux fruits rouges et noirs et une min\u00e9ralit\u00e9 sous-jacente. Le tout, d&#8217;une exquise longueur.<\/p>\n","protected":false},"featured_media":0,"comment_status":"open","ping_status":"closed","template":"","meta":[],"product_cat":[87],"product_tag":[],"class_list":["post-14645","product","type-product","status-publish","hentry","product_cat-vins","berocket_brand-domaine-ludovic-englevin"],"yoast_head":"<!-- This site is optimized with the Yoast SEO plugin v18.0 - https:\/\/yoast.com\/wordpress\/plugins\/seo\/ -->\n<title>Cruelles - Atypique Concept Store<\/title>\n<meta name=\"robots\" content=\"index, follow, max-snippet:-1, max-image-preview:large, max-video-preview:-1\" \/>\n<link rel=\"canonical\" href=\"https:\/\/atypique.brunotarhan.fr\/index.php\/produit\/cruelles\/\" \/>\n<meta property=\"og:locale\" content=\"fr_FR\" \/>\n<meta property=\"og:type\" content=\"article\" \/>\n<meta property=\"og:title\" content=\"Cruelles - Atypique Concept Store\" \/>\n<meta property=\"og:description\" content=\"C\u00e9page : 100% cinsault L&#039;art de faire du bon vin... Cru-elles, oui, car il n&#039;y en a jamais assez! Ce magnifique vin rouge nature, 100% cinsault, est \u00e0 mettre sur sa liste de souhaits. Ludovic Engelvin exprime ici une superbe sensibilit\u00e9. On pense \u00e0 une bouche soyeuse sur de beaux fruits rouges et noirs et une min\u00e9ralit\u00e9 sous-jacente. Le tout, d&#039;une exquise longueur.\" \/>\n<meta property=\"og:url\" content=\"https:\/\/atypique.brunotarhan.fr\/index.php\/produit\/cruelles\/\" \/>\n<meta property=\"og:site_name\" content=\"Atypique Concept Store\" \/>\n<meta property=\"article:modified_time\" content=\"2022-04-08T11:20:16+00:00\" \/>\n<meta name=\"twitter:card\" content=\"summary_large_image\" \/>\n<meta name=\"twitter:label1\" content=\"Dur\u00e9e de lecture estim\u00e9e\" \/>\n\t<meta name=\"twitter:data1\" content=\"1 minute\" \/>\n<script type=\"application\/ld+json\" class=\"yoast-schema-graph\">{\"@context\":\"https:\/\/schema.org\",\"@graph\":[{\"@type\":\"WebSite\",\"@id\":\"https:\/\/atypique.brunotarhan.fr\/#website\",\"url\":\"https:\/\/atypique.brunotarhan.fr\/\",\"name\":\"Atypique Concept Store\",\"description\":\"Just another WordPress site\",\"potentialAction\":[{\"@type\":\"SearchAction\",\"target\":{\"@type\":\"EntryPoint\",\"urlTemplate\":\"https:\/\/atypique.brunotarhan.fr\/?s={search_term_string}\"},\"query-input\":\"required name=search_term_string\"}],\"inLanguage\":\"fr-FR\"},{\"@type\":\"WebPage\",\"@id\":\"https:\/\/atypique.brunotarhan.fr\/index.php\/produit\/cruelles\/#webpage\",\"url\":\"https:\/\/atypique.brunotarhan.fr\/index.php\/produit\/cruelles\/\",\"name\":\"Cruelles - Atypique Concept Store\",\"isPartOf\":{\"@id\":\"https:\/\/atypique.brunotarhan.fr\/#website\"},\"datePublished\":\"2022-03-28T07:37:14+00:00\",\"dateModified\":\"2022-04-08T11:20:16+00:00\",\"breadcrumb\":{\"@id\":\"https:\/\/atypique.brunotarhan.fr\/index.php\/produit\/cruelles\/#breadcrumb\"},\"inLanguage\":\"fr-FR\",\"potentialAction\":[{\"@type\":\"ReadAction\",\"target\":[\"https:\/\/atypique.brunotarhan.fr\/index.php\/produit\/cruelles\/\"]}]},{\"@type\":\"BreadcrumbList\",\"@id\":\"https:\/\/atypique.brunotarhan.fr\/index.php\/produit\/cruelles\/#breadcrumb\",\"itemListElement\":[{\"@type\":\"ListItem\",\"position\":1,\"name\":\"Accueil\",\"item\":\"https:\/\/atypique.brunotarhan.fr\/\"},{\"@type\":\"ListItem\",\"position\":2,\"name\":\"\"},{\"@type\":\"ListItem\",\"position\":3,\"name\":\"Cruelles\"}]}]}<\/script>\n<!-- \/ Yoast SEO plugin. -->","yoast_head_json":{"title":"Cruelles - Atypique Concept Store","robots":{"index":"index","follow":"follow","max-snippet":"max-snippet:-1","max-image-preview":"max-image-preview:large","max-video-preview":"max-video-preview:-1"},"canonical":"https:\/\/atypique.brunotarhan.fr\/index.php\/produit\/cruelles\/","og_locale":"fr_FR","og_type":"article","og_title":"Cruelles - Atypique Concept Store","og_description":"C\u00e9page : 100% cinsault L'art de faire du bon vin... Cru-elles, oui, car il n'y en a jamais assez! Ce magnifique vin rouge nature, 100% cinsault, est \u00e0 mettre sur sa liste de souhaits. Ludovic Engelvin exprime ici une superbe sensibilit\u00e9. On pense \u00e0 une bouche soyeuse sur de beaux fruits rouges et noirs et une min\u00e9ralit\u00e9 sous-jacente. Le tout, d'une exquise longueur.","og_url":"https:\/\/atypique.brunotarhan.fr\/index.php\/produit\/cruelles\/","og_site_name":"Atypique Concept Store","article_modified_time":"2022-04-08T11:20:16+00:00","twitter_card":"summary_large_image","twitter_misc":{"Dur\u00e9e de lecture estim\u00e9e":"1 minute"},"schema":{"@context":"https:\/\/schema.org","@graph":[{"@type":"WebSite","@id":"https:\/\/atypique.brunotarhan.fr\/#website","url":"https:\/\/atypique.brunotarhan.fr\/","name":"Atypique Concept Store","description":"Just another WordPress site","potentialAction":[{"@type":"SearchAction","target":{"@type":"EntryPoint","urlTemplate":"https:\/\/atypique.brunotarhan.fr\/?s={search_term_string}"},"query-input":"required name=search_term_string"}],"inLanguage":"fr-FR"},{"@type":"WebPage","@id":"https:\/\/atypique.brunotarhan.fr\/index.php\/produit\/cruelles\/#webpage","url":"https:\/\/atypique.brunotarhan.fr\/index.php\/produit\/cruelles\/","name":"Cruelles - Atypique Concept Store","isPartOf":{"@id":"https:\/\/atypique.brunotarhan.fr\/#website"},"datePublished":"2022-03-28T07:37:14+00:00","dateModified":"2022-04-08T11:20:16+00:00","breadcrumb":{"@id":"https:\/\/atypique.brunotarhan.fr\/index.php\/produit\/cruelles\/#breadcrumb"},"inLanguage":"fr-FR","potentialAction":[{"@type":"ReadAction","target":["https:\/\/atypique.brunotarhan.fr\/index.php\/produit\/cruelles\/"]}]},{"@type":"BreadcrumbList","@id":"https:\/\/atypique.brunotarhan.fr\/index.php\/produit\/cruelles\/#breadcrumb","itemListElement":[{"@type":"ListItem","position":1,"name":"Accueil","item":"https:\/\/atypique.brunotarhan.fr\/"},{"@type":"ListItem","position":2,"name":""},{"@type":"ListItem","position":3,"name":"Cruelles"}]}]}},"_links":{"self":[{"href":"https:\/\/atypique.brunotarhan.fr\/index.php\/wp-json\/wp\/v2\/product\/14645","targetHints":{"allow":["GET"]}}],"collection":[{"href":"https:\/\/atypique.brunotarhan.fr\/index.php\/wp-json\/wp\/v2\/product"}],"about":[{"href":"https:\/\/atypique.brunotarhan.fr\/index.php\/wp-json\/wp\/v2\/types\/product"}],"replies":[{"embeddable":true,"href":"https:\/\/atypique.brunotarhan.fr\/index.php\/wp-json\/wp\/v2\/comments?post=14645"}],"wp:attachment":[{"href":"https:\/\/atypique.brunotarhan.fr\/index.php\/wp-json\/wp\/v2\/media?parent=14645"}],"wp:term":[{"taxonomy":"product_cat","embeddable":true,"href":"https:\/\/atypique.brunotarhan.fr\/index.php\/wp-json\/wp\/v2\/product_cat?post=14645"},{"taxonomy":"product_tag","embeddable":true,"href":"https:\/\/atypique.brunotarhan.fr\/index.php\/wp-json\/wp\/v2\/product_tag?post=14645"}],"curies":[{"name":"wp","href":"https:\/\/api.w.org\/{rel}","templated":true}]}}