{"id":14643,"date":"2022-03-28T07:37:07","date_gmt":"2022-03-28T07:37:07","guid":{"rendered":"https:\/\/atypique.brunotarhan.fr\/?post_type=product&#038;p=14643"},"modified":"2022-04-08T11:20:14","modified_gmt":"2022-04-08T11:20:14","slug":"tir-bouchon","status":"publish","type":"product","link":"https:\/\/atypique.brunotarhan.fr\/index.php\/produit\/tir-bouchon\/","title":{"rendered":"Tir bouchon"},"content":{"rendered":"<p>Situ\u00e9 \u00e0 Vacqueyras, au coeur du d\u00e9partement du Vaucluse dans le sud de la Vall\u00e9e du Rh\u00f4ne, le Domaine D\u2019Our\u00e9a b\u00e9n\u00e9ficie d\u2019un emplacement id\u00e9al en face du Mont Ventoux et des Dentelles de Montmirail. Le Domaine s\u2019\u00e9tend sur 20 hectares r\u00e9partis entre Vacqueyras et Gigondas et produit des vins sur 4 appellations diff\u00e9rentes : AOC Gigondas, AOC Vacqueyras, AOC C\u00f4tes du Rh\u00f4ne et vin de Vaucluse Tire Bouchon.<br \/>\n\u00ab Les vins sont produits sans artifices avec les vignes de mon village. \u00bb<br \/>\nTous les vins sont \u00e9labor\u00e9s avec passion selon les principes de l\u2019agriculture biologique. L\u2019int\u00e9gralit\u00e9 du vignoble est certifi\u00e9e Biologique depuis 2012 ce qui implique que nous n\u2019utilisons ni herbicide ni pesticide dans notre vigne. Nous travaillons le sol entre les rangs de vignes. Adrien Roustan vinifie et \u00e9l\u00e8ve ses vins de mani\u00e8re naturelle sans ajout de produits oenologiques pour garantir des vins vrais, sinc\u00e8res et qui refl\u00e8tent les terroirs de Gigondas et Vacqueyras.<br \/>\nApr\u00e8s 10 ans de travail en agriculture biologique, Adrien Roustan, a d\u00e9cid\u00e9 de convertir son domaine en Bio-Dynamie \u00e0 compter de 2020 afin que les vins gagnent en mouvement, dynamisme, \u00e9nergie et vitalit\u00e9.<br \/>\nEn hommage \u00e0 ma plus haute parcelle de Gigondas situ\u00e9 \u00e0 520m sur le versant Sud des Dentelles de Montmirail, j\u2019ai baptis\u00e9 mon vignoble, domaine d\u2019Our\u00e9a qui est le \u00ab Dieu \u00bb des montagnes dans la mythologie grecque.<\/p>\n","protected":false},"excerpt":{"rendered":"<p>C\u00e9pages : 100% clairette blanche et rose<\/p>\n<p>Notes de coing, d\u2019orange et de cannelle. La robe est<br \/>\ncitronn\u00e9 et brillante. Vin tendre, \u00e9l\u00e9gant et<br \/>\nrafraichissant.<\/p>\n","protected":false},"featured_media":0,"comment_status":"open","ping_status":"closed","template":"","meta":[],"product_cat":[87],"product_tag":[],"class_list":["post-14643","product","type-product","status-publish","hentry","product_cat-vins","berocket_brand-domaine-dourea"],"yoast_head":"<!-- This site is optimized with the Yoast SEO plugin v18.0 - https:\/\/yoast.com\/wordpress\/plugins\/seo\/ -->\n<title>Tir bouchon - Atypique Concept Store<\/title>\n<meta name=\"robots\" content=\"index, follow, max-snippet:-1, max-image-preview:large, max-video-preview:-1\" \/>\n<link rel=\"canonical\" href=\"https:\/\/atypique.brunotarhan.fr\/index.php\/produit\/tir-bouchon\/\" \/>\n<meta property=\"og:locale\" content=\"fr_FR\" \/>\n<meta property=\"og:type\" content=\"article\" \/>\n<meta property=\"og:title\" content=\"Tir bouchon - Atypique Concept Store\" \/>\n<meta property=\"og:description\" content=\"C\u00e9pages : 100% clairette blanche et rose Notes de coing, d\u2019orange et de cannelle. La robe est citronn\u00e9 et brillante. Vin tendre, \u00e9l\u00e9gant et rafraichissant.\" \/>\n<meta property=\"og:url\" content=\"https:\/\/atypique.brunotarhan.fr\/index.php\/produit\/tir-bouchon\/\" \/>\n<meta property=\"og:site_name\" content=\"Atypique Concept Store\" \/>\n<meta property=\"article:modified_time\" content=\"2022-04-08T11:20:14+00:00\" \/>\n<meta name=\"twitter:card\" content=\"summary_large_image\" \/>\n<meta name=\"twitter:label1\" content=\"Dur\u00e9e de lecture estim\u00e9e\" \/>\n\t<meta name=\"twitter:data1\" content=\"1 minute\" \/>\n<script type=\"application\/ld+json\" class=\"yoast-schema-graph\">{\"@context\":\"https:\/\/schema.org\",\"@graph\":[{\"@type\":\"WebSite\",\"@id\":\"https:\/\/atypique.brunotarhan.fr\/#website\",\"url\":\"https:\/\/atypique.brunotarhan.fr\/\",\"name\":\"Atypique Concept Store\",\"description\":\"Just another WordPress site\",\"potentialAction\":[{\"@type\":\"SearchAction\",\"target\":{\"@type\":\"EntryPoint\",\"urlTemplate\":\"https:\/\/atypique.brunotarhan.fr\/?s={search_term_string}\"},\"query-input\":\"required name=search_term_string\"}],\"inLanguage\":\"fr-FR\"},{\"@type\":\"WebPage\",\"@id\":\"https:\/\/atypique.brunotarhan.fr\/index.php\/produit\/tir-bouchon\/#webpage\",\"url\":\"https:\/\/atypique.brunotarhan.fr\/index.php\/produit\/tir-bouchon\/\",\"name\":\"Tir bouchon - Atypique Concept Store\",\"isPartOf\":{\"@id\":\"https:\/\/atypique.brunotarhan.fr\/#website\"},\"datePublished\":\"2022-03-28T07:37:07+00:00\",\"dateModified\":\"2022-04-08T11:20:14+00:00\",\"breadcrumb\":{\"@id\":\"https:\/\/atypique.brunotarhan.fr\/index.php\/produit\/tir-bouchon\/#breadcrumb\"},\"inLanguage\":\"fr-FR\",\"potentialAction\":[{\"@type\":\"ReadAction\",\"target\":[\"https:\/\/atypique.brunotarhan.fr\/index.php\/produit\/tir-bouchon\/\"]}]},{\"@type\":\"BreadcrumbList\",\"@id\":\"https:\/\/atypique.brunotarhan.fr\/index.php\/produit\/tir-bouchon\/#breadcrumb\",\"itemListElement\":[{\"@type\":\"ListItem\",\"position\":1,\"name\":\"Accueil\",\"item\":\"https:\/\/atypique.brunotarhan.fr\/\"},{\"@type\":\"ListItem\",\"position\":2,\"name\":\"\"},{\"@type\":\"ListItem\",\"position\":3,\"name\":\"Tir bouchon\"}]}]}<\/script>\n<!-- \/ Yoast SEO plugin. -->","yoast_head_json":{"title":"Tir bouchon - Atypique Concept Store","robots":{"index":"index","follow":"follow","max-snippet":"max-snippet:-1","max-image-preview":"max-image-preview:large","max-video-preview":"max-video-preview:-1"},"canonical":"https:\/\/atypique.brunotarhan.fr\/index.php\/produit\/tir-bouchon\/","og_locale":"fr_FR","og_type":"article","og_title":"Tir bouchon - Atypique Concept Store","og_description":"C\u00e9pages : 100% clairette blanche et rose Notes de coing, d\u2019orange et de cannelle. La robe est citronn\u00e9 et brillante. Vin tendre, \u00e9l\u00e9gant et rafraichissant.","og_url":"https:\/\/atypique.brunotarhan.fr\/index.php\/produit\/tir-bouchon\/","og_site_name":"Atypique Concept Store","article_modified_time":"2022-04-08T11:20:14+00:00","twitter_card":"summary_large_image","twitter_misc":{"Dur\u00e9e de lecture estim\u00e9e":"1 minute"},"schema":{"@context":"https:\/\/schema.org","@graph":[{"@type":"WebSite","@id":"https:\/\/atypique.brunotarhan.fr\/#website","url":"https:\/\/atypique.brunotarhan.fr\/","name":"Atypique Concept Store","description":"Just another WordPress site","potentialAction":[{"@type":"SearchAction","target":{"@type":"EntryPoint","urlTemplate":"https:\/\/atypique.brunotarhan.fr\/?s={search_term_string}"},"query-input":"required name=search_term_string"}],"inLanguage":"fr-FR"},{"@type":"WebPage","@id":"https:\/\/atypique.brunotarhan.fr\/index.php\/produit\/tir-bouchon\/#webpage","url":"https:\/\/atypique.brunotarhan.fr\/index.php\/produit\/tir-bouchon\/","name":"Tir bouchon - Atypique Concept Store","isPartOf":{"@id":"https:\/\/atypique.brunotarhan.fr\/#website"},"datePublished":"2022-03-28T07:37:07+00:00","dateModified":"2022-04-08T11:20:14+00:00","breadcrumb":{"@id":"https:\/\/atypique.brunotarhan.fr\/index.php\/produit\/tir-bouchon\/#breadcrumb"},"inLanguage":"fr-FR","potentialAction":[{"@type":"ReadAction","target":["https:\/\/atypique.brunotarhan.fr\/index.php\/produit\/tir-bouchon\/"]}]},{"@type":"BreadcrumbList","@id":"https:\/\/atypique.brunotarhan.fr\/index.php\/produit\/tir-bouchon\/#breadcrumb","itemListElement":[{"@type":"ListItem","position":1,"name":"Accueil","item":"https:\/\/atypique.brunotarhan.fr\/"},{"@type":"ListItem","position":2,"name":""},{"@type":"ListItem","position":3,"name":"Tir bouchon"}]}]}},"_links":{"self":[{"href":"https:\/\/atypique.brunotarhan.fr\/index.php\/wp-json\/wp\/v2\/product\/14643","targetHints":{"allow":["GET"]}}],"collection":[{"href":"https:\/\/atypique.brunotarhan.fr\/index.php\/wp-json\/wp\/v2\/product"}],"about":[{"href":"https:\/\/atypique.brunotarhan.fr\/index.php\/wp-json\/wp\/v2\/types\/product"}],"replies":[{"embeddable":true,"href":"https:\/\/atypique.brunotarhan.fr\/index.php\/wp-json\/wp\/v2\/comments?post=14643"}],"wp:attachment":[{"href":"https:\/\/atypique.brunotarhan.fr\/index.php\/wp-json\/wp\/v2\/media?parent=14643"}],"wp:term":[{"taxonomy":"product_cat","embeddable":true,"href":"https:\/\/atypique.brunotarhan.fr\/index.php\/wp-json\/wp\/v2\/product_cat?post=14643"},{"taxonomy":"product_tag","embeddable":true,"href":"https:\/\/atypique.brunotarhan.fr\/index.php\/wp-json\/wp\/v2\/product_tag?post=14643"}],"curies":[{"name":"wp","href":"https:\/\/api.w.org\/{rel}","templated":true}]}}