{"id":14641,"date":"2022-03-28T07:37:01","date_gmt":"2022-03-28T07:37:01","guid":{"rendered":"https:\/\/atypique.brunotarhan.fr\/?post_type=product&#038;p=14641"},"modified":"2022-04-08T11:20:09","modified_gmt":"2022-04-08T11:20:09","slug":"rednoz","status":"publish","type":"product","link":"https:\/\/atypique.brunotarhan.fr\/index.php\/produit\/rednoz\/","title":{"rendered":"Rednoz"},"content":{"rendered":"<p>Le Domaine<\/p>\n<p>A une \u00e9poque ou l\u2019\u0153nologie moderne triomphe (un bien ou un mal, \u00e0 vous de voir), on a souvent tendance \u00e0 oublier qu\u2019un grand vin se con\u00e7oit avant tout \u00e0 la vigne : labours des sols, rendements maitris\u00e9s, \u00e9bourgeonnage, d\u00e9doublage, vendanges manuelles et respect du biotope.<\/p>\n<p>Avant-gardiste, le domaine de l\u2019Ecu est certifi\u00e9 en agriculture Biologique depuis 1975 et en Biodynamie depuis 1998 (Demeter) sur l\u2019ensemble de ses 24 hectares. Nous sommes aussi certifi\u00e9s Biodyvin depuis 2014.<br \/>\nNous avons renonc\u00e9 \u00e0 tout artifice technologique en cave pour rompre avec le mouvement de standardisation des vins et pr\u00e9server le lien unissant chacune de nos cuv\u00e9es \u00e0 un terroir et \u00e0 un mill\u00e9sime.<\/p>\n<p>Levurage, enzymage, thermo-vinification, fash d\u00e9tente, osmose inverse et autres proc\u00e9d\u00e9s tendant \u00e0 l\u2019uniformisation des vins et \u00e0 la production de vins sans \u00e2me n\u2019ont pas droit de citer dans nos chais.<\/p>\n<p>Nos vins sont sans So2 ajout\u00e9 ou sulfit\u00e9s \u00e0 minima, par conviction, avec des taux de So2 compris autour de 30\/40 mg\/L , soit plus de 2 fois moins que le seuil autoris\u00e9 par la norme Demeter (90 mg\/L) qui se veut elle m\u00eame d\u00e9j\u00e0 tr\u00e8s restrictive face \u00e0 la norme Bio (150 mg\/L) et \u00e0 la norme europ\u00e9enne (210 mg\/L et il n\u2019y a pas de faute de frappe\u2026).<\/p>\n<p>Une \u00e9vidence mais nous tenions \u00e0 le rappeler ici: nous faisons des vins, des vins vrais sans chichis ni maquillages outranciers !<\/p>\n<p>A ce titre, nous sommes fiers de faire partie des groupes de vignerons en Biodynamie \u00ab Renaissance des Appellations \u00bb et \u00ab Biodyvin \u00bb qui pr\u00f4nent tous deux ce respect du terroir et cette recherche de vin pur, sans fard ni tromperie\u2026<br \/>\nNos cuv\u00e9es de terroir sont aujourd\u2019hui pr\u00e9sentes sur les plus belles tables du monde.<\/p>\n<p>Du Noma (meilleur restaurant du monde) en passant par le Bernardin \u00e0 NY (3***) ou l\u2019Astrance \u00e0 Paris (3***), les chefs nous font confiance et mettent \u00e0 l\u2019honneur nos vins. Pas besoin d\u2019\u00eatre \u00e9toil\u00e9 pour bien travailler, vous trouverez donc nos vins dans beaucoup de restaurants gastronomiques et bistronomiques  tenus pas des chefs amoureux des produits de terroir et attach\u00e9s aux produits de qualit\u00e9.<\/p>\n<p>Pas la peine non plus de chercher nos vins en grande surface, nous nous refusons \u00e0 utiliser ces canaux de distribution d\u00e9di\u00e9s aux vins de masse \u00e0 l\u2019oppos\u00e9 de notre philosophie de travail\u2026 Vous retrouverez donc nos vins un peu partout en France chez des cavistes passionn\u00e9s, amoureux de la dive bouteille et capable de vous apporter LE conseil qui va vous permettre de repartir avec LA bouteille qui vous donnera du plaisir.<\/p>\n<p>La boucle est boucl\u00e9e.<\/p>\n","protected":false},"excerpt":{"rendered":"<p>C\u00e9page : 100% cCabernet Sauvignon<\/p>\n<p>Nez plein, expressif, sur les fruits noirs, cassis et cerise burlat, notes tr\u00e8s \u00e9pic\u00e9es, poivre blanc. Attaque suave, milieu de bouche tendu mais charmeur, tanins encore serr\u00e9s, beau volume, d\u00e9licat, fruit cisel\u00e9. Finale port\u00e9e par les amers et les petits fruits rouges.<\/p>\n","protected":false},"featured_media":0,"comment_status":"open","ping_status":"closed","template":"","meta":[],"product_cat":[87],"product_tag":[],"class_list":["post-14641","product","type-product","status-publish","hentry","product_cat-vins","berocket_brand-domaine-de-lecu"],"yoast_head":"<!-- This site is optimized with the Yoast SEO plugin v18.0 - https:\/\/yoast.com\/wordpress\/plugins\/seo\/ -->\n<title>Rednoz - Atypique Concept Store<\/title>\n<meta name=\"robots\" content=\"index, follow, max-snippet:-1, max-image-preview:large, max-video-preview:-1\" \/>\n<link rel=\"canonical\" href=\"https:\/\/atypique.brunotarhan.fr\/index.php\/produit\/rednoz\/\" \/>\n<meta property=\"og:locale\" content=\"fr_FR\" \/>\n<meta property=\"og:type\" content=\"article\" \/>\n<meta property=\"og:title\" content=\"Rednoz - Atypique Concept Store\" \/>\n<meta property=\"og:description\" content=\"C\u00e9page : 100% cCabernet Sauvignon Nez plein, expressif, sur les fruits noirs, cassis et cerise burlat, notes tr\u00e8s \u00e9pic\u00e9es, poivre blanc. Attaque suave, milieu de bouche tendu mais charmeur, tanins encore serr\u00e9s, beau volume, d\u00e9licat, fruit cisel\u00e9. Finale port\u00e9e par les amers et les petits fruits rouges.\" \/>\n<meta property=\"og:url\" content=\"https:\/\/atypique.brunotarhan.fr\/index.php\/produit\/rednoz\/\" \/>\n<meta property=\"og:site_name\" content=\"Atypique Concept Store\" \/>\n<meta property=\"article:modified_time\" content=\"2022-04-08T11:20:09+00:00\" \/>\n<meta name=\"twitter:card\" content=\"summary_large_image\" \/>\n<meta name=\"twitter:label1\" content=\"Dur\u00e9e de lecture estim\u00e9e\" \/>\n\t<meta name=\"twitter:data1\" content=\"2 minutes\" \/>\n<script type=\"application\/ld+json\" class=\"yoast-schema-graph\">{\"@context\":\"https:\/\/schema.org\",\"@graph\":[{\"@type\":\"WebSite\",\"@id\":\"https:\/\/atypique.brunotarhan.fr\/#website\",\"url\":\"https:\/\/atypique.brunotarhan.fr\/\",\"name\":\"Atypique Concept Store\",\"description\":\"Just another WordPress site\",\"potentialAction\":[{\"@type\":\"SearchAction\",\"target\":{\"@type\":\"EntryPoint\",\"urlTemplate\":\"https:\/\/atypique.brunotarhan.fr\/?s={search_term_string}\"},\"query-input\":\"required name=search_term_string\"}],\"inLanguage\":\"fr-FR\"},{\"@type\":\"WebPage\",\"@id\":\"https:\/\/atypique.brunotarhan.fr\/index.php\/produit\/rednoz\/#webpage\",\"url\":\"https:\/\/atypique.brunotarhan.fr\/index.php\/produit\/rednoz\/\",\"name\":\"Rednoz - Atypique Concept Store\",\"isPartOf\":{\"@id\":\"https:\/\/atypique.brunotarhan.fr\/#website\"},\"datePublished\":\"2022-03-28T07:37:01+00:00\",\"dateModified\":\"2022-04-08T11:20:09+00:00\",\"breadcrumb\":{\"@id\":\"https:\/\/atypique.brunotarhan.fr\/index.php\/produit\/rednoz\/#breadcrumb\"},\"inLanguage\":\"fr-FR\",\"potentialAction\":[{\"@type\":\"ReadAction\",\"target\":[\"https:\/\/atypique.brunotarhan.fr\/index.php\/produit\/rednoz\/\"]}]},{\"@type\":\"BreadcrumbList\",\"@id\":\"https:\/\/atypique.brunotarhan.fr\/index.php\/produit\/rednoz\/#breadcrumb\",\"itemListElement\":[{\"@type\":\"ListItem\",\"position\":1,\"name\":\"Accueil\",\"item\":\"https:\/\/atypique.brunotarhan.fr\/\"},{\"@type\":\"ListItem\",\"position\":2,\"name\":\"\"},{\"@type\":\"ListItem\",\"position\":3,\"name\":\"Rednoz\"}]}]}<\/script>\n<!-- \/ Yoast SEO plugin. -->","yoast_head_json":{"title":"Rednoz - Atypique Concept Store","robots":{"index":"index","follow":"follow","max-snippet":"max-snippet:-1","max-image-preview":"max-image-preview:large","max-video-preview":"max-video-preview:-1"},"canonical":"https:\/\/atypique.brunotarhan.fr\/index.php\/produit\/rednoz\/","og_locale":"fr_FR","og_type":"article","og_title":"Rednoz - Atypique Concept Store","og_description":"C\u00e9page : 100% cCabernet Sauvignon Nez plein, expressif, sur les fruits noirs, cassis et cerise burlat, notes tr\u00e8s \u00e9pic\u00e9es, poivre blanc. Attaque suave, milieu de bouche tendu mais charmeur, tanins encore serr\u00e9s, beau volume, d\u00e9licat, fruit cisel\u00e9. Finale port\u00e9e par les amers et les petits fruits rouges.","og_url":"https:\/\/atypique.brunotarhan.fr\/index.php\/produit\/rednoz\/","og_site_name":"Atypique Concept Store","article_modified_time":"2022-04-08T11:20:09+00:00","twitter_card":"summary_large_image","twitter_misc":{"Dur\u00e9e de lecture estim\u00e9e":"2 minutes"},"schema":{"@context":"https:\/\/schema.org","@graph":[{"@type":"WebSite","@id":"https:\/\/atypique.brunotarhan.fr\/#website","url":"https:\/\/atypique.brunotarhan.fr\/","name":"Atypique Concept Store","description":"Just another WordPress site","potentialAction":[{"@type":"SearchAction","target":{"@type":"EntryPoint","urlTemplate":"https:\/\/atypique.brunotarhan.fr\/?s={search_term_string}"},"query-input":"required name=search_term_string"}],"inLanguage":"fr-FR"},{"@type":"WebPage","@id":"https:\/\/atypique.brunotarhan.fr\/index.php\/produit\/rednoz\/#webpage","url":"https:\/\/atypique.brunotarhan.fr\/index.php\/produit\/rednoz\/","name":"Rednoz - Atypique Concept Store","isPartOf":{"@id":"https:\/\/atypique.brunotarhan.fr\/#website"},"datePublished":"2022-03-28T07:37:01+00:00","dateModified":"2022-04-08T11:20:09+00:00","breadcrumb":{"@id":"https:\/\/atypique.brunotarhan.fr\/index.php\/produit\/rednoz\/#breadcrumb"},"inLanguage":"fr-FR","potentialAction":[{"@type":"ReadAction","target":["https:\/\/atypique.brunotarhan.fr\/index.php\/produit\/rednoz\/"]}]},{"@type":"BreadcrumbList","@id":"https:\/\/atypique.brunotarhan.fr\/index.php\/produit\/rednoz\/#breadcrumb","itemListElement":[{"@type":"ListItem","position":1,"name":"Accueil","item":"https:\/\/atypique.brunotarhan.fr\/"},{"@type":"ListItem","position":2,"name":""},{"@type":"ListItem","position":3,"name":"Rednoz"}]}]}},"_links":{"self":[{"href":"https:\/\/atypique.brunotarhan.fr\/index.php\/wp-json\/wp\/v2\/product\/14641","targetHints":{"allow":["GET"]}}],"collection":[{"href":"https:\/\/atypique.brunotarhan.fr\/index.php\/wp-json\/wp\/v2\/product"}],"about":[{"href":"https:\/\/atypique.brunotarhan.fr\/index.php\/wp-json\/wp\/v2\/types\/product"}],"replies":[{"embeddable":true,"href":"https:\/\/atypique.brunotarhan.fr\/index.php\/wp-json\/wp\/v2\/comments?post=14641"}],"wp:attachment":[{"href":"https:\/\/atypique.brunotarhan.fr\/index.php\/wp-json\/wp\/v2\/media?parent=14641"}],"wp:term":[{"taxonomy":"product_cat","embeddable":true,"href":"https:\/\/atypique.brunotarhan.fr\/index.php\/wp-json\/wp\/v2\/product_cat?post=14641"},{"taxonomy":"product_tag","embeddable":true,"href":"https:\/\/atypique.brunotarhan.fr\/index.php\/wp-json\/wp\/v2\/product_tag?post=14641"}],"curies":[{"name":"wp","href":"https:\/\/api.w.org\/{rel}","templated":true}]}}