{"id":14628,"date":"2022-03-28T07:36:21","date_gmt":"2022-03-28T07:36:21","guid":{"rendered":"https:\/\/atypique.brunotarhan.fr\/?post_type=product&#038;p=14628"},"modified":"2022-04-08T11:19:39","modified_gmt":"2022-04-08T11:19:39","slug":"jus-doctobre","status":"publish","type":"product","link":"https:\/\/atypique.brunotarhan.fr\/index.php\/produit\/jus-doctobre\/","title":{"rendered":"Jus d&#8217;octobre"},"content":{"rendered":"","protected":false},"excerpt":{"rendered":"<p>C\u00e9pages : Carignan, Syrah, Cinsault, Grenache<\/p>\n<p>Grenat fonc\u00e9, aux reflets violets, robe brillante<br \/>\nle nez: Riche en ar\u00f4mes, fruits noirs m\u00fbrs. Notes de poivre, de r\u00e9glisse, thym et notes de garrigues.<\/p>\n<p>Une grande souplesse en bouche, des tannins soyeux et enrob\u00e9 sur des notes de confiture de fraises et mures. Ensuite viennent des notes de pain d&#8221;\u00e9pices et de figues<\/p>\n","protected":false},"featured_media":0,"comment_status":"open","ping_status":"closed","template":"","meta":[],"product_cat":[87],"product_tag":[],"class_list":["post-14628","product","type-product","status-publish","hentry","product_cat-vins","berocket_brand-domaine-de-la-rune"],"yoast_head":"<!-- This site is optimized with the Yoast SEO plugin v18.0 - https:\/\/yoast.com\/wordpress\/plugins\/seo\/ -->\n<title>Jus d&#039;octobre - Atypique Concept Store<\/title>\n<meta name=\"robots\" content=\"index, follow, max-snippet:-1, max-image-preview:large, max-video-preview:-1\" \/>\n<link rel=\"canonical\" href=\"https:\/\/atypique.brunotarhan.fr\/index.php\/produit\/jus-doctobre\/\" \/>\n<meta property=\"og:locale\" content=\"fr_FR\" \/>\n<meta property=\"og:type\" content=\"article\" \/>\n<meta property=\"og:title\" content=\"Jus d&#039;octobre - Atypique Concept Store\" \/>\n<meta property=\"og:description\" content=\"C\u00e9pages : Carignan, Syrah, Cinsault, Grenache Grenat fonc\u00e9, aux reflets violets, robe brillante le nez: Riche en ar\u00f4mes, fruits noirs m\u00fbrs. Notes de poivre, de r\u00e9glisse, thym et notes de garrigues. Une grande souplesse en bouche, des tannins soyeux et enrob\u00e9 sur des notes de confiture de fraises et mures. Ensuite viennent des notes de pain d&quot;\u00e9pices et de figues\" \/>\n<meta property=\"og:url\" content=\"https:\/\/atypique.brunotarhan.fr\/index.php\/produit\/jus-doctobre\/\" \/>\n<meta property=\"og:site_name\" content=\"Atypique Concept Store\" \/>\n<meta property=\"article:modified_time\" content=\"2022-04-08T11:19:39+00:00\" \/>\n<meta name=\"twitter:card\" content=\"summary_large_image\" \/>\n<script type=\"application\/ld+json\" class=\"yoast-schema-graph\">{\"@context\":\"https:\/\/schema.org\",\"@graph\":[{\"@type\":\"WebSite\",\"@id\":\"https:\/\/atypique.brunotarhan.fr\/#website\",\"url\":\"https:\/\/atypique.brunotarhan.fr\/\",\"name\":\"Atypique Concept Store\",\"description\":\"Just another WordPress site\",\"potentialAction\":[{\"@type\":\"SearchAction\",\"target\":{\"@type\":\"EntryPoint\",\"urlTemplate\":\"https:\/\/atypique.brunotarhan.fr\/?s={search_term_string}\"},\"query-input\":\"required name=search_term_string\"}],\"inLanguage\":\"fr-FR\"},{\"@type\":\"WebPage\",\"@id\":\"https:\/\/atypique.brunotarhan.fr\/index.php\/produit\/jus-doctobre\/#webpage\",\"url\":\"https:\/\/atypique.brunotarhan.fr\/index.php\/produit\/jus-doctobre\/\",\"name\":\"Jus d'octobre - Atypique Concept Store\",\"isPartOf\":{\"@id\":\"https:\/\/atypique.brunotarhan.fr\/#website\"},\"datePublished\":\"2022-03-28T07:36:21+00:00\",\"dateModified\":\"2022-04-08T11:19:39+00:00\",\"breadcrumb\":{\"@id\":\"https:\/\/atypique.brunotarhan.fr\/index.php\/produit\/jus-doctobre\/#breadcrumb\"},\"inLanguage\":\"fr-FR\",\"potentialAction\":[{\"@type\":\"ReadAction\",\"target\":[\"https:\/\/atypique.brunotarhan.fr\/index.php\/produit\/jus-doctobre\/\"]}]},{\"@type\":\"BreadcrumbList\",\"@id\":\"https:\/\/atypique.brunotarhan.fr\/index.php\/produit\/jus-doctobre\/#breadcrumb\",\"itemListElement\":[{\"@type\":\"ListItem\",\"position\":1,\"name\":\"Accueil\",\"item\":\"https:\/\/atypique.brunotarhan.fr\/\"},{\"@type\":\"ListItem\",\"position\":2,\"name\":\"\"},{\"@type\":\"ListItem\",\"position\":3,\"name\":\"Jus d&#8217;octobre\"}]}]}<\/script>\n<!-- \/ Yoast SEO plugin. -->","yoast_head_json":{"title":"Jus d'octobre - Atypique Concept Store","robots":{"index":"index","follow":"follow","max-snippet":"max-snippet:-1","max-image-preview":"max-image-preview:large","max-video-preview":"max-video-preview:-1"},"canonical":"https:\/\/atypique.brunotarhan.fr\/index.php\/produit\/jus-doctobre\/","og_locale":"fr_FR","og_type":"article","og_title":"Jus d'octobre - Atypique Concept Store","og_description":"C\u00e9pages : Carignan, Syrah, Cinsault, Grenache Grenat fonc\u00e9, aux reflets violets, robe brillante le nez: Riche en ar\u00f4mes, fruits noirs m\u00fbrs. Notes de poivre, de r\u00e9glisse, thym et notes de garrigues. Une grande souplesse en bouche, des tannins soyeux et enrob\u00e9 sur des notes de confiture de fraises et mures. Ensuite viennent des notes de pain d\"\u00e9pices et de figues","og_url":"https:\/\/atypique.brunotarhan.fr\/index.php\/produit\/jus-doctobre\/","og_site_name":"Atypique Concept Store","article_modified_time":"2022-04-08T11:19:39+00:00","twitter_card":"summary_large_image","schema":{"@context":"https:\/\/schema.org","@graph":[{"@type":"WebSite","@id":"https:\/\/atypique.brunotarhan.fr\/#website","url":"https:\/\/atypique.brunotarhan.fr\/","name":"Atypique Concept Store","description":"Just another WordPress site","potentialAction":[{"@type":"SearchAction","target":{"@type":"EntryPoint","urlTemplate":"https:\/\/atypique.brunotarhan.fr\/?s={search_term_string}"},"query-input":"required name=search_term_string"}],"inLanguage":"fr-FR"},{"@type":"WebPage","@id":"https:\/\/atypique.brunotarhan.fr\/index.php\/produit\/jus-doctobre\/#webpage","url":"https:\/\/atypique.brunotarhan.fr\/index.php\/produit\/jus-doctobre\/","name":"Jus d'octobre - Atypique Concept Store","isPartOf":{"@id":"https:\/\/atypique.brunotarhan.fr\/#website"},"datePublished":"2022-03-28T07:36:21+00:00","dateModified":"2022-04-08T11:19:39+00:00","breadcrumb":{"@id":"https:\/\/atypique.brunotarhan.fr\/index.php\/produit\/jus-doctobre\/#breadcrumb"},"inLanguage":"fr-FR","potentialAction":[{"@type":"ReadAction","target":["https:\/\/atypique.brunotarhan.fr\/index.php\/produit\/jus-doctobre\/"]}]},{"@type":"BreadcrumbList","@id":"https:\/\/atypique.brunotarhan.fr\/index.php\/produit\/jus-doctobre\/#breadcrumb","itemListElement":[{"@type":"ListItem","position":1,"name":"Accueil","item":"https:\/\/atypique.brunotarhan.fr\/"},{"@type":"ListItem","position":2,"name":""},{"@type":"ListItem","position":3,"name":"Jus d&#8217;octobre"}]}]}},"_links":{"self":[{"href":"https:\/\/atypique.brunotarhan.fr\/index.php\/wp-json\/wp\/v2\/product\/14628","targetHints":{"allow":["GET"]}}],"collection":[{"href":"https:\/\/atypique.brunotarhan.fr\/index.php\/wp-json\/wp\/v2\/product"}],"about":[{"href":"https:\/\/atypique.brunotarhan.fr\/index.php\/wp-json\/wp\/v2\/types\/product"}],"replies":[{"embeddable":true,"href":"https:\/\/atypique.brunotarhan.fr\/index.php\/wp-json\/wp\/v2\/comments?post=14628"}],"wp:attachment":[{"href":"https:\/\/atypique.brunotarhan.fr\/index.php\/wp-json\/wp\/v2\/media?parent=14628"}],"wp:term":[{"taxonomy":"product_cat","embeddable":true,"href":"https:\/\/atypique.brunotarhan.fr\/index.php\/wp-json\/wp\/v2\/product_cat?post=14628"},{"taxonomy":"product_tag","embeddable":true,"href":"https:\/\/atypique.brunotarhan.fr\/index.php\/wp-json\/wp\/v2\/product_tag?post=14628"}],"curies":[{"name":"wp","href":"https:\/\/api.w.org\/{rel}","templated":true}]}}