{"id":14625,"date":"2022-03-28T07:36:13","date_gmt":"2022-03-28T07:36:13","guid":{"rendered":"https:\/\/atypique.brunotarhan.fr\/?post_type=product&#038;p=14625"},"modified":"2022-04-08T11:19:33","modified_gmt":"2022-04-08T11:19:33","slug":"berkano","status":"publish","type":"product","link":"https:\/\/atypique.brunotarhan.fr\/index.php\/produit\/berkano\/","title":{"rendered":"Berkano"},"content":{"rendered":"<p>Vignerons artisans, Dominique, Manuel &#038; Xavier R\u00e9mon, originaires des Corbi\u00e8res<br \/>\n Nous avons fait le choix d&#8217;y vivre de notre travail de vignerons. Nous nous d\u00e9finissons en artisans du vin car nous cultivons notre vignoble et \u00e9laborons nos vins avec passion, rigueur et cr\u00e9ativit\u00e9. \t<\/p>\n<p>La situation<br \/>\nAu c\u0153ur des Corbi\u00e8res, dans le triangle Carcassonne, Narbonne, Perpignan, notre domaine s&#8217;\u00e9tend sur les terroirs de Boutenac et des Hautes-Corbi\u00e8res, entre l&#8217;Abbaye de Lagrasse, celle de Fontfroide et le ch\u00e2teau de Villerouge Termen\u00e8s.<\/p>\n<p>Le terroir<br \/>\nLe relief tourment\u00e9 du c\u0153ur des Corbi\u00e8res nous offre quantit\u00e9s de terroirs argilo-calcaires, caillouteux et d&#8217;expositions vari\u00e9es. Avec une altitude d&#8217;environ 200 m. la maturation lente de nos raisins est \u00e9tal\u00e9e entre les c\u00e9pages. <\/p>\n<p>Nos vignes<br \/>\nElles s&#8217;\u00e9tendent sur les communes de St Laurent de la Cabrerisse, Jonqui\u00e8res et Talairan, entour\u00e9es de garrigues sauvages aux parfums de lavande, romarin, thym&#8230;<br \/>\nLa superficie de vignes cultiv\u00e9es en 2019 est de 22 hectares dont 20 en Appellation d&#8217;Origine Contr\u00f4l\u00e9e et 2 en Vin De Pays.<\/p>\n<p>Le chai<br \/>\nEnti\u00e8rement construit de nos mains, il allie les mat\u00e9riaux modernes comme l&#8217;inox et traditionnels comme la pierre, la brique, le bois, le fer, la terre cuite, &#8230; Chaque cuve de vinification est r\u00e9gul\u00e9e thermiquement. <\/p>\n<p>La vinification<br \/>\nLes raisins, tri\u00e9s par les vendangeurs \u00e0 la vigne sont \u00e9grapp\u00e9s et retri\u00e9s sur table avant cuvaison. Les levures indig\u00e8nes sont privil\u00e9gi\u00e9es. Les temp\u00e9ratures sont parfaitement ma\u00eetris\u00e9es dans nos petites cuves en b\u00e9ton. Les mises en bouteilles se font avec notre cha\u00eene d&#8217;embouteillage au domaine.<\/p>\n","protected":false},"excerpt":{"rendered":"<p>C\u00e9pages : Syrah 48%, Carignan 24%, Grenache 15%, Cinsault 13%<\/p>\n<p>Grenat fonc\u00e9, aux reflets violets, robe brillante.<br \/>\nRiche en ar\u00f4mes, fruits noirs m\u00fbrs. Notes de poivre, de r\u00e9glisse, thym et notes de garrigues.<br \/>\nVin puissant, \u00e9pic\u00e9, fruit\u00e9, avec une belle rondeur<\/p>\n<p>Egrappage, cuvaison de 21 jours, ma\u00eetrise des temp\u00e9ratures et pigeages afin d&#8217;extraire en douceur les mati\u00e8res colorantes et les tannins. Elev\u00e9 partiellement sous bois<\/p>\n","protected":false},"featured_media":0,"comment_status":"open","ping_status":"closed","template":"","meta":[],"product_cat":[87],"product_tag":[],"class_list":["post-14625","product","type-product","status-publish","hentry","product_cat-vins","berocket_brand-domaine-de-la-rune"],"yoast_head":"<!-- This site is optimized with the Yoast SEO plugin v18.0 - https:\/\/yoast.com\/wordpress\/plugins\/seo\/ -->\n<title>Berkano - Atypique Concept Store<\/title>\n<meta name=\"robots\" content=\"index, follow, max-snippet:-1, max-image-preview:large, max-video-preview:-1\" \/>\n<link rel=\"canonical\" href=\"https:\/\/atypique.brunotarhan.fr\/index.php\/produit\/berkano\/\" \/>\n<meta property=\"og:locale\" content=\"fr_FR\" \/>\n<meta property=\"og:type\" content=\"article\" \/>\n<meta property=\"og:title\" content=\"Berkano - Atypique Concept Store\" \/>\n<meta property=\"og:description\" content=\"C\u00e9pages : Syrah 48%, Carignan 24%, Grenache 15%, Cinsault 13% Grenat fonc\u00e9, aux reflets violets, robe brillante. Riche en ar\u00f4mes, fruits noirs m\u00fbrs. Notes de poivre, de r\u00e9glisse, thym et notes de garrigues. Vin puissant, \u00e9pic\u00e9, fruit\u00e9, avec une belle rondeur Egrappage, cuvaison de 21 jours, ma\u00eetrise des temp\u00e9ratures et pigeages afin d&#039;extraire en douceur les mati\u00e8res colorantes et les tannins. Elev\u00e9 partiellement sous bois\" \/>\n<meta property=\"og:url\" content=\"https:\/\/atypique.brunotarhan.fr\/index.php\/produit\/berkano\/\" \/>\n<meta property=\"og:site_name\" content=\"Atypique Concept Store\" \/>\n<meta property=\"article:modified_time\" content=\"2022-04-08T11:19:33+00:00\" \/>\n<meta name=\"twitter:card\" content=\"summary_large_image\" \/>\n<meta name=\"twitter:label1\" content=\"Dur\u00e9e de lecture estim\u00e9e\" \/>\n\t<meta name=\"twitter:data1\" content=\"1 minute\" \/>\n<script type=\"application\/ld+json\" class=\"yoast-schema-graph\">{\"@context\":\"https:\/\/schema.org\",\"@graph\":[{\"@type\":\"WebSite\",\"@id\":\"https:\/\/atypique.brunotarhan.fr\/#website\",\"url\":\"https:\/\/atypique.brunotarhan.fr\/\",\"name\":\"Atypique Concept Store\",\"description\":\"Just another WordPress site\",\"potentialAction\":[{\"@type\":\"SearchAction\",\"target\":{\"@type\":\"EntryPoint\",\"urlTemplate\":\"https:\/\/atypique.brunotarhan.fr\/?s={search_term_string}\"},\"query-input\":\"required name=search_term_string\"}],\"inLanguage\":\"fr-FR\"},{\"@type\":\"WebPage\",\"@id\":\"https:\/\/atypique.brunotarhan.fr\/index.php\/produit\/berkano\/#webpage\",\"url\":\"https:\/\/atypique.brunotarhan.fr\/index.php\/produit\/berkano\/\",\"name\":\"Berkano - Atypique Concept Store\",\"isPartOf\":{\"@id\":\"https:\/\/atypique.brunotarhan.fr\/#website\"},\"datePublished\":\"2022-03-28T07:36:13+00:00\",\"dateModified\":\"2022-04-08T11:19:33+00:00\",\"breadcrumb\":{\"@id\":\"https:\/\/atypique.brunotarhan.fr\/index.php\/produit\/berkano\/#breadcrumb\"},\"inLanguage\":\"fr-FR\",\"potentialAction\":[{\"@type\":\"ReadAction\",\"target\":[\"https:\/\/atypique.brunotarhan.fr\/index.php\/produit\/berkano\/\"]}]},{\"@type\":\"BreadcrumbList\",\"@id\":\"https:\/\/atypique.brunotarhan.fr\/index.php\/produit\/berkano\/#breadcrumb\",\"itemListElement\":[{\"@type\":\"ListItem\",\"position\":1,\"name\":\"Accueil\",\"item\":\"https:\/\/atypique.brunotarhan.fr\/\"},{\"@type\":\"ListItem\",\"position\":2,\"name\":\"\"},{\"@type\":\"ListItem\",\"position\":3,\"name\":\"Berkano\"}]}]}<\/script>\n<!-- \/ Yoast SEO plugin. -->","yoast_head_json":{"title":"Berkano - Atypique Concept Store","robots":{"index":"index","follow":"follow","max-snippet":"max-snippet:-1","max-image-preview":"max-image-preview:large","max-video-preview":"max-video-preview:-1"},"canonical":"https:\/\/atypique.brunotarhan.fr\/index.php\/produit\/berkano\/","og_locale":"fr_FR","og_type":"article","og_title":"Berkano - Atypique Concept Store","og_description":"C\u00e9pages : Syrah 48%, Carignan 24%, Grenache 15%, Cinsault 13% Grenat fonc\u00e9, aux reflets violets, robe brillante. Riche en ar\u00f4mes, fruits noirs m\u00fbrs. Notes de poivre, de r\u00e9glisse, thym et notes de garrigues. Vin puissant, \u00e9pic\u00e9, fruit\u00e9, avec une belle rondeur Egrappage, cuvaison de 21 jours, ma\u00eetrise des temp\u00e9ratures et pigeages afin d'extraire en douceur les mati\u00e8res colorantes et les tannins. Elev\u00e9 partiellement sous bois","og_url":"https:\/\/atypique.brunotarhan.fr\/index.php\/produit\/berkano\/","og_site_name":"Atypique Concept Store","article_modified_time":"2022-04-08T11:19:33+00:00","twitter_card":"summary_large_image","twitter_misc":{"Dur\u00e9e de lecture estim\u00e9e":"1 minute"},"schema":{"@context":"https:\/\/schema.org","@graph":[{"@type":"WebSite","@id":"https:\/\/atypique.brunotarhan.fr\/#website","url":"https:\/\/atypique.brunotarhan.fr\/","name":"Atypique Concept Store","description":"Just another WordPress site","potentialAction":[{"@type":"SearchAction","target":{"@type":"EntryPoint","urlTemplate":"https:\/\/atypique.brunotarhan.fr\/?s={search_term_string}"},"query-input":"required name=search_term_string"}],"inLanguage":"fr-FR"},{"@type":"WebPage","@id":"https:\/\/atypique.brunotarhan.fr\/index.php\/produit\/berkano\/#webpage","url":"https:\/\/atypique.brunotarhan.fr\/index.php\/produit\/berkano\/","name":"Berkano - Atypique Concept Store","isPartOf":{"@id":"https:\/\/atypique.brunotarhan.fr\/#website"},"datePublished":"2022-03-28T07:36:13+00:00","dateModified":"2022-04-08T11:19:33+00:00","breadcrumb":{"@id":"https:\/\/atypique.brunotarhan.fr\/index.php\/produit\/berkano\/#breadcrumb"},"inLanguage":"fr-FR","potentialAction":[{"@type":"ReadAction","target":["https:\/\/atypique.brunotarhan.fr\/index.php\/produit\/berkano\/"]}]},{"@type":"BreadcrumbList","@id":"https:\/\/atypique.brunotarhan.fr\/index.php\/produit\/berkano\/#breadcrumb","itemListElement":[{"@type":"ListItem","position":1,"name":"Accueil","item":"https:\/\/atypique.brunotarhan.fr\/"},{"@type":"ListItem","position":2,"name":""},{"@type":"ListItem","position":3,"name":"Berkano"}]}]}},"_links":{"self":[{"href":"https:\/\/atypique.brunotarhan.fr\/index.php\/wp-json\/wp\/v2\/product\/14625","targetHints":{"allow":["GET"]}}],"collection":[{"href":"https:\/\/atypique.brunotarhan.fr\/index.php\/wp-json\/wp\/v2\/product"}],"about":[{"href":"https:\/\/atypique.brunotarhan.fr\/index.php\/wp-json\/wp\/v2\/types\/product"}],"replies":[{"embeddable":true,"href":"https:\/\/atypique.brunotarhan.fr\/index.php\/wp-json\/wp\/v2\/comments?post=14625"}],"wp:attachment":[{"href":"https:\/\/atypique.brunotarhan.fr\/index.php\/wp-json\/wp\/v2\/media?parent=14625"}],"wp:term":[{"taxonomy":"product_cat","embeddable":true,"href":"https:\/\/atypique.brunotarhan.fr\/index.php\/wp-json\/wp\/v2\/product_cat?post=14625"},{"taxonomy":"product_tag","embeddable":true,"href":"https:\/\/atypique.brunotarhan.fr\/index.php\/wp-json\/wp\/v2\/product_tag?post=14625"}],"curies":[{"name":"wp","href":"https:\/\/api.w.org\/{rel}","templated":true}]}}