{"id":14624,"date":"2022-03-28T07:36:09","date_gmt":"2022-03-28T07:36:09","guid":{"rendered":"https:\/\/atypique.brunotarhan.fr\/?post_type=product&#038;p=14624"},"modified":"2022-04-08T11:19:32","modified_gmt":"2022-04-08T11:19:32","slug":"rouge-furie","status":"publish","type":"product","link":"https:\/\/atypique.brunotarhan.fr\/index.php\/produit\/rouge-furie\/","title":{"rendered":"Rouge furie"},"content":{"rendered":"<p>Terrasse de garonne,galets des pyr\u00e9n\u00e9es, culture sans desherbant ni procuit de synth\u00e8se.<br \/>\nUtilisation \u00e0 la vigne de cuivre, de soufre, de tisanes et de compost.<br \/>\nR\u00e9colte manuelle en cagette .Vinification sans intrantset sans filtration.Levures indig\u00e8nes et l\u00e9ger sulfitage<\/p>\n","protected":false},"excerpt":{"rendered":"<p>C\u00e9pages : 45% Merlot, 35% Abouriou, 25% Cabernet Sauvigon <\/p>\n<p>Un vin de couleur intense, ar\u00f4mes de fruits rouges, juteux et complexe. avec de la fra\u00eecheur notamment gr\u00e2ce \u00e0 un fond sur des notes de g\u00e9ranium Il pourrait encore vieillir, mais en lui donnerons-nous le temps?<br \/>\n\u00e9levage en (vieilles) barriques. Sur le papier on se retrouve avec un vin de style bordelais, mais ce vin est tout en finesse, \u00e9l\u00e9gance et longueur.<\/p>\n","protected":false},"featured_media":0,"comment_status":"open","ping_status":"closed","template":"","meta":[],"product_cat":[87],"product_tag":[],"class_list":["post-14624","product","type-product","status-publish","hentry","product_cat-vins","berocket_brand-domaine-de-la-petite-odysee"],"yoast_head":"<!-- This site is optimized with the Yoast SEO plugin v18.0 - https:\/\/yoast.com\/wordpress\/plugins\/seo\/ -->\n<title>Rouge furie - Atypique Concept Store<\/title>\n<meta name=\"robots\" content=\"index, follow, max-snippet:-1, max-image-preview:large, max-video-preview:-1\" \/>\n<link rel=\"canonical\" href=\"https:\/\/atypique.brunotarhan.fr\/index.php\/produit\/rouge-furie\/\" \/>\n<meta property=\"og:locale\" content=\"fr_FR\" \/>\n<meta property=\"og:type\" content=\"article\" \/>\n<meta property=\"og:title\" content=\"Rouge furie - Atypique Concept Store\" \/>\n<meta property=\"og:description\" content=\"C\u00e9pages : 45% Merlot, 35% Abouriou, 25% Cabernet Sauvigon  Un vin de couleur intense, ar\u00f4mes de fruits rouges, juteux et complexe. avec de la fra\u00eecheur notamment gr\u00e2ce \u00e0 un fond sur des notes de g\u00e9ranium Il pourrait encore vieillir, mais en lui donnerons-nous le temps? \u00e9levage en (vieilles) barriques. Sur le papier on se retrouve avec un vin de style bordelais, mais ce vin est tout en finesse, \u00e9l\u00e9gance et longueur.\" \/>\n<meta property=\"og:url\" content=\"https:\/\/atypique.brunotarhan.fr\/index.php\/produit\/rouge-furie\/\" \/>\n<meta property=\"og:site_name\" content=\"Atypique Concept Store\" \/>\n<meta property=\"article:modified_time\" content=\"2022-04-08T11:19:32+00:00\" \/>\n<meta name=\"twitter:card\" content=\"summary_large_image\" \/>\n<script type=\"application\/ld+json\" class=\"yoast-schema-graph\">{\"@context\":\"https:\/\/schema.org\",\"@graph\":[{\"@type\":\"WebSite\",\"@id\":\"https:\/\/atypique.brunotarhan.fr\/#website\",\"url\":\"https:\/\/atypique.brunotarhan.fr\/\",\"name\":\"Atypique Concept Store\",\"description\":\"Just another WordPress site\",\"potentialAction\":[{\"@type\":\"SearchAction\",\"target\":{\"@type\":\"EntryPoint\",\"urlTemplate\":\"https:\/\/atypique.brunotarhan.fr\/?s={search_term_string}\"},\"query-input\":\"required name=search_term_string\"}],\"inLanguage\":\"fr-FR\"},{\"@type\":\"WebPage\",\"@id\":\"https:\/\/atypique.brunotarhan.fr\/index.php\/produit\/rouge-furie\/#webpage\",\"url\":\"https:\/\/atypique.brunotarhan.fr\/index.php\/produit\/rouge-furie\/\",\"name\":\"Rouge furie - Atypique Concept Store\",\"isPartOf\":{\"@id\":\"https:\/\/atypique.brunotarhan.fr\/#website\"},\"datePublished\":\"2022-03-28T07:36:09+00:00\",\"dateModified\":\"2022-04-08T11:19:32+00:00\",\"breadcrumb\":{\"@id\":\"https:\/\/atypique.brunotarhan.fr\/index.php\/produit\/rouge-furie\/#breadcrumb\"},\"inLanguage\":\"fr-FR\",\"potentialAction\":[{\"@type\":\"ReadAction\",\"target\":[\"https:\/\/atypique.brunotarhan.fr\/index.php\/produit\/rouge-furie\/\"]}]},{\"@type\":\"BreadcrumbList\",\"@id\":\"https:\/\/atypique.brunotarhan.fr\/index.php\/produit\/rouge-furie\/#breadcrumb\",\"itemListElement\":[{\"@type\":\"ListItem\",\"position\":1,\"name\":\"Accueil\",\"item\":\"https:\/\/atypique.brunotarhan.fr\/\"},{\"@type\":\"ListItem\",\"position\":2,\"name\":\"\"},{\"@type\":\"ListItem\",\"position\":3,\"name\":\"Rouge furie\"}]}]}<\/script>\n<!-- \/ Yoast SEO plugin. -->","yoast_head_json":{"title":"Rouge furie - Atypique Concept Store","robots":{"index":"index","follow":"follow","max-snippet":"max-snippet:-1","max-image-preview":"max-image-preview:large","max-video-preview":"max-video-preview:-1"},"canonical":"https:\/\/atypique.brunotarhan.fr\/index.php\/produit\/rouge-furie\/","og_locale":"fr_FR","og_type":"article","og_title":"Rouge furie - Atypique Concept Store","og_description":"C\u00e9pages : 45% Merlot, 35% Abouriou, 25% Cabernet Sauvigon  Un vin de couleur intense, ar\u00f4mes de fruits rouges, juteux et complexe. avec de la fra\u00eecheur notamment gr\u00e2ce \u00e0 un fond sur des notes de g\u00e9ranium Il pourrait encore vieillir, mais en lui donnerons-nous le temps? \u00e9levage en (vieilles) barriques. Sur le papier on se retrouve avec un vin de style bordelais, mais ce vin est tout en finesse, \u00e9l\u00e9gance et longueur.","og_url":"https:\/\/atypique.brunotarhan.fr\/index.php\/produit\/rouge-furie\/","og_site_name":"Atypique Concept Store","article_modified_time":"2022-04-08T11:19:32+00:00","twitter_card":"summary_large_image","schema":{"@context":"https:\/\/schema.org","@graph":[{"@type":"WebSite","@id":"https:\/\/atypique.brunotarhan.fr\/#website","url":"https:\/\/atypique.brunotarhan.fr\/","name":"Atypique Concept Store","description":"Just another WordPress site","potentialAction":[{"@type":"SearchAction","target":{"@type":"EntryPoint","urlTemplate":"https:\/\/atypique.brunotarhan.fr\/?s={search_term_string}"},"query-input":"required name=search_term_string"}],"inLanguage":"fr-FR"},{"@type":"WebPage","@id":"https:\/\/atypique.brunotarhan.fr\/index.php\/produit\/rouge-furie\/#webpage","url":"https:\/\/atypique.brunotarhan.fr\/index.php\/produit\/rouge-furie\/","name":"Rouge furie - Atypique Concept Store","isPartOf":{"@id":"https:\/\/atypique.brunotarhan.fr\/#website"},"datePublished":"2022-03-28T07:36:09+00:00","dateModified":"2022-04-08T11:19:32+00:00","breadcrumb":{"@id":"https:\/\/atypique.brunotarhan.fr\/index.php\/produit\/rouge-furie\/#breadcrumb"},"inLanguage":"fr-FR","potentialAction":[{"@type":"ReadAction","target":["https:\/\/atypique.brunotarhan.fr\/index.php\/produit\/rouge-furie\/"]}]},{"@type":"BreadcrumbList","@id":"https:\/\/atypique.brunotarhan.fr\/index.php\/produit\/rouge-furie\/#breadcrumb","itemListElement":[{"@type":"ListItem","position":1,"name":"Accueil","item":"https:\/\/atypique.brunotarhan.fr\/"},{"@type":"ListItem","position":2,"name":""},{"@type":"ListItem","position":3,"name":"Rouge furie"}]}]}},"_links":{"self":[{"href":"https:\/\/atypique.brunotarhan.fr\/index.php\/wp-json\/wp\/v2\/product\/14624","targetHints":{"allow":["GET"]}}],"collection":[{"href":"https:\/\/atypique.brunotarhan.fr\/index.php\/wp-json\/wp\/v2\/product"}],"about":[{"href":"https:\/\/atypique.brunotarhan.fr\/index.php\/wp-json\/wp\/v2\/types\/product"}],"replies":[{"embeddable":true,"href":"https:\/\/atypique.brunotarhan.fr\/index.php\/wp-json\/wp\/v2\/comments?post=14624"}],"wp:attachment":[{"href":"https:\/\/atypique.brunotarhan.fr\/index.php\/wp-json\/wp\/v2\/media?parent=14624"}],"wp:term":[{"taxonomy":"product_cat","embeddable":true,"href":"https:\/\/atypique.brunotarhan.fr\/index.php\/wp-json\/wp\/v2\/product_cat?post=14624"},{"taxonomy":"product_tag","embeddable":true,"href":"https:\/\/atypique.brunotarhan.fr\/index.php\/wp-json\/wp\/v2\/product_tag?post=14624"}],"curies":[{"name":"wp","href":"https:\/\/api.w.org\/{rel}","templated":true}]}}