{"id":14622,"date":"2022-03-28T07:36:00","date_gmt":"2022-03-28T07:36:00","guid":{"rendered":"https:\/\/atypique.brunotarhan.fr\/?post_type=product&#038;p=14622"},"modified":"2022-04-08T11:19:28","modified_gmt":"2022-04-08T11:19:28","slug":"funambule","status":"publish","type":"product","link":"https:\/\/atypique.brunotarhan.fr\/index.php\/produit\/funambule\/","title":{"rendered":"Funambule"},"content":{"rendered":"<p>Le Domaine de Clovallon se situe \u00e0 B\u00e9darieux, en Pays de l\u2019H\u00e9rault dans le Languedoc. Il appartient \u00e0 Catherine Roquedepuis la fin des ann\u00e9es 1980 et elle g\u00e8re aujourd\u2019hui le domaine avec sa fille Alix. Le Domaine compte 12 hectares, enti\u00e8rement conduit en agriculture biologique certifi\u00e9e. Catherine Roque a \u00e9t\u00e9 l\u2019une des premi\u00e8res \u00e0 cultiver du Pinot Noir dans le Languedoc, apr\u00e8s avoir plaid\u00e9 sa cause aupr\u00e8s de l\u2019ONIVINS qui accepte, apr\u00e8s des exp\u00e9rimentations concluantes, d\u2019autoriser ce c\u00e9page dans l\u2019\u00e9laboration des vins du Pays d\u2019Oc. Le vignoble se situe sur un terroir d\u2019altitude dans la Vall\u00e9e de l\u2019Orb et une falaise de calcaire au sud isole le vignoble des masses d\u2019air chaud du littoral, ainsi les c\u00e9pages non habituels \u00e0 la r\u00e9gion (Pinot Noir, Syrah, Chardonnay\u2026) s\u2019y accommodent parfaitement. Catherine Roque poss\u00e8de \u00e9galement le Mas d\u2019Alezon \u00e0 Faug\u00e8res depuis 1997.<\/p>\n","protected":false},"excerpt":{"rendered":"<p>C\u00e9page : <\/p>\n<p>vin effervessant leger et fruit\u00e9. Tr\u00e8s bien pour l&#8217; ap\u00e9ro<\/p>\n","protected":false},"featured_media":0,"comment_status":"open","ping_status":"closed","template":"","meta":[],"product_cat":[87],"product_tag":[],"class_list":["post-14622","product","type-product","status-publish","hentry","product_cat-vins","berocket_brand-domaine-clovallon"],"yoast_head":"<!-- This site is optimized with the Yoast SEO plugin v18.0 - https:\/\/yoast.com\/wordpress\/plugins\/seo\/ -->\n<title>Funambule - Atypique Concept Store<\/title>\n<meta name=\"robots\" content=\"index, follow, max-snippet:-1, max-image-preview:large, max-video-preview:-1\" \/>\n<link rel=\"canonical\" href=\"https:\/\/atypique.brunotarhan.fr\/index.php\/produit\/funambule\/\" \/>\n<meta property=\"og:locale\" content=\"fr_FR\" \/>\n<meta property=\"og:type\" content=\"article\" \/>\n<meta property=\"og:title\" content=\"Funambule - Atypique Concept Store\" \/>\n<meta property=\"og:description\" content=\"C\u00e9page :  vin effervessant leger et fruit\u00e9. Tr\u00e8s bien pour l&#039; ap\u00e9ro\" \/>\n<meta property=\"og:url\" content=\"https:\/\/atypique.brunotarhan.fr\/index.php\/produit\/funambule\/\" \/>\n<meta property=\"og:site_name\" content=\"Atypique Concept Store\" \/>\n<meta property=\"article:modified_time\" content=\"2022-04-08T11:19:28+00:00\" \/>\n<meta name=\"twitter:card\" content=\"summary_large_image\" \/>\n<meta name=\"twitter:label1\" content=\"Dur\u00e9e de lecture estim\u00e9e\" \/>\n\t<meta name=\"twitter:data1\" content=\"1 minute\" \/>\n<script type=\"application\/ld+json\" class=\"yoast-schema-graph\">{\"@context\":\"https:\/\/schema.org\",\"@graph\":[{\"@type\":\"WebSite\",\"@id\":\"https:\/\/atypique.brunotarhan.fr\/#website\",\"url\":\"https:\/\/atypique.brunotarhan.fr\/\",\"name\":\"Atypique Concept Store\",\"description\":\"Just another WordPress site\",\"potentialAction\":[{\"@type\":\"SearchAction\",\"target\":{\"@type\":\"EntryPoint\",\"urlTemplate\":\"https:\/\/atypique.brunotarhan.fr\/?s={search_term_string}\"},\"query-input\":\"required name=search_term_string\"}],\"inLanguage\":\"fr-FR\"},{\"@type\":\"WebPage\",\"@id\":\"https:\/\/atypique.brunotarhan.fr\/index.php\/produit\/funambule\/#webpage\",\"url\":\"https:\/\/atypique.brunotarhan.fr\/index.php\/produit\/funambule\/\",\"name\":\"Funambule - Atypique Concept Store\",\"isPartOf\":{\"@id\":\"https:\/\/atypique.brunotarhan.fr\/#website\"},\"datePublished\":\"2022-03-28T07:36:00+00:00\",\"dateModified\":\"2022-04-08T11:19:28+00:00\",\"breadcrumb\":{\"@id\":\"https:\/\/atypique.brunotarhan.fr\/index.php\/produit\/funambule\/#breadcrumb\"},\"inLanguage\":\"fr-FR\",\"potentialAction\":[{\"@type\":\"ReadAction\",\"target\":[\"https:\/\/atypique.brunotarhan.fr\/index.php\/produit\/funambule\/\"]}]},{\"@type\":\"BreadcrumbList\",\"@id\":\"https:\/\/atypique.brunotarhan.fr\/index.php\/produit\/funambule\/#breadcrumb\",\"itemListElement\":[{\"@type\":\"ListItem\",\"position\":1,\"name\":\"Accueil\",\"item\":\"https:\/\/atypique.brunotarhan.fr\/\"},{\"@type\":\"ListItem\",\"position\":2,\"name\":\"\"},{\"@type\":\"ListItem\",\"position\":3,\"name\":\"Funambule\"}]}]}<\/script>\n<!-- \/ Yoast SEO plugin. -->","yoast_head_json":{"title":"Funambule - Atypique Concept Store","robots":{"index":"index","follow":"follow","max-snippet":"max-snippet:-1","max-image-preview":"max-image-preview:large","max-video-preview":"max-video-preview:-1"},"canonical":"https:\/\/atypique.brunotarhan.fr\/index.php\/produit\/funambule\/","og_locale":"fr_FR","og_type":"article","og_title":"Funambule - Atypique Concept Store","og_description":"C\u00e9page :  vin effervessant leger et fruit\u00e9. Tr\u00e8s bien pour l' ap\u00e9ro","og_url":"https:\/\/atypique.brunotarhan.fr\/index.php\/produit\/funambule\/","og_site_name":"Atypique Concept Store","article_modified_time":"2022-04-08T11:19:28+00:00","twitter_card":"summary_large_image","twitter_misc":{"Dur\u00e9e de lecture estim\u00e9e":"1 minute"},"schema":{"@context":"https:\/\/schema.org","@graph":[{"@type":"WebSite","@id":"https:\/\/atypique.brunotarhan.fr\/#website","url":"https:\/\/atypique.brunotarhan.fr\/","name":"Atypique Concept Store","description":"Just another WordPress site","potentialAction":[{"@type":"SearchAction","target":{"@type":"EntryPoint","urlTemplate":"https:\/\/atypique.brunotarhan.fr\/?s={search_term_string}"},"query-input":"required name=search_term_string"}],"inLanguage":"fr-FR"},{"@type":"WebPage","@id":"https:\/\/atypique.brunotarhan.fr\/index.php\/produit\/funambule\/#webpage","url":"https:\/\/atypique.brunotarhan.fr\/index.php\/produit\/funambule\/","name":"Funambule - Atypique Concept Store","isPartOf":{"@id":"https:\/\/atypique.brunotarhan.fr\/#website"},"datePublished":"2022-03-28T07:36:00+00:00","dateModified":"2022-04-08T11:19:28+00:00","breadcrumb":{"@id":"https:\/\/atypique.brunotarhan.fr\/index.php\/produit\/funambule\/#breadcrumb"},"inLanguage":"fr-FR","potentialAction":[{"@type":"ReadAction","target":["https:\/\/atypique.brunotarhan.fr\/index.php\/produit\/funambule\/"]}]},{"@type":"BreadcrumbList","@id":"https:\/\/atypique.brunotarhan.fr\/index.php\/produit\/funambule\/#breadcrumb","itemListElement":[{"@type":"ListItem","position":1,"name":"Accueil","item":"https:\/\/atypique.brunotarhan.fr\/"},{"@type":"ListItem","position":2,"name":""},{"@type":"ListItem","position":3,"name":"Funambule"}]}]}},"_links":{"self":[{"href":"https:\/\/atypique.brunotarhan.fr\/index.php\/wp-json\/wp\/v2\/product\/14622","targetHints":{"allow":["GET"]}}],"collection":[{"href":"https:\/\/atypique.brunotarhan.fr\/index.php\/wp-json\/wp\/v2\/product"}],"about":[{"href":"https:\/\/atypique.brunotarhan.fr\/index.php\/wp-json\/wp\/v2\/types\/product"}],"replies":[{"embeddable":true,"href":"https:\/\/atypique.brunotarhan.fr\/index.php\/wp-json\/wp\/v2\/comments?post=14622"}],"wp:attachment":[{"href":"https:\/\/atypique.brunotarhan.fr\/index.php\/wp-json\/wp\/v2\/media?parent=14622"}],"wp:term":[{"taxonomy":"product_cat","embeddable":true,"href":"https:\/\/atypique.brunotarhan.fr\/index.php\/wp-json\/wp\/v2\/product_cat?post=14622"},{"taxonomy":"product_tag","embeddable":true,"href":"https:\/\/atypique.brunotarhan.fr\/index.php\/wp-json\/wp\/v2\/product_tag?post=14622"}],"curies":[{"name":"wp","href":"https:\/\/api.w.org\/{rel}","templated":true}]}}