{"id":14621,"date":"2022-03-28T07:35:56","date_gmt":"2022-03-28T07:35:56","guid":{"rendered":"https:\/\/atypique.brunotarhan.fr\/?post_type=product&#038;p=14621"},"modified":"2022-04-08T11:19:27","modified_gmt":"2022-04-08T11:19:27","slug":"vulcain","status":"publish","type":"product","link":"https:\/\/atypique.brunotarhan.fr\/index.php\/produit\/vulcain\/","title":{"rendered":"Vulcain"},"content":{"rendered":"","protected":false},"excerpt":{"rendered":"<p>C\u00e9pages : riesling, pinot gris, gewurztraminer<\/p>\n<p>Vous retrouverez sur toutes les \u00e9tiquettes du domaine Cl\u00e9 de Sol le dessin d\u2019un papillon : le vulcain, reconnaissable au dessus de ses ailes,  marron \u00e0 noir profond agr\u00e9ment\u00e9es d\u2019un motif en 3\/4 de cercle orange \u00e0 rouge vif.<\/p>\n<p>Cette cuv\u00e9e Vulcain est ce que l\u2019on appelle en Alsace un \u00bbedelzwicker \u00bb, c\u2019est \u00e0 dire un assemblage des diff\u00e9rents c\u00e9pages blancs du domaine, \u00e0 savoir Riesling, Gewurztraminer, Sylvaner et Pinot Gris. Jean et Yannick Baltenweg l\u2019\u00e9l\u00e8vent 11 mois en barriques.<\/p>\n<p>Au vu de la qualit\u00e9 des cuv\u00e9es du domaine, on ne pouvait s\u2019attendre qu\u2019\u00e0 une belle surprise, et c\u2019est le cas !! Vulcain le bien nomm\u00e9 a du caract\u00e8re et des similitudes avec des vins oranges (vins blancs de mac\u00e9ration) : son nez aromatique laisse la place en bouche \u00e0 une expression ample, fra\u00eeche et persistante avec des notes compot\u00e9es (pomme \/ raisin sec).<\/p>\n","protected":false},"featured_media":0,"comment_status":"open","ping_status":"closed","template":"","meta":[],"product_cat":[87],"product_tag":[],"class_list":["post-14621","product","type-product","status-publish","hentry","product_cat-vins","berocket_brand-domaine-cle-de-sol"],"yoast_head":"<!-- This site is optimized with the Yoast SEO plugin v18.0 - https:\/\/yoast.com\/wordpress\/plugins\/seo\/ -->\n<title>Vulcain - Atypique Concept Store<\/title>\n<meta name=\"robots\" content=\"index, follow, max-snippet:-1, max-image-preview:large, max-video-preview:-1\" \/>\n<link rel=\"canonical\" href=\"https:\/\/atypique.brunotarhan.fr\/index.php\/produit\/vulcain\/\" \/>\n<meta property=\"og:locale\" content=\"fr_FR\" \/>\n<meta property=\"og:type\" content=\"article\" \/>\n<meta property=\"og:title\" content=\"Vulcain - Atypique Concept Store\" \/>\n<meta property=\"og:description\" content=\"C\u00e9pages : riesling, pinot gris, gewurztraminer Vous retrouverez sur toutes les \u00e9tiquettes du domaine Cl\u00e9 de Sol le dessin d\u2019un papillon : le vulcain, reconnaissable au dessus de ses ailes, marron \u00e0 noir profond agr\u00e9ment\u00e9es d\u2019un motif en 3\/4 de cercle orange \u00e0 rouge vif. Cette cuv\u00e9e Vulcain est ce que l\u2019on appelle en Alsace un \u00bbedelzwicker \u00bb, c\u2019est \u00e0 dire un assemblage des diff\u00e9rents c\u00e9pages blancs du domaine, \u00e0 savoir Riesling, Gewurztraminer, Sylvaner et Pinot Gris. Jean et Yannick Baltenweg l\u2019\u00e9l\u00e8vent 11 mois en barriques. Au vu de la qualit\u00e9 des cuv\u00e9es du domaine, on ne pouvait s\u2019attendre qu\u2019\u00e0 une belle surprise, et c\u2019est le cas !! Vulcain le bien nomm\u00e9 a du caract\u00e8re et des similitudes avec des vins oranges (vins blancs de mac\u00e9ration) : son nez aromatique laisse la place en bouche \u00e0 une expression ample, fra\u00eeche et persistante avec des notes compot\u00e9es (pomme \/ raisin sec).\" \/>\n<meta property=\"og:url\" content=\"https:\/\/atypique.brunotarhan.fr\/index.php\/produit\/vulcain\/\" \/>\n<meta property=\"og:site_name\" content=\"Atypique Concept Store\" \/>\n<meta property=\"article:modified_time\" content=\"2022-04-08T11:19:27+00:00\" \/>\n<meta name=\"twitter:card\" content=\"summary_large_image\" \/>\n<script type=\"application\/ld+json\" class=\"yoast-schema-graph\">{\"@context\":\"https:\/\/schema.org\",\"@graph\":[{\"@type\":\"WebSite\",\"@id\":\"https:\/\/atypique.brunotarhan.fr\/#website\",\"url\":\"https:\/\/atypique.brunotarhan.fr\/\",\"name\":\"Atypique Concept Store\",\"description\":\"Just another WordPress site\",\"potentialAction\":[{\"@type\":\"SearchAction\",\"target\":{\"@type\":\"EntryPoint\",\"urlTemplate\":\"https:\/\/atypique.brunotarhan.fr\/?s={search_term_string}\"},\"query-input\":\"required name=search_term_string\"}],\"inLanguage\":\"fr-FR\"},{\"@type\":\"WebPage\",\"@id\":\"https:\/\/atypique.brunotarhan.fr\/index.php\/produit\/vulcain\/#webpage\",\"url\":\"https:\/\/atypique.brunotarhan.fr\/index.php\/produit\/vulcain\/\",\"name\":\"Vulcain - Atypique Concept Store\",\"isPartOf\":{\"@id\":\"https:\/\/atypique.brunotarhan.fr\/#website\"},\"datePublished\":\"2022-03-28T07:35:56+00:00\",\"dateModified\":\"2022-04-08T11:19:27+00:00\",\"breadcrumb\":{\"@id\":\"https:\/\/atypique.brunotarhan.fr\/index.php\/produit\/vulcain\/#breadcrumb\"},\"inLanguage\":\"fr-FR\",\"potentialAction\":[{\"@type\":\"ReadAction\",\"target\":[\"https:\/\/atypique.brunotarhan.fr\/index.php\/produit\/vulcain\/\"]}]},{\"@type\":\"BreadcrumbList\",\"@id\":\"https:\/\/atypique.brunotarhan.fr\/index.php\/produit\/vulcain\/#breadcrumb\",\"itemListElement\":[{\"@type\":\"ListItem\",\"position\":1,\"name\":\"Accueil\",\"item\":\"https:\/\/atypique.brunotarhan.fr\/\"},{\"@type\":\"ListItem\",\"position\":2,\"name\":\"\"},{\"@type\":\"ListItem\",\"position\":3,\"name\":\"Vulcain\"}]}]}<\/script>\n<!-- \/ Yoast SEO plugin. -->","yoast_head_json":{"title":"Vulcain - Atypique Concept Store","robots":{"index":"index","follow":"follow","max-snippet":"max-snippet:-1","max-image-preview":"max-image-preview:large","max-video-preview":"max-video-preview:-1"},"canonical":"https:\/\/atypique.brunotarhan.fr\/index.php\/produit\/vulcain\/","og_locale":"fr_FR","og_type":"article","og_title":"Vulcain - Atypique Concept Store","og_description":"C\u00e9pages : riesling, pinot gris, gewurztraminer Vous retrouverez sur toutes les \u00e9tiquettes du domaine Cl\u00e9 de Sol le dessin d\u2019un papillon : le vulcain, reconnaissable au dessus de ses ailes, marron \u00e0 noir profond agr\u00e9ment\u00e9es d\u2019un motif en 3\/4 de cercle orange \u00e0 rouge vif. Cette cuv\u00e9e Vulcain est ce que l\u2019on appelle en Alsace un \u00bbedelzwicker \u00bb, c\u2019est \u00e0 dire un assemblage des diff\u00e9rents c\u00e9pages blancs du domaine, \u00e0 savoir Riesling, Gewurztraminer, Sylvaner et Pinot Gris. Jean et Yannick Baltenweg l\u2019\u00e9l\u00e8vent 11 mois en barriques. Au vu de la qualit\u00e9 des cuv\u00e9es du domaine, on ne pouvait s\u2019attendre qu\u2019\u00e0 une belle surprise, et c\u2019est le cas !! Vulcain le bien nomm\u00e9 a du caract\u00e8re et des similitudes avec des vins oranges (vins blancs de mac\u00e9ration) : son nez aromatique laisse la place en bouche \u00e0 une expression ample, fra\u00eeche et persistante avec des notes compot\u00e9es (pomme \/ raisin sec).","og_url":"https:\/\/atypique.brunotarhan.fr\/index.php\/produit\/vulcain\/","og_site_name":"Atypique Concept Store","article_modified_time":"2022-04-08T11:19:27+00:00","twitter_card":"summary_large_image","schema":{"@context":"https:\/\/schema.org","@graph":[{"@type":"WebSite","@id":"https:\/\/atypique.brunotarhan.fr\/#website","url":"https:\/\/atypique.brunotarhan.fr\/","name":"Atypique Concept Store","description":"Just another WordPress site","potentialAction":[{"@type":"SearchAction","target":{"@type":"EntryPoint","urlTemplate":"https:\/\/atypique.brunotarhan.fr\/?s={search_term_string}"},"query-input":"required name=search_term_string"}],"inLanguage":"fr-FR"},{"@type":"WebPage","@id":"https:\/\/atypique.brunotarhan.fr\/index.php\/produit\/vulcain\/#webpage","url":"https:\/\/atypique.brunotarhan.fr\/index.php\/produit\/vulcain\/","name":"Vulcain - Atypique Concept Store","isPartOf":{"@id":"https:\/\/atypique.brunotarhan.fr\/#website"},"datePublished":"2022-03-28T07:35:56+00:00","dateModified":"2022-04-08T11:19:27+00:00","breadcrumb":{"@id":"https:\/\/atypique.brunotarhan.fr\/index.php\/produit\/vulcain\/#breadcrumb"},"inLanguage":"fr-FR","potentialAction":[{"@type":"ReadAction","target":["https:\/\/atypique.brunotarhan.fr\/index.php\/produit\/vulcain\/"]}]},{"@type":"BreadcrumbList","@id":"https:\/\/atypique.brunotarhan.fr\/index.php\/produit\/vulcain\/#breadcrumb","itemListElement":[{"@type":"ListItem","position":1,"name":"Accueil","item":"https:\/\/atypique.brunotarhan.fr\/"},{"@type":"ListItem","position":2,"name":""},{"@type":"ListItem","position":3,"name":"Vulcain"}]}]}},"_links":{"self":[{"href":"https:\/\/atypique.brunotarhan.fr\/index.php\/wp-json\/wp\/v2\/product\/14621","targetHints":{"allow":["GET"]}}],"collection":[{"href":"https:\/\/atypique.brunotarhan.fr\/index.php\/wp-json\/wp\/v2\/product"}],"about":[{"href":"https:\/\/atypique.brunotarhan.fr\/index.php\/wp-json\/wp\/v2\/types\/product"}],"replies":[{"embeddable":true,"href":"https:\/\/atypique.brunotarhan.fr\/index.php\/wp-json\/wp\/v2\/comments?post=14621"}],"wp:attachment":[{"href":"https:\/\/atypique.brunotarhan.fr\/index.php\/wp-json\/wp\/v2\/media?parent=14621"}],"wp:term":[{"taxonomy":"product_cat","embeddable":true,"href":"https:\/\/atypique.brunotarhan.fr\/index.php\/wp-json\/wp\/v2\/product_cat?post=14621"},{"taxonomy":"product_tag","embeddable":true,"href":"https:\/\/atypique.brunotarhan.fr\/index.php\/wp-json\/wp\/v2\/product_tag?post=14621"}],"curies":[{"name":"wp","href":"https:\/\/api.w.org\/{rel}","templated":true}]}}