{"id":14620,"date":"2022-03-28T07:35:54","date_gmt":"2022-03-28T07:35:54","guid":{"rendered":"https:\/\/atypique.brunotarhan.fr\/?post_type=product&#038;p=14620"},"modified":"2022-04-08T11:19:24","modified_gmt":"2022-04-08T11:19:24","slug":"riesling-rosaker","status":"publish","type":"product","link":"https:\/\/atypique.brunotarhan.fr\/index.php\/produit\/riesling-rosaker\/","title":{"rendered":"Riesling rosaker"},"content":{"rendered":"","protected":false},"excerpt":{"rendered":"<p>C\u00e9page :100% riesling<\/p>\n<p>Quelle classe ! Sur une base de raisins tr\u00e8s m\u00fbrs, Jean obtient soyeux et fraicheur. Des ar\u00f4mes de fleurs (de roses ?), une l\u00e9g\u00e8re oxydation pas d\u00e9sagr\u00e9able, un c\u00f4t\u00e9 &#8220;salin&#8221; et surtout de la tension. Grand vin, petite quantit\u00e9 !<br \/>\nTerroir et c\u00e9page s&#8217;expriment avec un caract\u00e8re oxydatif. Puissant et lo,gueur<\/p>\n","protected":false},"featured_media":0,"comment_status":"open","ping_status":"closed","template":"","meta":[],"product_cat":[87],"product_tag":[],"class_list":["post-14620","product","type-product","status-publish","hentry","product_cat-vins","berocket_brand-domaine-cle-de-sol"],"yoast_head":"<!-- This site is optimized with the Yoast SEO plugin v18.0 - https:\/\/yoast.com\/wordpress\/plugins\/seo\/ -->\n<title>Riesling rosaker - Atypique Concept Store<\/title>\n<meta name=\"robots\" content=\"index, follow, max-snippet:-1, max-image-preview:large, max-video-preview:-1\" \/>\n<link rel=\"canonical\" href=\"https:\/\/atypique.brunotarhan.fr\/index.php\/produit\/riesling-rosaker\/\" \/>\n<meta property=\"og:locale\" content=\"fr_FR\" \/>\n<meta property=\"og:type\" content=\"article\" \/>\n<meta property=\"og:title\" content=\"Riesling rosaker - Atypique Concept Store\" \/>\n<meta property=\"og:description\" content=\"C\u00e9page :100% riesling Quelle classe ! Sur une base de raisins tr\u00e8s m\u00fbrs, Jean obtient soyeux et fraicheur. Des ar\u00f4mes de fleurs (de roses ?), une l\u00e9g\u00e8re oxydation pas d\u00e9sagr\u00e9able, un c\u00f4t\u00e9 &quot;salin&quot; et surtout de la tension. Grand vin, petite quantit\u00e9 ! Terroir et c\u00e9page s&#039;expriment avec un caract\u00e8re oxydatif. Puissant et lo,gueur\" \/>\n<meta property=\"og:url\" content=\"https:\/\/atypique.brunotarhan.fr\/index.php\/produit\/riesling-rosaker\/\" \/>\n<meta property=\"og:site_name\" content=\"Atypique Concept Store\" \/>\n<meta property=\"article:modified_time\" content=\"2022-04-08T11:19:24+00:00\" \/>\n<meta name=\"twitter:card\" content=\"summary_large_image\" \/>\n<script type=\"application\/ld+json\" class=\"yoast-schema-graph\">{\"@context\":\"https:\/\/schema.org\",\"@graph\":[{\"@type\":\"WebSite\",\"@id\":\"https:\/\/atypique.brunotarhan.fr\/#website\",\"url\":\"https:\/\/atypique.brunotarhan.fr\/\",\"name\":\"Atypique Concept Store\",\"description\":\"Just another WordPress site\",\"potentialAction\":[{\"@type\":\"SearchAction\",\"target\":{\"@type\":\"EntryPoint\",\"urlTemplate\":\"https:\/\/atypique.brunotarhan.fr\/?s={search_term_string}\"},\"query-input\":\"required name=search_term_string\"}],\"inLanguage\":\"fr-FR\"},{\"@type\":\"WebPage\",\"@id\":\"https:\/\/atypique.brunotarhan.fr\/index.php\/produit\/riesling-rosaker\/#webpage\",\"url\":\"https:\/\/atypique.brunotarhan.fr\/index.php\/produit\/riesling-rosaker\/\",\"name\":\"Riesling rosaker - Atypique Concept Store\",\"isPartOf\":{\"@id\":\"https:\/\/atypique.brunotarhan.fr\/#website\"},\"datePublished\":\"2022-03-28T07:35:54+00:00\",\"dateModified\":\"2022-04-08T11:19:24+00:00\",\"breadcrumb\":{\"@id\":\"https:\/\/atypique.brunotarhan.fr\/index.php\/produit\/riesling-rosaker\/#breadcrumb\"},\"inLanguage\":\"fr-FR\",\"potentialAction\":[{\"@type\":\"ReadAction\",\"target\":[\"https:\/\/atypique.brunotarhan.fr\/index.php\/produit\/riesling-rosaker\/\"]}]},{\"@type\":\"BreadcrumbList\",\"@id\":\"https:\/\/atypique.brunotarhan.fr\/index.php\/produit\/riesling-rosaker\/#breadcrumb\",\"itemListElement\":[{\"@type\":\"ListItem\",\"position\":1,\"name\":\"Accueil\",\"item\":\"https:\/\/atypique.brunotarhan.fr\/\"},{\"@type\":\"ListItem\",\"position\":2,\"name\":\"\"},{\"@type\":\"ListItem\",\"position\":3,\"name\":\"Riesling rosaker\"}]}]}<\/script>\n<!-- \/ Yoast SEO plugin. -->","yoast_head_json":{"title":"Riesling rosaker - Atypique Concept Store","robots":{"index":"index","follow":"follow","max-snippet":"max-snippet:-1","max-image-preview":"max-image-preview:large","max-video-preview":"max-video-preview:-1"},"canonical":"https:\/\/atypique.brunotarhan.fr\/index.php\/produit\/riesling-rosaker\/","og_locale":"fr_FR","og_type":"article","og_title":"Riesling rosaker - Atypique Concept Store","og_description":"C\u00e9page :100% riesling Quelle classe ! Sur une base de raisins tr\u00e8s m\u00fbrs, Jean obtient soyeux et fraicheur. Des ar\u00f4mes de fleurs (de roses ?), une l\u00e9g\u00e8re oxydation pas d\u00e9sagr\u00e9able, un c\u00f4t\u00e9 \"salin\" et surtout de la tension. Grand vin, petite quantit\u00e9 ! Terroir et c\u00e9page s'expriment avec un caract\u00e8re oxydatif. Puissant et lo,gueur","og_url":"https:\/\/atypique.brunotarhan.fr\/index.php\/produit\/riesling-rosaker\/","og_site_name":"Atypique Concept Store","article_modified_time":"2022-04-08T11:19:24+00:00","twitter_card":"summary_large_image","schema":{"@context":"https:\/\/schema.org","@graph":[{"@type":"WebSite","@id":"https:\/\/atypique.brunotarhan.fr\/#website","url":"https:\/\/atypique.brunotarhan.fr\/","name":"Atypique Concept Store","description":"Just another WordPress site","potentialAction":[{"@type":"SearchAction","target":{"@type":"EntryPoint","urlTemplate":"https:\/\/atypique.brunotarhan.fr\/?s={search_term_string}"},"query-input":"required name=search_term_string"}],"inLanguage":"fr-FR"},{"@type":"WebPage","@id":"https:\/\/atypique.brunotarhan.fr\/index.php\/produit\/riesling-rosaker\/#webpage","url":"https:\/\/atypique.brunotarhan.fr\/index.php\/produit\/riesling-rosaker\/","name":"Riesling rosaker - Atypique Concept Store","isPartOf":{"@id":"https:\/\/atypique.brunotarhan.fr\/#website"},"datePublished":"2022-03-28T07:35:54+00:00","dateModified":"2022-04-08T11:19:24+00:00","breadcrumb":{"@id":"https:\/\/atypique.brunotarhan.fr\/index.php\/produit\/riesling-rosaker\/#breadcrumb"},"inLanguage":"fr-FR","potentialAction":[{"@type":"ReadAction","target":["https:\/\/atypique.brunotarhan.fr\/index.php\/produit\/riesling-rosaker\/"]}]},{"@type":"BreadcrumbList","@id":"https:\/\/atypique.brunotarhan.fr\/index.php\/produit\/riesling-rosaker\/#breadcrumb","itemListElement":[{"@type":"ListItem","position":1,"name":"Accueil","item":"https:\/\/atypique.brunotarhan.fr\/"},{"@type":"ListItem","position":2,"name":""},{"@type":"ListItem","position":3,"name":"Riesling rosaker"}]}]}},"_links":{"self":[{"href":"https:\/\/atypique.brunotarhan.fr\/index.php\/wp-json\/wp\/v2\/product\/14620","targetHints":{"allow":["GET"]}}],"collection":[{"href":"https:\/\/atypique.brunotarhan.fr\/index.php\/wp-json\/wp\/v2\/product"}],"about":[{"href":"https:\/\/atypique.brunotarhan.fr\/index.php\/wp-json\/wp\/v2\/types\/product"}],"replies":[{"embeddable":true,"href":"https:\/\/atypique.brunotarhan.fr\/index.php\/wp-json\/wp\/v2\/comments?post=14620"}],"wp:attachment":[{"href":"https:\/\/atypique.brunotarhan.fr\/index.php\/wp-json\/wp\/v2\/media?parent=14620"}],"wp:term":[{"taxonomy":"product_cat","embeddable":true,"href":"https:\/\/atypique.brunotarhan.fr\/index.php\/wp-json\/wp\/v2\/product_cat?post=14620"},{"taxonomy":"product_tag","embeddable":true,"href":"https:\/\/atypique.brunotarhan.fr\/index.php\/wp-json\/wp\/v2\/product_tag?post=14620"}],"curies":[{"name":"wp","href":"https:\/\/api.w.org\/{rel}","templated":true}]}}