{"id":14617,"date":"2022-03-28T07:35:41","date_gmt":"2022-03-28T07:35:41","guid":{"rendered":"https:\/\/atypique.brunotarhan.fr\/?post_type=product&#038;p=14617"},"modified":"2022-04-08T11:19:17","modified_gmt":"2022-04-08T11:19:17","slug":"riesling-zero","status":"publish","type":"product","link":"https:\/\/atypique.brunotarhan.fr\/index.php\/produit\/riesling-zero\/","title":{"rendered":"Riesling Zero"},"content":{"rendered":"","protected":false},"excerpt":{"rendered":"<p>C\u00e9page :  100% riesling<\/p>\n<p>riesling, vendang\u00e9 \u00e0 maturit\u00e9 des p\u00e9pins, \u00e0 une belle acidit\u00e9 m\u00fbre. La tension du riesling fait partie de ses g\u00e8nes et la pleine maturit\u00e9 des fruits \u00e0 la vendange en adoucit \u00e0 peine les contours.courte mac\u00e9ration d&#8217;une journ\u00e9e et d&#8217;un pressurage doux et lent <\/p>\n<p>Oxydatif dans sa premi\u00e8re jeunesse, ce vin se d\u00e9voile maintenant avec une complexit\u00e9 aromatique sur les agrumes (pamplemousse) avec une petite facette de noix. Le profil aromatique \u00e9voluera vers un cot\u00e9 min\u00e9ral,<br \/>\nAucun sulfite ajout\u00e9<\/p>\n","protected":false},"featured_media":0,"comment_status":"open","ping_status":"closed","template":"","meta":[],"product_cat":[87],"product_tag":[],"class_list":["post-14617","product","type-product","status-publish","hentry","product_cat-vins","berocket_brand-domaine-cle-de-sol"],"yoast_head":"<!-- This site is optimized with the Yoast SEO plugin v18.0 - https:\/\/yoast.com\/wordpress\/plugins\/seo\/ -->\n<title>Riesling Zero - Atypique Concept Store<\/title>\n<meta name=\"robots\" content=\"index, follow, max-snippet:-1, max-image-preview:large, max-video-preview:-1\" \/>\n<link rel=\"canonical\" href=\"https:\/\/atypique.brunotarhan.fr\/index.php\/produit\/riesling-zero\/\" \/>\n<meta property=\"og:locale\" content=\"fr_FR\" \/>\n<meta property=\"og:type\" content=\"article\" \/>\n<meta property=\"og:title\" content=\"Riesling Zero - Atypique Concept Store\" \/>\n<meta property=\"og:description\" content=\"C\u00e9page : 100% riesling riesling, vendang\u00e9 \u00e0 maturit\u00e9 des p\u00e9pins, \u00e0 une belle acidit\u00e9 m\u00fbre. La tension du riesling fait partie de ses g\u00e8nes et la pleine maturit\u00e9 des fruits \u00e0 la vendange en adoucit \u00e0 peine les contours.courte mac\u00e9ration d&#039;une journ\u00e9e et d&#039;un pressurage doux et lent  Oxydatif dans sa premi\u00e8re jeunesse, ce vin se d\u00e9voile maintenant avec une complexit\u00e9 aromatique sur les agrumes (pamplemousse) avec une petite facette de noix. Le profil aromatique \u00e9voluera vers un cot\u00e9 min\u00e9ral, Aucun sulfite ajout\u00e9\" \/>\n<meta property=\"og:url\" content=\"https:\/\/atypique.brunotarhan.fr\/index.php\/produit\/riesling-zero\/\" \/>\n<meta property=\"og:site_name\" content=\"Atypique Concept Store\" \/>\n<meta property=\"article:modified_time\" content=\"2022-04-08T11:19:17+00:00\" \/>\n<meta name=\"twitter:card\" content=\"summary_large_image\" \/>\n<script type=\"application\/ld+json\" class=\"yoast-schema-graph\">{\"@context\":\"https:\/\/schema.org\",\"@graph\":[{\"@type\":\"WebSite\",\"@id\":\"https:\/\/atypique.brunotarhan.fr\/#website\",\"url\":\"https:\/\/atypique.brunotarhan.fr\/\",\"name\":\"Atypique Concept Store\",\"description\":\"Just another WordPress site\",\"potentialAction\":[{\"@type\":\"SearchAction\",\"target\":{\"@type\":\"EntryPoint\",\"urlTemplate\":\"https:\/\/atypique.brunotarhan.fr\/?s={search_term_string}\"},\"query-input\":\"required name=search_term_string\"}],\"inLanguage\":\"fr-FR\"},{\"@type\":\"WebPage\",\"@id\":\"https:\/\/atypique.brunotarhan.fr\/index.php\/produit\/riesling-zero\/#webpage\",\"url\":\"https:\/\/atypique.brunotarhan.fr\/index.php\/produit\/riesling-zero\/\",\"name\":\"Riesling Zero - Atypique Concept Store\",\"isPartOf\":{\"@id\":\"https:\/\/atypique.brunotarhan.fr\/#website\"},\"datePublished\":\"2022-03-28T07:35:41+00:00\",\"dateModified\":\"2022-04-08T11:19:17+00:00\",\"breadcrumb\":{\"@id\":\"https:\/\/atypique.brunotarhan.fr\/index.php\/produit\/riesling-zero\/#breadcrumb\"},\"inLanguage\":\"fr-FR\",\"potentialAction\":[{\"@type\":\"ReadAction\",\"target\":[\"https:\/\/atypique.brunotarhan.fr\/index.php\/produit\/riesling-zero\/\"]}]},{\"@type\":\"BreadcrumbList\",\"@id\":\"https:\/\/atypique.brunotarhan.fr\/index.php\/produit\/riesling-zero\/#breadcrumb\",\"itemListElement\":[{\"@type\":\"ListItem\",\"position\":1,\"name\":\"Accueil\",\"item\":\"https:\/\/atypique.brunotarhan.fr\/\"},{\"@type\":\"ListItem\",\"position\":2,\"name\":\"\"},{\"@type\":\"ListItem\",\"position\":3,\"name\":\"Riesling Zero\"}]}]}<\/script>\n<!-- \/ Yoast SEO plugin. -->","yoast_head_json":{"title":"Riesling Zero - Atypique Concept Store","robots":{"index":"index","follow":"follow","max-snippet":"max-snippet:-1","max-image-preview":"max-image-preview:large","max-video-preview":"max-video-preview:-1"},"canonical":"https:\/\/atypique.brunotarhan.fr\/index.php\/produit\/riesling-zero\/","og_locale":"fr_FR","og_type":"article","og_title":"Riesling Zero - Atypique Concept Store","og_description":"C\u00e9page : 100% riesling riesling, vendang\u00e9 \u00e0 maturit\u00e9 des p\u00e9pins, \u00e0 une belle acidit\u00e9 m\u00fbre. La tension du riesling fait partie de ses g\u00e8nes et la pleine maturit\u00e9 des fruits \u00e0 la vendange en adoucit \u00e0 peine les contours.courte mac\u00e9ration d'une journ\u00e9e et d'un pressurage doux et lent  Oxydatif dans sa premi\u00e8re jeunesse, ce vin se d\u00e9voile maintenant avec une complexit\u00e9 aromatique sur les agrumes (pamplemousse) avec une petite facette de noix. Le profil aromatique \u00e9voluera vers un cot\u00e9 min\u00e9ral, Aucun sulfite ajout\u00e9","og_url":"https:\/\/atypique.brunotarhan.fr\/index.php\/produit\/riesling-zero\/","og_site_name":"Atypique Concept Store","article_modified_time":"2022-04-08T11:19:17+00:00","twitter_card":"summary_large_image","schema":{"@context":"https:\/\/schema.org","@graph":[{"@type":"WebSite","@id":"https:\/\/atypique.brunotarhan.fr\/#website","url":"https:\/\/atypique.brunotarhan.fr\/","name":"Atypique Concept Store","description":"Just another WordPress site","potentialAction":[{"@type":"SearchAction","target":{"@type":"EntryPoint","urlTemplate":"https:\/\/atypique.brunotarhan.fr\/?s={search_term_string}"},"query-input":"required name=search_term_string"}],"inLanguage":"fr-FR"},{"@type":"WebPage","@id":"https:\/\/atypique.brunotarhan.fr\/index.php\/produit\/riesling-zero\/#webpage","url":"https:\/\/atypique.brunotarhan.fr\/index.php\/produit\/riesling-zero\/","name":"Riesling Zero - Atypique Concept Store","isPartOf":{"@id":"https:\/\/atypique.brunotarhan.fr\/#website"},"datePublished":"2022-03-28T07:35:41+00:00","dateModified":"2022-04-08T11:19:17+00:00","breadcrumb":{"@id":"https:\/\/atypique.brunotarhan.fr\/index.php\/produit\/riesling-zero\/#breadcrumb"},"inLanguage":"fr-FR","potentialAction":[{"@type":"ReadAction","target":["https:\/\/atypique.brunotarhan.fr\/index.php\/produit\/riesling-zero\/"]}]},{"@type":"BreadcrumbList","@id":"https:\/\/atypique.brunotarhan.fr\/index.php\/produit\/riesling-zero\/#breadcrumb","itemListElement":[{"@type":"ListItem","position":1,"name":"Accueil","item":"https:\/\/atypique.brunotarhan.fr\/"},{"@type":"ListItem","position":2,"name":""},{"@type":"ListItem","position":3,"name":"Riesling Zero"}]}]}},"_links":{"self":[{"href":"https:\/\/atypique.brunotarhan.fr\/index.php\/wp-json\/wp\/v2\/product\/14617","targetHints":{"allow":["GET"]}}],"collection":[{"href":"https:\/\/atypique.brunotarhan.fr\/index.php\/wp-json\/wp\/v2\/product"}],"about":[{"href":"https:\/\/atypique.brunotarhan.fr\/index.php\/wp-json\/wp\/v2\/types\/product"}],"replies":[{"embeddable":true,"href":"https:\/\/atypique.brunotarhan.fr\/index.php\/wp-json\/wp\/v2\/comments?post=14617"}],"wp:attachment":[{"href":"https:\/\/atypique.brunotarhan.fr\/index.php\/wp-json\/wp\/v2\/media?parent=14617"}],"wp:term":[{"taxonomy":"product_cat","embeddable":true,"href":"https:\/\/atypique.brunotarhan.fr\/index.php\/wp-json\/wp\/v2\/product_cat?post=14617"},{"taxonomy":"product_tag","embeddable":true,"href":"https:\/\/atypique.brunotarhan.fr\/index.php\/wp-json\/wp\/v2\/product_tag?post=14617"}],"curies":[{"name":"wp","href":"https:\/\/api.w.org\/{rel}","templated":true}]}}