{"id":14612,"date":"2022-03-28T07:35:18","date_gmt":"2022-03-28T07:35:18","guid":{"rendered":"https:\/\/atypique.brunotarhan.fr\/?post_type=product&#038;p=14612"},"modified":"2022-04-08T11:19:08","modified_gmt":"2022-04-08T11:19:08","slug":"scherwiller","status":"publish","type":"product","link":"https:\/\/atypique.brunotarhan.fr\/index.php\/produit\/scherwiller\/","title":{"rendered":"Scherwiller"},"content":{"rendered":"","protected":false},"excerpt":{"rendered":"<p>C\u00e9page : Riesling<\/p>\n<p>Vin Jaune tr\u00e8s intense aux nuances rose-dor\u00e9es.<br \/>\nNez  Intense, aux notes marqu\u00e9es d\u2019agrumes, de p\u00eache, abricot, nectarine, mirabelle, d\u2019\u00e9clats d\u2019amande. R\u00e9sultante d\u2019une tr\u00e8s grande maturit\u00e9. vin \u00e9quilibr\u00e9 d\u2019une trame acide soutenant une grande longueur en bouche. On retrouve les notes d\u2019agrumes (orange sanguine, pamplemousse). Finale soulign\u00e9e par des notes \u00e9pic\u00e9es.<\/p>\n","protected":false},"featured_media":0,"comment_status":"open","ping_status":"closed","template":"","meta":[],"product_cat":[87],"product_tag":[],"class_list":["post-14612","product","type-product","status-publish","hentry","product_cat-vins","berocket_brand-domaine-achillee"],"yoast_head":"<!-- This site is optimized with the Yoast SEO plugin v18.0 - https:\/\/yoast.com\/wordpress\/plugins\/seo\/ -->\n<title>Scherwiller - Atypique Concept Store<\/title>\n<meta name=\"robots\" content=\"index, follow, max-snippet:-1, max-image-preview:large, max-video-preview:-1\" \/>\n<link rel=\"canonical\" href=\"https:\/\/atypique.brunotarhan.fr\/index.php\/produit\/scherwiller\/\" \/>\n<meta property=\"og:locale\" content=\"fr_FR\" \/>\n<meta property=\"og:type\" content=\"article\" \/>\n<meta property=\"og:title\" content=\"Scherwiller - Atypique Concept Store\" \/>\n<meta property=\"og:description\" content=\"C\u00e9page : Riesling Vin Jaune tr\u00e8s intense aux nuances rose-dor\u00e9es. Nez Intense, aux notes marqu\u00e9es d\u2019agrumes, de p\u00eache, abricot, nectarine, mirabelle, d\u2019\u00e9clats d\u2019amande. R\u00e9sultante d\u2019une tr\u00e8s grande maturit\u00e9. vin \u00e9quilibr\u00e9 d\u2019une trame acide soutenant une grande longueur en bouche. On retrouve les notes d\u2019agrumes (orange sanguine, pamplemousse). Finale soulign\u00e9e par des notes \u00e9pic\u00e9es.\" \/>\n<meta property=\"og:url\" content=\"https:\/\/atypique.brunotarhan.fr\/index.php\/produit\/scherwiller\/\" \/>\n<meta property=\"og:site_name\" content=\"Atypique Concept Store\" \/>\n<meta property=\"article:modified_time\" content=\"2022-04-08T11:19:08+00:00\" \/>\n<meta name=\"twitter:card\" content=\"summary_large_image\" \/>\n<script type=\"application\/ld+json\" class=\"yoast-schema-graph\">{\"@context\":\"https:\/\/schema.org\",\"@graph\":[{\"@type\":\"WebSite\",\"@id\":\"https:\/\/atypique.brunotarhan.fr\/#website\",\"url\":\"https:\/\/atypique.brunotarhan.fr\/\",\"name\":\"Atypique Concept Store\",\"description\":\"Just another WordPress site\",\"potentialAction\":[{\"@type\":\"SearchAction\",\"target\":{\"@type\":\"EntryPoint\",\"urlTemplate\":\"https:\/\/atypique.brunotarhan.fr\/?s={search_term_string}\"},\"query-input\":\"required name=search_term_string\"}],\"inLanguage\":\"fr-FR\"},{\"@type\":\"WebPage\",\"@id\":\"https:\/\/atypique.brunotarhan.fr\/index.php\/produit\/scherwiller\/#webpage\",\"url\":\"https:\/\/atypique.brunotarhan.fr\/index.php\/produit\/scherwiller\/\",\"name\":\"Scherwiller - Atypique Concept Store\",\"isPartOf\":{\"@id\":\"https:\/\/atypique.brunotarhan.fr\/#website\"},\"datePublished\":\"2022-03-28T07:35:18+00:00\",\"dateModified\":\"2022-04-08T11:19:08+00:00\",\"breadcrumb\":{\"@id\":\"https:\/\/atypique.brunotarhan.fr\/index.php\/produit\/scherwiller\/#breadcrumb\"},\"inLanguage\":\"fr-FR\",\"potentialAction\":[{\"@type\":\"ReadAction\",\"target\":[\"https:\/\/atypique.brunotarhan.fr\/index.php\/produit\/scherwiller\/\"]}]},{\"@type\":\"BreadcrumbList\",\"@id\":\"https:\/\/atypique.brunotarhan.fr\/index.php\/produit\/scherwiller\/#breadcrumb\",\"itemListElement\":[{\"@type\":\"ListItem\",\"position\":1,\"name\":\"Accueil\",\"item\":\"https:\/\/atypique.brunotarhan.fr\/\"},{\"@type\":\"ListItem\",\"position\":2,\"name\":\"\"},{\"@type\":\"ListItem\",\"position\":3,\"name\":\"Scherwiller\"}]}]}<\/script>\n<!-- \/ Yoast SEO plugin. -->","yoast_head_json":{"title":"Scherwiller - Atypique Concept Store","robots":{"index":"index","follow":"follow","max-snippet":"max-snippet:-1","max-image-preview":"max-image-preview:large","max-video-preview":"max-video-preview:-1"},"canonical":"https:\/\/atypique.brunotarhan.fr\/index.php\/produit\/scherwiller\/","og_locale":"fr_FR","og_type":"article","og_title":"Scherwiller - Atypique Concept Store","og_description":"C\u00e9page : Riesling Vin Jaune tr\u00e8s intense aux nuances rose-dor\u00e9es. Nez Intense, aux notes marqu\u00e9es d\u2019agrumes, de p\u00eache, abricot, nectarine, mirabelle, d\u2019\u00e9clats d\u2019amande. R\u00e9sultante d\u2019une tr\u00e8s grande maturit\u00e9. vin \u00e9quilibr\u00e9 d\u2019une trame acide soutenant une grande longueur en bouche. On retrouve les notes d\u2019agrumes (orange sanguine, pamplemousse). Finale soulign\u00e9e par des notes \u00e9pic\u00e9es.","og_url":"https:\/\/atypique.brunotarhan.fr\/index.php\/produit\/scherwiller\/","og_site_name":"Atypique Concept Store","article_modified_time":"2022-04-08T11:19:08+00:00","twitter_card":"summary_large_image","schema":{"@context":"https:\/\/schema.org","@graph":[{"@type":"WebSite","@id":"https:\/\/atypique.brunotarhan.fr\/#website","url":"https:\/\/atypique.brunotarhan.fr\/","name":"Atypique Concept Store","description":"Just another WordPress site","potentialAction":[{"@type":"SearchAction","target":{"@type":"EntryPoint","urlTemplate":"https:\/\/atypique.brunotarhan.fr\/?s={search_term_string}"},"query-input":"required name=search_term_string"}],"inLanguage":"fr-FR"},{"@type":"WebPage","@id":"https:\/\/atypique.brunotarhan.fr\/index.php\/produit\/scherwiller\/#webpage","url":"https:\/\/atypique.brunotarhan.fr\/index.php\/produit\/scherwiller\/","name":"Scherwiller - Atypique Concept Store","isPartOf":{"@id":"https:\/\/atypique.brunotarhan.fr\/#website"},"datePublished":"2022-03-28T07:35:18+00:00","dateModified":"2022-04-08T11:19:08+00:00","breadcrumb":{"@id":"https:\/\/atypique.brunotarhan.fr\/index.php\/produit\/scherwiller\/#breadcrumb"},"inLanguage":"fr-FR","potentialAction":[{"@type":"ReadAction","target":["https:\/\/atypique.brunotarhan.fr\/index.php\/produit\/scherwiller\/"]}]},{"@type":"BreadcrumbList","@id":"https:\/\/atypique.brunotarhan.fr\/index.php\/produit\/scherwiller\/#breadcrumb","itemListElement":[{"@type":"ListItem","position":1,"name":"Accueil","item":"https:\/\/atypique.brunotarhan.fr\/"},{"@type":"ListItem","position":2,"name":""},{"@type":"ListItem","position":3,"name":"Scherwiller"}]}]}},"_links":{"self":[{"href":"https:\/\/atypique.brunotarhan.fr\/index.php\/wp-json\/wp\/v2\/product\/14612","targetHints":{"allow":["GET"]}}],"collection":[{"href":"https:\/\/atypique.brunotarhan.fr\/index.php\/wp-json\/wp\/v2\/product"}],"about":[{"href":"https:\/\/atypique.brunotarhan.fr\/index.php\/wp-json\/wp\/v2\/types\/product"}],"replies":[{"embeddable":true,"href":"https:\/\/atypique.brunotarhan.fr\/index.php\/wp-json\/wp\/v2\/comments?post=14612"}],"wp:attachment":[{"href":"https:\/\/atypique.brunotarhan.fr\/index.php\/wp-json\/wp\/v2\/media?parent=14612"}],"wp:term":[{"taxonomy":"product_cat","embeddable":true,"href":"https:\/\/atypique.brunotarhan.fr\/index.php\/wp-json\/wp\/v2\/product_cat?post=14612"},{"taxonomy":"product_tag","embeddable":true,"href":"https:\/\/atypique.brunotarhan.fr\/index.php\/wp-json\/wp\/v2\/product_tag?post=14612"}],"curies":[{"name":"wp","href":"https:\/\/api.w.org\/{rel}","templated":true}]}}