{"id":14606,"date":"2022-03-28T07:34:53","date_gmt":"2022-03-28T07:34:53","guid":{"rendered":"https:\/\/atypique.brunotarhan.fr\/?post_type=product&#038;p=14606"},"modified":"2022-04-08T11:18:57","modified_gmt":"2022-04-08T11:18:57","slug":"cremant-2","status":"publish","type":"product","link":"https:\/\/atypique.brunotarhan.fr\/index.php\/produit\/cremant-2\/","title":{"rendered":"Cr\u00e9mant"},"content":{"rendered":"<p>Tout notre vignoble est en agriculture biologique depuis une vingtaine d\u2019ann\u00e9es et en Biodynamie depuis 2003. En 2016 nous avons construit un chai bioclimatique o\u00f9 depuis nous vinifions nos propres vins en totale ind\u00e9pendance.<br \/>\nCe chai, situ\u00e9 au centre de la route des vins d&#8217;Alsace, est un b\u00e2timent passif construit en bois et en paille. Cette r\u00e9alisation de 5000 bottes de paille auto-port\u00e9es, fait d\u2019elle la plus grande construction d\u2019Europe \u00e0 ce jour.<br \/>\nTout le travail du vignoble est fait \u00e0 la main, en agriculture biodynamique.<br \/>\nLa vigne est au centre de nos attentions afin de rester fid\u00e8le aux besoins du vin et de la nature.<\/p>\n<p>Notre mode de travail de la vigne nous permet de travailler sur de petits rendements et ainsi privil\u00e9gier la qualit\u00e9 de la baie. Nos fermentations sont spontan\u00e9es, due aux levures indig\u00e8nes de nos levains fait maison \u00e0 partir de nos propres raisins. Nos vinifications sont conduites avec un minimum d\u2019intrants; nous ne sulfitons seulement que si n\u00e9cessaire durant la mise en bouteilles et \u00e0 dose hom\u00e9opathique.<br \/>\nToute l\u2019\u00e9quipe Achill\u00e9e sera heureuse de vous rencontrer au caveau o\u00f9 nous y faisons fleurir notre passion.<\/p>\n","protected":false},"excerpt":{"rendered":"<p>C\u00e9pages : 40% de Riesling, 60% de Pinot Blanc\/Pinot Gris\/Auxerrois\/Chardonnay.<\/p>\n<p>Tr\u00e8s vineux, ce Cr\u00e9mant d\u2019Alsace z\u00e9ro dosage surprendra par sa vinosit\u00e9. L\u2019absence de liqueur d\u2019exp\u00e9dition permet de conserver la fra\u00eecheur.<\/p>\n<p>Pas d\u2019ajout de soufre, \u00e0 aucun moment., fermentation d\u2019un mois environ, \u00e9levage en cuve inox sur lies de fermentation pendant neuf mois, puis repos sur lattes de treize mois<\/p>\n<p>Nez : Intense, aux notes de mirabelle, prune, abricot, nectarine, \u00e9corces d\u2019agrumes, d\u2019\u00e9clats d\u2019amande, de miel. Notes brioch\u00e9es. L\u00e9g\u00e8re pr\u00e9sence oxydative ma\u00eetris\u00e9e.<\/p>\n","protected":false},"featured_media":0,"comment_status":"open","ping_status":"closed","template":"","meta":[],"product_cat":[87],"product_tag":[145,146,147],"class_list":["post-14606","product","type-product","status-publish","hentry","product_cat-vins","product_tag-cremant","product_tag-petnat","product_tag-petillant","berocket_brand-domaine-achillee"],"yoast_head":"<!-- This site is optimized with the Yoast SEO plugin v18.0 - https:\/\/yoast.com\/wordpress\/plugins\/seo\/ -->\n<title>Cr\u00e9mant - Atypique Concept Store<\/title>\n<meta name=\"robots\" content=\"index, follow, max-snippet:-1, max-image-preview:large, max-video-preview:-1\" \/>\n<link rel=\"canonical\" href=\"https:\/\/atypique.brunotarhan.fr\/index.php\/produit\/cremant-2\/\" \/>\n<meta property=\"og:locale\" content=\"fr_FR\" \/>\n<meta property=\"og:type\" content=\"article\" \/>\n<meta property=\"og:title\" content=\"Cr\u00e9mant - Atypique Concept Store\" \/>\n<meta property=\"og:description\" content=\"C\u00e9pages : 40% de Riesling, 60% de Pinot Blanc\/Pinot Gris\/Auxerrois\/Chardonnay. Tr\u00e8s vineux, ce Cr\u00e9mant d\u2019Alsace z\u00e9ro dosage surprendra par sa vinosit\u00e9. L\u2019absence de liqueur d\u2019exp\u00e9dition permet de conserver la fra\u00eecheur. Pas d\u2019ajout de soufre, \u00e0 aucun moment., fermentation d\u2019un mois environ, \u00e9levage en cuve inox sur lies de fermentation pendant neuf mois, puis repos sur lattes de treize mois Nez : Intense, aux notes de mirabelle, prune, abricot, nectarine, \u00e9corces d\u2019agrumes, d\u2019\u00e9clats d\u2019amande, de miel. Notes brioch\u00e9es. L\u00e9g\u00e8re pr\u00e9sence oxydative ma\u00eetris\u00e9e.\" \/>\n<meta property=\"og:url\" content=\"https:\/\/atypique.brunotarhan.fr\/index.php\/produit\/cremant-2\/\" \/>\n<meta property=\"og:site_name\" content=\"Atypique Concept Store\" \/>\n<meta property=\"article:modified_time\" content=\"2022-04-08T11:18:57+00:00\" \/>\n<meta name=\"twitter:card\" content=\"summary_large_image\" \/>\n<meta name=\"twitter:label1\" content=\"Dur\u00e9e de lecture estim\u00e9e\" \/>\n\t<meta name=\"twitter:data1\" content=\"1 minute\" \/>\n<script type=\"application\/ld+json\" class=\"yoast-schema-graph\">{\"@context\":\"https:\/\/schema.org\",\"@graph\":[{\"@type\":\"WebSite\",\"@id\":\"https:\/\/atypique.brunotarhan.fr\/#website\",\"url\":\"https:\/\/atypique.brunotarhan.fr\/\",\"name\":\"Atypique Concept Store\",\"description\":\"Just another WordPress site\",\"potentialAction\":[{\"@type\":\"SearchAction\",\"target\":{\"@type\":\"EntryPoint\",\"urlTemplate\":\"https:\/\/atypique.brunotarhan.fr\/?s={search_term_string}\"},\"query-input\":\"required name=search_term_string\"}],\"inLanguage\":\"fr-FR\"},{\"@type\":\"WebPage\",\"@id\":\"https:\/\/atypique.brunotarhan.fr\/index.php\/produit\/cremant-2\/#webpage\",\"url\":\"https:\/\/atypique.brunotarhan.fr\/index.php\/produit\/cremant-2\/\",\"name\":\"Cr\u00e9mant - Atypique Concept Store\",\"isPartOf\":{\"@id\":\"https:\/\/atypique.brunotarhan.fr\/#website\"},\"datePublished\":\"2022-03-28T07:34:53+00:00\",\"dateModified\":\"2022-04-08T11:18:57+00:00\",\"breadcrumb\":{\"@id\":\"https:\/\/atypique.brunotarhan.fr\/index.php\/produit\/cremant-2\/#breadcrumb\"},\"inLanguage\":\"fr-FR\",\"potentialAction\":[{\"@type\":\"ReadAction\",\"target\":[\"https:\/\/atypique.brunotarhan.fr\/index.php\/produit\/cremant-2\/\"]}]},{\"@type\":\"BreadcrumbList\",\"@id\":\"https:\/\/atypique.brunotarhan.fr\/index.php\/produit\/cremant-2\/#breadcrumb\",\"itemListElement\":[{\"@type\":\"ListItem\",\"position\":1,\"name\":\"Accueil\",\"item\":\"https:\/\/atypique.brunotarhan.fr\/\"},{\"@type\":\"ListItem\",\"position\":2,\"name\":\"\"},{\"@type\":\"ListItem\",\"position\":3,\"name\":\"Cr\u00e9mant\"}]}]}<\/script>\n<!-- \/ Yoast SEO plugin. -->","yoast_head_json":{"title":"Cr\u00e9mant - Atypique Concept Store","robots":{"index":"index","follow":"follow","max-snippet":"max-snippet:-1","max-image-preview":"max-image-preview:large","max-video-preview":"max-video-preview:-1"},"canonical":"https:\/\/atypique.brunotarhan.fr\/index.php\/produit\/cremant-2\/","og_locale":"fr_FR","og_type":"article","og_title":"Cr\u00e9mant - Atypique Concept Store","og_description":"C\u00e9pages : 40% de Riesling, 60% de Pinot Blanc\/Pinot Gris\/Auxerrois\/Chardonnay. Tr\u00e8s vineux, ce Cr\u00e9mant d\u2019Alsace z\u00e9ro dosage surprendra par sa vinosit\u00e9. L\u2019absence de liqueur d\u2019exp\u00e9dition permet de conserver la fra\u00eecheur. Pas d\u2019ajout de soufre, \u00e0 aucun moment., fermentation d\u2019un mois environ, \u00e9levage en cuve inox sur lies de fermentation pendant neuf mois, puis repos sur lattes de treize mois Nez : Intense, aux notes de mirabelle, prune, abricot, nectarine, \u00e9corces d\u2019agrumes, d\u2019\u00e9clats d\u2019amande, de miel. Notes brioch\u00e9es. L\u00e9g\u00e8re pr\u00e9sence oxydative ma\u00eetris\u00e9e.","og_url":"https:\/\/atypique.brunotarhan.fr\/index.php\/produit\/cremant-2\/","og_site_name":"Atypique Concept Store","article_modified_time":"2022-04-08T11:18:57+00:00","twitter_card":"summary_large_image","twitter_misc":{"Dur\u00e9e de lecture estim\u00e9e":"1 minute"},"schema":{"@context":"https:\/\/schema.org","@graph":[{"@type":"WebSite","@id":"https:\/\/atypique.brunotarhan.fr\/#website","url":"https:\/\/atypique.brunotarhan.fr\/","name":"Atypique Concept Store","description":"Just another WordPress site","potentialAction":[{"@type":"SearchAction","target":{"@type":"EntryPoint","urlTemplate":"https:\/\/atypique.brunotarhan.fr\/?s={search_term_string}"},"query-input":"required name=search_term_string"}],"inLanguage":"fr-FR"},{"@type":"WebPage","@id":"https:\/\/atypique.brunotarhan.fr\/index.php\/produit\/cremant-2\/#webpage","url":"https:\/\/atypique.brunotarhan.fr\/index.php\/produit\/cremant-2\/","name":"Cr\u00e9mant - Atypique Concept Store","isPartOf":{"@id":"https:\/\/atypique.brunotarhan.fr\/#website"},"datePublished":"2022-03-28T07:34:53+00:00","dateModified":"2022-04-08T11:18:57+00:00","breadcrumb":{"@id":"https:\/\/atypique.brunotarhan.fr\/index.php\/produit\/cremant-2\/#breadcrumb"},"inLanguage":"fr-FR","potentialAction":[{"@type":"ReadAction","target":["https:\/\/atypique.brunotarhan.fr\/index.php\/produit\/cremant-2\/"]}]},{"@type":"BreadcrumbList","@id":"https:\/\/atypique.brunotarhan.fr\/index.php\/produit\/cremant-2\/#breadcrumb","itemListElement":[{"@type":"ListItem","position":1,"name":"Accueil","item":"https:\/\/atypique.brunotarhan.fr\/"},{"@type":"ListItem","position":2,"name":""},{"@type":"ListItem","position":3,"name":"Cr\u00e9mant"}]}]}},"_links":{"self":[{"href":"https:\/\/atypique.brunotarhan.fr\/index.php\/wp-json\/wp\/v2\/product\/14606","targetHints":{"allow":["GET"]}}],"collection":[{"href":"https:\/\/atypique.brunotarhan.fr\/index.php\/wp-json\/wp\/v2\/product"}],"about":[{"href":"https:\/\/atypique.brunotarhan.fr\/index.php\/wp-json\/wp\/v2\/types\/product"}],"replies":[{"embeddable":true,"href":"https:\/\/atypique.brunotarhan.fr\/index.php\/wp-json\/wp\/v2\/comments?post=14606"}],"wp:attachment":[{"href":"https:\/\/atypique.brunotarhan.fr\/index.php\/wp-json\/wp\/v2\/media?parent=14606"}],"wp:term":[{"taxonomy":"product_cat","embeddable":true,"href":"https:\/\/atypique.brunotarhan.fr\/index.php\/wp-json\/wp\/v2\/product_cat?post=14606"},{"taxonomy":"product_tag","embeddable":true,"href":"https:\/\/atypique.brunotarhan.fr\/index.php\/wp-json\/wp\/v2\/product_tag?post=14606"}],"curies":[{"name":"wp","href":"https:\/\/api.w.org\/{rel}","templated":true}]}}