{"id":14602,"date":"2022-03-28T07:34:41","date_gmt":"2022-03-28T07:34:41","guid":{"rendered":"https:\/\/atypique.brunotarhan.fr\/?post_type=product&#038;p=14602"},"modified":"2022-04-08T11:18:49","modified_gmt":"2022-04-08T11:18:49","slug":"le-courage-des-oiseaux","status":"publish","type":"product","link":"https:\/\/atypique.brunotarhan.fr\/index.php\/produit\/le-courage-des-oiseaux\/","title":{"rendered":"Le courage des oiseaux"},"content":{"rendered":"","protected":false},"excerpt":{"rendered":"<p>C\u00e9pages : 40% GRENACHE, 40% CARIGNAN, 20% SYRAH<\/p>\n<p>Elev\u00e9 et vinifi\u00e9 dans une cuve en bois de plus de 10 ans d&#8217;\u00e2ge pour des tanins plus soyeux.<\/p>\n<p>Aux confins de la garrigue et du sauvage, deux collines de schistes bleus, un vin de terroir doux chaleureux et g\u00e9n\u00e9reux, un paysage en bouche, un vin de garde \u00e0 boire tout de suite et plus tard, un combin\u00e9 d&#8217;amour, de po\u00e9sie, le d\u00e9but de notre histoire et de tous nos efforts.<\/p>\n","protected":false},"featured_media":0,"comment_status":"open","ping_status":"closed","template":"","meta":[],"product_cat":[87],"product_tag":[],"class_list":["post-14602","product","type-product","status-publish","hentry","product_cat-vins","berocket_brand-domaine-les-abrigans"],"yoast_head":"<!-- This site is optimized with the Yoast SEO plugin v18.0 - https:\/\/yoast.com\/wordpress\/plugins\/seo\/ -->\n<title>Le courage des oiseaux - Atypique Concept Store<\/title>\n<meta name=\"robots\" content=\"index, follow, max-snippet:-1, max-image-preview:large, max-video-preview:-1\" \/>\n<link rel=\"canonical\" href=\"https:\/\/atypique.brunotarhan.fr\/index.php\/produit\/le-courage-des-oiseaux\/\" \/>\n<meta property=\"og:locale\" content=\"fr_FR\" \/>\n<meta property=\"og:type\" content=\"article\" \/>\n<meta property=\"og:title\" content=\"Le courage des oiseaux - Atypique Concept Store\" \/>\n<meta property=\"og:description\" content=\"C\u00e9pages : 40% GRENACHE, 40% CARIGNAN, 20% SYRAH  Elev\u00e9 et vinifi\u00e9 dans une cuve en bois de plus de 10 ans d&#039;\u00e2ge pour des tanins plus soyeux.  Aux confins de la garrigue et du sauvage, deux collines de schistes bleus, un vin de terroir doux chaleureux et g\u00e9n\u00e9reux, un paysage en bouche, un vin de garde \u00e0 boire tout de suite et plus tard, un combin\u00e9 d&#039;amour, de po\u00e9sie, le d\u00e9but de notre histoire et de tous nos efforts.\" \/>\n<meta property=\"og:url\" content=\"https:\/\/atypique.brunotarhan.fr\/index.php\/produit\/le-courage-des-oiseaux\/\" \/>\n<meta property=\"og:site_name\" content=\"Atypique Concept Store\" \/>\n<meta property=\"article:modified_time\" content=\"2022-04-08T11:18:49+00:00\" \/>\n<meta name=\"twitter:card\" content=\"summary_large_image\" \/>\n<script type=\"application\/ld+json\" class=\"yoast-schema-graph\">{\"@context\":\"https:\/\/schema.org\",\"@graph\":[{\"@type\":\"WebSite\",\"@id\":\"https:\/\/atypique.brunotarhan.fr\/#website\",\"url\":\"https:\/\/atypique.brunotarhan.fr\/\",\"name\":\"Atypique Concept Store\",\"description\":\"Just another WordPress site\",\"potentialAction\":[{\"@type\":\"SearchAction\",\"target\":{\"@type\":\"EntryPoint\",\"urlTemplate\":\"https:\/\/atypique.brunotarhan.fr\/?s={search_term_string}\"},\"query-input\":\"required name=search_term_string\"}],\"inLanguage\":\"fr-FR\"},{\"@type\":\"WebPage\",\"@id\":\"https:\/\/atypique.brunotarhan.fr\/index.php\/produit\/le-courage-des-oiseaux\/#webpage\",\"url\":\"https:\/\/atypique.brunotarhan.fr\/index.php\/produit\/le-courage-des-oiseaux\/\",\"name\":\"Le courage des oiseaux - Atypique Concept Store\",\"isPartOf\":{\"@id\":\"https:\/\/atypique.brunotarhan.fr\/#website\"},\"datePublished\":\"2022-03-28T07:34:41+00:00\",\"dateModified\":\"2022-04-08T11:18:49+00:00\",\"breadcrumb\":{\"@id\":\"https:\/\/atypique.brunotarhan.fr\/index.php\/produit\/le-courage-des-oiseaux\/#breadcrumb\"},\"inLanguage\":\"fr-FR\",\"potentialAction\":[{\"@type\":\"ReadAction\",\"target\":[\"https:\/\/atypique.brunotarhan.fr\/index.php\/produit\/le-courage-des-oiseaux\/\"]}]},{\"@type\":\"BreadcrumbList\",\"@id\":\"https:\/\/atypique.brunotarhan.fr\/index.php\/produit\/le-courage-des-oiseaux\/#breadcrumb\",\"itemListElement\":[{\"@type\":\"ListItem\",\"position\":1,\"name\":\"Accueil\",\"item\":\"https:\/\/atypique.brunotarhan.fr\/\"},{\"@type\":\"ListItem\",\"position\":2,\"name\":\"\"},{\"@type\":\"ListItem\",\"position\":3,\"name\":\"Le courage des oiseaux\"}]}]}<\/script>\n<!-- \/ Yoast SEO plugin. -->","yoast_head_json":{"title":"Le courage des oiseaux - Atypique Concept Store","robots":{"index":"index","follow":"follow","max-snippet":"max-snippet:-1","max-image-preview":"max-image-preview:large","max-video-preview":"max-video-preview:-1"},"canonical":"https:\/\/atypique.brunotarhan.fr\/index.php\/produit\/le-courage-des-oiseaux\/","og_locale":"fr_FR","og_type":"article","og_title":"Le courage des oiseaux - Atypique Concept Store","og_description":"C\u00e9pages : 40% GRENACHE, 40% CARIGNAN, 20% SYRAH  Elev\u00e9 et vinifi\u00e9 dans une cuve en bois de plus de 10 ans d'\u00e2ge pour des tanins plus soyeux.  Aux confins de la garrigue et du sauvage, deux collines de schistes bleus, un vin de terroir doux chaleureux et g\u00e9n\u00e9reux, un paysage en bouche, un vin de garde \u00e0 boire tout de suite et plus tard, un combin\u00e9 d'amour, de po\u00e9sie, le d\u00e9but de notre histoire et de tous nos efforts.","og_url":"https:\/\/atypique.brunotarhan.fr\/index.php\/produit\/le-courage-des-oiseaux\/","og_site_name":"Atypique Concept Store","article_modified_time":"2022-04-08T11:18:49+00:00","twitter_card":"summary_large_image","schema":{"@context":"https:\/\/schema.org","@graph":[{"@type":"WebSite","@id":"https:\/\/atypique.brunotarhan.fr\/#website","url":"https:\/\/atypique.brunotarhan.fr\/","name":"Atypique Concept Store","description":"Just another WordPress site","potentialAction":[{"@type":"SearchAction","target":{"@type":"EntryPoint","urlTemplate":"https:\/\/atypique.brunotarhan.fr\/?s={search_term_string}"},"query-input":"required name=search_term_string"}],"inLanguage":"fr-FR"},{"@type":"WebPage","@id":"https:\/\/atypique.brunotarhan.fr\/index.php\/produit\/le-courage-des-oiseaux\/#webpage","url":"https:\/\/atypique.brunotarhan.fr\/index.php\/produit\/le-courage-des-oiseaux\/","name":"Le courage des oiseaux - Atypique Concept Store","isPartOf":{"@id":"https:\/\/atypique.brunotarhan.fr\/#website"},"datePublished":"2022-03-28T07:34:41+00:00","dateModified":"2022-04-08T11:18:49+00:00","breadcrumb":{"@id":"https:\/\/atypique.brunotarhan.fr\/index.php\/produit\/le-courage-des-oiseaux\/#breadcrumb"},"inLanguage":"fr-FR","potentialAction":[{"@type":"ReadAction","target":["https:\/\/atypique.brunotarhan.fr\/index.php\/produit\/le-courage-des-oiseaux\/"]}]},{"@type":"BreadcrumbList","@id":"https:\/\/atypique.brunotarhan.fr\/index.php\/produit\/le-courage-des-oiseaux\/#breadcrumb","itemListElement":[{"@type":"ListItem","position":1,"name":"Accueil","item":"https:\/\/atypique.brunotarhan.fr\/"},{"@type":"ListItem","position":2,"name":""},{"@type":"ListItem","position":3,"name":"Le courage des oiseaux"}]}]}},"_links":{"self":[{"href":"https:\/\/atypique.brunotarhan.fr\/index.php\/wp-json\/wp\/v2\/product\/14602","targetHints":{"allow":["GET"]}}],"collection":[{"href":"https:\/\/atypique.brunotarhan.fr\/index.php\/wp-json\/wp\/v2\/product"}],"about":[{"href":"https:\/\/atypique.brunotarhan.fr\/index.php\/wp-json\/wp\/v2\/types\/product"}],"replies":[{"embeddable":true,"href":"https:\/\/atypique.brunotarhan.fr\/index.php\/wp-json\/wp\/v2\/comments?post=14602"}],"wp:attachment":[{"href":"https:\/\/atypique.brunotarhan.fr\/index.php\/wp-json\/wp\/v2\/media?parent=14602"}],"wp:term":[{"taxonomy":"product_cat","embeddable":true,"href":"https:\/\/atypique.brunotarhan.fr\/index.php\/wp-json\/wp\/v2\/product_cat?post=14602"},{"taxonomy":"product_tag","embeddable":true,"href":"https:\/\/atypique.brunotarhan.fr\/index.php\/wp-json\/wp\/v2\/product_tag?post=14602"}],"curies":[{"name":"wp","href":"https:\/\/api.w.org\/{rel}","templated":true}]}}