{"id":14593,"date":"2022-03-28T07:34:14","date_gmt":"2022-03-28T07:34:14","guid":{"rendered":"https:\/\/atypique.brunotarhan.fr\/?post_type=product&#038;p=14593"},"modified":"2022-04-08T11:18:32","modified_gmt":"2022-04-08T11:18:32","slug":"quand-les-poules-auront-des-dents","status":"publish","type":"product","link":"https:\/\/atypique.brunotarhan.fr\/index.php\/produit\/quand-les-poules-auront-des-dents\/","title":{"rendered":"Quand les poules auront des dents"},"content":{"rendered":"","protected":false},"excerpt":{"rendered":"<p>C\u00e9pages: Sauvignon Gris, Sauvignon Blanc<\/p>\n<p>Joli canon, app\u00e9tant, pamplemousse rose, salin, des notes de gentiane, d&#8217;ang\u00e9lique.<br \/>\nCe vin est gourmant et tr\u00e8s droit, \u00e9quilibr\u00e9.<br \/>\nSi on l&#8217;oublie dans la cave, il n&#8217;en sera que plus riche !<\/p>\n","protected":false},"featured_media":0,"comment_status":"open","ping_status":"closed","template":"","meta":[],"product_cat":[87],"product_tag":[],"class_list":["post-14593","product","type-product","status-publish","hentry","product_cat-vins","berocket_brand-gyril-alonso"],"yoast_head":"<!-- This site is optimized with the Yoast SEO plugin v18.0 - https:\/\/yoast.com\/wordpress\/plugins\/seo\/ -->\n<title>Quand les poules auront des dents - Atypique Concept Store<\/title>\n<meta name=\"robots\" content=\"index, follow, max-snippet:-1, max-image-preview:large, max-video-preview:-1\" \/>\n<link rel=\"canonical\" href=\"https:\/\/atypique.brunotarhan.fr\/index.php\/produit\/quand-les-poules-auront-des-dents\/\" \/>\n<meta property=\"og:locale\" content=\"fr_FR\" \/>\n<meta property=\"og:type\" content=\"article\" \/>\n<meta property=\"og:title\" content=\"Quand les poules auront des dents - Atypique Concept Store\" \/>\n<meta property=\"og:description\" content=\"C\u00e9pages: Sauvignon Gris, Sauvignon Blanc Joli canon, app\u00e9tant, pamplemousse rose, salin, des notes de gentiane, d&#039;ang\u00e9lique. Ce vin est gourmant et tr\u00e8s droit, \u00e9quilibr\u00e9. Si on l&#039;oublie dans la cave, il n&#039;en sera que plus riche !\" \/>\n<meta property=\"og:url\" content=\"https:\/\/atypique.brunotarhan.fr\/index.php\/produit\/quand-les-poules-auront-des-dents\/\" \/>\n<meta property=\"og:site_name\" content=\"Atypique Concept Store\" \/>\n<meta property=\"article:modified_time\" content=\"2022-04-08T11:18:32+00:00\" \/>\n<meta name=\"twitter:card\" content=\"summary_large_image\" \/>\n<script type=\"application\/ld+json\" class=\"yoast-schema-graph\">{\"@context\":\"https:\/\/schema.org\",\"@graph\":[{\"@type\":\"WebSite\",\"@id\":\"https:\/\/atypique.brunotarhan.fr\/#website\",\"url\":\"https:\/\/atypique.brunotarhan.fr\/\",\"name\":\"Atypique Concept Store\",\"description\":\"Just another WordPress site\",\"potentialAction\":[{\"@type\":\"SearchAction\",\"target\":{\"@type\":\"EntryPoint\",\"urlTemplate\":\"https:\/\/atypique.brunotarhan.fr\/?s={search_term_string}\"},\"query-input\":\"required name=search_term_string\"}],\"inLanguage\":\"fr-FR\"},{\"@type\":\"WebPage\",\"@id\":\"https:\/\/atypique.brunotarhan.fr\/index.php\/produit\/quand-les-poules-auront-des-dents\/#webpage\",\"url\":\"https:\/\/atypique.brunotarhan.fr\/index.php\/produit\/quand-les-poules-auront-des-dents\/\",\"name\":\"Quand les poules auront des dents - Atypique Concept Store\",\"isPartOf\":{\"@id\":\"https:\/\/atypique.brunotarhan.fr\/#website\"},\"datePublished\":\"2022-03-28T07:34:14+00:00\",\"dateModified\":\"2022-04-08T11:18:32+00:00\",\"breadcrumb\":{\"@id\":\"https:\/\/atypique.brunotarhan.fr\/index.php\/produit\/quand-les-poules-auront-des-dents\/#breadcrumb\"},\"inLanguage\":\"fr-FR\",\"potentialAction\":[{\"@type\":\"ReadAction\",\"target\":[\"https:\/\/atypique.brunotarhan.fr\/index.php\/produit\/quand-les-poules-auront-des-dents\/\"]}]},{\"@type\":\"BreadcrumbList\",\"@id\":\"https:\/\/atypique.brunotarhan.fr\/index.php\/produit\/quand-les-poules-auront-des-dents\/#breadcrumb\",\"itemListElement\":[{\"@type\":\"ListItem\",\"position\":1,\"name\":\"Accueil\",\"item\":\"https:\/\/atypique.brunotarhan.fr\/\"},{\"@type\":\"ListItem\",\"position\":2,\"name\":\"\"},{\"@type\":\"ListItem\",\"position\":3,\"name\":\"Quand les poules auront des dents\"}]}]}<\/script>\n<!-- \/ Yoast SEO plugin. -->","yoast_head_json":{"title":"Quand les poules auront des dents - Atypique Concept Store","robots":{"index":"index","follow":"follow","max-snippet":"max-snippet:-1","max-image-preview":"max-image-preview:large","max-video-preview":"max-video-preview:-1"},"canonical":"https:\/\/atypique.brunotarhan.fr\/index.php\/produit\/quand-les-poules-auront-des-dents\/","og_locale":"fr_FR","og_type":"article","og_title":"Quand les poules auront des dents - Atypique Concept Store","og_description":"C\u00e9pages: Sauvignon Gris, Sauvignon Blanc Joli canon, app\u00e9tant, pamplemousse rose, salin, des notes de gentiane, d'ang\u00e9lique. Ce vin est gourmant et tr\u00e8s droit, \u00e9quilibr\u00e9. Si on l'oublie dans la cave, il n'en sera que plus riche !","og_url":"https:\/\/atypique.brunotarhan.fr\/index.php\/produit\/quand-les-poules-auront-des-dents\/","og_site_name":"Atypique Concept Store","article_modified_time":"2022-04-08T11:18:32+00:00","twitter_card":"summary_large_image","schema":{"@context":"https:\/\/schema.org","@graph":[{"@type":"WebSite","@id":"https:\/\/atypique.brunotarhan.fr\/#website","url":"https:\/\/atypique.brunotarhan.fr\/","name":"Atypique Concept Store","description":"Just another WordPress site","potentialAction":[{"@type":"SearchAction","target":{"@type":"EntryPoint","urlTemplate":"https:\/\/atypique.brunotarhan.fr\/?s={search_term_string}"},"query-input":"required name=search_term_string"}],"inLanguage":"fr-FR"},{"@type":"WebPage","@id":"https:\/\/atypique.brunotarhan.fr\/index.php\/produit\/quand-les-poules-auront-des-dents\/#webpage","url":"https:\/\/atypique.brunotarhan.fr\/index.php\/produit\/quand-les-poules-auront-des-dents\/","name":"Quand les poules auront des dents - Atypique Concept Store","isPartOf":{"@id":"https:\/\/atypique.brunotarhan.fr\/#website"},"datePublished":"2022-03-28T07:34:14+00:00","dateModified":"2022-04-08T11:18:32+00:00","breadcrumb":{"@id":"https:\/\/atypique.brunotarhan.fr\/index.php\/produit\/quand-les-poules-auront-des-dents\/#breadcrumb"},"inLanguage":"fr-FR","potentialAction":[{"@type":"ReadAction","target":["https:\/\/atypique.brunotarhan.fr\/index.php\/produit\/quand-les-poules-auront-des-dents\/"]}]},{"@type":"BreadcrumbList","@id":"https:\/\/atypique.brunotarhan.fr\/index.php\/produit\/quand-les-poules-auront-des-dents\/#breadcrumb","itemListElement":[{"@type":"ListItem","position":1,"name":"Accueil","item":"https:\/\/atypique.brunotarhan.fr\/"},{"@type":"ListItem","position":2,"name":""},{"@type":"ListItem","position":3,"name":"Quand les poules auront des dents"}]}]}},"_links":{"self":[{"href":"https:\/\/atypique.brunotarhan.fr\/index.php\/wp-json\/wp\/v2\/product\/14593","targetHints":{"allow":["GET"]}}],"collection":[{"href":"https:\/\/atypique.brunotarhan.fr\/index.php\/wp-json\/wp\/v2\/product"}],"about":[{"href":"https:\/\/atypique.brunotarhan.fr\/index.php\/wp-json\/wp\/v2\/types\/product"}],"replies":[{"embeddable":true,"href":"https:\/\/atypique.brunotarhan.fr\/index.php\/wp-json\/wp\/v2\/comments?post=14593"}],"wp:attachment":[{"href":"https:\/\/atypique.brunotarhan.fr\/index.php\/wp-json\/wp\/v2\/media?parent=14593"}],"wp:term":[{"taxonomy":"product_cat","embeddable":true,"href":"https:\/\/atypique.brunotarhan.fr\/index.php\/wp-json\/wp\/v2\/product_cat?post=14593"},{"taxonomy":"product_tag","embeddable":true,"href":"https:\/\/atypique.brunotarhan.fr\/index.php\/wp-json\/wp\/v2\/product_tag?post=14593"}],"curies":[{"name":"wp","href":"https:\/\/api.w.org\/{rel}","templated":true}]}}