{"id":14589,"date":"2022-03-28T07:34:03","date_gmt":"2022-03-28T07:34:03","guid":{"rendered":"https:\/\/atypique.brunotarhan.fr\/?post_type=product&#038;p=14589"},"modified":"2022-04-08T11:18:25","modified_gmt":"2022-04-08T11:18:25","slug":"les-vignes-de-notre-voisin","status":"publish","type":"product","link":"https:\/\/atypique.brunotarhan.fr\/index.php\/produit\/les-vignes-de-notre-voisin\/","title":{"rendered":"Les vignes de notre voisin"},"content":{"rendered":"","protected":false},"excerpt":{"rendered":"<p>C\u00e9page: Ribaria<br \/>\nType de culture : Permaculture.<br \/>\n Les vignes de notre voisin ont plus de 130 ans. Tr\u00e8s vieux gamay, exhub\u00e9rant au nez, rustique, un c\u00f4t\u00e9 animal. Terroir, vinification &#038; \u00e9levage Les vignes sont situ\u00e9es \u00e0 Nitry les Pierres Bleues. Culture sans pesticide, insecticide, herbicide. Pressurage direct. 100% levures indig\u00e8nes , Sans aucun intrant Vignes de 130 ans On le boit avec Excellent avec des plats en sauce, b\u0153uf bourguignon&#8230; Buvabilit\u00e9 De suite Jusqu&#8217;\u00e0 10 ann\u00e9es de garde En cave Temp\u00e9rature de service : 15\u00b0<\/p>\n","protected":false},"featured_media":0,"comment_status":"open","ping_status":"closed","template":"","meta":[],"product_cat":[87],"product_tag":[],"class_list":["post-14589","product","type-product","status-publish","hentry","product_cat-vins","berocket_brand-gyril-alonso"],"yoast_head":"<!-- This site is optimized with the Yoast SEO plugin v18.0 - https:\/\/yoast.com\/wordpress\/plugins\/seo\/ -->\n<title>Les vignes de notre voisin - Atypique Concept Store<\/title>\n<meta name=\"robots\" content=\"index, follow, max-snippet:-1, max-image-preview:large, max-video-preview:-1\" \/>\n<link rel=\"canonical\" href=\"https:\/\/atypique.brunotarhan.fr\/index.php\/produit\/les-vignes-de-notre-voisin\/\" \/>\n<meta property=\"og:locale\" content=\"fr_FR\" \/>\n<meta property=\"og:type\" content=\"article\" \/>\n<meta property=\"og:title\" content=\"Les vignes de notre voisin - Atypique Concept Store\" \/>\n<meta property=\"og:description\" content=\"C\u00e9page: Ribaria Type de culture : Permaculture. Les vignes de notre voisin ont plus de 130 ans. Tr\u00e8s vieux gamay, exhub\u00e9rant au nez, rustique, un c\u00f4t\u00e9 animal. Terroir, vinification &amp; \u00e9levage Les vignes sont situ\u00e9es \u00e0 Nitry les Pierres Bleues. Culture sans pesticide, insecticide, herbicide. Pressurage direct. 100% levures indig\u00e8nes , Sans aucun intrant Vignes de 130 ans On le boit avec Excellent avec des plats en sauce, b\u0153uf bourguignon... Buvabilit\u00e9 De suite Jusqu&#039;\u00e0 10 ann\u00e9es de garde En cave Temp\u00e9rature de service : 15\u00b0\" \/>\n<meta property=\"og:url\" content=\"https:\/\/atypique.brunotarhan.fr\/index.php\/produit\/les-vignes-de-notre-voisin\/\" \/>\n<meta property=\"og:site_name\" content=\"Atypique Concept Store\" \/>\n<meta property=\"article:modified_time\" content=\"2022-04-08T11:18:25+00:00\" \/>\n<meta name=\"twitter:card\" content=\"summary_large_image\" \/>\n<script type=\"application\/ld+json\" class=\"yoast-schema-graph\">{\"@context\":\"https:\/\/schema.org\",\"@graph\":[{\"@type\":\"WebSite\",\"@id\":\"https:\/\/atypique.brunotarhan.fr\/#website\",\"url\":\"https:\/\/atypique.brunotarhan.fr\/\",\"name\":\"Atypique Concept Store\",\"description\":\"Just another WordPress site\",\"potentialAction\":[{\"@type\":\"SearchAction\",\"target\":{\"@type\":\"EntryPoint\",\"urlTemplate\":\"https:\/\/atypique.brunotarhan.fr\/?s={search_term_string}\"},\"query-input\":\"required name=search_term_string\"}],\"inLanguage\":\"fr-FR\"},{\"@type\":\"WebPage\",\"@id\":\"https:\/\/atypique.brunotarhan.fr\/index.php\/produit\/les-vignes-de-notre-voisin\/#webpage\",\"url\":\"https:\/\/atypique.brunotarhan.fr\/index.php\/produit\/les-vignes-de-notre-voisin\/\",\"name\":\"Les vignes de notre voisin - Atypique Concept Store\",\"isPartOf\":{\"@id\":\"https:\/\/atypique.brunotarhan.fr\/#website\"},\"datePublished\":\"2022-03-28T07:34:03+00:00\",\"dateModified\":\"2022-04-08T11:18:25+00:00\",\"breadcrumb\":{\"@id\":\"https:\/\/atypique.brunotarhan.fr\/index.php\/produit\/les-vignes-de-notre-voisin\/#breadcrumb\"},\"inLanguage\":\"fr-FR\",\"potentialAction\":[{\"@type\":\"ReadAction\",\"target\":[\"https:\/\/atypique.brunotarhan.fr\/index.php\/produit\/les-vignes-de-notre-voisin\/\"]}]},{\"@type\":\"BreadcrumbList\",\"@id\":\"https:\/\/atypique.brunotarhan.fr\/index.php\/produit\/les-vignes-de-notre-voisin\/#breadcrumb\",\"itemListElement\":[{\"@type\":\"ListItem\",\"position\":1,\"name\":\"Accueil\",\"item\":\"https:\/\/atypique.brunotarhan.fr\/\"},{\"@type\":\"ListItem\",\"position\":2,\"name\":\"\"},{\"@type\":\"ListItem\",\"position\":3,\"name\":\"Les vignes de notre voisin\"}]}]}<\/script>\n<!-- \/ Yoast SEO plugin. -->","yoast_head_json":{"title":"Les vignes de notre voisin - Atypique Concept Store","robots":{"index":"index","follow":"follow","max-snippet":"max-snippet:-1","max-image-preview":"max-image-preview:large","max-video-preview":"max-video-preview:-1"},"canonical":"https:\/\/atypique.brunotarhan.fr\/index.php\/produit\/les-vignes-de-notre-voisin\/","og_locale":"fr_FR","og_type":"article","og_title":"Les vignes de notre voisin - Atypique Concept Store","og_description":"C\u00e9page: Ribaria Type de culture : Permaculture. Les vignes de notre voisin ont plus de 130 ans. Tr\u00e8s vieux gamay, exhub\u00e9rant au nez, rustique, un c\u00f4t\u00e9 animal. Terroir, vinification & \u00e9levage Les vignes sont situ\u00e9es \u00e0 Nitry les Pierres Bleues. Culture sans pesticide, insecticide, herbicide. Pressurage direct. 100% levures indig\u00e8nes , Sans aucun intrant Vignes de 130 ans On le boit avec Excellent avec des plats en sauce, b\u0153uf bourguignon... Buvabilit\u00e9 De suite Jusqu'\u00e0 10 ann\u00e9es de garde En cave Temp\u00e9rature de service : 15\u00b0","og_url":"https:\/\/atypique.brunotarhan.fr\/index.php\/produit\/les-vignes-de-notre-voisin\/","og_site_name":"Atypique Concept Store","article_modified_time":"2022-04-08T11:18:25+00:00","twitter_card":"summary_large_image","schema":{"@context":"https:\/\/schema.org","@graph":[{"@type":"WebSite","@id":"https:\/\/atypique.brunotarhan.fr\/#website","url":"https:\/\/atypique.brunotarhan.fr\/","name":"Atypique Concept Store","description":"Just another WordPress site","potentialAction":[{"@type":"SearchAction","target":{"@type":"EntryPoint","urlTemplate":"https:\/\/atypique.brunotarhan.fr\/?s={search_term_string}"},"query-input":"required name=search_term_string"}],"inLanguage":"fr-FR"},{"@type":"WebPage","@id":"https:\/\/atypique.brunotarhan.fr\/index.php\/produit\/les-vignes-de-notre-voisin\/#webpage","url":"https:\/\/atypique.brunotarhan.fr\/index.php\/produit\/les-vignes-de-notre-voisin\/","name":"Les vignes de notre voisin - Atypique Concept Store","isPartOf":{"@id":"https:\/\/atypique.brunotarhan.fr\/#website"},"datePublished":"2022-03-28T07:34:03+00:00","dateModified":"2022-04-08T11:18:25+00:00","breadcrumb":{"@id":"https:\/\/atypique.brunotarhan.fr\/index.php\/produit\/les-vignes-de-notre-voisin\/#breadcrumb"},"inLanguage":"fr-FR","potentialAction":[{"@type":"ReadAction","target":["https:\/\/atypique.brunotarhan.fr\/index.php\/produit\/les-vignes-de-notre-voisin\/"]}]},{"@type":"BreadcrumbList","@id":"https:\/\/atypique.brunotarhan.fr\/index.php\/produit\/les-vignes-de-notre-voisin\/#breadcrumb","itemListElement":[{"@type":"ListItem","position":1,"name":"Accueil","item":"https:\/\/atypique.brunotarhan.fr\/"},{"@type":"ListItem","position":2,"name":""},{"@type":"ListItem","position":3,"name":"Les vignes de notre voisin"}]}]}},"_links":{"self":[{"href":"https:\/\/atypique.brunotarhan.fr\/index.php\/wp-json\/wp\/v2\/product\/14589","targetHints":{"allow":["GET"]}}],"collection":[{"href":"https:\/\/atypique.brunotarhan.fr\/index.php\/wp-json\/wp\/v2\/product"}],"about":[{"href":"https:\/\/atypique.brunotarhan.fr\/index.php\/wp-json\/wp\/v2\/types\/product"}],"replies":[{"embeddable":true,"href":"https:\/\/atypique.brunotarhan.fr\/index.php\/wp-json\/wp\/v2\/comments?post=14589"}],"wp:attachment":[{"href":"https:\/\/atypique.brunotarhan.fr\/index.php\/wp-json\/wp\/v2\/media?parent=14589"}],"wp:term":[{"taxonomy":"product_cat","embeddable":true,"href":"https:\/\/atypique.brunotarhan.fr\/index.php\/wp-json\/wp\/v2\/product_cat?post=14589"},{"taxonomy":"product_tag","embeddable":true,"href":"https:\/\/atypique.brunotarhan.fr\/index.php\/wp-json\/wp\/v2\/product_tag?post=14589"}],"curies":[{"name":"wp","href":"https:\/\/api.w.org\/{rel}","templated":true}]}}