{"id":14588,"date":"2022-03-28T07:34:00","date_gmt":"2022-03-28T07:34:00","guid":{"rendered":"https:\/\/atypique.brunotarhan.fr\/?post_type=product&#038;p=14588"},"modified":"2022-04-08T11:18:22","modified_gmt":"2022-04-08T11:18:22","slug":"les-larmes-de-damas","status":"publish","type":"product","link":"https:\/\/atypique.brunotarhan.fr\/index.php\/produit\/les-larmes-de-damas\/","title":{"rendered":"Les larmes de damas"},"content":{"rendered":"","protected":false},"excerpt":{"rendered":"<p>L\u2019embl\u00e8me du conservatoire issue de pinot fin, pinot noir et semis de p\u00e9pins<\/p>\n<p>La robe est rubis translucide. Le nez est frais, fruit\u00e9, sur la cerise et la m\u00fbre, avec une fine touche lact\u00e9e et une pinc\u00e9e de poivre. La bouche est ronde, ample, soyeuse, tendue par une grande fra\u00eecheur aromatique, et offrant un fruit pur et intense \u2013 mais \u00e9l\u00e9gant. La mati\u00e8re, finement velout\u00e9e est d&#8217;une belle douceur tactile. La finale, fra\u00eeche et nette, prolonge toutes ces sensations en les concentrant tout en r\u00e9ussissant \u00e0 rester dans la finesse, avec une persistance sur la framboise et le poivre blanc.<\/p>\n","protected":false},"featured_media":0,"comment_status":"open","ping_status":"closed","template":"","meta":[],"product_cat":[87],"product_tag":[],"class_list":["post-14588","product","type-product","status-publish","hentry","product_cat-vins","berocket_brand-gyril-alonso"],"yoast_head":"<!-- This site is optimized with the Yoast SEO plugin v18.0 - https:\/\/yoast.com\/wordpress\/plugins\/seo\/ -->\n<title>Les larmes de damas - Atypique Concept Store<\/title>\n<meta name=\"robots\" content=\"index, follow, max-snippet:-1, max-image-preview:large, max-video-preview:-1\" \/>\n<link rel=\"canonical\" href=\"https:\/\/atypique.brunotarhan.fr\/index.php\/produit\/les-larmes-de-damas\/\" \/>\n<meta property=\"og:locale\" content=\"fr_FR\" \/>\n<meta property=\"og:type\" content=\"article\" \/>\n<meta property=\"og:title\" content=\"Les larmes de damas - Atypique Concept Store\" \/>\n<meta property=\"og:description\" content=\"L\u2019embl\u00e8me du conservatoire issue de pinot fin, pinot noir et semis de p\u00e9pins La robe est rubis translucide. Le nez est frais, fruit\u00e9, sur la cerise et la m\u00fbre, avec une fine touche lact\u00e9e et une pinc\u00e9e de poivre. La bouche est ronde, ample, soyeuse, tendue par une grande fra\u00eecheur aromatique, et offrant un fruit pur et intense \u2013 mais \u00e9l\u00e9gant. La mati\u00e8re, finement velout\u00e9e est d&#039;une belle douceur tactile. La finale, fra\u00eeche et nette, prolonge toutes ces sensations en les concentrant tout en r\u00e9ussissant \u00e0 rester dans la finesse, avec une persistance sur la framboise et le poivre blanc.\" \/>\n<meta property=\"og:url\" content=\"https:\/\/atypique.brunotarhan.fr\/index.php\/produit\/les-larmes-de-damas\/\" \/>\n<meta property=\"og:site_name\" content=\"Atypique Concept Store\" \/>\n<meta property=\"article:modified_time\" content=\"2022-04-08T11:18:22+00:00\" \/>\n<meta name=\"twitter:card\" content=\"summary_large_image\" \/>\n<script type=\"application\/ld+json\" class=\"yoast-schema-graph\">{\"@context\":\"https:\/\/schema.org\",\"@graph\":[{\"@type\":\"WebSite\",\"@id\":\"https:\/\/atypique.brunotarhan.fr\/#website\",\"url\":\"https:\/\/atypique.brunotarhan.fr\/\",\"name\":\"Atypique Concept Store\",\"description\":\"Just another WordPress site\",\"potentialAction\":[{\"@type\":\"SearchAction\",\"target\":{\"@type\":\"EntryPoint\",\"urlTemplate\":\"https:\/\/atypique.brunotarhan.fr\/?s={search_term_string}\"},\"query-input\":\"required name=search_term_string\"}],\"inLanguage\":\"fr-FR\"},{\"@type\":\"WebPage\",\"@id\":\"https:\/\/atypique.brunotarhan.fr\/index.php\/produit\/les-larmes-de-damas\/#webpage\",\"url\":\"https:\/\/atypique.brunotarhan.fr\/index.php\/produit\/les-larmes-de-damas\/\",\"name\":\"Les larmes de damas - Atypique Concept Store\",\"isPartOf\":{\"@id\":\"https:\/\/atypique.brunotarhan.fr\/#website\"},\"datePublished\":\"2022-03-28T07:34:00+00:00\",\"dateModified\":\"2022-04-08T11:18:22+00:00\",\"breadcrumb\":{\"@id\":\"https:\/\/atypique.brunotarhan.fr\/index.php\/produit\/les-larmes-de-damas\/#breadcrumb\"},\"inLanguage\":\"fr-FR\",\"potentialAction\":[{\"@type\":\"ReadAction\",\"target\":[\"https:\/\/atypique.brunotarhan.fr\/index.php\/produit\/les-larmes-de-damas\/\"]}]},{\"@type\":\"BreadcrumbList\",\"@id\":\"https:\/\/atypique.brunotarhan.fr\/index.php\/produit\/les-larmes-de-damas\/#breadcrumb\",\"itemListElement\":[{\"@type\":\"ListItem\",\"position\":1,\"name\":\"Accueil\",\"item\":\"https:\/\/atypique.brunotarhan.fr\/\"},{\"@type\":\"ListItem\",\"position\":2,\"name\":\"\"},{\"@type\":\"ListItem\",\"position\":3,\"name\":\"Les larmes de damas\"}]}]}<\/script>\n<!-- \/ Yoast SEO plugin. -->","yoast_head_json":{"title":"Les larmes de damas - Atypique Concept Store","robots":{"index":"index","follow":"follow","max-snippet":"max-snippet:-1","max-image-preview":"max-image-preview:large","max-video-preview":"max-video-preview:-1"},"canonical":"https:\/\/atypique.brunotarhan.fr\/index.php\/produit\/les-larmes-de-damas\/","og_locale":"fr_FR","og_type":"article","og_title":"Les larmes de damas - Atypique Concept Store","og_description":"L\u2019embl\u00e8me du conservatoire issue de pinot fin, pinot noir et semis de p\u00e9pins La robe est rubis translucide. Le nez est frais, fruit\u00e9, sur la cerise et la m\u00fbre, avec une fine touche lact\u00e9e et une pinc\u00e9e de poivre. La bouche est ronde, ample, soyeuse, tendue par une grande fra\u00eecheur aromatique, et offrant un fruit pur et intense \u2013 mais \u00e9l\u00e9gant. La mati\u00e8re, finement velout\u00e9e est d'une belle douceur tactile. La finale, fra\u00eeche et nette, prolonge toutes ces sensations en les concentrant tout en r\u00e9ussissant \u00e0 rester dans la finesse, avec une persistance sur la framboise et le poivre blanc.","og_url":"https:\/\/atypique.brunotarhan.fr\/index.php\/produit\/les-larmes-de-damas\/","og_site_name":"Atypique Concept Store","article_modified_time":"2022-04-08T11:18:22+00:00","twitter_card":"summary_large_image","schema":{"@context":"https:\/\/schema.org","@graph":[{"@type":"WebSite","@id":"https:\/\/atypique.brunotarhan.fr\/#website","url":"https:\/\/atypique.brunotarhan.fr\/","name":"Atypique Concept Store","description":"Just another WordPress site","potentialAction":[{"@type":"SearchAction","target":{"@type":"EntryPoint","urlTemplate":"https:\/\/atypique.brunotarhan.fr\/?s={search_term_string}"},"query-input":"required name=search_term_string"}],"inLanguage":"fr-FR"},{"@type":"WebPage","@id":"https:\/\/atypique.brunotarhan.fr\/index.php\/produit\/les-larmes-de-damas\/#webpage","url":"https:\/\/atypique.brunotarhan.fr\/index.php\/produit\/les-larmes-de-damas\/","name":"Les larmes de damas - Atypique Concept Store","isPartOf":{"@id":"https:\/\/atypique.brunotarhan.fr\/#website"},"datePublished":"2022-03-28T07:34:00+00:00","dateModified":"2022-04-08T11:18:22+00:00","breadcrumb":{"@id":"https:\/\/atypique.brunotarhan.fr\/index.php\/produit\/les-larmes-de-damas\/#breadcrumb"},"inLanguage":"fr-FR","potentialAction":[{"@type":"ReadAction","target":["https:\/\/atypique.brunotarhan.fr\/index.php\/produit\/les-larmes-de-damas\/"]}]},{"@type":"BreadcrumbList","@id":"https:\/\/atypique.brunotarhan.fr\/index.php\/produit\/les-larmes-de-damas\/#breadcrumb","itemListElement":[{"@type":"ListItem","position":1,"name":"Accueil","item":"https:\/\/atypique.brunotarhan.fr\/"},{"@type":"ListItem","position":2,"name":""},{"@type":"ListItem","position":3,"name":"Les larmes de damas"}]}]}},"_links":{"self":[{"href":"https:\/\/atypique.brunotarhan.fr\/index.php\/wp-json\/wp\/v2\/product\/14588","targetHints":{"allow":["GET"]}}],"collection":[{"href":"https:\/\/atypique.brunotarhan.fr\/index.php\/wp-json\/wp\/v2\/product"}],"about":[{"href":"https:\/\/atypique.brunotarhan.fr\/index.php\/wp-json\/wp\/v2\/types\/product"}],"replies":[{"embeddable":true,"href":"https:\/\/atypique.brunotarhan.fr\/index.php\/wp-json\/wp\/v2\/comments?post=14588"}],"wp:attachment":[{"href":"https:\/\/atypique.brunotarhan.fr\/index.php\/wp-json\/wp\/v2\/media?parent=14588"}],"wp:term":[{"taxonomy":"product_cat","embeddable":true,"href":"https:\/\/atypique.brunotarhan.fr\/index.php\/wp-json\/wp\/v2\/product_cat?post=14588"},{"taxonomy":"product_tag","embeddable":true,"href":"https:\/\/atypique.brunotarhan.fr\/index.php\/wp-json\/wp\/v2\/product_tag?post=14588"}],"curies":[{"name":"wp","href":"https:\/\/api.w.org\/{rel}","templated":true}]}}