{"id":14584,"date":"2022-03-28T07:33:51","date_gmt":"2022-03-28T07:33:51","guid":{"rendered":"https:\/\/atypique.brunotarhan.fr\/?post_type=product&#038;p=14584"},"modified":"2022-04-08T11:18:15","modified_gmt":"2022-04-08T11:18:15","slug":"art-brut","status":"publish","type":"product","link":"https:\/\/atypique.brunotarhan.fr\/index.php\/produit\/art-brut\/","title":{"rendered":"art brut"},"content":{"rendered":"<p>C\u2019est \u00e0 Marchampt, en Beaujolais vert, que Karine&#038; Cyril Alonso se sont pos\u00e9s.<br \/>\nCe lieu est une v\u00e9ritable Oasis, un petit Paradis v\u00e9g\u00e9tal, un havre de paix et de douceur lov\u00e9 dans une vall\u00e9e.<br \/>\nCyril nous attend au d\u00e9tour d\u2019un chemin, aide pr\u00e9cieuse pourd\u00e9nicher ce paradis perdu.<br \/>\nNous d\u00e9couvrons ses vignes, ses tr\u00e8s vielles Dames qui c\u00f4toient les plus jeunes, des c\u00e9pages autochtones en voie de disparition, des raret\u00e9s.<br \/>\nC\u2019est un v\u00e9ritable conservatoire amp\u00e9lographique sur 3 parcelles situ\u00e9 au sein d&#8217;un biotope de 450 ha de for\u00eat.<br \/>\nUne Arche de No\u00e9 de c\u00e9pages en quelque sorte ! Karine et Cyril ne s\u2019arr\u00eatent pas, ils plantent, ils plantent\u2026<br \/>\nLeur but est de faire revivre des vari\u00e9t\u00e9s au rythme de 200 \u00e0 300 par an !<br \/>\nTous ces c\u00e9pages sont conserv\u00e9s \u00e0 l\u2019Inra de Montpellier.<br \/>\nNous d\u00e9couvrons le plant Robert, Gamay de Bouze, Gamay Blanc, Cornichon Blanc, Panse Ren\u00e9, Dattier Blanc, Cabernet Daudet, Liane Gascon\u2026<br \/>\nplus de 140 c\u00e9pages\u2026<br \/>\nLes parcelles sont tr\u00e8s pentues, en conversion bio depuis f\u00e9vrier 2019.<br \/>\nTr\u00e8s peu de d\u00e9sherbage, les pieds sont en concurrence avec les herbes, afin de maintenir un d\u00e9veloppement le plus naturel possible.<br \/>\nLes raisins sont petits, mais tr\u00e8s concentr\u00e9s.<br \/>\nToute petite production\u2026 Du coup, l\u2019autosuffisance est mise en place : le potager, le verger, le poulailler permettent de nourrir la Tribu Alonso !<br \/>\nNous go\u00fbtons leur miel, un vrai d\u00e9lice\u2026<br \/>\nLa philosophie de la Tribu est \u00ab La V\u00e9rit\u00e9 dans le Verre ! \u00bb<br \/>\nDu coup, l\u2019identit\u00e9 Alonso est tr\u00e8s forte. Visite du petit chai, puis d\u00e9gustation joyeuse de ses derni\u00e8res mises.<br \/>\nLes poules auront des dents, sauvignon blanc, rose, gris, Panse du Roi Ren\u00e9 !<br \/>\nUn reviens-y \u00e9vident !<br \/>\ntzun vin que pot sola avec son nez de blanc et sa bouche de rouge ! Les Vignes du Beaujolais, les plus vielles du Beaujo, 130 ans\u2026<br \/>\nArt Brut, 108 c\u00e9pages\u2026<br \/>\nSon voisin ami vigneron nous rejoint, nous go\u00fbtons des jus magnifiques, nous grignotons des terrines fabuleuses pr\u00e9par\u00e9s par le Papa de Cyril\u2026<br \/>\nNous sommes happ\u00e9s par ce lieu habit\u00e9 par la douceur et magnifique \u00e9nergie de La Tribu !<br \/>\nLa vie est Belle en Beaujolais !<\/p>\n","protected":false},"excerpt":{"rendered":"<p>Cette cuv\u00e9e Art Brut est issue de la parcelle Utopia (108 c\u00e9pages dont de 31 vieilles massales de gamay de 1940) situ\u00e9e \u00e0 Marchampt (sol granite et diorite) . <\/p>\n<p>La vinification<\/p>\n<p>Pas de pieds de cuve , 100% levures indig\u00e8nes , pas de froid , ni de chauffe. Seulement 4 jours de mac\u00e9ration pour qu&#8217;aucun c\u00e9page ne domine les autres. <\/p>\n<p>D\u00e9gustation :<br \/>\nLa robe est grenat sombre translucide. Le nez est captivant, \u00e0 la fois hyper-m\u00fbr et hyper-frais, sur des notes confites et r\u00e9sino-balsamiques. La bouche est \u00e9lanc\u00e9e, rac\u00e9e, \u00e9tir\u00e9e par un fil invisible tout en d\u00e9ployant une mati\u00e8re m\u00fbre, s\u00e9veuse, profonde, tr\u00e8s intense aromatiquement. \u00c7a d\u00e9chire en restant classieux. La finale poursuit la tension de la bouche avec encore plus de peps et de s\u00e8ve, et une fra\u00eecheur fruit\u00e9e explosive. Y a bon !<\/p>\n","protected":false},"featured_media":0,"comment_status":"open","ping_status":"closed","template":"","meta":[],"product_cat":[87],"product_tag":[],"class_list":["post-14584","product","type-product","status-publish","hentry","product_cat-vins","berocket_brand-gyril-alonso"],"yoast_head":"<!-- This site is optimized with the Yoast SEO plugin v18.0 - https:\/\/yoast.com\/wordpress\/plugins\/seo\/ -->\n<title>art brut - Atypique Concept Store<\/title>\n<meta name=\"robots\" content=\"index, follow, max-snippet:-1, max-image-preview:large, max-video-preview:-1\" \/>\n<link rel=\"canonical\" href=\"https:\/\/atypique.brunotarhan.fr\/index.php\/produit\/art-brut\/\" \/>\n<meta property=\"og:locale\" content=\"fr_FR\" \/>\n<meta property=\"og:type\" content=\"article\" \/>\n<meta property=\"og:title\" content=\"art brut - Atypique Concept Store\" \/>\n<meta property=\"og:description\" content=\"Cette cuv\u00e9e Art Brut est issue de la parcelle Utopia (108 c\u00e9pages dont de 31 vieilles massales de gamay de 1940) situ\u00e9e \u00e0 Marchampt (sol granite et diorite) .  La vinification Pas de pieds de cuve , 100% levures indig\u00e8nes , pas de froid , ni de chauffe. Seulement 4 jours de mac\u00e9ration pour qu&#039;aucun c\u00e9page ne domine les autres.  D\u00e9gustation : La robe est grenat sombre translucide. Le nez est captivant, \u00e0 la fois hyper-m\u00fbr et hyper-frais, sur des notes confites et r\u00e9sino-balsamiques. La bouche est \u00e9lanc\u00e9e, rac\u00e9e, \u00e9tir\u00e9e par un fil invisible tout en d\u00e9ployant une mati\u00e8re m\u00fbre, s\u00e9veuse, profonde, tr\u00e8s intense aromatiquement. \u00c7a d\u00e9chire en restant classieux. La finale poursuit la tension de la bouche avec encore plus de peps et de s\u00e8ve, et une fra\u00eecheur fruit\u00e9e explosive. Y a bon !\" \/>\n<meta property=\"og:url\" content=\"https:\/\/atypique.brunotarhan.fr\/index.php\/produit\/art-brut\/\" \/>\n<meta property=\"og:site_name\" content=\"Atypique Concept Store\" \/>\n<meta property=\"article:modified_time\" content=\"2022-04-08T11:18:15+00:00\" \/>\n<meta name=\"twitter:card\" content=\"summary_large_image\" \/>\n<meta name=\"twitter:label1\" content=\"Dur\u00e9e de lecture estim\u00e9e\" \/>\n\t<meta name=\"twitter:data1\" content=\"2 minutes\" \/>\n<script type=\"application\/ld+json\" class=\"yoast-schema-graph\">{\"@context\":\"https:\/\/schema.org\",\"@graph\":[{\"@type\":\"WebSite\",\"@id\":\"https:\/\/atypique.brunotarhan.fr\/#website\",\"url\":\"https:\/\/atypique.brunotarhan.fr\/\",\"name\":\"Atypique Concept Store\",\"description\":\"Just another WordPress site\",\"potentialAction\":[{\"@type\":\"SearchAction\",\"target\":{\"@type\":\"EntryPoint\",\"urlTemplate\":\"https:\/\/atypique.brunotarhan.fr\/?s={search_term_string}\"},\"query-input\":\"required name=search_term_string\"}],\"inLanguage\":\"fr-FR\"},{\"@type\":\"WebPage\",\"@id\":\"https:\/\/atypique.brunotarhan.fr\/index.php\/produit\/art-brut\/#webpage\",\"url\":\"https:\/\/atypique.brunotarhan.fr\/index.php\/produit\/art-brut\/\",\"name\":\"art brut - Atypique Concept Store\",\"isPartOf\":{\"@id\":\"https:\/\/atypique.brunotarhan.fr\/#website\"},\"datePublished\":\"2022-03-28T07:33:51+00:00\",\"dateModified\":\"2022-04-08T11:18:15+00:00\",\"breadcrumb\":{\"@id\":\"https:\/\/atypique.brunotarhan.fr\/index.php\/produit\/art-brut\/#breadcrumb\"},\"inLanguage\":\"fr-FR\",\"potentialAction\":[{\"@type\":\"ReadAction\",\"target\":[\"https:\/\/atypique.brunotarhan.fr\/index.php\/produit\/art-brut\/\"]}]},{\"@type\":\"BreadcrumbList\",\"@id\":\"https:\/\/atypique.brunotarhan.fr\/index.php\/produit\/art-brut\/#breadcrumb\",\"itemListElement\":[{\"@type\":\"ListItem\",\"position\":1,\"name\":\"Accueil\",\"item\":\"https:\/\/atypique.brunotarhan.fr\/\"},{\"@type\":\"ListItem\",\"position\":2,\"name\":\"\"},{\"@type\":\"ListItem\",\"position\":3,\"name\":\"art brut\"}]}]}<\/script>\n<!-- \/ Yoast SEO plugin. -->","yoast_head_json":{"title":"art brut - Atypique Concept Store","robots":{"index":"index","follow":"follow","max-snippet":"max-snippet:-1","max-image-preview":"max-image-preview:large","max-video-preview":"max-video-preview:-1"},"canonical":"https:\/\/atypique.brunotarhan.fr\/index.php\/produit\/art-brut\/","og_locale":"fr_FR","og_type":"article","og_title":"art brut - Atypique Concept Store","og_description":"Cette cuv\u00e9e Art Brut est issue de la parcelle Utopia (108 c\u00e9pages dont de 31 vieilles massales de gamay de 1940) situ\u00e9e \u00e0 Marchampt (sol granite et diorite) .  La vinification Pas de pieds de cuve , 100% levures indig\u00e8nes , pas de froid , ni de chauffe. Seulement 4 jours de mac\u00e9ration pour qu'aucun c\u00e9page ne domine les autres.  D\u00e9gustation : La robe est grenat sombre translucide. Le nez est captivant, \u00e0 la fois hyper-m\u00fbr et hyper-frais, sur des notes confites et r\u00e9sino-balsamiques. La bouche est \u00e9lanc\u00e9e, rac\u00e9e, \u00e9tir\u00e9e par un fil invisible tout en d\u00e9ployant une mati\u00e8re m\u00fbre, s\u00e9veuse, profonde, tr\u00e8s intense aromatiquement. \u00c7a d\u00e9chire en restant classieux. La finale poursuit la tension de la bouche avec encore plus de peps et de s\u00e8ve, et une fra\u00eecheur fruit\u00e9e explosive. Y a bon !","og_url":"https:\/\/atypique.brunotarhan.fr\/index.php\/produit\/art-brut\/","og_site_name":"Atypique Concept Store","article_modified_time":"2022-04-08T11:18:15+00:00","twitter_card":"summary_large_image","twitter_misc":{"Dur\u00e9e de lecture estim\u00e9e":"2 minutes"},"schema":{"@context":"https:\/\/schema.org","@graph":[{"@type":"WebSite","@id":"https:\/\/atypique.brunotarhan.fr\/#website","url":"https:\/\/atypique.brunotarhan.fr\/","name":"Atypique Concept Store","description":"Just another WordPress site","potentialAction":[{"@type":"SearchAction","target":{"@type":"EntryPoint","urlTemplate":"https:\/\/atypique.brunotarhan.fr\/?s={search_term_string}"},"query-input":"required name=search_term_string"}],"inLanguage":"fr-FR"},{"@type":"WebPage","@id":"https:\/\/atypique.brunotarhan.fr\/index.php\/produit\/art-brut\/#webpage","url":"https:\/\/atypique.brunotarhan.fr\/index.php\/produit\/art-brut\/","name":"art brut - Atypique Concept Store","isPartOf":{"@id":"https:\/\/atypique.brunotarhan.fr\/#website"},"datePublished":"2022-03-28T07:33:51+00:00","dateModified":"2022-04-08T11:18:15+00:00","breadcrumb":{"@id":"https:\/\/atypique.brunotarhan.fr\/index.php\/produit\/art-brut\/#breadcrumb"},"inLanguage":"fr-FR","potentialAction":[{"@type":"ReadAction","target":["https:\/\/atypique.brunotarhan.fr\/index.php\/produit\/art-brut\/"]}]},{"@type":"BreadcrumbList","@id":"https:\/\/atypique.brunotarhan.fr\/index.php\/produit\/art-brut\/#breadcrumb","itemListElement":[{"@type":"ListItem","position":1,"name":"Accueil","item":"https:\/\/atypique.brunotarhan.fr\/"},{"@type":"ListItem","position":2,"name":""},{"@type":"ListItem","position":3,"name":"art brut"}]}]}},"_links":{"self":[{"href":"https:\/\/atypique.brunotarhan.fr\/index.php\/wp-json\/wp\/v2\/product\/14584","targetHints":{"allow":["GET"]}}],"collection":[{"href":"https:\/\/atypique.brunotarhan.fr\/index.php\/wp-json\/wp\/v2\/product"}],"about":[{"href":"https:\/\/atypique.brunotarhan.fr\/index.php\/wp-json\/wp\/v2\/types\/product"}],"replies":[{"embeddable":true,"href":"https:\/\/atypique.brunotarhan.fr\/index.php\/wp-json\/wp\/v2\/comments?post=14584"}],"wp:attachment":[{"href":"https:\/\/atypique.brunotarhan.fr\/index.php\/wp-json\/wp\/v2\/media?parent=14584"}],"wp:term":[{"taxonomy":"product_cat","embeddable":true,"href":"https:\/\/atypique.brunotarhan.fr\/index.php\/wp-json\/wp\/v2\/product_cat?post=14584"},{"taxonomy":"product_tag","embeddable":true,"href":"https:\/\/atypique.brunotarhan.fr\/index.php\/wp-json\/wp\/v2\/product_tag?post=14584"}],"curies":[{"name":"wp","href":"https:\/\/api.w.org\/{rel}","templated":true}]}}